{"id":43523,"date":"2018-12-10T13:13:39","date_gmt":"2018-12-10T13:13:39","guid":{"rendered":"https:\/\/www.bombersdv.es\/oposiciones\/procesos-en-marcha\/2018-bt004-borsa-secundaria-lloc-caporal\/"},"modified":"2020-02-10T13:52:45","modified_gmt":"2020-02-10T12:52:45","slug":"2018-bt004-borsa-secundaria-lloc-caporal","status":"publish","type":"page","link":"https:\/\/www.bombersdv.es\/es\/oposiciones\/procesos-finalizados\/2018-bt004-borsa-secundaria-lloc-caporal\/","title":{"rendered":"2018\/BT004 Bolsa secundaria puestos de cabo"},"content":{"rendered":"<div class=\"fusion-fullwidth fullwidth-box fusion-builder-row-1 nonhundred-percent-fullwidth non-hundred-percent-height-scrolling\" style=\"--awb-background-position:left top;--awb-border-radius-top-left:0px;--awb-border-radius-top-right:0px;--awb-border-radius-bottom-right:0px;--awb-border-radius-bottom-left:0px;--awb-padding-top:20px;--awb-padding-bottom:20px;--awb-border-sizes-top:0px;--awb-border-sizes-bottom:0px;--awb-flex-wrap:wrap;\" ><div class=\"fusion-builder-row fusion-row\"><div class=\"fusion-layout-column fusion_builder_column fusion-builder-column-0 fusion_builder_column_1_1 1_1 fusion-one-full fusion-column-first fusion-column-last fusion-column-no-min-height\" style=\"--awb-bg-size:cover;--awb-margin-bottom:0px;\"><div class=\"fusion-column-wrapper fusion-flex-column-wrapper-legacy\"><div class=\"fusion-title title fusion-title-1 fusion-sep-none fusion-title-text fusion-title-size-two\"><h2 class=\"fusion-title-heading title-heading-left fusion-responsive-typography-calculated\" style=\"margin:0;--fontSize:34;line-height:1.09;\">2018\/BT004 Bolsa secundaria puestos de cabo<\/h2><\/div><div class=\"fusion-text fusion-text-1\"><div class=\"table-2\">\n<table width=\"100%\">\n<thead>\n<tr>\n<th>Tr\u00e1mite<\/th>\n<th>Fecha<\/th>\n<th>Documento(s)<\/th>\n<\/tr>\n<\/thead>\n<tbody>\n<tr>\n<td>Convocatoria<\/td>\n<td>10\/12\/2018<\/td>\n<td><a href=\"https:\/\/www.bombersdv.es\/wp-content\/uploads\/2019\/01\/2018_BT_004-CONVOCATORIA-castellano.pdf\" target=\"_blank\" rel=\"noopener\">Convocatoria<\/a><\/td>\n<\/tr>\n<tr>\n<td>Bases<\/td>\n<td>10\/12\/2018<\/td>\n<td><a href=\"https:\/\/www.bombersdv.es\/wp-content\/uploads\/2019\/01\/2016BT005B_BOLSA-SECUNDARIA-PROVISION-PUESTO-CABO-2\u00ba-proceso-BASES.pdf\" target=\"_blank\" rel=\"noopener\">Bases<\/a><\/td>\n<\/tr>\n<tr>\n<td>Solicitud<\/td>\n<td>10\/12\/2018<\/td>\n<td><a href=\"https:\/\/www.bombersdv.es\/wp-content\/uploads\/2018\/12\/2018_BT_004ANEXO-I-solicitud-BOLSA-DE-TRABAJO-CABOS.pdf\" target=\"_blank\" rel=\"noopener\">Solicitud<\/a><\/td>\n<\/tr>\n<tr>\n<td><strong><span style=\"color: #800000;\">Quienes se encuentren actualmente en la bolsa secundaria de cabos, deber\u00e1n presentarse a este proceso si desean seguir prestando servicios como cabos, aunque, a d\u00eda de hoy, est\u00e9n desempe\u00f1ando puestos de cabo en mejora de empleo. Esos nombramientos se mantendr\u00e1n mientras duren las circunstancias que lo motivaron, siendo necesario estar incluidos en la nueva bolsa para poder obtener otro nombramiento, dado que la anterior bolsa secundaria pierde su vigencia con la nueva. Los m\u00e9ritos presentados en la anterior convocatoria no ser\u00e1 necesario volverlos a presentar. \u00danicamente se presentar\u00e1n aquellos m\u00e9ritos que se hayan obtenido por los aspirantes desde la anterior convocatoria hasta el d\u00eda de finalizaci\u00f3n de presentaci\u00f3n de solicitudes del presente proceso selectivo.<\/span><\/strong><\/td>\n<td><\/td>\n<td><\/td>\n<\/tr>\n<tr>\n<td>Anuncio de la Comisi\u00f3n de Valoraci\u00f3n de la Bolsa Secundaria Cabos 2018\/BT004<\/td>\n<td>27\/12\/2019<\/td>\n<td><a href=\"https:\/\/www.bombersdv.es\/wp-content\/uploads\/2019\/12\/Anuncio-Comisin-Bolsa-Secund-Cabo-27122019.pdf\" target=\"_blank\" rel=\"noopener noreferrer\">Relaci\u00f3n Provisional<\/a><\/td>\n<\/tr>\n<tr>\n<td>Anuncio de la Comisi\u00f3n de Valoraci\u00f3n de la Bolsa Secundaria Cabos 2018\/BT004<\/td>\n<td>23\/01\/2020<\/td>\n<td><a href=\"https:\/\/www.bombersdv.es\/wp-content\/uploads\/2020\/01\/Anuncio-Comisi\u00f3n-23-01-2020_copia_autentica.pdf\" target=\"_blank\" rel=\"noopener noreferrer\">Relaci\u00f3n Definitiva<\/a><\/td>\n<\/tr>\n<\/tbody>\n<\/table>\n<\/div>\n<\/div><div class=\"fusion-clearfix\"><\/div><\/div><\/div><\/div><\/div>\n","protected":false},"excerpt":{"rendered":"","protected":false},"author":1,"featured_media":0,"parent":15127,"menu_order":0,"comment_status":"closed","ping_status":"closed","template":"","meta":{"footnotes":""},"class_list":["post-43523","page","type-page","status-publish","hentry"],"_links":{"self":[{"href":"https:\/\/www.bombersdv.es\/es\/wp-json\/wp\/v2\/pages\/43523"}],"collection":[{"href":"https:\/\/www.bombersdv.es\/es\/wp-json\/wp\/v2\/pages"}],"about":[{"href":"https:\/\/www.bombersdv.es\/es\/wp-json\/wp\/v2\/types\/page"}],"author":[{"embeddable":true,"href":"https:\/\/www.bombersdv.es\/es\/wp-json\/wp\/v2\/users\/1"}],"replies":[{"embeddable":true,"href":"https:\/\/www.bombersdv.es\/es\/wp-json\/wp\/v2\/comments?post=43523"}],"version-history":[{"count":7,"href":"https:\/\/www.bombersdv.es\/es\/wp-json\/wp\/v2\/pages\/43523\/revisions"}],"predecessor-version":[{"id":49558,"href":"https:\/\/www.bombersdv.es\/es\/wp-json\/wp\/v2\/pages\/43523\/revisions\/49558"}],"up":[{"embeddable":true,"href":"https:\/\/www.bombersdv.es\/es\/wp-json\/wp\/v2\/pages\/15127"}],"wp:attachment":[{"href":"https:\/\/www.bombersdv.es\/es\/wp-json\/wp\/v2\/media?parent=43523"}],"curies":[{"name":"wp","href":"https:\/\/api.w.org\/{rel}","templated":true}]}}