{"id":44947,"date":"2019-02-20T11:36:59","date_gmt":"2019-02-20T11:36:59","guid":{"rendered":"https:\/\/www.bombersdv.es\/?page_id=44947"},"modified":"2020-07-17T14:17:21","modified_gmt":"2020-07-17T12:17:21","slug":"2019-bt002-bolsa-de-trabajo-para-la-incorporacion-de-personal-al-gera","status":"publish","type":"page","link":"https:\/\/www.bombersdv.es\/es\/oposiciones\/procesos-finalizados\/2019-bt002-bolsa-de-trabajo-para-la-incorporacion-de-personal-al-gera\/","title":{"rendered":"2019\/BT002 Bolsa de trabajo para la incorporaci\u00f3n de personal al GERA"},"content":{"rendered":"<div class=\"fusion-fullwidth fullwidth-box fusion-builder-row-1 nonhundred-percent-fullwidth non-hundred-percent-height-scrolling\" style=\"--awb-background-position:left top;--awb-border-radius-top-left:0px;--awb-border-radius-top-right:0px;--awb-border-radius-bottom-right:0px;--awb-border-radius-bottom-left:0px;--awb-padding-top:20px;--awb-padding-bottom:20px;--awb-border-sizes-top:0px;--awb-border-sizes-bottom:0px;--awb-flex-wrap:wrap;\" ><div class=\"fusion-builder-row fusion-row\"><div class=\"fusion-layout-column fusion_builder_column fusion-builder-column-0 fusion_builder_column_1_1 1_1 fusion-one-full fusion-column-first fusion-column-last fusion-column-no-min-height\" style=\"--awb-bg-size:cover;--awb-margin-bottom:0px;\"><div class=\"fusion-column-wrapper fusion-flex-column-wrapper-legacy\"><div class=\"fusion-title title fusion-title-1 fusion-sep-none fusion-title-text fusion-title-size-two\"><h2 class=\"fusion-title-heading title-heading-left fusion-responsive-typography-calculated\" style=\"margin:0;--fontSize:34;line-height:1.09;\">2019\/BT002 Bolsa de trabajo para la incorporaci\u00f3n de personal al GERA<\/h2><\/div><div class=\"fusion-text fusion-text-1\"><div class=\"table-2\">\n<table width=\"100%\">\n<thead>\n<tr>\n<th>Tr\u00e0mit<\/th>\n<th>Data<\/th>\n<th>Document(s)<\/th>\n<\/tr>\n<\/thead>\n<tbody>\n<tr>\n<td>Bases de la Convocatoria aprobadas por Decreto de la Presid\u00e9ncia n\u00ba 139, de fecha 19\/02\/2019.<\/td>\n<td>20\/02\/2019<\/td>\n<td><a href=\"https:\/\/www.bombersdv.es\/wp-content\/uploads\/2019\/02\/BASES-BOLSA-GERA-2019-CAST.pdf\" rel=\"noopener\">Bases Convocatoria<\/a><\/td>\n<\/tr>\n<tr>\n<td>Se abre un plazo de presentaci\u00f3n de instancias de DIEZ DIAS HABILES, a contar a partir del sig\u00fciente al de la publicaci\u00f3n de las bases en el tabl\u00f3n de anuncios del Consorcio. Siendo \u00e9ste hoy 20\/02\/2019.<\/td>\n<td>20\/02\/2019<\/td>\n<td><a href=\"https:\/\/www.bombersdv.es\/wp-content\/uploads\/2019\/02\/ANEXO-I-solicitud-BOLSA-DE-TRABAJO-GERA.pdf\" target=\"_blank\" rel=\"noopener noreferrer\">Solicitud<\/a><\/td>\n<\/tr>\n<tr>\n<td>Designaci\u00f3n Miembros Comisi\u00f3n Valoraci\u00f3n GERA.<\/td>\n<td>22\/03\/2019<\/td>\n<td style=\"text-align: left;\"><a href=\"https:\/\/www.bombersdv.es\/wp-content\/uploads\/2019\/03\/Notificaci-designacin-Comisin-Valoracion-GERA.pdf\" rel=\"noopener\"> Designaci\u00f3n Comisi\u00f3n Valoraci\u00f3n<\/a><\/td>\n<\/tr>\n<tr>\n<td>Anuncio de la Comisi\u00f3n de Valoraci\u00f3n: Lista de admitidos y excluidos y baremaci\u00f3n provisional de m\u00e9ritos<\/td>\n<td>24\/05\/2019<\/td>\n<td>\n<p><a href=\"https:\/\/www.bombersdv.es\/wp-content\/uploads\/2019\/05\/2019BT002Anuncio2021052019.pdf\" target=\"_blank\" rel=\"noopener noreferrer\">Anuncio<\/a><\/p>\n<p><a href=\"https:\/\/www.bombersdv.es\/wp-content\/uploads\/2019\/05\/2019BT002_Criterios-T\u00e9cnicos-pruebas-GERA-2019.pdf\" target=\"_blank\" rel=\"noopener noreferrer\">Criterios T\u00e9cnicos<\/a><\/td>\n<\/tr>\n<tr>\n<td>Decreto n\u00famero 459 de la Presidencia Delegada de modificaci\u00f3n de las bases<\/td>\n<td>30\/05\/2019<\/td>\n<td><a href=\"https:\/\/www.bombersdv.es\/wp-content\/uploads\/2019\/06\/2019BT002_Decreto-Modificaci\u00f3n-Bases.pdf\" target=\"_blank\" rel=\"noopener noreferrer\">Decreto<\/a><\/td>\n<\/tr>\n<tr>\n<td>Anuncio de la Comisi\u00f3n de Valoraci\u00f3n sobre calificaciones definitivas y propuesta de constituci\u00f3n de bolsa<\/td>\n<td>20\/06\/2019<\/td>\n<td>\n<p><a href=\"https:\/\/www.bombersdv.es\/wp-content\/uploads\/2019\/06\/2019BT002Anuncio20CV20GERA.pdf\" target=\"_blank\" rel=\"noopener noreferrer\">Anuncio<\/a><\/p>\n<p><a href=\"https:\/\/www.bombersdv.es\/wp-content\/uploads\/2019\/06\/2019BT001_Calificaciones-GERA.pdf\" target=\"_blank\" rel=\"noopener noreferrer\">Calificaciones definitivas<\/a><\/p>\n<p><a href=\"https:\/\/www.bombersdv.es\/wp-content\/uploads\/2019\/06\/2019BT002_Anexo-II.pdf\" target=\"_blank\" rel=\"noopener noreferrer\">Propuesta bolsa<\/a><\/td>\n<\/tr>\n<\/tbody>\n<\/table>\n<\/div>\n<\/div><div class=\"fusion-clearfix\"><\/div><\/div><\/div><\/div><\/div>\n","protected":false},"excerpt":{"rendered":"","protected":false},"author":192,"featured_media":0,"parent":15127,"menu_order":0,"comment_status":"closed","ping_status":"closed","template":"","meta":{"footnotes":""},"class_list":["post-44947","page","type-page","status-publish","hentry"],"_links":{"self":[{"href":"https:\/\/www.bombersdv.es\/es\/wp-json\/wp\/v2\/pages\/44947"}],"collection":[{"href":"https:\/\/www.bombersdv.es\/es\/wp-json\/wp\/v2\/pages"}],"about":[{"href":"https:\/\/www.bombersdv.es\/es\/wp-json\/wp\/v2\/types\/page"}],"author":[{"embeddable":true,"href":"https:\/\/www.bombersdv.es\/es\/wp-json\/wp\/v2\/users\/192"}],"replies":[{"embeddable":true,"href":"https:\/\/www.bombersdv.es\/es\/wp-json\/wp\/v2\/comments?post=44947"}],"version-history":[{"count":13,"href":"https:\/\/www.bombersdv.es\/es\/wp-json\/wp\/v2\/pages\/44947\/revisions"}],"predecessor-version":[{"id":51874,"href":"https:\/\/www.bombersdv.es\/es\/wp-json\/wp\/v2\/pages\/44947\/revisions\/51874"}],"up":[{"embeddable":true,"href":"https:\/\/www.bombersdv.es\/es\/wp-json\/wp\/v2\/pages\/15127"}],"wp:attachment":[{"href":"https:\/\/www.bombersdv.es\/es\/wp-json\/wp\/v2\/media?parent=44947"}],"curies":[{"name":"wp","href":"https:\/\/api.w.org\/{rel}","templated":true}]}}