{"id":44993,"date":"2019-02-22T05:46:38","date_gmt":"2019-02-22T05:46:38","guid":{"rendered":"https:\/\/www.bombersdv.es\/?page_id=44993"},"modified":"2019-02-22T05:52:16","modified_gmt":"2019-02-22T05:52:16","slug":"informacion-pd-general","status":"publish","type":"page","link":"https:\/\/www.bombersdv.es\/es\/informacion-pd-general\/","title":{"rendered":"Informaci\u00f3n para el tratamiento de datos en instancia general"},"content":{"rendered":"<h2 style=\"text-align: center;\" align=\"justify\"><strong>Informaci\u00f3n sobre el tratamiento de datos como consecuencia de la presentaci\u00f3n de una instancia general en el Consorcio<\/strong><\/h2>\n<p align=\"justify\">Aqu\u00ed podr\u00e1 encontrar la informaci\u00f3n sobre el tratamiento de los datos personales con motivo de la presentaci\u00f3n de una &#8220;<strong>instancia general&#8221;<\/strong> en el Consorcio para el Servicio de Prevenci\u00f3n y Extinci\u00f3n de Incendios y de Salvamento de la provincia de Valencia.<\/p>\n<p align=\"justify\">Se facilita esta informaci\u00f3n en cumplimiento del art\u00edculo 13 del Reglamento (UE) 2016\/679 del Parlamento Europeo y del Consejo de 27 de abril de 2016, relativo a la protecci\u00f3n de las personas f\u00edsicas en lo que respecta al tratamiento de datos personales y a la libre circulaci\u00f3n de estos datos (Reglamento general de protecci\u00f3n de datos), en lo sucesivo RGPD<\/p>\n<p align=\"justify\"><b>Responsable del tratamiento de sus datos: <\/b><\/p>\n<p align=\"justify\"><u>Identidad:<\/u> Consorcio para el Servicio de Prevenci\u00f3n y Extinci\u00f3n de Incendios y de Salvamento de la provincia de Valencia<\/p>\n<p align=\"justify\"><u>Forma de contactar con el responsable<\/u>: Por correo electr\u00f3nico en la direcci\u00f3n <u><a href=\"mailto:infobombers@bombersdv.es\">infobombers@bombersdv.es<\/a><\/u> Por correo postal, en la direcci\u00f3n Cami de Mocada 24, 46009 Val\u00e8ncia.<\/p>\n<p align=\"justify\"><u>Datos de Contacto del Delegado de protecci\u00f3n de datos<\/u>: Para cualquier consulta o queja relacionada con el tratamiento de estos datos, el Consorcio pone a su disposici\u00f3n el buz\u00f3n del delegado de protecci\u00f3n de datos <u><a href=\"mailto:dpd@bombersdv.es\">dpd@bombersdv.es<\/a><\/u><\/p>\n<p align=\"justify\"><b>Finalidad del tratamiento: <\/b><\/p>\n<p align=\"justify\">Los datos facilitados por Vd ser\u00e1n utilizados:<\/p>\n<p align=\"justify\">a) En todo caso para dejar constancia de las entradas y salidas de documentos en el Consorcio y emisi\u00f3n de los correspondientes libros de registro.<\/p>\n<p align=\"justify\">b) Para la tramitaci\u00f3n del fondo de su solicitud a trav\u00e9s del correspondiente expediente administrativo.<\/p>\n<p align=\"justify\"><b>Tiempo de conservaci\u00f3n de sus datos<\/b><\/p>\n<p align=\"justify\">Sus datos ser\u00e1n conservados siguiendo las normas de gesti\u00f3n documental y archivo que resulten de aplicaci\u00f3n al Consorcio. En ausencia de estas normas se\u00a0conservar\u00e1n durante el tiempo necesario para cumplir con la finalidad para la que se han solicitado y para determinar las posibles responsabilidades que se pudieran derivar de dicha finalidad y del tratamiento de los datos.<\/p>\n<p align=\"justify\"><b>Legitimaci\u00f3n para el tratamiento de tus datos<\/b><\/p>\n<p align=\"justify\">La legitimaci\u00f3n para la solicitud y tratamiento de sus datos procede de una obligaci\u00f3n legal que se fundamenta tanto en Ley 39\/2015, de 1 de octubre, del Procedimiento Administrativo Com\u00fan de las Administraciones P\u00fablicas como en la normativa espec\u00edfica que regule el procedimiento necesario para atender su solicitud. La resoluci\u00f3n del expediente administrativo incluir\u00e1 la referencia a la normativa aplicable.<\/p>\n<p align=\"justify\"><b>Cesi\u00f3n de datos:<\/b><\/p>\n<p align=\"justify\">No se ceder\u00e1n ni se transferir\u00e1n sin su consentimiento salvo que exista una previsi\u00f3n legal o a requerimiento de jueces o tribunales.<\/p>\n<p align=\"justify\"><b>Derechos<\/b><\/p>\n<p align=\"justify\">Cualquier persona tiene derecho a obtener confirmaci\u00f3n sobre los tratamientos de sus datos que se llevan a cabo por el Consorcio para el Servicio de Prevenci\u00f3n y Extinci\u00f3n de Incendios y de Salvamento de la provincia de Valencia.<\/p>\n<p align=\"justify\">Puede ejercer sus derechos de acceso, rectificaci\u00f3n, supresi\u00f3n y portabilidad de sus datos, de limitaci\u00f3n y oposici\u00f3n a su tratamiento, as\u00ed como a no ser objeto de decisiones basadas \u00fanicamente en el tratamiento automatizado de sus datos, cuando procedan, ante el Consorcio, Cam\u00ed de Moncada 24, 46009 Val\u00e8ncia.<\/p>\n<p align=\"justify\">Para el ejercicio de estos derechos puede usar este mismo modelo de instancia general.<\/p>\n<p align=\"justify\"><u>Posibilidad de presentar una reclamaci\u00f3n ante la Agencia de protecci\u00f3n de Datos<\/u>: Si considera que el tratamiento de datos personales no se ajusta a lo previsto en la normativa de aplicaci\u00f3n y sus peticiones al Responsable y al Delegado de protecci\u00f3n de Datos no han sido debidamente atendidas, puede presentar la oportuna reclamaci\u00f3n ante la Agencia Espa\u00f1ola de Protecci\u00f3n de Datos. En su p\u00e1gina web <span style=\"color: #808080;\"><a style=\"color: #808080;\" href=\"https:\/\/www.aepd.es\/\">https:\/\/www.aepd.es\/<\/a><\/span> encontrar\u00e1 m\u00e1s informaci\u00f3n sobre la forma de hacerlo.<\/p>\n<p align=\"justify\"><strong>Antes de presentar una reclamaci\u00f3n ante la Agencia puede dirigirse al Delegado de Protecci\u00f3n de Datos (DPD) del Consorcio para que la atienda. El DPD le comunicar\u00e1\u00a0 la decisi\u00f3n que se hubiera adoptado en el plazo m\u00e1ximo de dos meses.<\/strong><\/p>\n","protected":false},"excerpt":{"rendered":"<p>Informaci\u00f3n sobre el tratamiento de datos como consecuencia de la presentaci\u00f3n de una instancia general en el Consorcio Aqu\u00ed podr\u00e1 encontrar la informaci\u00f3n sobre el tratamiento de los datos personales con motivo de la presentaci\u00f3n de una &#8220;instancia general&#8221; en el Consorcio para el Servicio de Prevenci\u00f3n y Extinci\u00f3n de Incendios y de Salvamento de [&hellip;]<\/p>\n","protected":false},"author":183,"featured_media":0,"parent":0,"menu_order":0,"comment_status":"closed","ping_status":"closed","template":"","meta":{"footnotes":""},"class_list":["post-44993","page","type-page","status-publish","hentry"],"_links":{"self":[{"href":"https:\/\/www.bombersdv.es\/es\/wp-json\/wp\/v2\/pages\/44993"}],"collection":[{"href":"https:\/\/www.bombersdv.es\/es\/wp-json\/wp\/v2\/pages"}],"about":[{"href":"https:\/\/www.bombersdv.es\/es\/wp-json\/wp\/v2\/types\/page"}],"author":[{"embeddable":true,"href":"https:\/\/www.bombersdv.es\/es\/wp-json\/wp\/v2\/users\/183"}],"replies":[{"embeddable":true,"href":"https:\/\/www.bombersdv.es\/es\/wp-json\/wp\/v2\/comments?post=44993"}],"version-history":[{"count":5,"href":"https:\/\/www.bombersdv.es\/es\/wp-json\/wp\/v2\/pages\/44993\/revisions"}],"predecessor-version":[{"id":44999,"href":"https:\/\/www.bombersdv.es\/es\/wp-json\/wp\/v2\/pages\/44993\/revisions\/44999"}],"wp:attachment":[{"href":"https:\/\/www.bombersdv.es\/es\/wp-json\/wp\/v2\/media?parent=44993"}],"curies":[{"name":"wp","href":"https:\/\/api.w.org\/{rel}","templated":true}]}}