{"id":45862,"date":"2019-04-12T09:06:56","date_gmt":"2019-04-12T07:06:56","guid":{"rendered":"https:\/\/www.bombersdv.es\/?page_id=45862"},"modified":"2019-10-31T09:30:51","modified_gmt":"2019-10-31T08:30:51","slug":"normas-pendientes-de-aprobacion-definitiva","status":"publish","type":"page","link":"https:\/\/www.bombersdv.es\/es\/protocolos-de-actuacion\/normas-pendientes-de-aprobacion-definitiva\/","title":{"rendered":"Normas pendientes de aprobaci\u00f3n definitiva"},"content":{"rendered":"<ul>\n<li>Gu\u00eda t\u00e1ctica: <a href=\"https:\/\/www.bombersdv.es\/wp-content\/uploads\/2019\/04\/Guia-Tactica-Salvamento-y-Desescombro-Derrumbamientos-2018.pdf\" target=\"_blank\" rel=\"noopener\">Actuaciones ante derrumbamiento de edificaciones<\/a> (2018)<\/li>\n<li>Gu\u00edas de metodo:\n<ul>\n<li><a href=\"https:\/\/www.bombersdv.es\/wp-content\/uploads\/2019\/04\/Guia-de-Metodo-Salvamento-y-Desescombro-Apeos-Verticales-Metalicos-2018.pdf\" target=\"_blank\" rel=\"noopener\">Apeos Verticales con puntales met\u00e1licos<\/a> (2018)<\/li>\n<li><a href=\"https:\/\/www.bombersdv.es\/wp-content\/uploads\/2019\/04\/Guia-de-Metodo-Salvamento-y-Desescombro-Bisagra-2018.pdf\" target=\"_blank\" rel=\"noopener\">Maniobra de la bisagra<\/a> (2018)<\/li>\n<li><a href=\"https:\/\/www.bombersdv.es\/wp-content\/uploads\/2019\/04\/Guia-de-Metodo-Salvamento-y-Desescombro-Identificacion-Lesiones-2018.pdf\" target=\"_blank\" rel=\"noopener\">Identificaci\u00f3n de lesiones en edificaciones<\/a> (2018)<\/li>\n<li><a href=\"https:\/\/www.bombersdv.es\/wp-content\/uploads\/2019\/04\/Guia-de-Metodo-Salvamento-y-Desescombro-Perforacion-Herramientas-Electricas-2018.pdf\" target=\"_blank\" rel=\"noopener\">T\u00e9cnicas de perforaci\u00f3n con herramientas el\u00e9ctricas<\/a> (2018)<\/li>\n<li><a href=\"https:\/\/www.bombersdv.es\/wp-content\/uploads\/2019\/04\/Guia-de-Metodo-Salvamento-y-Desescombro-Puntos-2018.pdf\" target=\"_blank\" rel=\"noopener\">Maniobra de los 4 puntos<\/a>. (2018)<\/li>\n<li><a href=\"https:\/\/www.bombersdv.es\/wp-content\/uploads\/2019\/04\/Guia-de-Metodo-Salvamento-y-Desescombro-Radial-2018.pdf\" target=\"_blank\" rel=\"noopener\">T\u00e9cnicas de corte con radial<\/a> (2018)<\/li>\n<li><a href=\"https:\/\/www.bombersdv.es\/wp-content\/uploads\/2019\/04\/Guia-de-Metodo-Salvamento-y-Desescombro-Tobogan-2018.pdf\" target=\"_blank\" rel=\"noopener\">Maniobra del tobog\u00e1n<\/a> (2018)<\/li>\n<li><a href=\"https:\/\/www.bombersdv.es\/wp-content\/uploads\/2019\/04\/Guia-de-Metodo-Salvamento-y-Desescombro-Traslado-Victimas-Superficies-Inestables-2018.pdf\" target=\"_blank\" rel=\"noopener\">Maniobra de traslado de v\u00edctimas por superficies inestables<\/a> (2018)<\/li>\n<\/ul>\n<\/li>\n<li><a href=\"https:\/\/www.bombersdv.es\/wp-content\/uploads\/2019\/04\/Guia-Tactitca-Incendios-Industriales-2014.pdf\" target=\"_blank\" rel=\"noopener\">Gu\u00eda t\u00e1ctica Incendios de Interior: Incendios Industriales<\/a> (2014)<\/li>\n<\/ul>\n<h6><em>Fecha \u00faltima actualizaci\u00f3n: 12 de abril de 2019<\/em><\/h6>\n","protected":false},"excerpt":{"rendered":"<p>Gu\u00eda t\u00e1ctica: Actuaciones ante derrumbamiento de edificaciones (2018) Gu\u00edas de metodo: Apeos Verticales con puntales met\u00e1licos (2018) Maniobra de la bisagra (2018) Identificaci\u00f3n de lesiones en edificaciones (2018) T\u00e9cnicas de perforaci\u00f3n con herramientas el\u00e9ctricas (2018) Maniobra de los 4 puntos. (2018) T\u00e9cnicas de corte con radial (2018) Maniobra del tobog\u00e1n (2018) Maniobra de traslado de [&hellip;]<\/p>\n","protected":false},"author":183,"featured_media":0,"parent":45080,"menu_order":0,"comment_status":"closed","ping_status":"closed","template":"","meta":{"footnotes":""},"class_list":["post-45862","page","type-page","status-publish","hentry"],"_links":{"self":[{"href":"https:\/\/www.bombersdv.es\/es\/wp-json\/wp\/v2\/pages\/45862"}],"collection":[{"href":"https:\/\/www.bombersdv.es\/es\/wp-json\/wp\/v2\/pages"}],"about":[{"href":"https:\/\/www.bombersdv.es\/es\/wp-json\/wp\/v2\/types\/page"}],"author":[{"embeddable":true,"href":"https:\/\/www.bombersdv.es\/es\/wp-json\/wp\/v2\/users\/183"}],"replies":[{"embeddable":true,"href":"https:\/\/www.bombersdv.es\/es\/wp-json\/wp\/v2\/comments?post=45862"}],"version-history":[{"count":2,"href":"https:\/\/www.bombersdv.es\/es\/wp-json\/wp\/v2\/pages\/45862\/revisions"}],"predecessor-version":[{"id":45865,"href":"https:\/\/www.bombersdv.es\/es\/wp-json\/wp\/v2\/pages\/45862\/revisions\/45865"}],"up":[{"embeddable":true,"href":"https:\/\/www.bombersdv.es\/es\/wp-json\/wp\/v2\/pages\/45080"}],"wp:attachment":[{"href":"https:\/\/www.bombersdv.es\/es\/wp-json\/wp\/v2\/media?parent=45862"}],"curies":[{"name":"wp","href":"https:\/\/api.w.org\/{rel}","templated":true}]}}