{"id":45910,"date":"2019-04-15T11:50:57","date_gmt":"2019-04-15T09:50:57","guid":{"rendered":"https:\/\/www.bombersdv.es\/?page_id=45910"},"modified":"2019-04-15T13:36:34","modified_gmt":"2019-04-15T11:36:34","slug":"fines-y-obligaciones-relacionadas-con-los-instrumentos-de-proteccion-civil","status":"publish","type":"page","link":"https:\/\/www.bombersdv.es\/es\/portal-de-transparencia\/funciones-y-normativas\/fines-y-obligaciones-relacionadas-con-los-instrumentos-de-proteccion-civil\/","title":{"rendered":"FINES Y OBLIGACIONES RELACIONADAS CON LOS INSTRUMENTOS DE PROTECCI\u00d3N CIVIL"},"content":{"rendered":"<h4>RESPONSABILIDADES EN LOS PLANES Y PROCEDIMIENTOS<\/h4>\n<p>Algunas de les obligaciones del Consorcio se derivan de los diferentes instrumentos de protecci\u00f3n civil, especialmente de los que se relacionan m\u00e1s abajo, que pueden ser consultados pulsando el enlace correspondiente.<\/p>\n<ul>\n<li><a href=\"http:\/\/www.112cv.gva.es\/documents\/163565706\/163566493\/15_D119_2013_PTECV.pdf\/e76b8233-a9c8-4109-8afe-42faf25a4c3e\">Plan Territorial de Emergencias de la Comunidad Valenciana (PTECV)<\/a><\/li>\n<li><a href=\"http:\/\/www.112cv.gva.es\/documents\/163565706\/163566493\/PE_Incendios.pdf\/d615af2c-8655-4e39-9b0c-2ca4c251c1cf\">Plan Especial frente a Incendios Forestales<\/a><\/li>\n<li>Plan Especial frente Accidentes de Mercanc\u00edas Peligrosas por Carretera y Ferrocarril<br \/>\nDocument ANEXE en PDF: <a href=\"https:\/\/www.bombersdv.es\/wp-content\/uploads\/2019\/04\/Pla-Especial-MM.PP-Carretera-Ferrocarril-Decret-49_2011-DOCV-6518-de-11_05_2011.pdf\"><span style=\"color: #3333ff;\"><span style=\"font-size: small;\"><strong>Pla Especial MM.PP Carretera Ferrocarril Decret 49_2011 (DOCV 6518 de 11_05_2011)<\/strong><\/span><\/span><\/a><\/li>\n<li><a href=\"http:\/\/www.112cv.gva.es\/documents\/163565706\/163566493\/Plan+Especial+ante+el+riesgo+radiol%C3%B3gico.pdf\/f4c85edb-d518-4aae-9b7d-ae56fc4fb116\">Plan Especial ante Accidentes Radiol\u00f3gicos<\/a><\/li>\n<li><a href=\"http:\/\/www.112cv.gva.es\/documents\/163565706\/163566509\/PE_Riesgo_Sismico.pdf\/a158aa37-7228-42cf-889f-c3ab8ee3071c\">Plan Especial ante el Riesgo S\u00edsmico<\/a><\/li>\n<li><a href=\"http:\/\/www.112cv.gva.es\/es\/planes-de-proteccion-civil\">Plan Especial ante el Riesgo de Inundaciones en la Comunidad Valenciana<\/a><br \/>\no, Documento ANEXO en PDF: <a href=\"https:\/\/www.bombersdv.es\/wp-content\/uploads\/2019\/04\/Pla-Especial-INUNDACIONS-CV-Revisio-01_04_2018.pdf\">Pla Especial INUNDACIONS CV-Ficha Mas Info_<\/a> + <a href=\"https:\/\/www.bombersdv.es\/wp-content\/uploads\/2019\/04\/Pla-Especial-INUNDACIONS-CV-Ficha-Mas-Info_-1.pdf\">Fitxa<\/a><\/li>\n<li>Planificaci\u00f3n Accidentes Graves<br \/>\nDocumento ANEXO en PDF: <a href=\"https:\/\/www.bombersdv.es\/wp-content\/uploads\/2019\/04\/Real-Decreto-840_2015-Accidentes-Graves-Sustancias-Peligrosas-BOE-251-de-20_10_2015.pdf\">Real Decreto 840_2015-Accidentes Graves Sustancias Peligrosas (BOE 251 de 20_10_2015)<\/a><\/li>\n<li><a href=\"http:\/\/www.112cv.gva.es\/documents\/163565706\/163566493\/15_D119_2013_PTECV.pdf\/e76b8233-a9c8-4109-8afe-42faf25a4c3e\">Plan Sectorial de Abastecimiento Provincia de Valencia (PTECV. Annex II.5)<\/a><\/li>\n<li><a href=\"http:\/\/www.112cv.gva.es\/documents\/163565706\/163566493\/15_D119_2013_PTECV.pdf\/e76b8233-a9c8-4109-8afe-42faf25a4c3e\">Procedimiento de actuaci\u00f3n en emergencias con m\u00faltiples v\u00edctimas (PTECV. Annex III.3)<\/a><\/li>\n<li>Procedimiento de actuaci\u00f3n aeropuerto de Val\u00e8ncia<\/li>\n<li><a href=\"http:\/\/www.112cv.gva.es\/documents\/163565706\/163566493\/ProcedimientoContaminacionMarina.pdf\/1ca41133-315f-4f1c-8f57-7bde5e70526b\">Procedimiento de actuaci\u00f3n frente a la contaminaci\u00f3n marina accidental<\/a><\/li>\n<li>Procedimiento de actuaci\u00f3n Puerto de Sagunto<\/li>\n<li><a href=\"http:\/\/www.112cv.gva.es\/documents\/163565706\/163566493\/PA_Nevadas_2017.pdf\/f93b67f4-5e5b-4944-9a7c-744d496458a1\">Procedimiento de actuaci\u00f3n frente del riesgo de nevadas (21\/11\/2017)<\/a><\/li>\n<li>Procedimiento de actuaci\u00f3n circuito de Cheste<\/li>\n<\/ul>\n","protected":false},"excerpt":{"rendered":"<p>RESPONSABILIDADES EN LOS PLANES Y PROCEDIMIENTOS Algunas de les obligaciones del Consorcio se derivan de los diferentes instrumentos de protecci\u00f3n civil, especialmente de los que se relacionan m\u00e1s abajo, que pueden ser consultados pulsando el enlace correspondiente. Plan Territorial de Emergencias de la Comunidad Valenciana (PTECV) Plan Especial frente a Incendios Forestales Plan Especial frente [&hellip;]<\/p>\n","protected":false},"author":1,"featured_media":0,"parent":15161,"menu_order":0,"comment_status":"closed","ping_status":"closed","template":"","meta":{"footnotes":""},"class_list":["post-45910","page","type-page","status-publish","hentry"],"_links":{"self":[{"href":"https:\/\/www.bombersdv.es\/es\/wp-json\/wp\/v2\/pages\/45910"}],"collection":[{"href":"https:\/\/www.bombersdv.es\/es\/wp-json\/wp\/v2\/pages"}],"about":[{"href":"https:\/\/www.bombersdv.es\/es\/wp-json\/wp\/v2\/types\/page"}],"author":[{"embeddable":true,"href":"https:\/\/www.bombersdv.es\/es\/wp-json\/wp\/v2\/users\/1"}],"replies":[{"embeddable":true,"href":"https:\/\/www.bombersdv.es\/es\/wp-json\/wp\/v2\/comments?post=45910"}],"version-history":[{"count":4,"href":"https:\/\/www.bombersdv.es\/es\/wp-json\/wp\/v2\/pages\/45910\/revisions"}],"predecessor-version":[{"id":45934,"href":"https:\/\/www.bombersdv.es\/es\/wp-json\/wp\/v2\/pages\/45910\/revisions\/45934"}],"up":[{"embeddable":true,"href":"https:\/\/www.bombersdv.es\/es\/wp-json\/wp\/v2\/pages\/15161"}],"wp:attachment":[{"href":"https:\/\/www.bombersdv.es\/es\/wp-json\/wp\/v2\/media?parent=45910"}],"curies":[{"name":"wp","href":"https:\/\/api.w.org\/{rel}","templated":true}]}}