{"id":45946,"date":"2019-04-16T14:16:54","date_gmt":"2019-04-16T12:16:54","guid":{"rendered":"https:\/\/www.bombersdv.es\/?page_id=45946"},"modified":"2022-06-28T11:12:13","modified_gmt":"2022-06-28T09:12:13","slug":"informacion-tratamiento-datos-prevencion","status":"publish","type":"page","link":"https:\/\/www.bombersdv.es\/es\/informacion-tratamiento-datos-prevencion\/","title":{"rendered":"Informaci\u00f3n para el tratamiento de datos en servicios de prevenci\u00f3n operativa"},"content":{"rendered":"<h2 style=\"text-align: center;\" align=\"justify\"><strong>Informaci\u00f3n sobre el tratamiento de datos como consecuencia de la presentaci\u00f3n de una solicitud de un servicio de prevenci\u00f3n en el Consorcio<\/strong><\/h2>\n<p align=\"justify\">Aqu\u00ed podr\u00e1 encontrar la informaci\u00f3n sobre el tratamiento de los datos personales con motivo de la presentaci\u00f3n de una solicitud de una prevenci\u00f3n\u00a0 en el Consorcio para el Servicio de Prevenci\u00f3n y Extinci\u00f3n de Incendios y de Salvamento de la provincia de Valencia.<\/p>\n<p align=\"justify\">Se facilita esta informaci\u00f3n en cumplimiento del art\u00edculo 13 del Reglamento (UE) 2016\/679 del Parlamento Europeo y del Consejo de 27 de abril de 2016, relativo a la protecci\u00f3n de las personas f\u00edsicas en lo que respecta al tratamiento de datos personales y a la libre circulaci\u00f3n de estos datos (Reglamento general de protecci\u00f3n de datos), en lo sucesivo RGPD<\/p>\n<p align=\"justify\"><b>Responsable del tratamiento de sus datos: <\/b><\/p>\n<p align=\"justify\"><u>Identidad:<\/u> Consorcio para el Servicio de Prevenci\u00f3n y Extinci\u00f3n de Incendios y de Salvamento de la provincia de Valencia<\/p>\n<p align=\"justify\"><u>Forma de contactar con el responsable<\/u>: Por correo electr\u00f3nico en la direcci\u00f3n <u><a href=\"mailto:infobombers@bombersdv.es\">infobombers@bombersdv.es<\/a><\/u> Por correo postal, en la OFICINA DE REGISTRO Y DIRECCI\u00d3N POSTAL DEL CONSORCIO, Calle Avellanas 14 \u2013 46003 Valencia<\/p>\n<p align=\"justify\"><u>Datos de Contacto del Delegado de protecci\u00f3n de datos<\/u>: Para cualquier consulta o queja relacionada con el tratamiento de estos datos, el Consorcio pone a su disposici\u00f3n el buz\u00f3n del delegado de protecci\u00f3n de datos <u><a href=\"mailto:dpd@bombersdv.es\">dpd@bombersdv.es<\/a><\/u><\/p>\n<p align=\"justify\"><b>Finalidad del tratamiento: <\/b><\/p>\n<p align=\"justify\">Los datos facilitados por Vd. ser\u00e1n utilizados:<\/p>\n<p style=\"padding-left: 40px;\" align=\"justify\">a) En todo caso para dejar constancia de las entradas y salidas de documentos en el Consorcio y emisi\u00f3n de los correspondientes libros de registro.<\/p>\n<p style=\"padding-left: 40px;\" align=\"justify\">b) Para gestionar y documentar las actuaciones del cuerpo de bomberos y las brigadas del Consorcio<\/p>\n<p align=\"justify\"><strong>Categor\u00edas de datos<\/strong><\/p>\n<p style=\"padding-left: 40px;\">Nombre y apellidos, DNI\/NIF\/Documento identificativo, direcci\u00f3n, tel\u00e9fono y firma.<\/p>\n<p style=\"padding-left: 40px;\">Datos de representaci\u00f3n en su caso.<\/p>\n<p style=\"padding-left: 40px;\">Datos relacionados con el documento presentado.<\/p>\n<p align=\"justify\"><b>Tiempo de conservaci\u00f3n de sus datos<\/b><\/p>\n<p align=\"justify\">Sus datos ser\u00e1n conservados siguiendo las normas de gesti\u00f3n documental y archivo que resulten de aplicaci\u00f3n al Consorcio. En ausencia de estas normas se\u00a0conservar\u00e1n durante el tiempo necesario para cumplir con la finalidad para la que se han solicitado y para determinar las posibles responsabilidades que se pudieran derivar de dicha finalidad y del tratamiento de los datos.<\/p>\n<p align=\"justify\"><b>Legitimaci\u00f3n para el tratamiento de tus datos<\/b><\/p>\n<p align=\"justify\">La legitimaci\u00f3n para la solicitud y tratamiento de sus datos es necesaria para el cumplimiento de una misi\u00f3n realizada en inter\u00e9s p\u00fablico o en el ejercicio de poderes p\u00fablicos conferidos al Consorcio en sus propios estatutos y en el art\u00edculo 4.2 de la\u00a0 Ley 7\/2011, de 1 de abril, de la Generalitat, de los Servicios de Prevenci\u00f3n, Extinci\u00f3n de Incendios y Salvamento de la Comunitat Valenciana.<\/p>\n<p align=\"justify\"><b>Cesi\u00f3n de datos:<\/b><\/p>\n<p align=\"justify\">No se ceder\u00e1n ni se transferir\u00e1n sin su consentimiento salvo que exista una previsi\u00f3n legal o a requerimiento de jueces o tribunales.<\/p>\n<p align=\"justify\">Se podr\u00e1n comunicar a las unidades del Consorcio y otras administraciones (Ayuntamiento, 112-CV, Diputaci\u00f3n Provincial, Protecci\u00f3n Civil y Fuerzas y Cuerpos de Seguridad) que sean competentes en la tramitaci\u00f3n de la solicitud y en la prestaci\u00f3n del servicio p\u00fablico.<\/p>\n<p align=\"justify\"><b>Derechos<\/b><\/p>\n<p align=\"justify\">Cualquier persona tiene derecho a obtener confirmaci\u00f3n sobre los tratamientos de sus datos que se llevan a cabo por el Consorcio para el Servicio de Prevenci\u00f3n y Extinci\u00f3n de Incendios y de Salvamento de la provincia de Valencia.<\/p>\n<p align=\"justify\">Puede ejercer sus derechos de acceso, rectificaci\u00f3n, supresi\u00f3n y portabilidad de sus datos, de limitaci\u00f3n y oposici\u00f3n a su tratamiento, as\u00ed como a no ser objeto de decisiones basadas \u00fanicamente en el tratamiento automatizado de sus datos, cuando procedan, ante el Consorcio, en la OFICINA DE REGISTRO Y DIRECCI\u00d3N POSTAL DEL CONSORCIO Calle Avellanas 14 \u2013 46003 Valencia. Tambi\u00e9n a trav\u00e9s de la sede electr\u00f3nica:<a href=\"https:\/\/sede.bombersdv.es\/\" target=\"_blank\" rel=\"noopener\"> Enlace aqu\u00ed<\/a><\/p>\n<p align=\"justify\">Para el ejercicio de estos derechos puede usar el modelo de instancia general que se encuentra en la sede electr\u00f3nica del Consorcio.<\/p>\n<p align=\"justify\"><u>Posibilidad de presentar una reclamaci\u00f3n ante la Agencia de protecci\u00f3n de Datos<\/u>: Si considera que el tratamiento de datos personales no se ajusta a lo previsto en la normativa de aplicaci\u00f3n y sus peticiones al Responsable y al Delegado de protecci\u00f3n de Datos no han sido debidamente atendidas, puede presentar la oportuna reclamaci\u00f3n ante la Agencia Espa\u00f1ola de Protecci\u00f3n de Datos. En su p\u00e1gina web <span style=\"color: #808080;\"><a style=\"color: #808080;\" href=\"https:\/\/www.aepd.es\/\">https:\/\/www.aepd.es\/<\/a><\/span> encontrar\u00e1 m\u00e1s informaci\u00f3n sobre la forma de hacerlo.<\/p>\n<p align=\"justify\"><strong>Antes de presentar una reclamaci\u00f3n ante la Agencia puede dirigirse al Delegado de Protecci\u00f3n de Datos (DPD) del Consorcio para que la atienda. El DPD le comunicar\u00e1\u00a0 la decisi\u00f3n que se hubiera adoptado en el plazo m\u00e1ximo de dos meses.<\/strong><\/p>\n","protected":false},"excerpt":{"rendered":"<p>Informaci\u00f3n sobre el tratamiento de datos como consecuencia de la presentaci\u00f3n de una solicitud de un servicio de prevenci\u00f3n en el Consorcio Aqu\u00ed podr\u00e1 encontrar la informaci\u00f3n sobre el tratamiento de los datos personales con motivo de la presentaci\u00f3n de una solicitud de una prevenci\u00f3n\u00a0 en el Consorcio para el Servicio de Prevenci\u00f3n y Extinci\u00f3n [&hellip;]<\/p>\n","protected":false},"author":183,"featured_media":0,"parent":0,"menu_order":0,"comment_status":"closed","ping_status":"closed","template":"","meta":{"footnotes":""},"class_list":["post-45946","page","type-page","status-publish","hentry"],"_links":{"self":[{"href":"https:\/\/www.bombersdv.es\/es\/wp-json\/wp\/v2\/pages\/45946"}],"collection":[{"href":"https:\/\/www.bombersdv.es\/es\/wp-json\/wp\/v2\/pages"}],"about":[{"href":"https:\/\/www.bombersdv.es\/es\/wp-json\/wp\/v2\/types\/page"}],"author":[{"embeddable":true,"href":"https:\/\/www.bombersdv.es\/es\/wp-json\/wp\/v2\/users\/183"}],"replies":[{"embeddable":true,"href":"https:\/\/www.bombersdv.es\/es\/wp-json\/wp\/v2\/comments?post=45946"}],"version-history":[{"count":3,"href":"https:\/\/www.bombersdv.es\/es\/wp-json\/wp\/v2\/pages\/45946\/revisions"}],"predecessor-version":[{"id":59332,"href":"https:\/\/www.bombersdv.es\/es\/wp-json\/wp\/v2\/pages\/45946\/revisions\/59332"}],"wp:attachment":[{"href":"https:\/\/www.bombersdv.es\/es\/wp-json\/wp\/v2\/media?parent=45946"}],"curies":[{"name":"wp","href":"https:\/\/api.w.org\/{rel}","templated":true}]}}