{"id":47443,"date":"2019-08-14T09:03:04","date_gmt":"2019-08-14T07:03:04","guid":{"rendered":"https:\/\/www.bombersdv.es\/?page_id=47443"},"modified":"2020-01-16T09:16:49","modified_gmt":"2020-01-16T08:16:49","slug":"proceso-bombero-cp001-concurso-de-traslados-edicion-2019","status":"publish","type":"page","link":"https:\/\/www.bombersdv.es\/es\/oposiciones\/procesos-finalizados\/proceso-bombero-cp001-concurso-de-traslados-edicion-2019\/","title":{"rendered":"Proceso BOMBERO\/CP001: Concurso de Traslados Edici\u00f3n 2019"},"content":{"rendered":"<div class=\"fusion-fullwidth fullwidth-box fusion-builder-row-1 nonhundred-percent-fullwidth non-hundred-percent-height-scrolling\" style=\"--awb-background-position:left top;--awb-border-radius-top-left:0px;--awb-border-radius-top-right:0px;--awb-border-radius-bottom-right:0px;--awb-border-radius-bottom-left:0px;--awb-padding-top:20px;--awb-padding-bottom:20px;--awb-border-sizes-top:0px;--awb-border-sizes-bottom:0px;--awb-flex-wrap:wrap;\" ><div class=\"fusion-builder-row fusion-row\"><div class=\"fusion-layout-column fusion_builder_column fusion-builder-column-0 fusion_builder_column_1_1 1_1 fusion-one-full fusion-column-first fusion-column-last fusion-column-no-min-height\" style=\"--awb-bg-size:cover;--awb-margin-bottom:0px;\"><div class=\"fusion-column-wrapper fusion-flex-column-wrapper-legacy\"><div class=\"fusion-title title fusion-title-1 fusion-sep-none fusion-title-text fusion-title-size-two\"><h2 class=\"fusion-title-heading title-heading-left fusion-responsive-typography-calculated\" style=\"margin:0;--fontSize:34;line-height:1.09;\">Proceso BOMBERO\/CP001: Concurso de Traslados Edici\u00f3n 2019<\/h2><\/div><div class=\"fusion-text fusion-text-1\"><div class=\"table-2\">\n<table style=\"height: 144px;\" width=\"100%\">\n<thead>\n<tr style=\"height: 24px;\">\n<th style=\"height: 24px;\">Tr\u00e1mite<\/th>\n<th style=\"height: 24px;\">Fecha<\/th>\n<th style=\"height: 24px;\">Documento(s)<\/th>\n<\/tr>\n<\/thead>\n<tbody>\n<tr style=\"height: 24px;\">\n<td style=\"height: 24px;\">Bases<\/td>\n<td style=\"height: 24px;\">14\/08\/2019<\/td>\n<td style=\"height: 24px;\"><a href=\"https:\/\/www.bombersdv.es\/wp-content\/uploads\/2019\/08\/BOMBERO-_CP001_-ED2019_BASES.pdf\" target=\"_blank\" rel=\"noopener\">Anuncio BOP<\/a><\/td>\n<\/tr>\n<tr style=\"height: 24px;\">\n<td style=\"height: 24px;\">Modificaci\u00f3n Base Segunda convocatoria permanente concurso traslados puestos de bombero, cabo y sargento<\/td>\n<td style=\"height: 24px;\">14\/08\/2019<\/td>\n<td style=\"height: 24px;\"><a href=\"https:\/\/www.bombersdv.es\/wp-content\/uploads\/2019\/08\/CP_ED2019_MODIFICACION-BASES.pdf\" target=\"_blank\" rel=\"noopener\">Anuncio BOP<\/a><\/td>\n<\/tr>\n<tr style=\"height: 24px;\">\n<td style=\"height: 24px;\">Anuncio candidatos que no han obtenido destino en edici\u00f3n anterior<\/td>\n<td style=\"height: 24px;\">14\/08\/2019<\/td>\n<td style=\"height: 24px;\"><a href=\"https:\/\/www.bombersdv.es\/wp-content\/uploads\/2019\/08\/Anuncio20candidatos20anterior20edicion.pdf\" target=\"_blank\" rel=\"noopener\">Anuncio<\/a><\/td>\n<\/tr>\n<tr style=\"height: 24px;\">\n<td style=\"height: 24px;\">Instancia<\/td>\n<td style=\"height: 24px;\">03\/09\/2019<\/td>\n<td style=\"height: 24px;\"><a href=\"https:\/\/www.bombersdv.es\/wp-content\/uploads\/2019\/09\/RHG09_C_TRASLADOS-2019.pdf\">Instancia<\/a><\/td>\n<\/tr>\n<tr style=\"height: 24px;\">\n<td style=\"height: 24px;\">Autobaremaci\u00f3n<\/td>\n<td style=\"height: 24px;\">03\/09\/2019<\/td>\n<td style=\"height: 24px;\"><a href=\"https:\/\/www.bombersdv.es\/wp-content\/uploads\/2019\/09\/AUTOBAREMACION-C-BOMBERO-1.pdf\">Autobaremaci\u00f3n<\/a><\/td>\n<\/tr>\n<tr style=\"height: 24px;\">\n<td style=\"height: 24px;\">\n<p>Anuncio convocatoria y vacantes<\/p>\n<p>Plazo presentaci\u00f3n de instancias desde el 4 de septiembre al 17 de septiembre<\/td>\n<td style=\"height: 24px;\">03\/09\/2019<\/td>\n<td style=\"height: 24px;\"><a href=\"https:\/\/www.bombersdv.es\/wp-content\/uploads\/2019\/09\/2.-Anuncio20convocatoria20520edici20CASTELLANO.pdf\">Anuncio<\/a><\/td>\n<\/tr>\n<tr>\n<td>Lista definitiva concurso permanente bomberos<\/td>\n<td>03\/12\/2019<\/td>\n<td><a href=\"https:\/\/www.bombersdv.es\/wp-content\/uploads\/2019\/12\/BOMBER_CP00-5-edicio-Llista-definitiva.pdf\" target=\"_blank\" rel=\"noopener\">Anuncio<\/a><\/td>\n<\/tr>\n<tr>\n<td>Rectificaci\u00f3n lista definitiva aspirantes concurso permanente bomberos<\/td>\n<td>09\/12\/2019<\/td>\n<td><a href=\"https:\/\/www.bombersdv.es\/wp-content\/uploads\/2019\/12\/BOMBERO_CP001_Notif_Rectific_-Dcto_-lista-Def_CT_BOMBERO.pdf\" target=\"_blank\" rel=\"noopener\">Anuncio<\/a><\/td>\n<\/tr>\n<tr>\n<td>Actualizaci\u00f3n de Puestos de Trabajo Vacantes 5\u00aa edicion Bombero.<\/td>\n<td>10\/12\/2019<\/td>\n<td><a href=\"https:\/\/www.bombersdv.es\/wp-content\/uploads\/2019\/12\/VACANTES-BOMBEROS-10_12_19.pdf\" target=\"_blank\" rel=\"noopener\">Anuncio RRHH<\/a><\/td>\n<\/tr>\n<tr>\n<td>Anuncio Comisi\u00f3n de Valoraci\u00f3n: Lista provisional de puntuaciones y adjudicaciones de destinos<\/td>\n<td>11\/12\/2019<\/td>\n<td>\n<p><a href=\"https:\/\/www.bombersdv.es\/wp-content\/uploads\/2019\/12\/2019CP001_Anuncio20Puntuaciones20y20Destinos20Provisionales.pdf\" target=\"_blank\" rel=\"noopener\">Anuncio<\/a><\/p>\n<p><a href=\"https:\/\/www.bombersdv.es\/wp-content\/uploads\/2019\/12\/2019CP001_Anexo-CT-Bomberos-2019-adjudicaciones.pdf\" target=\"_blank\" rel=\"noopener\">Anexo I<\/a><\/p>\n<p><a href=\"https:\/\/www.bombersdv.es\/wp-content\/uploads\/sites\/2\/2016\/07\/BomberoCP001_ExtractoValCursos.pdf\" target=\"_blank\" rel=\"noopener\">Criterios de Valoraci\u00f3n de m\u00e9ritos<\/a><\/p>\n<p>(aprobados en la 1\u00aa edici\u00f3n del<\/p>\n<p>Concurso Permanente de Traslados)<\/td>\n<\/tr>\n<tr>\n<td>Anuncio Comisi\u00f3n de Valoraci\u00f3n: Resoluci\u00f3n de reclamaciones presentadas hasta el 20\/12\/2019<\/td>\n<td>20\/12\/2019<\/td>\n<td><a href=\"https:\/\/www.bombersdv.es\/wp-content\/uploads\/2019\/12\/2019CP00Anuncio20CV2020122019.pdf\" target=\"_blank\" rel=\"noopener\">Anuncio Comisi\u00f3n Valoraci\u00f3n<\/a><\/td>\n<\/tr>\n<tr>\n<td>Correcci\u00f3n de errores en el anterior anuncio: La Comisi\u00f3n de Valoraci\u00f3n, habiendo apreciado un error en el listado publicado en el anterior anuncio, vuelve a publicarlo, con el listado debidamente rectificado.<\/td>\n<td>20\/12\/2019<\/td>\n<td><a href=\"https:\/\/www.bombersdv.es\/wp-content\/uploads\/2019\/12\/Correccin20Anuncio2020122019.pdf\" target=\"_blank\" rel=\"noopener\">Anuncio rectificado<\/a><\/td>\n<\/tr>\n<tr>\n<td>Anuncio Comisi\u00f3n de Valoraci\u00f3n: Resoluci\u00f3n de reclamaciones presentadas hasta fin plazo y adjudicaci\u00f3n destinos definitivos<\/td>\n<td>26\/12\/2019<\/td>\n<td><a href=\"https:\/\/www.bombersdv.es\/wp-content\/uploads\/2019\/12\/2019CP001Anuncio20Destinos20Definitivos.pdf\" target=\"_blank\" rel=\"noopener\">Anuncio Adjudicaci\u00f3n Destinos Definitivos<\/a><\/td>\n<\/tr>\n<\/tbody>\n<\/table>\n<\/div>\n<\/div><div class=\"fusion-clearfix\"><\/div><\/div><\/div><\/div><\/div>\n","protected":false},"excerpt":{"rendered":"","protected":false},"author":1,"featured_media":0,"parent":15127,"menu_order":0,"comment_status":"closed","ping_status":"closed","template":"","meta":{"footnotes":""},"class_list":["post-47443","page","type-page","status-publish","hentry"],"_links":{"self":[{"href":"https:\/\/www.bombersdv.es\/es\/wp-json\/wp\/v2\/pages\/47443"}],"collection":[{"href":"https:\/\/www.bombersdv.es\/es\/wp-json\/wp\/v2\/pages"}],"about":[{"href":"https:\/\/www.bombersdv.es\/es\/wp-json\/wp\/v2\/types\/page"}],"author":[{"embeddable":true,"href":"https:\/\/www.bombersdv.es\/es\/wp-json\/wp\/v2\/users\/1"}],"replies":[{"embeddable":true,"href":"https:\/\/www.bombersdv.es\/es\/wp-json\/wp\/v2\/comments?post=47443"}],"version-history":[{"count":21,"href":"https:\/\/www.bombersdv.es\/es\/wp-json\/wp\/v2\/pages\/47443\/revisions"}],"predecessor-version":[{"id":49258,"href":"https:\/\/www.bombersdv.es\/es\/wp-json\/wp\/v2\/pages\/47443\/revisions\/49258"}],"up":[{"embeddable":true,"href":"https:\/\/www.bombersdv.es\/es\/wp-json\/wp\/v2\/pages\/15127"}],"wp:attachment":[{"href":"https:\/\/www.bombersdv.es\/es\/wp-json\/wp\/v2\/media?parent=47443"}],"curies":[{"name":"wp","href":"https:\/\/api.w.org\/{rel}","templated":true}]}}