{"id":47458,"date":"2019-08-14T09:24:10","date_gmt":"2019-08-14T07:24:10","guid":{"rendered":"https:\/\/www.bombersdv.es\/?page_id=47458"},"modified":"2019-12-16T09:09:55","modified_gmt":"2019-12-16T08:09:55","slug":"proceso-sargento-cp003-concurso-de-traslados-edicion-2019","status":"publish","type":"page","link":"https:\/\/www.bombersdv.es\/es\/oposiciones\/procesos-finalizados\/proceso-sargento-cp003-concurso-de-traslados-edicion-2019\/","title":{"rendered":"Proceso SARGENTO\/CP003: Concurso de Traslados Edici\u00f3n 2019"},"content":{"rendered":"<div class=\"fusion-fullwidth fullwidth-box fusion-builder-row-1 nonhundred-percent-fullwidth non-hundred-percent-height-scrolling\" style=\"--awb-background-position:left top;--awb-border-radius-top-left:0px;--awb-border-radius-top-right:0px;--awb-border-radius-bottom-right:0px;--awb-border-radius-bottom-left:0px;--awb-padding-top:20px;--awb-padding-bottom:20px;--awb-border-sizes-top:0px;--awb-border-sizes-bottom:0px;--awb-flex-wrap:wrap;\" ><div class=\"fusion-builder-row fusion-row\"><div class=\"fusion-layout-column fusion_builder_column fusion-builder-column-0 fusion_builder_column_1_1 1_1 fusion-one-full fusion-column-first fusion-column-last fusion-column-no-min-height\" style=\"--awb-bg-size:cover;--awb-margin-bottom:0px;\"><div class=\"fusion-column-wrapper fusion-flex-column-wrapper-legacy\"><div class=\"fusion-title title fusion-title-1 fusion-sep-none fusion-title-text fusion-title-size-two\"><h2 class=\"fusion-title-heading title-heading-left fusion-responsive-typography-calculated\" style=\"margin:0;--fontSize:34;line-height:1.09;\">Proceso SARGENTO\/CP003: Concurso de Traslados Edici\u00f3n 2019<\/h2><\/div><div class=\"fusion-text fusion-text-1\"><div class=\"table-2\">Anuncio lista definitiva de admitidos18\/10\/2019<a href=\"https:\/\/www.bombersdv.es\/wp-content\/uploads\/2019\/10\/02-Notificaci-Decret-RB2032019.pdf\">Anuncio<\/a>Anuncio de la Comisi\u00f3n de valoraci\u00f3n Concurso de Traslados. Adjudicaci\u00f3n destinos.22\/10\/2019<a href=\"https:\/\/www.bombersdv.es\/wp-content\/uploads\/2019\/10\/Anuncio-Concurso-Traslado-Sargento-5\u00aa-Edici\u00f3n.pdf \">Anuncio<\/a><\/p>\n<table style=\"height: 144px;\" width=\"100%\">\n<thead>\n<tr style=\"height: 24px;\">\n<th style=\"height: 24px;\">Tr\u00e1mite<\/th>\n<th style=\"height: 24px;\">Fecha<\/th>\n<th style=\"height: 24px;\">Documento(s)<\/th>\n<\/tr>\n<\/thead>\n<tbody>\n<tr style=\"height: 24px;\">\n<td style=\"height: 24px;\">Bases<\/td>\n<td style=\"height: 24px;\">14\/08\/2019<\/td>\n<td style=\"height: 24px;\"><a href=\"https:\/\/www.bombersdv.es\/wp-content\/uploads\/2019\/08\/SARGENTO_CP003_ED2019_BASES.pdf\" target=\"_blank\" rel=\"noopener\">Anuncio BOP<\/a><\/td>\n<\/tr>\n<tr style=\"height: 24px;\">\n<td style=\"height: 24px;\">Modificaci\u00f3n Base Segunda convocatoria permanente concurso traslados puestos de bombero, cabo y sargento<\/td>\n<td style=\"height: 24px;\">14\/08\/2019<\/td>\n<td style=\"height: 24px;\"><a href=\"https:\/\/www.bombersdv.es\/wp-content\/uploads\/2019\/08\/CP_ED2019_MODIFICACION-BASES.pdf\" target=\"_blank\" rel=\"noopener\">Anuncio BOP<\/a><\/td>\n<\/tr>\n<tr style=\"height: 24px;\">\n<td style=\"height: 24px;\">Anuncio candidatos que no han obtenido destino en edici\u00f3n anterior<\/td>\n<td style=\"height: 24px;\">14\/08\/2019<\/td>\n<td style=\"height: 24px;\"><a href=\"https:\/\/www.bombersdv.es\/wp-content\/uploads\/2019\/08\/SARGENTO_CP002_ED2019_ANUNCIO-CANDIDATOS-ANTERIORES-castellano.pdf\" target=\"_blank\" rel=\"noopener\">Anuncio<\/a><\/td>\n<\/tr>\n<tr style=\"height: 24px;\">\n<td style=\"height: 24px;\">Instancia<\/td>\n<td style=\"height: 24px;\">03\/09\/2019<\/td>\n<td style=\"height: 24px;\"><a href=\"https:\/\/www.bombersdv.es\/wp-content\/uploads\/2019\/09\/RHG11_C_TRASLADOS-2019.pdf\">Instancia<\/a><\/td>\n<\/tr>\n<tr style=\"height: 24px;\">\n<td style=\"height: 24px;\">Autobaremaci\u00f3n<\/td>\n<td style=\"height: 24px;\">03\/09\/2019<\/td>\n<td style=\"height: 24px;\"><a href=\"https:\/\/www.bombersdv.es\/wp-content\/uploads\/2019\/09\/AUTOBAREMACION-C-3.pdf\">Autobaremaci\u00f3n<\/a><\/td>\n<\/tr>\n<tr>\n<td>\n<p>Anuncio convocatoria y vacantes<\/p>\n<p>Plazo presentaci\u00f3n de instancias desde el 4 de septiembre al 17 de septiembre<\/td>\n<td>03\/09\/2019<\/td>\n<td><a href=\"https:\/\/www.bombersdv.es\/wp-content\/uploads\/2019\/09\/2.-Anunci20convocatria20520edici20CASTELLANO-1.pdf\">Anuncio<\/a><\/td>\n<\/tr>\n<\/tbody>\n<\/table>\n<\/div>\n<\/div><div class=\"fusion-clearfix\"><\/div><\/div><\/div><\/div><\/div>\n","protected":false},"excerpt":{"rendered":"","protected":false},"author":1,"featured_media":0,"parent":15127,"menu_order":0,"comment_status":"closed","ping_status":"closed","template":"","meta":{"footnotes":""},"class_list":["post-47458","page","type-page","status-publish","hentry"],"_links":{"self":[{"href":"https:\/\/www.bombersdv.es\/es\/wp-json\/wp\/v2\/pages\/47458"}],"collection":[{"href":"https:\/\/www.bombersdv.es\/es\/wp-json\/wp\/v2\/pages"}],"about":[{"href":"https:\/\/www.bombersdv.es\/es\/wp-json\/wp\/v2\/types\/page"}],"author":[{"embeddable":true,"href":"https:\/\/www.bombersdv.es\/es\/wp-json\/wp\/v2\/users\/1"}],"replies":[{"embeddable":true,"href":"https:\/\/www.bombersdv.es\/es\/wp-json\/wp\/v2\/comments?post=47458"}],"version-history":[{"count":11,"href":"https:\/\/www.bombersdv.es\/es\/wp-json\/wp\/v2\/pages\/47458\/revisions"}],"predecessor-version":[{"id":49165,"href":"https:\/\/www.bombersdv.es\/es\/wp-json\/wp\/v2\/pages\/47458\/revisions\/49165"}],"up":[{"embeddable":true,"href":"https:\/\/www.bombersdv.es\/es\/wp-json\/wp\/v2\/pages\/15127"}],"wp:attachment":[{"href":"https:\/\/www.bombersdv.es\/es\/wp-json\/wp\/v2\/media?parent=47458"}],"curies":[{"name":"wp","href":"https:\/\/api.w.org\/{rel}","templated":true}]}}