{"id":48190,"date":"2019-11-13T14:14:00","date_gmt":"2019-11-13T13:14:00","guid":{"rendered":"https:\/\/www.bombersdv.es\/?page_id=48190"},"modified":"2019-11-13T14:56:23","modified_gmt":"2019-11-13T13:56:23","slug":"datos-generales-memoria-2018","status":"publish","type":"page","link":"https:\/\/www.bombersdv.es\/es\/consorcio\/memorias-de-actividad\/memoria-2018-indice-2\/datos-generales-memoria-2018\/","title":{"rendered":"DATOS GENERALES MEMORIA 2018"},"content":{"rendered":"<div class=\"fusion-fullwidth fullwidth-box fusion-builder-row-1 nonhundred-percent-fullwidth non-hundred-percent-height-scrolling\" style=\"--awb-border-radius-top-left:0px;--awb-border-radius-top-right:0px;--awb-border-radius-bottom-right:0px;--awb-border-radius-bottom-left:0px;--awb-flex-wrap:wrap;\" ><div class=\"fusion-builder-row fusion-row\"><div class=\"fusion-layout-column fusion_builder_column fusion-builder-column-0 fusion_builder_column_1_1 1_1 fusion-one-full fusion-column-first fusion-column-last\" style=\"--awb-bg-size:cover;--awb-margin-bottom:0px;\"><div class=\"fusion-column-wrapper fusion-flex-column-wrapper-legacy\"><div class=\"fusion-text fusion-text-1\"><h3 style=\"text-align: justify;\"><span style=\"color: #ff6600;\">DATOS GENERALES<\/span><\/h3>\n<p style=\"text-align: justify;\">El Consorcio para el Servicio de Prevenci\u00f3n Extinci\u00f3n de Incendios y de Salvamento de la Provincia de Valencia (en lo sucesivo el Consorcio) <span style=\"color: #ff6600;\">se constituy\u00f3 como tal el 1 noviembre de 1986,<\/span> al amparo de lo establecido en los art\u00edculos 57 y 87 de la Ley 7\/1985, de 2 de abril, Reguladora de las Bases de R\u00e9gimen Local (en lo sucesivo LRBL), 110 del Texto Refundido de las disposiciones legales vigentes en materia de R\u00e9gimen Local, aprobado por Real Decreto Legislativo 781\/1986, de 18 de abril, teniendo por objeto la prestaci\u00f3n de los servicios de prevenci\u00f3n, extinci\u00f3n de incendios y de salvamento. En su constituci\u00f3n, el Consorcio Provincial absorbe las estructuras de los siete Consorcios Comarcales creados en la Provincia entre los a\u00f1os 1982 y 1983, remodela las estructuras estatutarias de los mismos fundi\u00e9ndolas en una \u00fanica e inicia el proceso de implantaci\u00f3n de un nuevo modelo territorial, organizativo y funcional en la prestaci\u00f3n del servicio. Los Estatutos iniciales del Consorcio fueron aprobados por el Consell de la Generalitat el 6 de octubre de 1986. Son los estatutos son los que determinan las peculiaridades del r\u00e9gimen org\u00e1nico, funcional y financiero del Consorcio con respecto al marco general de la administraci\u00f3n local.<\/p>\n<p style=\"text-align: justify;\"><span style=\"color: #ff6600;\">El recurso a la figura de un Consorcio de \u00e1mbito provincial para la prestaci\u00f3n de este servicio tiene una amplia tradici\u00f3n e implantaci\u00f3n en todo el territorio estatal, facilitando la gesti\u00f3n de competencias concurrentes de las diferentes administraciones p\u00fablicas<\/span> que lo componen. Tanto es as\u00ed que la propia <span style=\"color: #ff6600;\">Ley 7\/2011<\/span>, de 1 de abril, de la Generalitat, de los Servicios de Prevenci\u00f3n, Extinci\u00f3n de Incendios y Salvamento de la Comunitat Valenciana (en lo sucesivo Ley SPEIS),<span style=\"color: #ff6600;\"> prev\u00e9 expresamente<\/span> que los ayuntamientos de los municipios obligados a la prestaci\u00f3n del servicio, las diputaciones provinciales y la Generalitat <span style=\"color: #ff6600;\">puedan convenir entre s\u00ed su prestaci\u00f3n mediante la forma jur\u00eddica de Consorcio<\/span>. Todo ello sin olvidar el ahorro que supone para los entes que est\u00e1n obligados a su prestaci\u00f3n cuyos elevados costes se derivan, fundamentalmente, de la necesidad de mantener una respuesta operativa durante las veinticuatro horas del d\u00eda los trescientos sesenta y cinco d\u00edas del a\u00f1o.<\/p>\n<p style=\"text-align: justify;\">Se trata de un <span style=\"color: #ff6600;\">servicio de competencia local, obligatorio en los municipios de poblaci\u00f3n superior a 20.000 habitantes<\/span> y que con respecto a los municipios con poblaci\u00f3n inferior a esa cifra debe ser asumido por la Diputaci\u00f3n cuando no lo presten (Art. 36 c LBRL con la redacci\u00f3n resultante de la LRSAL (Ley 27\/2013, de 27 de diciembre, de racionalizaci\u00f3n y sostenibilidad de la Administraci\u00f3n Local)<\/p>\n<p style=\"text-align: justify;\">En 2015 culmin\u00f3 el <span style=\"color: #ff6600;\">proceso de reforma estatutaria<\/span> obligado por la entrada en vigor de la LRSAL. Esta norma y el conjunto de las que fueron dictadas en ese periodo en materia de sostenibilidad y estabilidad financiera inciden en el<span style=\"color: #ff6600;\"> mayor control de los consorcios<\/span>, tanto en el \u00e1mbito econ\u00f3mico-presupuestario como en el de personal, para lo que se recurre a la <span style=\"color: #ff6600;\">adscripci\u00f3n a una de las administraciones p\u00fablicas que lo componen<\/span>, la que tenga una posici\u00f3n dominante, que en nuestro caso es la Diputaci\u00f3n provincial de Valencia. Eso supone, en la pr\u00e1ctica, que tanto el r\u00e9gimen de presupuestaci\u00f3n, contabilidad y control del Consorcio como el r\u00e9gimen jur\u00eddico de su personal pasan a ser los de la administraci\u00f3n de adscripci\u00f3n. Por acuerdo del Pleno de la Diputaci\u00f3n Provincial de Valencia, de fecha 26 de septiembre de 2016 <span style=\"color: #ff6600;\">se clasific\u00f3 al Consorcio en el Grupo I de sus entidades dependientes<\/span>. (<a href=\"http:\/\/bop.dival.es\/bop\/drvisapi.dll?MIval=DI_VerEdictoVis&amp;idEdicto=2934311&amp;miIdioma=C\" target=\"_blank\" rel=\"noopener\"><span style=\"text-decoration: underline;\"><span style=\"color: #0000ff; text-decoration: underline;\">BOP Valencia, 190, de 30 de septiembre de 2016<\/span><\/span><\/a><span style=\"text-decoration: underline;\"><span style=\"color: #0000ff; text-decoration: underline;\">.<\/span><\/span>)<\/p>\n<p style=\"text-align: justify;\">El proceso de reforma estatutaria finaliz\u00f3 con la <span style=\"color: #ff6600;\">publicaci\u00f3n en el Bolet\u00edn Oficial de la Provincia de Valencia N\u00fam. 178 de 15 de septiembre de 2015<\/span> del <a href=\"http:\/\/www.bombersdv.es\/wp-content\/uploads\/sites\/6\/2016\/07\/EstatutosConsorcio_2015_es_BOP20150915.pdf\" target=\"_blank\" rel=\"noopener\"><span style=\"text-decoration: underline;\"><span style=\"color: #0000ff; text-decoration: underline;\">texto \u00edntegro de los Estatutos<\/span><\/span><\/a> y entrada en vigor de los mismos. De la misma forma, se publicaron en el Diari Oficial de la Comunitat Valenciana n\u00fam. 7764, de 24 de noviembre de 2015.<\/p>\n<p>En paralelo se aprob\u00f3 un <a href=\"https:\/\/www.bombersdv.es\/wp-content\/uploads\/2019\/04\/10_PDFsam_2017_03_15-BOP-n%C2%BA-52-Reglamento-Organico-i-Funcionamento-CONSORCIO-cast.pdf\" target=\"_blank\" rel=\"noopener\"><span style=\"text-decoration: underline;\"><span style=\"color: #0000ff; text-decoration: underline;\">Reglamento Org\u00e1nico<\/span><\/span><\/a> para regular el gobierno y administraci\u00f3n del Consorcio.<\/p>\n<p>Con referencia al 31 de diciembre de 2018 el Consorcio <span style=\"color: #ff6600;\">est\u00e1 integrado<\/span> por la Diputaci\u00f3n Provincial de Valencia, administraci\u00f3n a la cual est\u00e1 adscrito en base a las modificaciones dictadas por la LRSAL, la Generalitat y<span style=\"text-decoration: underline;\"><span style=\"color: #0000ff;\"> <a style=\"color: #0000ff; text-decoration: underline;\" href=\"https:\/\/www.bombersdv.es\/wp-content\/uploads\/sites\/3\/2017\/11\/Pres_2018_ES_09_Porcentaje-votos_2018.pdf\" target=\"_blank\" rel=\"noopener\">229 municipios<\/a><\/span><\/span> de la provincia de Valencia, entidades que contribuyen a la financiaci\u00f3n del mismo con un reparto fijado en los propios Estatutos y que para el ejercicio 2018 se concret\u00f3 en las siguientes aportaciones ordinarias:<\/p>\n<p>Diputaci\u00f3n Provincial.- <span style=\"color: #ff6600;\">23.968.705,29\u20ac<\/span><br \/>\nGeneralidad Valenciana.-<span style=\"color: #ff6600;\">9.920.000,00\u20ac<\/span><br \/>\nAyuntamientos con poblaci\u00f3n superior a veinte mil habitantes.- <span style=\"color: #ff6600;\">4.882.175,10\u20ac<\/span><br \/>\nAyuntamientos con poblaci\u00f3n inferior a veinte mil habitantes.- <span style=\"color: #ff6600;\">3.925.101,51\u20ac<\/span><\/p>\n<p>La Diputaci\u00f3n Provincial viene asumiendo de forma voluntaria y con car\u00e1cter anual la parte de ese 20 % que corresponde a los municipios con poblaci\u00f3n inferior a 20.000 habitantes<\/p>\n<\/div><div class=\"fusion-clearfix\"><\/div><\/div><\/div><\/div><\/div>\n","protected":false},"excerpt":{"rendered":"","protected":false},"author":183,"featured_media":0,"parent":48305,"menu_order":0,"comment_status":"closed","ping_status":"closed","template":"","meta":{"footnotes":""},"class_list":["post-48190","page","type-page","status-publish","hentry"],"_links":{"self":[{"href":"https:\/\/www.bombersdv.es\/es\/wp-json\/wp\/v2\/pages\/48190"}],"collection":[{"href":"https:\/\/www.bombersdv.es\/es\/wp-json\/wp\/v2\/pages"}],"about":[{"href":"https:\/\/www.bombersdv.es\/es\/wp-json\/wp\/v2\/types\/page"}],"author":[{"embeddable":true,"href":"https:\/\/www.bombersdv.es\/es\/wp-json\/wp\/v2\/users\/183"}],"replies":[{"embeddable":true,"href":"https:\/\/www.bombersdv.es\/es\/wp-json\/wp\/v2\/comments?post=48190"}],"version-history":[{"count":13,"href":"https:\/\/www.bombersdv.es\/es\/wp-json\/wp\/v2\/pages\/48190\/revisions"}],"predecessor-version":[{"id":48323,"href":"https:\/\/www.bombersdv.es\/es\/wp-json\/wp\/v2\/pages\/48190\/revisions\/48323"}],"up":[{"embeddable":true,"href":"https:\/\/www.bombersdv.es\/es\/wp-json\/wp\/v2\/pages\/48305"}],"wp:attachment":[{"href":"https:\/\/www.bombersdv.es\/es\/wp-json\/wp\/v2\/media?parent=48190"}],"curies":[{"name":"wp","href":"https:\/\/api.w.org\/{rel}","templated":true}]}}