{"id":48240,"date":"2019-11-12T09:23:19","date_gmt":"2019-11-12T08:23:19","guid":{"rendered":"https:\/\/www.bombersdv.es\/oposiciones\/procesos-en-marcha\/2019-pi001-promocio-interna-7-places-de-sergent\/"},"modified":"2023-09-04T09:20:42","modified_gmt":"2023-09-04T07:20:42","slug":"2019-pi001-promocio-interna-7-places-de-sergent","status":"publish","type":"page","link":"https:\/\/www.bombersdv.es\/es\/oposiciones\/procesos-finalizados\/2019-pi001-promocio-interna-7-places-de-sergent\/","title":{"rendered":"2019\/PI001: Promoci\u00f3n Interna 7 plazas de sargento"},"content":{"rendered":"<div class=\"fusion-fullwidth fullwidth-box fusion-builder-row-1 nonhundred-percent-fullwidth non-hundred-percent-height-scrolling\" style=\"--awb-background-position:left top;--awb-border-radius-top-left:0px;--awb-border-radius-top-right:0px;--awb-border-radius-bottom-right:0px;--awb-border-radius-bottom-left:0px;--awb-padding-top:20px;--awb-padding-bottom:20px;--awb-border-sizes-top:0px;--awb-border-sizes-bottom:0px;--awb-flex-wrap:wrap;\" ><div class=\"fusion-builder-row fusion-row\"><div class=\"fusion-layout-column fusion_builder_column fusion-builder-column-0 fusion_builder_column_1_1 1_1 fusion-one-full fusion-column-first fusion-column-last fusion-column-no-min-height\" style=\"--awb-bg-size:cover;--awb-margin-bottom:0px;\"><div class=\"fusion-column-wrapper fusion-flex-column-wrapper-legacy\"><div class=\"fusion-title title fusion-title-1 fusion-sep-none fusion-title-text fusion-title-size-two\"><h2 class=\"fusion-title-heading title-heading-left fusion-responsive-typography-calculated\" style=\"margin:0;--fontSize:34;line-height:1.09;\">2019\/PI001: Promoci\u00f3n Interna 7 plazas de sargento<\/h2><\/div><div class=\"fusion-text fusion-text-1\"><div class=\"table-2\">\n<table width=\"100%\">\n<thead>\n<tr>\n<th>Tr\u00e0mit<\/th>\n<th>Data<\/th>\n<th>Document(s)<\/th>\n<\/tr>\n<\/thead>\n<tbody>\n<tr>\n<td>Bases BOP<\/td>\n<td>29\/05\/2019<\/td>\n<td><a href=\"https:\/\/www.bombersdv.es\/wp-content\/uploads\/2019\/11\/BASES-BOP-CASTELLA.pdf\" target=\"_blank\" rel=\"noopener noreferrer\">Publicaci\u00f3n Bases BOP<\/a><\/td>\n<\/tr>\n<tr>\n<td>Anuncio DOGV<\/td>\n<td>05\/08\/2019<\/td>\n<td><a href=\"https:\/\/www.bombersdv.es\/wp-content\/uploads\/2019\/11\/PUBLICACIO-DOGV.pdf\" target=\"_blank\" rel=\"noopener noreferrer\">Anuncio DOGV<\/a><\/td>\n<\/tr>\n<tr>\n<td>Anuncio BOE (Abre plazo de presentaci\u00f3n de instancias)<\/td>\n<td>12\/11\/2019<\/td>\n<td><a href=\"https:\/\/www.bombersdv.es\/wp-content\/uploads\/2019\/11\/PUBLICACION-ANUNCIO-BOE.pdf\" target=\"_blank\" rel=\"noopener noreferrer\">Anuncio BOE<\/a><\/td>\n<\/tr>\n<tr>\n<td>Solicitud por Promoci\u00f3n Interna<\/td>\n<td>12\/11\/2019<\/td>\n<td><a href=\"https:\/\/www.bombersdv.es\/wp-content\/uploads\/2019\/11\/INSTANCIA-PROMOCIO-INTERNA.pdf\" target=\"_blank\" rel=\"noopener noreferrer\">Solicitud por promoci\u00f3n Interna<\/a><\/td>\n<\/tr>\n<tr>\n<td>Solicitud por Movilidad<\/td>\n<td>12\/11\/2019<\/td>\n<td><a href=\"https:\/\/www.bombersdv.es\/wp-content\/uploads\/2019\/11\/INSTANCIA-MOBILITAT.pdf\" target=\"_blank\" rel=\"noopener noreferrer\">Solicitud por Movilidad<\/a><\/td>\n<\/tr>\n<tr>\n<td><span style=\"color: #800000;\">El ingreso de la tasa se realizar\u00e1 mediante transferencia bancaria a la cuenta ES14 2100 4337 8802 0004 5460 indicando el nombre del opositor o mediante tarjeta bancaria de cualquier entidad en los cajeros autom\u00e1ticos de Caixabank indicando el c\u00f3digo de entidad 0705441 y utilizando el c\u00f3digo de barras que se adjunta.<\/span><\/td>\n<td>15\/11\/2019<\/td>\n<td><a href=\"https:\/\/www.bombersdv.es\/wp-content\/uploads\/2019\/11\/codi-2.pdf\" target=\"_blank\" rel=\"noopener noreferrer\">c\u00f3digo barras<\/a><\/td>\n<\/tr>\n<tr>\n<td>Anuncio BOP lista provisional admitidos y excluidos y designaci\u00f3n miembros OTS<\/td>\n<td>13\/02\/2020<\/td>\n<td><a href=\"https:\/\/www.bombersdv.es\/wp-content\/uploads\/2020\/02\/2019_PI001_PUB-BOP-lista-prov-1.pdf\" target=\"_blank\" rel=\"noopener noreferrer\">Anuncio BOP<\/a><\/td>\n<\/tr>\n<tr>\n<td>Anuncio BOP lista definitiva y convocatoria primer examen OTS<\/td>\n<td>20\/07\/2020<\/td>\n<td><a href=\"https:\/\/www.bombersdv.es\/wp-content\/uploads\/2020\/07\/BOP-sargentos-definitiva.pdf\" target=\"_blank\" rel=\"noopener noreferrer\">Anuncio BOP<\/a><\/td>\n<\/tr>\n<tr>\n<td>Anuncio del Tribunal.- Cambio horario primera prueba<\/td>\n<td>17\/09\/2020<\/td>\n<td><a href=\"https:\/\/www.bombersdv.es\/wp-content\/uploads\/2020\/09\/Anuncio-OTS-cambio-horario-primera-prueba-Copia-autentica.pdf\" target=\"_blank\" rel=\"noopener noreferrer\">Anuncio Tribunal<\/a><\/td>\n<\/tr>\n<tr>\n<td>Anuncio de la Presidencia-Delegada. Rectificaci\u00f3n designaci\u00f3n Vocal Tribunal, por Decreto de la Presidencia Delegada n\u00ba 793, de fecha 11\/09\/2020.- (tramitado publicaci\u00f3n BOP)<\/td>\n<td>18\/09\/2020<\/td>\n<td><a href=\"https:\/\/www.bombersdv.es\/wp-content\/uploads\/2020\/09\/Anuncio-BOP-rectificaci\u00f3n-designaci\u00f3n-Vocal-Titular-OTS-proceso-selectivo-2019_PI001-Sargento-Copia-autentica-1.pdf\" target=\"_blank\" rel=\"noopener noreferrer\">Anuncio de la Presidencia Delegada<\/a><\/td>\n<\/tr>\n<tr>\n<td>Anuncio BOP Rectificaci\u00f3n designaci\u00f3n Vocal Tribunal.<\/td>\n<td>21\/09\/2020<\/td>\n<td><a href=\"https:\/\/www.bombersdv.es\/wp-content\/uploads\/2020\/09\/publicacion-bop-modificacion-ots-sargento.pdf\" target=\"_blank\" rel=\"noopener noreferrer\">Anuncio BOP<\/a><\/td>\n<\/tr>\n<tr>\n<td>Resultados primer ejercicio (seg\u00fan c\u00f3digos identificativos) y apertura solapas identificativas en acto p\u00fablico.<\/td>\n<td>30\/09\/2020<\/td>\n<td><a href=\"https:\/\/www.bombersdv.es\/wp-content\/uploads\/2020\/09\/Anuncio-resultado-primer-ejercicio-Copia-autentica.pdf\" target=\"_blank\" rel=\"noopener noreferrer\">Anuncio Tribunal<\/a><\/td>\n<\/tr>\n<tr>\n<td>Anuncio OTS: Resultados primer ejercicio con datos identificativos y convocatoria segunda prueba<\/td>\n<td>08\/10\/2020<\/td>\n<td><a href=\"https:\/\/www.bombersdv.es\/wp-content\/uploads\/2020\/10\/2019_001_RESULT-EJEC-1-Y-FECHA-PROX-EX.pdf\" target=\"_blank\" rel=\"noopener noreferrer\">Anuncio del Tribunal<\/a><\/td>\n<\/tr>\n<tr>\n<td>Anuncio OTS: Anuncio enunciado y criterios de correcci\u00f3n supuesto pr\u00e1ctico<\/td>\n<td>20\/10\/2020<\/td>\n<td>\n<p><a href=\"https:\/\/www.bombersdv.es\/wp-content\/uploads\/2020\/10\/2019_PI001_Anuncio-enunciado-y-criterios-sup-pr\u00e1ctico.pdf\" target=\"_blank\" rel=\"noopener noreferrer\">Anuncio<\/a><\/p>\n<p><a href=\"https:\/\/www.bombersdv.es\/wp-content\/uploads\/2020\/10\/2019_PI001_Anexo-I-supuesto-pr\u00e1ctico-enunciado.pdf\" target=\"_blank\" rel=\"noopener noreferrer\">Anexo I<\/a><\/p>\n<p><a href=\"https:\/\/www.bombersdv.es\/wp-content\/uploads\/2020\/10\/2019_PI001_Anexo-II-supuesto-pr\u00e1ctico-cristerios-correcci\u00f3n.pdf\" target=\"_blank\" rel=\"noopener noreferrer\">Anexo II<\/a><\/td>\n<\/tr>\n<tr>\n<td>Resultados segundo ejercicio (seg\u00fan c\u00f3digos identificativos) y fecha apertura solapas identificativas en acto p\u00fablico<\/td>\n<td>16\/11\/2020<\/td>\n<td><a href=\"https:\/\/www.bombersdv.es\/wp-content\/uploads\/2020\/11\/2019_PI001_Anuncio-resultados-segunda-prueba.pdf\" target=\"_blank\" rel=\"noopener noreferrer\">Anuncio del Tribunal<\/a><\/td>\n<\/tr>\n<tr>\n<td>Anuncio OTS: Resultados segundo ejercicio con datos identificativos y convocatoria tercera prueba<\/td>\n<td>18\/11\/2020<\/td>\n<td><a href=\"https:\/\/www.bombersdv.es\/wp-content\/uploads\/2020\/11\/2019_PI001_Anuncio-identificac-aspirantes-2\u00ba-ejerc-y-convocat-3\u00ba.pdf\" target=\"_blank\" rel=\"noopener noreferrer\">Anuncio del Tribunal<\/a><\/td>\n<\/tr>\n<tr>\n<td>Decreto de la Presidencia-Delegada sobre adici\u00f3n de plaza vacante<\/td>\n<td>23\/11\/2020<\/td>\n<td><a href=\"https:\/\/www.bombersdv.es\/wp-content\/uploads\/2020\/11\/2019_PI001-Decreto-adici\u00f3n-plaza.pdf\" target=\"_blank\" rel=\"noopener noreferrer\">Decreto<\/a><\/td>\n<\/tr>\n<tr>\n<td>Anuncio BOP adici\u00f3n de plaza vacante<\/td>\n<td>30\/11\/2020<\/td>\n<td><a href=\"https:\/\/www.bombersdv.es\/wp-content\/uploads\/2020\/11\/2019_PI001_PUBLICACION-BOP-ADICION-PLAZA-SARGENTO-1.pdf\" target=\"_blank\" rel=\"noopener noreferrer\">Anuncio BOP<\/a><\/td>\n<\/tr>\n<tr>\n<td>Anuncio: Convocatoria tercera prueba \u00fanico aspirant<\/td>\n<td>28\/12\/2020<\/td>\n<td><a href=\"https:\/\/www.bombersdv.es\/wp-content\/uploads\/2020\/12\/2019_PI007_Anuncio-convocatoria-pruebas-f\u00edsicas2.pdf\" target=\"_blank\" rel=\"noopener noreferrer\">Anuncio del Tribunal<\/a><\/td>\n<\/tr>\n<tr>\n<td>Anuncio OTS: Resultados tercer ejercicio y convocatoria quinto ejercicio<\/td>\n<td>12\/01\/2020<\/td>\n<td><a href=\"https:\/\/www.bombersdv.es\/wp-content\/uploads\/2021\/01\/2019_PI001_Anuncio-result-3er-ejercicio-y-convocat-5o.pdf\" target=\"_blank\" rel=\"noopener\">Anuncio del Tribunal<\/a><\/td>\n<\/tr>\n<tr>\n<td><span style=\"color: #993300;\">Anuncio OTS: Se comunica a los efectos oportunos que la persona designada por el \u00d3rgano T\u00e9cnico de Selecci\u00f3n como asesora para la realizaci\u00f3n del quinto ejercicio \u201cPruebas Psicot\u00e9cnicas\u201d es, Azucena Rodr\u00edguez Rodr\u00edguez, Licenciada en Psicolog\u00eda.<\/span><\/td>\n<td><\/td>\n<td><\/td>\n<\/tr>\n<tr>\n<td>Anuncio OTS: Resultados quinto ejercicio por c\u00f3digos, fecha apertura sobre datos identificativos y convocatoria sexto ejercicio &#8220;Revisi\u00f3n m\u00e9dica&#8221;<span style=\"color: #993300;\"><br \/>\n<\/span><\/td>\n<td>21\/01\/2021<\/td>\n<td><a href=\"https:\/\/www.bombersdv.es\/wp-content\/uploads\/2021\/01\/2018_OP001_Anuncio-resultado-quinto-ejercicio-y-convocatoria-sexto.pdf\" target=\"_blank\" rel=\"noopener\">Anuncio del Tribunal<\/a><\/td>\n<\/tr>\n<tr>\n<td>Anuncio OTS: Resultados Reconocimiento M\u00e9dico, Resultados Fase Oposici\u00f3n, Resultados Fase Concurso y Resultados Provisionales Concurso-Oposici\u00f3n<\/td>\n<td>16\/02\/2021<\/td>\n<td><a href=\"https:\/\/www.bombersdv.es\/wp-content\/uploads\/2021\/02\/2019_PI001_Anuncio-resultado-6a-prueba-y-result-prov-concurso-oposicion.pdf\" target=\"_blank\" rel=\"noopener\">Anuncio del Tribunal<\/a><\/td>\n<\/tr>\n<tr>\n<td>Anuncio OTS:\u00a0 Resoluci\u00f3n de alegaciones concurso y propuesta de persones aspirantes al curso selectivo<\/td>\n<td>01\/03\/2021<\/td>\n<td><a href=\"https:\/\/www.bombersdv.es\/wp-content\/uploads\/2021\/03\/2019_OP001_Anuncio-resolucion-alegaciones-concurso-y-relacion-definitiva-concurso-oposicion.pdf\" target=\"_blank\" rel=\"noopener\">Anuncio del Tribunal<\/a><\/td>\n<\/tr>\n<tr>\n<td>Anuncio RRHH:<\/p>\n<p align=\"justify\"><span style=\"color: #ff0000;\">Con la finalidad de adelantar los tr\u00e1mites correspondientes, y supeditado al informe del IVASPE sobre la superaci\u00f3n de la Fase de Pr\u00e1cticas y a la relaci\u00f3n definitiva de personas aspirantes seleccionadas emitida por el \u00d3rgano T\u00e9cnico de Selecci\u00f3n, se requiere a los aspirantes que se encuentren en la Fase II del Proceso Selectivo para que presenten la solicitud con las preferencias de destino a trav\u00e9s de Sede Electr\u00f3nica.<\/span><\/p>\n<\/td>\n<td>23\/11\/2021<\/td>\n<td>\n<p><a href=\"https:\/\/www.bombersdv.es\/wp-content\/uploads\/2021\/11\/2019_PI001-vacantes-sargentos-a-23_11_21.pdf\" target=\"_blank\" rel=\"noopener\">Vacantes<\/a><\/p>\n<p><a href=\"https:\/\/www.bombersdv.es\/wp-content\/uploads\/2021\/11\/Instancia-Solicitud-Destino-SARGENTOS.pdf\" target=\"_blank\" rel=\"noopener\">Solicitud destino<\/a><\/td>\n<\/tr>\n<tr>\n<td>Anuncio OTS: Relaci\u00f3n Definitiva de personas aspirantes Seleccionadas Aprobadas por Promoci\u00f3n Interna<\/td>\n<td>10\/12\/2021<\/td>\n<td><a href=\"https:\/\/www.bombersdv.es\/wp-content\/uploads\/2021\/12\/Anuncio-OTS-relacion-definitiva-aprobados-DIC-2021-Copia-autentica.pdf\" target=\"_blank\" rel=\"noopener\">Anuncio<\/a><\/td>\n<\/tr>\n<tr>\n<td>Diligencia del Servicio de Recursos Humanos sobre requisitos establecidos en la Base Segunda<\/td>\n<td>10\/12\/2021<\/td>\n<td><a href=\"https:\/\/www.bombersdv.es\/wp-content\/uploads\/2021\/12\/DILIGENCIA-documentacion-aportada-10-de-diciembre-de-2021-Copia-autentica.pdf\" target=\"_blank\" rel=\"noopener\">Diligencia<\/a><\/td>\n<\/tr>\n<tr>\n<td>Publicaci\u00f3n BOP nombramiento<\/td>\n<td>29\/12\/2021<\/td>\n<td><a href=\"https:\/\/www.bombersdv.es\/wp-content\/uploads\/2021\/12\/Publicacion-BOP-nombramiento-7-SARGENTOS.pdf\" target=\"_blank\" rel=\"noopener\">Anuncio BOP<\/a><\/td>\n<\/tr>\n<tr>\n<td>\n<p><span style=\"color: #ff0000;\">Con la finalidad de poner a disposici\u00f3n de las personas aspirantes la documentaci\u00f3n necesaria para el nombramiento como funcionario de carrera, y a la espera del correspondiente Anuncio emitido al respecto por el \u00d3rgano T\u00e9cnico de Selecci\u00f3n as\u00ed como a la espera de la publicaci\u00f3n de las vacantes, se procede a la publicaci\u00f3n de los siguientes formularios:<\/span><\/p>\n<p><span style=\"color: #ff0000;\">&#8211; Declaraci\u00f3n jurada.<\/span><br \/>\n<span style=\"color: #ff0000;\">&#8211; Solicitud de destinos.<\/span><\/td>\n<td>14\/07\/2023<\/td>\n<td>\n<p><a href=\"https:\/\/www.bombersdv.es\/wp-content\/uploads\/2023\/07\/DECLARACION-JURADA.pdf\" target=\"_blank\" rel=\"noopener\">Declaraci\u00f3n jurada<\/a><\/p>\n<p><a href=\"https:\/\/www.bombersdv.es\/wp-content\/uploads\/2023\/07\/Instancia-Solicitud-Destino-SARGENTOS-2019_PI001.pdf\" target=\"_blank\" rel=\"noopener\">Solicitud destinos<\/a>A<\/td>\n<\/tr>\n<tr>\n<td>Anuncio OTS: Relaci\u00f3n Definitiva de aspirantes Seleccionados Promoci\u00f3n Interna proceso 2019\/P001 Sargentos y emplazamiento acreditaci\u00f3n requisitos.<span style=\"color: #ff0000;\">\u00a0<\/span><\/td>\n<td>18\/07\/2023<\/td>\n<td><a href=\"https:\/\/www.bombersdv.es\/wp-content\/uploads\/2023\/07\/Anuncio-OTS-Sargento-2019_PI001-18_07_2023-Copia-autentica-1.pdf\" target=\"_blank\" rel=\"noopener\">Anuncio<\/a><\/td>\n<\/tr>\n<tr>\n<td>Anuncio del Servicio de Recursos Humanos sobre las vacantes ofertadas<\/td>\n<td>20\/07\/2023<\/td>\n<td><a href=\"https:\/\/www.bombersdv.es\/wp-content\/uploads\/2023\/07\/2019_OP001_Anuncio-RRHH-VACANTES-LIBRES-20_7_23-sargento.pdf\" target=\"_blank\" rel=\"noopener\">Anuncio<\/a><\/td>\n<\/tr>\n<tr>\n<td>Anuncio BOP: nombramiento funcionario de carrera<\/td>\n<td>14\/08\/2023<\/td>\n<td><a href=\"https:\/\/www.bombersdv.es\/wp-content\/uploads\/2023\/08\/2019_PI001-nomb-func-carrera-sargentoES.pdf\" target=\"_blank\" rel=\"noopener\">Publicaci\u00f3n BOP<\/a><\/td>\n<\/tr>\n<\/tbody>\n<\/table>\n<\/div>\n<\/div><div class=\"fusion-clearfix\"><\/div><\/div><\/div><\/div><\/div>\n","protected":false},"excerpt":{"rendered":"","protected":false},"author":192,"featured_media":0,"parent":15127,"menu_order":0,"comment_status":"closed","ping_status":"closed","template":"","meta":{"footnotes":""},"class_list":["post-48240","page","type-page","status-publish","hentry"],"_links":{"self":[{"href":"https:\/\/www.bombersdv.es\/es\/wp-json\/wp\/v2\/pages\/48240"}],"collection":[{"href":"https:\/\/www.bombersdv.es\/es\/wp-json\/wp\/v2\/pages"}],"about":[{"href":"https:\/\/www.bombersdv.es\/es\/wp-json\/wp\/v2\/types\/page"}],"author":[{"embeddable":true,"href":"https:\/\/www.bombersdv.es\/es\/wp-json\/wp\/v2\/users\/192"}],"replies":[{"embeddable":true,"href":"https:\/\/www.bombersdv.es\/es\/wp-json\/wp\/v2\/comments?post=48240"}],"version-history":[{"count":39,"href":"https:\/\/www.bombersdv.es\/es\/wp-json\/wp\/v2\/pages\/48240\/revisions"}],"predecessor-version":[{"id":66382,"href":"https:\/\/www.bombersdv.es\/es\/wp-json\/wp\/v2\/pages\/48240\/revisions\/66382"}],"up":[{"embeddable":true,"href":"https:\/\/www.bombersdv.es\/es\/wp-json\/wp\/v2\/pages\/15127"}],"wp:attachment":[{"href":"https:\/\/www.bombersdv.es\/es\/wp-json\/wp\/v2\/media?parent=48240"}],"curies":[{"name":"wp","href":"https:\/\/api.w.org\/{rel}","templated":true}]}}