{"id":48273,"date":"2019-11-12T13:42:45","date_gmt":"2019-11-12T12:42:45","guid":{"rendered":"https:\/\/www.bombersdv.es\/?page_id=48273"},"modified":"2021-01-12T12:36:05","modified_gmt":"2021-01-12T11:36:05","slug":"2019-op001-provision-del-puesto-de-administrativo-por-concurso-de-meritos-abierto-a-otras-administraciones","status":"publish","type":"page","link":"https:\/\/www.bombersdv.es\/es\/oposiciones\/procesos-finalizados\/2019-op001-provision-del-puesto-de-administrativo-por-concurso-de-meritos-abierto-a-otras-administraciones\/","title":{"rendered":"2019\/OP001: Provisi\u00f3n del puesto de  Administrativo por Concurso de M\u00e9ritos abierto a Otras Administraciones."},"content":{"rendered":"<div class=\"fusion-fullwidth fullwidth-box fusion-builder-row-1 nonhundred-percent-fullwidth non-hundred-percent-height-scrolling\" style=\"--awb-background-position:left top;--awb-border-radius-top-left:0px;--awb-border-radius-top-right:0px;--awb-border-radius-bottom-right:0px;--awb-border-radius-bottom-left:0px;--awb-padding-top:20px;--awb-padding-bottom:20px;--awb-border-sizes-top:0px;--awb-border-sizes-bottom:0px;--awb-flex-wrap:wrap;\" ><div class=\"fusion-builder-row fusion-row\"><div class=\"fusion-layout-column fusion_builder_column fusion-builder-column-0 fusion_builder_column_1_1 1_1 fusion-one-full fusion-column-first fusion-column-last fusion-column-no-min-height\" style=\"--awb-bg-size:cover;--awb-margin-bottom:0px;\"><div class=\"fusion-column-wrapper fusion-flex-column-wrapper-legacy\"><div class=\"fusion-title title fusion-title-1 fusion-sep-none fusion-title-text fusion-title-size-two\"><h2 class=\"fusion-title-heading title-heading-left fusion-responsive-typography-calculated\" style=\"margin:0;--fontSize:34;line-height:1.09;\"><p>2019\/OP001: Provisi\u00f3n del puesto de Administrativo por Concurso de M\u00e9ritos abierto a Otras Administraciones.<\/h2><\/div><div class=\"fusion-text fusion-text-1\"><div class=\"table-2\">\n<p>Anuncio del Tribunal sobre los resultados fase II del concurso de m\u00e9ritos.08\/10\/2020<a href=\"https:\/\/www.bombersdv.es\/wp-content\/uploads\/2020\/10\/Anuncio-fase-II-concurso-Copia-autentica.pdf\" target=\"_blank\" rel=\"noopener noreferrer\">Anuncio del tribunal <\/a><\/p>\n<table width=\"100%\">\n<thead>\n<tr>\n<th>Tr\u00e0mit<\/th>\n<th>Data<\/th>\n<th>Document(s)<\/th>\n<\/tr>\n<\/thead>\n<tbody>\n<tr>\n<td>Bases BOP<\/td>\n<td>29\/05\/2019<\/td>\n<td><a href=\"https:\/\/www.bombersdv.es\/wp-content\/uploads\/2019\/11\/BASES-BOP-CASTELLA-adminis.pdf\" target=\"_blank\" rel=\"noopener noreferrer\">Publicaci\u00f3n Bases BOP<\/a><\/td>\n<\/tr>\n<tr>\n<td>Anuncio DOGV<\/td>\n<td>05\/08\/2019<\/td>\n<td><a href=\"https:\/\/www.bombersdv.es\/wp-content\/uploads\/2019\/11\/PUBLICACIO-DOGV-adminis.pdf\" target=\"_blank\" rel=\"noopener noreferrer\">Anuncio DOGV<\/a><\/td>\n<\/tr>\n<tr>\n<td>Anuncio BOE (Abre plazo de presentaci\u00f3n de instancias)<\/td>\n<td>12\/11\/2019<\/td>\n<td><a href=\"https:\/\/www.bombersdv.es\/wp-content\/uploads\/2019\/11\/PUBLICACION-ANUNCIO-BOE-adminis.pdf\" target=\"_blank\" rel=\"noopener noreferrer\">Anuncio BOE<\/a><\/td>\n<\/tr>\n<tr>\n<td>Solicitud<\/td>\n<td>12\/11\/2019<\/td>\n<td><a href=\"https:\/\/www.bombersdv.es\/wp-content\/uploads\/2019\/11\/INSTANCIAS-adminis1.pdf\" target=\"_blank\" rel=\"noopener noreferrer\">Solicitud<\/a><\/td>\n<\/tr>\n<tr>\n<td><span style=\"color: #800000;\">El ingreso de la tasa se realizar\u00e1 mediante transferencia bancaria a la cuenta ES14 2100 4337 8802 0004 5460 indicando el nombre del opositor o mediante tarjeta bancaria de cualquier entidad en los cajeros autom\u00e1ticos de Caixabank indicando el c\u00f3digo de entidad 0705520 y utilizando el c\u00f3digo de barras que se adjunta.<\/span><\/td>\n<td>15\/11\/2019<\/td>\n<td><a href=\"https:\/\/www.bombersdv.es\/wp-content\/uploads\/2019\/11\/codigo-0705520-advo.pdf\" target=\"_blank\" rel=\"noopener noreferrer\">c\u00f3digo barras<\/a><\/td>\n<\/tr>\n<tr>\n<td>Publicaci\u00f3n BOP lista provisional admitidas.<\/td>\n<td>10\/03\/2020<\/td>\n<td><a href=\"https:\/\/www.bombersdv.es\/wp-content\/uploads\/2020\/03\/Anuncio-BOP-lista-provisional-Advo.pdf\" target=\"_blank\" rel=\"noopener noreferrer\">Anuncio BOP<\/a><\/td>\n<\/tr>\n<tr>\n<td>Publicaci\u00f3n BOP lista defintiva y fecha valoraci\u00f3n de m\u00e9ritos.<\/td>\n<td>17\/07\/2020<\/td>\n<td><a href=\"https:\/\/www.bombersdv.es\/wp-content\/uploads\/2020\/07\/BOP-136-lista-definitiva.pdf\" target=\"_blank\" rel=\"noopener noreferrer\">Anuncio BOP<\/a><\/td>\n<\/tr>\n<tr>\n<td>Anuncio del Tribunal sobre los resultados de la fase de concurso de m\u00e9ritos.<\/td>\n<td>17\/09\/2020<\/td>\n<td><a href=\"https:\/\/www.bombersdv.es\/wp-content\/uploads\/2020\/09\/Anuncio-baremaci\u00f3n-concurso-advo-Copia-autentica-1.pdf\" target=\"_blank\" rel=\"noopener noreferrer\">Anuncio del tribunal <\/a><\/td>\n<\/tr>\n<tr>\n<td>Anuncio del Tribunal propuesta nombramiento<\/td>\n<td>09\/11\/2020<\/td>\n<td><a href=\"https:\/\/www.bombersdv.es\/wp-content\/uploads\/2020\/11\/2019_OP001Anuncio-propuesta-adjudicaci\u00f3n-puesto-ADMIVO.pdf\" target=\"_blank\" rel=\"noopener noreferrer\">Anuncio del Tribunal<\/a><\/td>\n<\/tr>\n<tr>\n<td>Publicaci\u00f3n BOP nombramiento<\/td>\n<td>03\/12\/2020<\/td>\n<td><a href=\"https:\/\/www.bombersdv.es\/wp-content\/uploads\/2020\/12\/2019_OP001_Publicac-bop-nombram.pdf\" target=\"_blank\" rel=\"noopener noreferrer\">Anuncio BOP<\/a><\/td>\n<\/tr>\n<\/tbody>\n<\/table>\n<\/div>\n<\/div><div class=\"fusion-clearfix\"><\/div><\/div><\/div><\/div><\/div>\n","protected":false},"excerpt":{"rendered":"","protected":false},"author":192,"featured_media":0,"parent":15127,"menu_order":0,"comment_status":"closed","ping_status":"closed","template":"","meta":{"footnotes":""},"class_list":["post-48273","page","type-page","status-publish","hentry"],"_links":{"self":[{"href":"https:\/\/www.bombersdv.es\/es\/wp-json\/wp\/v2\/pages\/48273"}],"collection":[{"href":"https:\/\/www.bombersdv.es\/es\/wp-json\/wp\/v2\/pages"}],"about":[{"href":"https:\/\/www.bombersdv.es\/es\/wp-json\/wp\/v2\/types\/page"}],"author":[{"embeddable":true,"href":"https:\/\/www.bombersdv.es\/es\/wp-json\/wp\/v2\/users\/192"}],"replies":[{"embeddable":true,"href":"https:\/\/www.bombersdv.es\/es\/wp-json\/wp\/v2\/comments?post=48273"}],"version-history":[{"count":10,"href":"https:\/\/www.bombersdv.es\/es\/wp-json\/wp\/v2\/pages\/48273\/revisions"}],"predecessor-version":[{"id":53236,"href":"https:\/\/www.bombersdv.es\/es\/wp-json\/wp\/v2\/pages\/48273\/revisions\/53236"}],"up":[{"embeddable":true,"href":"https:\/\/www.bombersdv.es\/es\/wp-json\/wp\/v2\/pages\/15127"}],"wp:attachment":[{"href":"https:\/\/www.bombersdv.es\/es\/wp-json\/wp\/v2\/media?parent=48273"}],"curies":[{"name":"wp","href":"https:\/\/api.w.org\/{rel}","templated":true}]}}