{"id":48305,"date":"2019-11-13T13:16:00","date_gmt":"2019-11-13T12:16:00","guid":{"rendered":"https:\/\/www.bombersdv.es\/consorcio\/memorias-de-actividad\/memoria-2018-indice-2\/"},"modified":"2019-11-25T07:08:10","modified_gmt":"2019-11-25T06:08:10","slug":"memoria-2018-indice-2","status":"publish","type":"page","link":"https:\/\/www.bombersdv.es\/es\/consorcio\/memorias-de-actividad\/memoria-2018-indice-2\/","title":{"rendered":"Memoria 2018 INDICE"},"content":{"rendered":"<div class=\"fusion-fullwidth fullwidth-box fusion-builder-row-1 nonhundred-percent-fullwidth non-hundred-percent-height-scrolling\" style=\"--awb-border-radius-top-left:0px;--awb-border-radius-top-right:0px;--awb-border-radius-bottom-right:0px;--awb-border-radius-bottom-left:0px;--awb-flex-wrap:wrap;\" ><div class=\"fusion-builder-row fusion-row\"><div class=\"fusion-layout-column fusion_builder_column fusion-builder-column-0 fusion_builder_column_1_4 1_4 fusion-one-fourth fusion-column-first\" style=\"--awb-bg-size:cover;--awb-margin-bottom:0px;width:22%; margin-right: 4%;\"><div class=\"fusion-column-wrapper fusion-flex-column-wrapper-legacy\"><div class=\"fusion-text fusion-text-1\"><ul>\n<li><a href=\"https:\/\/www.bombersdv.es\/es\/consorcio\/memorias-de-actividad\/memoria-2018-indice-2\/datos-generales-memoria-2018\/\" target=\"_blank\" rel=\"noopener\">Datos generales<\/a><\/li>\n<li>Organizaci\u00f3n del Consorcio\n<ul>\n<li><a href=\"https:\/\/www.bombersdv.es\/es\/consorcio\/memorias-de-actividad\/memoria-2018-indice-2\/organos-de-gobierno-memoria-2018\/\" target=\"_blank\" rel=\"noopener\">\u00d3rganos de Gobierno<\/a><\/li>\n<li><a href=\"https:\/\/www.bombersdv.es\/es\/consorcio\/memorias-de-actividad\/memoria-2018-indice-2\/organizacion-territorial-memoria-2018\/\" target=\"_blank\" rel=\"noopener\">Organizaci\u00f3n territorial<\/a><\/li>\n<li><a href=\"https:\/\/www.bombersdv.es\/es\/consorcio\/memorias-de-actividad\/memoria-2018-indice-2\/ambito-territorial-de-actuacion\/\" target=\"_blank\" rel=\"noopener\">\u00c1mbito territorial de actuaci\u00f3n<\/a><\/li>\n<li><a href=\"https:\/\/www.bombersdv.es\/es\/consorcio\/memorias-de-actividad\/memoria-2018-indice-2\/48415-2\/\" target=\"_blank\" rel=\"noopener\">Tiempo de respuesta<\/a><\/li>\n<\/ul>\n<\/li>\n<li><a href=\"https:\/\/www.bombersdv.es\/es\/consorcio\/memorias-de-actividad\/memoria-2018-indice-2\/funciones-del-consorcio\/\" target=\"_blank\" rel=\"noopener\">Funciones del consorcio<\/a><\/li>\n<\/ul>\n<\/div><div class=\"fusion-clearfix\"><\/div><\/div><\/div><div class=\"fusion-layout-column fusion_builder_column fusion-builder-column-1 fusion_builder_column_1_4 1_4 fusion-one-fourth\" style=\"--awb-bg-size:cover;--awb-margin-bottom:0px;width:22%; margin-right: 4%;\"><div class=\"fusion-column-wrapper fusion-flex-column-wrapper-legacy\"><div class=\"fusion-text fusion-text-2\"><p>Cuerpo de bomberos<\/p>\n<ul>\n<li><a href=\"https:\/\/www.bombersdv.es\/wp-content\/uploads\/2019\/11\/resumen-general_Page_1.png\" target=\"_blank\" rel=\"noopener\">Resumen de servicios realizados durante 2018<\/a><\/li>\n<li><a href=\"https:\/\/www.bombersdv.es\/wp-content\/uploads\/2019\/11\/servicios-por-municipios-2018.xlsx\" target=\"_blank\" rel=\"noopener\">Actuaciones por municpios<\/a><\/li>\n<li><a href=\"https:\/\/www.bombersdv.es\/es\/consorcio\/memorias-de-actividad\/memoria-2018-indice-2\/unidad-forestal\/\" target=\"_blank\" rel=\"noopener\">Unidad forestal<\/a><\/li>\n<li><a href=\"https:\/\/www.bombersdv.es\/es\/consorcio\/memorias-de-actividad\/memoria-2018-indice-2\/gera\/\" target=\"_blank\" rel=\"noopener\">Grupo especial de rescate en altura<\/a><\/li>\n<li><a href=\"https:\/\/www.bombersdv.es\/es\/consorcio\/memorias-de-actividad\/memoria-2018-indice-2\/urec-18\/\" target=\"_blank\" rel=\"noopener\">Unidad de rescate en emergencias y cat\u00e1strofes UREC<\/a><\/li>\n<li><a href=\"https:\/\/www.bombersdv.es\/es\/consorcio\/memorias-de-actividad\/memoria-2018-indice-2\/formacion-memoria-2018\/\" target=\"_blank\" rel=\"noopener\">Formacion<\/a>\n<ul>\n<li>Formacion integrada<\/li>\n<li>Formacion de reciclaje<\/li>\n<li>Formaci\u00f3n de nuevo acceso<\/li>\n<\/ul>\n<\/li>\n<li><\/li>\n<\/ul>\n<\/div><div class=\"fusion-clearfix\"><\/div><\/div><\/div><div class=\"fusion-layout-column fusion_builder_column fusion-builder-column-2 fusion_builder_column_1_4 1_4 fusion-one-fourth\" style=\"--awb-bg-size:cover;--awb-margin-bottom:0px;width:22%; margin-right: 4%;\"><div class=\"fusion-column-wrapper fusion-flex-column-wrapper-legacy\"><div class=\"fusion-text fusion-text-3\"><ul>\n<li><a href=\"https:\/\/www.bombersdv.es\/es\/consorcio\/memorias-de-actividad\/memoria-2018-indice-2\/actividades-de-divulgacion\/\">Actividades de divulgaci\u00f3n<\/a><\/li>\n<li><a href=\"https:\/\/www.bombersdv.es\/es\/consorcio\/memorias-de-actividad\/memoria-2018-indice-2\/convenios-y-protocolos-de-colaboracion\/\" target=\"_blank\" rel=\"noopener\">Convenios de colaboraci\u00f3n<\/a><\/li>\n<li><a href=\"https:\/\/www.bombersdv.es\/es\/consorcio\/memorias-de-actividad\/memoria-2018-indice-2\/actividades-de-asesoramiento\/\" target=\"_blank\" rel=\"noopener\">Actividades de asesoramiento<\/a><\/li>\n<li><a href=\"https:\/\/www.bombersdv.es\/es\/consorcio\/memorias-de-actividad\/memoria-2018-indice-2\/prevencion-en-eventos\/\" target=\"_blank\" rel=\"noopener\">Prevenci\u00f3n en eventos<\/a>\n<ul>\n<li>Fallas 2018<\/li>\n<\/ul>\n<\/li>\n<li><a href=\"https:\/\/www.bombersdv.es\/es\/consorcio\/memorias-de-actividad\/memoria-2018-indice-2\/otras-actividades-de-prevencion\/\" target=\"_blank\" rel=\"noopener\">Actividades de coordinaci\u00f3n con otros organismos<\/a><\/li>\n<li>Otras actividades de prevenci\u00f3n<\/li>\n<li><a href=\"https:\/\/www.bombersdv.es\/es\/consorcio\/memorias-de-actividad\/memoria-2018-indice-2\/comenex-18\/\" target=\"_blank\" rel=\"noopener\">Rescate en accidentes de tr\u00e1fico: comit\u00e9 de encuentros de excarcelaci\u00f3n<\/a><br \/>\n(comenex)<\/li>\n<\/ul>\n<\/div><div class=\"fusion-clearfix\"><\/div><\/div><\/div><div class=\"fusion-layout-column fusion_builder_column fusion-builder-column-3 fusion_builder_column_1_4 1_4 fusion-one-fourth fusion-column-last\" style=\"--awb-bg-size:cover;--awb-margin-bottom:0px;width:22%;\"><div class=\"fusion-column-wrapper fusion-flex-column-wrapper-legacy\"><div class=\"fusion-text fusion-text-4\"><ul>\n<li>Apoyo logistico\n<ul>\n<li>Mantenimiento de vehiculos<\/li>\n<li>Mantenimiento de equipos<\/li>\n<li>Mantenimiento de comunicaciones<\/li>\n<li>Inversiones<\/li>\n<\/ul>\n<\/li>\n<li>Recursos humanos<\/li>\n<li>Unidad de sistemas e innovaci\u00f3n tecnol\u00f3gica<\/li>\n<li>Datos econ\u00f3micos<\/li>\n<li>Indicadores<\/li>\n<li><a href=\"https:\/\/www.bombersdv.es\/wp-content\/uploads\/2019\/05\/CONTRATACION.pdf\" target=\"_blank\" rel=\"noopener\">Contratos del ejercicio<\/a><\/li>\n<\/ul>\n<\/div><div class=\"fusion-clearfix\"><\/div><\/div><\/div><\/div><\/div>\n","protected":false},"excerpt":{"rendered":"","protected":false},"author":183,"featured_media":0,"parent":12141,"menu_order":0,"comment_status":"closed","ping_status":"closed","template":"","meta":{"footnotes":""},"class_list":["post-48305","page","type-page","status-publish","hentry"],"_links":{"self":[{"href":"https:\/\/www.bombersdv.es\/es\/wp-json\/wp\/v2\/pages\/48305"}],"collection":[{"href":"https:\/\/www.bombersdv.es\/es\/wp-json\/wp\/v2\/pages"}],"about":[{"href":"https:\/\/www.bombersdv.es\/es\/wp-json\/wp\/v2\/types\/page"}],"author":[{"embeddable":true,"href":"https:\/\/www.bombersdv.es\/es\/wp-json\/wp\/v2\/users\/183"}],"replies":[{"embeddable":true,"href":"https:\/\/www.bombersdv.es\/es\/wp-json\/wp\/v2\/comments?post=48305"}],"version-history":[{"count":26,"href":"https:\/\/www.bombersdv.es\/es\/wp-json\/wp\/v2\/pages\/48305\/revisions"}],"predecessor-version":[{"id":48683,"href":"https:\/\/www.bombersdv.es\/es\/wp-json\/wp\/v2\/pages\/48305\/revisions\/48683"}],"up":[{"embeddable":true,"href":"https:\/\/www.bombersdv.es\/es\/wp-json\/wp\/v2\/pages\/12141"}],"wp:attachment":[{"href":"https:\/\/www.bombersdv.es\/es\/wp-json\/wp\/v2\/media?parent=48305"}],"curies":[{"name":"wp","href":"https:\/\/api.w.org\/{rel}","templated":true}]}}