{"id":48346,"date":"2019-11-14T11:37:04","date_gmt":"2019-11-14T10:37:04","guid":{"rendered":"https:\/\/www.bombersdv.es\/?page_id=48346"},"modified":"2019-11-14T12:36:03","modified_gmt":"2019-11-14T11:36:03","slug":"organos-de-gobierno-memoria-2018","status":"publish","type":"page","link":"https:\/\/www.bombersdv.es\/es\/consorcio\/memorias-de-actividad\/memoria-2018-indice-2\/organos-de-gobierno-memoria-2018\/","title":{"rendered":"\u00d3rganos de Gobierno Memoria 2018"},"content":{"rendered":"<h4 style=\"text-align: justify;\"><span style=\"color: #ff6600;\">\u00d3RGANOS DE GOBIERNO<\/span><\/h4>\n<p style=\"text-align: justify;\">Los \u00d3rganos de Gobierno del Consorcio vienen establecidos en sus <a href=\"http:\/\/www.bombersdv.es\/wp-content\/uploads\/sites\/6\/2016\/07\/EstatutosConsorcio_2015_val_BOP20150915.pdf\" target=\"_blank\" rel=\"noopener\"><span style=\"text-decoration: underline;\"><span style=\"color: #0000ff; text-decoration: underline;\">estatutos<\/span><\/span><\/a> en los que se contemplan:<\/p>\n<ul style=\"text-align: justify;\">\n<li><span style=\"color: #ff6600;\">Presidencia<\/span>: ejercida por el Presidente\/a de la Diputaci\u00f3n Provincial de Valencia, quien puede delegar en un Diputado Provincial todas o parte de las atribuciones que le vienen conferidas en los Estatutos.<\/li>\n<li><span style=\"color: #ff6600;\">Vicepresidencia<\/span>: ejercida por la persona designada por el \u00f3rgano competente de la Generalitat, o en su caso por la Direcci\u00f3n general competente en materia de prevenci\u00f3n, extinci\u00f3n de incendios y emergencias de la Generalitat.<\/li>\n<li><span style=\"color: #ff6600;\">Asamblea General<\/span>: \u00f3rgano supremo de gobierno del Consorcio. Est\u00e1 integrada por el Presidente\/a, Vicepresidente\/a y un representante de cada uno de los municipios consorciados designado por el pleno del mismo, el Gerente del Consorcio, el Secretario y el Interventor. Estos \u00faltimos con voz pero son voto. (Art 10 Estatutos)<\/li>\n<li><span style=\"color: #ff6600;\">Junta de Gobierno<\/span>: \u00f3rgano de asistencia y apoyo al Presidente, ejerciendo as\u00ed mismo las funciones ejecutivas y administrativas que le atribuyen las leyes y los Estatutos. Est\u00e1 integrada por el Presidente, que la presidir\u00e1, el Vicepresidente\/a, un representante por cada una de las \u00e1reas operativas, designado por el Presidente, el Gerente y el Secretario e Interventor. (Art 11 Estatutos)<\/li>\n<\/ul>\n<p style=\"text-align: justify;\">Los cargos de gobierno del Consorcio y los de miembros tanto de la Asamblea General, junta de Gobierno as\u00ed como los de las Comisiones son voluntarios y no retribuidos, sin perjuicio de la percepci\u00f3n de las <a href=\"https:\/\/www.bombersdv.es\/portal-de-transparencia\/funcions-i-normatives\/despeses-de-representacio-membres-del-consorci-2018\/\" target=\"_blank\" rel=\"noopener\"><span style=\"text-decoration: underline;\"><span style=\"color: #0000ff; text-decoration: underline;\">indemnizaciones por raz\u00f3n del servicio<\/span><\/span><\/a> que puedan fijarse en concepto de dietas, asistencias o gastos de desplazamiento por acuerdo de la Asamblea General.<\/p>\n","protected":false},"excerpt":{"rendered":"<p>\u00d3RGANOS DE GOBIERNO Los \u00d3rganos de Gobierno del Consorcio vienen establecidos en sus estatutos en los que se contemplan: Presidencia: ejercida por el Presidente\/a de la Diputaci\u00f3n Provincial de Valencia, quien puede delegar en un Diputado Provincial todas o parte de las atribuciones que le vienen conferidas en los Estatutos. Vicepresidencia: ejercida por la persona [&hellip;]<\/p>\n","protected":false},"author":183,"featured_media":0,"parent":48305,"menu_order":0,"comment_status":"closed","ping_status":"closed","template":"","meta":{"footnotes":""},"class_list":["post-48346","page","type-page","status-publish","hentry"],"_links":{"self":[{"href":"https:\/\/www.bombersdv.es\/es\/wp-json\/wp\/v2\/pages\/48346"}],"collection":[{"href":"https:\/\/www.bombersdv.es\/es\/wp-json\/wp\/v2\/pages"}],"about":[{"href":"https:\/\/www.bombersdv.es\/es\/wp-json\/wp\/v2\/types\/page"}],"author":[{"embeddable":true,"href":"https:\/\/www.bombersdv.es\/es\/wp-json\/wp\/v2\/users\/183"}],"replies":[{"embeddable":true,"href":"https:\/\/www.bombersdv.es\/es\/wp-json\/wp\/v2\/comments?post=48346"}],"version-history":[{"count":5,"href":"https:\/\/www.bombersdv.es\/es\/wp-json\/wp\/v2\/pages\/48346\/revisions"}],"predecessor-version":[{"id":48395,"href":"https:\/\/www.bombersdv.es\/es\/wp-json\/wp\/v2\/pages\/48346\/revisions\/48395"}],"up":[{"embeddable":true,"href":"https:\/\/www.bombersdv.es\/es\/wp-json\/wp\/v2\/pages\/48305"}],"wp:attachment":[{"href":"https:\/\/www.bombersdv.es\/es\/wp-json\/wp\/v2\/media?parent=48346"}],"curies":[{"name":"wp","href":"https:\/\/api.w.org\/{rel}","templated":true}]}}