{"id":48348,"date":"2019-11-14T11:28:13","date_gmt":"2019-11-14T10:28:13","guid":{"rendered":"https:\/\/www.bombersdv.es\/?page_id=48348"},"modified":"2019-11-14T12:40:25","modified_gmt":"2019-11-14T11:40:25","slug":"gastos-de-representacion-miembros-del-consorcio-2018","status":"publish","type":"page","link":"https:\/\/www.bombersdv.es\/es\/portal-de-transparencia\/funciones-y-normativas\/gastos-de-representacion-miembros-del-consorcio-2018\/","title":{"rendered":"Gastos de representacion miembros del Consorcio 2018"},"content":{"rendered":"<p><div class=\"fusion-fullwidth fullwidth-box fusion-builder-row-1 nonhundred-percent-fullwidth non-hundred-percent-height-scrolling\" style=\"--awb-border-radius-top-left:0px;--awb-border-radius-top-right:0px;--awb-border-radius-bottom-right:0px;--awb-border-radius-bottom-left:0px;--awb-flex-wrap:wrap;\" ><div class=\"fusion-builder-row fusion-row\"><div class=\"fusion-layout-column fusion_builder_column fusion-builder-column-0 fusion_builder_column_1_1 1_1 fusion-one-full fusion-column-first fusion-column-last\" style=\"--awb-bg-size:cover;\"><div class=\"fusion-column-wrapper fusion-flex-column-wrapper-legacy\"><div class=\"fusion-clearfix\"><\/div><\/div><\/div><\/div><\/div><div class=\"fusion-fullwidth fullwidth-box fusion-builder-row-2 nonhundred-percent-fullwidth non-hundred-percent-height-scrolling\" style=\"--awb-border-radius-top-left:0px;--awb-border-radius-top-right:0px;--awb-border-radius-bottom-right:0px;--awb-border-radius-bottom-left:0px;--awb-flex-wrap:wrap;\" ><div class=\"fusion-builder-row fusion-row\"><div class=\"fusion-layout-column fusion_builder_column fusion-builder-column-1 fusion_builder_column_1_2 1_2 fusion-one-half fusion-column-first\" style=\"--awb-bg-size:cover;width:50%;width:calc(50% - ( ( 4% ) * 0.5 ) );margin-right: 4%;\"><div class=\"fusion-column-wrapper fusion-flex-column-wrapper-legacy\"><div class=\"fusion-text fusion-text-1\"><h4 style=\"text-align: justify;\"><span style=\"color: #ff6600;\">BASE 31\/Presupuesto 2018.- ASIGNACI\u00d3N, GASTOS DE REPRESENTACI\u00d3N Y DIETAS DE LOS MIEMBROS DEL CONSORCIO<\/span><\/h4>\n<p style=\"text-align: justify;\">Los miembros de la Junta de Gobierno Local y de la Comisi\u00f3n Especial de Cuentas tendr\u00e1n derecho a la percepci\u00f3n de dietas por asistencia a las sesiones del citado \u00f3rgano colegiado, fij\u00e1ndose la dieta en <strong><span style=\"color: #ff6600;\">93,16 Euros por sesi\u00f3n m\u00e1s los gastos de locomoci\u00f3n<\/span><\/strong>, siendo el importe por kilometrajes el fijado por la legislaci\u00f3n del Estado, las cuales ser\u00e1n libradas de oficio, con la sola certificaci\u00f3n de asistencia emitida por la Secretar\u00eda.<\/p>\n<p style=\"text-align: justify;\">Se aplicar\u00e1n al concepto 230.00 las cantidades que corresponda abonar seg\u00fan lo dispuesto en el p\u00e1rrafo anterior as\u00ed como las de restauraci\u00f3n, desplazamiento y alojamiento que correspondan a los cargos electivos en el ejercicio de sus funciones y por los gastos efectivamente acreditados<\/p>\n<\/div><div class=\"fusion-clearfix\"><\/div><\/div><\/div><div class=\"fusion-layout-column fusion_builder_column fusion-builder-column-2 fusion_builder_column_1_2 1_2 fusion-one-half fusion-column-last\" style=\"--awb-bg-size:cover;width:50%;width:calc(50% - ( ( 4% ) * 0.5 ) );\"><div class=\"fusion-column-wrapper fusion-flex-column-wrapper-legacy\"><div class=\"fusion-text fusion-text-2\"><h4><span style=\"color: #ff6600;\">BASE 31. Pressupost 2018- ASSIGNACI\u00d3, GASTOS DE REPRESENTACI\u00d3 I DIETES DELS MEMBRES DEL CONSORCI<\/span><\/h4>\n<p>Els membres de la Junta de Govern Local i de la Comissi\u00f3 Especial de Comptestindran dret a la percepci\u00f3 de dietes per l\u2019assist\u00e8ncia a les sessions de l\u2019esmentat \u00f2rgan col\u00b7legiat. La dieta es fixa en<span style=\"color: #ff6600;\"> 93,16 euros per sessi\u00f3, m\u00e9s els gastos de locomoci\u00f3, i l\u2019import per quilometratges ser\u00e0 el que fixe la legislaci\u00f3 de l\u2019Estat<\/span>, les quals seran lliurades d\u2019ofici, amb l\u2019\u00fanic certificat d\u2019assist\u00e8ncia em\u00e9s per la Secretaria.<\/p>\n<p>S\u2019han d\u2019aplicar al concepte 230.00 les quantitats que corresponga abonar segons el que disposa el par\u00e0graf anterior, aix\u00ed com les de restauraci\u00f3, despla\u00e7ament i allotjament que corresponguen als c\u00e0rrecs electius en l\u2019exercici de les funcions i per els gastos efectivament acreditats.<\/p>\n<\/div><div class=\"fusion-clearfix\"><\/div><\/div><\/div><\/div><\/div><div class=\"fusion-fullwidth fullwidth-box fusion-builder-row-3 nonhundred-percent-fullwidth non-hundred-percent-height-scrolling\" style=\"--awb-border-radius-top-left:0px;--awb-border-radius-top-right:0px;--awb-border-radius-bottom-right:0px;--awb-border-radius-bottom-left:0px;--awb-flex-wrap:wrap;\" ><div class=\"fusion-builder-row fusion-row\"><div class=\"fusion-layout-column fusion_builder_column fusion-builder-column-3 fusion_builder_column_1_1 1_1 fusion-one-full fusion-column-first fusion-column-last\" style=\"--awb-bg-size:cover;\"><div class=\"fusion-column-wrapper fusion-flex-column-wrapper-legacy\">\n<div class=\"table-1\">\n<h4 style=\"text-align: center;\"><span style=\"color: #ff6600;\"><strong>Cantidades percibidas durante 2018<\/strong><\/span><\/h4>\n<table style=\"width: 99.1296%;\" width=\"100%\">\n<thead>\n<tr>\n<td style=\"width: 37.946%; text-align: center;\" align=\"left\" height=\"17\"><span style=\"color: #ff6600;\"><strong>Apellidos y Nombre<\/strong><\/span><\/td>\n<td style=\"width: 30.2872%; text-align: center;\" align=\"left\"><span style=\"color: #ff6600;\"><strong>Asistencias<\/strong><\/span><\/td>\n<td style=\"width: 30.8964%; text-align: center;\" align=\"left\"><span style=\"color: #ff6600;\"><strong>Total<\/strong><\/span><\/td>\n<\/tr>\n<\/thead>\n<tbody>\n<tr>\n<td style=\"width: 37.946%;\" align=\"left\" height=\"17\">DONET MONTAGUT, MIGUEL<\/td>\n<td style=\"width: 30.2872%;\" align=\"right\">1<\/td>\n<td style=\"width: 30.8964%;\" align=\"right\">118,81<\/td>\n<\/tr>\n<tr>\n<td style=\"width: 37.946%;\" align=\"left\" height=\"17\">GOMEZ LASERNA, FRANCISCO<\/td>\n<td style=\"width: 30.2872%;\" align=\"right\">1<\/td>\n<td style=\"width: 30.8964%;\" align=\"right\">99,7<\/td>\n<\/tr>\n<tr>\n<td style=\"width: 37.946%;\" align=\"left\" height=\"17\">MENGUAL CORTELL, CAROLINA<\/td>\n<td style=\"width: 30.2872%;\" align=\"right\">2<\/td>\n<td style=\"width: 30.8964%;\" align=\"right\">253,88<\/td>\n<\/tr>\n<tr>\n<td style=\"width: 37.946%;\" align=\"left\" height=\"17\">MORENO BLANCO, DAVID<\/td>\n<td style=\"width: 30.2872%;\" align=\"right\">3<\/td>\n<td style=\"width: 30.8964%;\" align=\"right\">395,44<\/td>\n<\/tr>\n<tr>\n<td style=\"width: 37.946%;\" align=\"left\" height=\"17\">RAGA VAQUEZ, MARTI<\/td>\n<td style=\"width: 30.2872%;\" align=\"right\">3<\/td>\n<td style=\"width: 30.8964%;\" align=\"right\">292,02<\/td>\n<\/tr>\n<tr>\n<td style=\"width: 37.946%;\" align=\"left\" height=\"17\">RODRIGO BALAGUER, VICENTE<\/td>\n<td style=\"width: 30.2872%;\" align=\"right\">4<\/td>\n<td style=\"width: 30.8964%;\" align=\"right\">387,84<\/td>\n<\/tr>\n<tr>\n<td style=\"width: 37.946%;\" align=\"left\" height=\"17\">SANCHIS LOPEZ, JUAN LUIS<\/td>\n<td style=\"width: 30.2872%;\" align=\"right\">1<\/td>\n<td style=\"width: 30.8964%;\" align=\"right\">112,96<\/td>\n<\/tr>\n<tr>\n<td style=\"width: 37.946%;\" align=\"left\" height=\"17\">SERRALTA ZARAGOZA, FRANCESC<\/td>\n<td style=\"width: 30.2872%;\" align=\"right\">2<\/td>\n<td style=\"width: 30.8964%;\" align=\"right\">235,72<\/td>\n<\/tr>\n<tr>\n<td style=\"width: 37.946%;\" align=\"left\" height=\"17\">TOTALES<\/td>\n<td style=\"width: 30.2872%;\" align=\"right\">17<\/td>\n<td style=\"width: 30.8964%;\" align=\"right\">1896,37<\/td>\n<\/tr>\n<\/tbody>\n<\/table>\n<\/div>\n<div class=\"fusion-clearfix\"><\/div><\/div><\/div><\/div><\/div><\/p>\n","protected":false},"excerpt":{"rendered":"","protected":false},"author":183,"featured_media":0,"parent":15161,"menu_order":0,"comment_status":"closed","ping_status":"closed","template":"","meta":{"footnotes":""},"class_list":["post-48348","page","type-page","status-publish","hentry"],"_links":{"self":[{"href":"https:\/\/www.bombersdv.es\/es\/wp-json\/wp\/v2\/pages\/48348"}],"collection":[{"href":"https:\/\/www.bombersdv.es\/es\/wp-json\/wp\/v2\/pages"}],"about":[{"href":"https:\/\/www.bombersdv.es\/es\/wp-json\/wp\/v2\/types\/page"}],"author":[{"embeddable":true,"href":"https:\/\/www.bombersdv.es\/es\/wp-json\/wp\/v2\/users\/183"}],"replies":[{"embeddable":true,"href":"https:\/\/www.bombersdv.es\/es\/wp-json\/wp\/v2\/comments?post=48348"}],"version-history":[{"count":8,"href":"https:\/\/www.bombersdv.es\/es\/wp-json\/wp\/v2\/pages\/48348\/revisions"}],"predecessor-version":[{"id":48397,"href":"https:\/\/www.bombersdv.es\/es\/wp-json\/wp\/v2\/pages\/48348\/revisions\/48397"}],"up":[{"embeddable":true,"href":"https:\/\/www.bombersdv.es\/es\/wp-json\/wp\/v2\/pages\/15161"}],"wp:attachment":[{"href":"https:\/\/www.bombersdv.es\/es\/wp-json\/wp\/v2\/media?parent=48348"}],"curies":[{"name":"wp","href":"https:\/\/api.w.org\/{rel}","templated":true}]}}