{"id":48551,"date":"2019-11-22T14:09:44","date_gmt":"2019-11-22T13:09:44","guid":{"rendered":"https:\/\/www.bombersdv.es\/?page_id=48551"},"modified":"2019-11-22T14:09:44","modified_gmt":"2019-11-22T13:09:44","slug":"formacion-memoria-2018","status":"publish","type":"page","link":"https:\/\/www.bombersdv.es\/es\/consorcio\/memorias-de-actividad\/memoria-2018-indice-2\/formacion-memoria-2018\/","title":{"rendered":"FORMACION MEMORIA 2018"},"content":{"rendered":"<p>Las actividades desarrolladas\u00a0 durante el ejercicio 2018 se agrupan en estos bloques:<\/p>\n<ul>\n<li><span style=\"color: #ff6600;\"><strong>Formaci\u00f3n Integrada<\/strong><\/span>, que es la realizada por el personal operativo de parques, dentro de sus turnos de guardia.<\/li>\n<li><strong><span style=\"color: #ff6600;\">Formaci\u00f3n de Reciclaje<\/span><\/strong>, consistente en cursos dirigidos a los diferentes colectivos del Consorcio y realizados en horarios fuera del turno de guardia en el caso del personal operativo.<\/li>\n<li><span style=\"color: #ff6600;\"><strong>Formaci\u00f3n de Nuevo Acceso<\/strong><\/span>, consistente en cursos dirigidos a personal de nueva incorporaci\u00f3n al Consorcio.<\/li>\n<\/ul>\n<h3><strong><span style=\"color: #ff6600;\">Formaci\u00f3n Integrada.<\/span><\/strong><\/h3>\n<p style=\"padding-left: 30px;\">El personal operativo durante su tiempo de guardia ha recibido los cursos de formaci\u00f3n que a continuaci\u00f3n se relacionan:<\/p>\n<p style=\"padding-left: 30px;\">42 EDICIONES DE LAS JORNADAS EXPLICATIVA DE LOS <span style=\"color: #ff6600;\">NUEVOS ESTABILIZADORES SEC<\/span> ADQUIRIDOS POR EL CONSORCIO<\/p>\n<p style=\"padding-left: 60px;\">Duraci\u00f3n del curso: 2 horas ( por <strong>42 ediciones<\/strong>)<br \/>\nFechas: de abril a junio de 2018<br \/>\nLugar: parques de bomberos del Consorcio<\/p>\n<p style=\"padding-left: 30px;\">Adem\u00e1s de estas actividades formativas, el personal operativo <span style=\"color: #ff6600;\">durante sus guardias realiza actividades de entrenamiento programadas<\/span> desde la unidad de formaci\u00f3n y otras que se realizan a criterio de los mandos operativos del turno o parque. Durante el ejercicio 2018 se realizaron <span style=\"color: #ff6600;\">m\u00e1s de 2.000 actividades<\/span> de entrenamiento en los distintos parques y turnos del Consorcio.<\/p>\n<h3><strong><span style=\"color: #ff6600;\">Formaci\u00f3n<\/span><\/strong><strong><span style=\"color: #ff6600;\"> de Reciclaje. <\/span><\/strong><img decoding=\"async\" class=\"wp-image-48552 alignright\" src=\"https:\/\/www.bombersdv.es\/wp-content\/uploads\/2019\/11\/curso-estructuras-colapsadas-2018-576x1024.png\" alt=\"\" width=\"263\" height=\"468\" srcset=\"https:\/\/www.bombersdv.es\/wp-content\/uploads\/2019\/11\/curso-estructuras-colapsadas-2018-169x300.png 169w, https:\/\/www.bombersdv.es\/wp-content\/uploads\/2019\/11\/curso-estructuras-colapsadas-2018-200x356.png 200w, https:\/\/www.bombersdv.es\/wp-content\/uploads\/2019\/11\/curso-estructuras-colapsadas-2018-400x711.png 400w, https:\/\/www.bombersdv.es\/wp-content\/uploads\/2019\/11\/curso-estructuras-colapsadas-2018-576x1024.png 576w, https:\/\/www.bombersdv.es\/wp-content\/uploads\/2019\/11\/curso-estructuras-colapsadas-2018-600x1067.png 600w, https:\/\/www.bombersdv.es\/wp-content\/uploads\/2019\/11\/curso-estructuras-colapsadas-2018-768x1365.png 768w, https:\/\/www.bombersdv.es\/wp-content\/uploads\/2019\/11\/curso-estructuras-colapsadas-2018-800x1422.png 800w, https:\/\/www.bombersdv.es\/wp-content\/uploads\/2019\/11\/curso-estructuras-colapsadas-2018-1200x2133.png 1200w\" sizes=\"(max-width: 263px) 100vw, 263px\" \/><\/h3>\n<p style=\"padding-left: 30px;\"><span style=\"color: #ff6600;\">CU<\/span><span style=\"color: #ff6600;\">RSO DE CAPACITACI\u00d3N MANDOS. M\u00d3DULO CABO<\/span><\/p>\n<p style=\"padding-left: 60px;\">Duraci\u00f3n del curso: 20 horas ( por <strong>2 edicione<\/strong>s)<br \/>\nLugar: parque de bomberos de Paterna y L\u2019Eliana<\/p>\n<p style=\"padding-left: 30px;\"><span style=\"color: #ff6600;\">CURSO DE CAPACITACI\u00d3N MANDOS. M\u00d3DULO SARGENTO<\/span><\/p>\n<p style=\"padding-left: 60px;\">Duraci\u00f3n del curso: 20 horas ( por <strong>4 ediciones<\/strong>)<br \/>\nLugar: Oficinas centrales, parque de Paterna y l\u2019Eliana<\/p>\n<p style=\"padding-left: 30px;\"><span style=\"color: #ff6600;\">CURSO BASICO DE INTERVENCION EN ESTRUCTURAS COLAPSADAS PARA EL PERSONAL OPERATIVO DEL CONSORCIO PROVINCIAL DE BOMBEROS DE VALENCIA<\/span><\/p>\n<p style=\"padding-left: 60px;\">Duraci\u00f3n del curso: 20 horas ( por <strong>10 ediciones<\/strong>; zonas 1 y 2 )<br \/>\nLugar: Parque de Bomberos de Chiva.<\/p>\n<p style=\"padding-left: 30px;\"><span style=\"color: #ff6600;\">JORNADAS DE FORMACI\u00d3N PARA EL USO DE DESFIBRILADORES AUTOM\u00c1TICOS Y SEMIAUTOM\u00c1TICOS EXTERNOS (DESA)<\/span><\/p>\n<p style=\"padding-left: 60px;\">Durante los meses de junio, julio, octubre y noviembre de 2018 se han realizado 10 ediciones de las jornadas de formaci\u00f3n para el uso de desfibriladores autom\u00e1ticos y semiautom\u00e1ticos externos (DESA) destinado a la totalidad del personal de las oficinas centrales del Consorcio.<br \/>\nDuraci\u00f3n del curso: 4 horas ( por 10 ediciones)<br \/>\nLugar: oficinas centrales<\/p>\n<p style=\"padding-left: 30px;\"><span style=\"color: #ff6600;\">CURSO PERSONAL TECNICO VEHICULO PMA<\/span><\/p>\n<p style=\"padding-left: 60px;\">Durante el mes de marzo de 2018 se ha realizado un curso de personal t\u00e9cnico veh\u00edculo pma, destinado a una parte de personal de oficinas centrales del Consorcio.<br \/>\nDuraci\u00f3n del curso: 24 horas<br \/>\nFechas: del 5 al 7 de marzo de 2018<br \/>\nLugar: Sala de Juntas (OOCC)<\/p>\n<p style=\"padding-left: 30px;\"><span style=\"color: #ff6600;\">JORNADA NIVEL USUARIO PMA<\/span><\/p>\n<p style=\"padding-left: 60px;\">Durante los meses de marzo, mayo y junio de 2018 se han realizado <strong>cinco<\/strong> ediciones del curso de personal t\u00e9cnico veh\u00edculo pma, destinado al personal del centro de comunicaciones.<br \/>\nDuraci\u00f3n del curso: 7 horas<br \/>\nLugar: Central y parque de l\u2019Eliana.<\/p>\n<p style=\"padding-left: 30px;\"><span style=\"color: #ff6600;\">JORNADA CONDUCCI\u00d3N PMA<\/span><\/p>\n<p style=\"padding-left: 60px;\">Durante los meses de abril y junio de 2018 se han realizado <strong>seis ediciones<\/strong> de la jornada conducci\u00f3n pma, destinado al personal del centro de comunicaciones.<br \/>\nDuraci\u00f3n del curso: 6 horas<br \/>\nLugar: parque de Paterna.<\/p>\n<p style=\"padding-left: 30px;\"><span style=\"color: #ff6600;\">CURSO DE ADMINISTRACI\u00d3N ELECTR\u00d3NICA<\/span><\/p>\n<p style=\"padding-left: 60px;\">Durante los meses de septiembre y noviembre de 2018 se han realizado <strong>dos ediciones<\/strong> del curso de administraci\u00f3n electr\u00f3nica, destinado al personal de central y administrativo de parques.<br \/>\nDuraci\u00f3n del curso: 24 horas<br \/>\nLugar: ADEIT<\/p>\n<p style=\"padding-left: 30px;\"><span style=\"color: #ff6600;\">JORNADA DE FORMACI\u00d3N GIS CPBV &#8211; T\u00c9CNICO ACTUALIZACI\u00d3N DE DATOS<\/span><\/p>\n<p style=\"padding-left: 60px;\">Durante los meses de febrero y julio de 2018 se han realizado<strong> cinco ediciones<\/strong> de la jornada de formaci\u00f3n GIS CPBC \u2013 T\u00e9cnico actualizaci\u00f3n de datos<br \/>\nDuraci\u00f3n del curso: 6 horas<br \/>\nLugar: C\/ Hugo de Montcada, 9 (Valencia)<\/p>\n<p style=\"padding-left: 30px;\"><span style=\"color: #ff6600;\">JORNADA DE FORMACI\u00d3N SISTEMA DE INFORMACI\u00d3N GEOGR\u00c1FICA CPBV<\/span><\/p>\n<p style=\"padding-left: 60px;\">Durante los meses de febrero y marzo de 2018 se han realizado <strong>seis ediciones<\/strong> de la jornada de formaci\u00f3n sistema de informaci\u00f3n geogr\u00e1fica CPBV<br \/>\nDuraci\u00f3n del curso: 6 horas<br \/>\nLugar: C\/ Hugo de Montcada, 9 (Valencia)<\/p>\n<p style=\"padding-left: 30px;\"><span style=\"color: #ff6600;\">JORNADA SOBRE INSTALACIONES EL\u00c9CTRICAS DE DISTRIBUCI\u00d3N Y RIESGO EL\u00c9CTRICO<\/span><\/p>\n<p style=\"padding-left: 60px;\">Durante el mes de diciembre de 2018 se ha realizado <strong>una edici\u00f3n<\/strong> de la jornada sobre instalaciones el\u00e9ctricas de distribuci\u00f3n y riesgo el\u00e9ctrico<br \/>\nDuraci\u00f3n del curso: 4 horas y media<br \/>\nFecha: 17 de diciembre de 2018<br \/>\nLugar: Parque de Bomberos de Torrente<\/p>\n<p style=\"padding-left: 30px;\"><span style=\"color: #ff6600;\">CURSO DE FORMACI\u00d3N PARA LA COORDINACI\u00d3N DE BRIGADAS CONTRA INCENDIOS EXTERNAS EN LA CENTRAL NUCLEAR DE COFRENTES<\/span><\/p>\n<p style=\"text-align: justify; padding-left: 60px;\">El Consorcio est\u00e1 implicado en los procesos de actuaci\u00f3n ante posibles accidentes en la Central Nuclear de Cofrentes. La actuaci\u00f3n segura del operativo ante dichos accidentes, requiere la disponibilidad e implantaci\u00f3n de los correspondientes procedimientos operativos y la formaci\u00f3n del colectivo en el conocimiento espec\u00edfico de los riesgos y los procesos de actuaci\u00f3n segura ante los mismos. Es por ello que, una vez iniciado este proceso durante el \u00faltimo trimestre de 2012, y continuado durante los ejercicios 2013, 2014, 2015, 2016 y 2017 con la realizaci\u00f3n de cursos destinados a la totalidad del personal adscrito a las zona 3, 6 y 5 respectivamente de acuerdo con los acuerdos alcanzados en este sentido, durante el ejercicio 2018 se han realizado un total de 5 ediciones de este curso destinado a personal operativo profesional de la zona 6 y a los parques de voluntarios de Ayora, Cofrentes y Sinarcas del Consorcio.<\/p>\n<p style=\"text-align: justify; padding-left: 60px;\">Duraci\u00f3n del curso: 12 horas (por <strong>5 ediciones<\/strong>)<\/p>\n<p style=\"text-align: justify; padding-left: 60px;\">Lugar: Central Nuclear de Cofrentes<\/p>\n<h3 style=\"text-align: justify;\"><strong><span style=\"color: #ff6600;\">Formaci\u00f3n de Nuevo Acceso.<\/span><\/strong><\/h3>\n<p style=\"padding-left: 30px;\"><span style=\"color: #ff6600;\">CURSO DE FORMACION DE BOMBEROS CONDUCTORES DE NUEVO INGRESO \u2013 PERSONAL INTERINO DEL CONSORCIO PROVINCIAL DE BOMBEROS DE VALENCIA<\/span><\/p>\n<p style=\"padding-left: 60px;\">Durante el primer cuatrimestre de 2018 se han realizado <strong>dos cursos de formaci\u00f3n<\/strong> destinados al personal de nuevo ingreso con la categor\u00eda de bombero conductor, personal interino.<\/p>\n<p style=\"padding-left: 60px;\">Los cursos han tenido una duraci\u00f3n de 250 horas lectivas con contenido fundamentalmente pr\u00e1ctico.<\/p>\n<p style=\"padding-left: 60px;\">Los cursos se han desarrollado durante los meses de febrero, marzo y abril del presente ejercicio. En concreto el curso se inici\u00f3 el 21 de febrero y finaliz\u00f3 el 20 de abril.<\/p>\n<p style=\"padding-left: 60px;\">Con la realizaci\u00f3n de estos dos cursos se complet\u00f3 el proceso formativo de todo el personal integrante de esta bolsa de trabajo de bombero conductor del Consorcio Provincial de Bomberos de Valencia.<\/p>\n","protected":false},"excerpt":{"rendered":"<p>Las actividades desarrolladas\u00a0 durante el ejercicio 2018 se agrupan en estos bloques: Formaci\u00f3n Integrada, que es la realizada por el personal operativo de parques, dentro de sus turnos de guardia. Formaci\u00f3n de Reciclaje, consistente en cursos dirigidos a los diferentes colectivos del Consorcio y realizados en horarios fuera del turno de guardia en el caso [&hellip;]<\/p>\n","protected":false},"author":183,"featured_media":48557,"parent":48305,"menu_order":0,"comment_status":"closed","ping_status":"closed","template":"","meta":{"footnotes":""},"class_list":["post-48551","page","type-page","status-publish","has-post-thumbnail","hentry"],"_links":{"self":[{"href":"https:\/\/www.bombersdv.es\/es\/wp-json\/wp\/v2\/pages\/48551"}],"collection":[{"href":"https:\/\/www.bombersdv.es\/es\/wp-json\/wp\/v2\/pages"}],"about":[{"href":"https:\/\/www.bombersdv.es\/es\/wp-json\/wp\/v2\/types\/page"}],"author":[{"embeddable":true,"href":"https:\/\/www.bombersdv.es\/es\/wp-json\/wp\/v2\/users\/183"}],"replies":[{"embeddable":true,"href":"https:\/\/www.bombersdv.es\/es\/wp-json\/wp\/v2\/comments?post=48551"}],"version-history":[{"count":9,"href":"https:\/\/www.bombersdv.es\/es\/wp-json\/wp\/v2\/pages\/48551\/revisions"}],"predecessor-version":[{"id":48564,"href":"https:\/\/www.bombersdv.es\/es\/wp-json\/wp\/v2\/pages\/48551\/revisions\/48564"}],"up":[{"embeddable":true,"href":"https:\/\/www.bombersdv.es\/es\/wp-json\/wp\/v2\/pages\/48305"}],"wp:featuredmedia":[{"embeddable":true,"href":"https:\/\/www.bombersdv.es\/es\/wp-json\/wp\/v2\/media\/48557"}],"wp:attachment":[{"href":"https:\/\/www.bombersdv.es\/es\/wp-json\/wp\/v2\/media?parent=48551"}],"curies":[{"name":"wp","href":"https:\/\/api.w.org\/{rel}","templated":true}]}}