{"id":48574,"date":"2019-11-25T04:20:04","date_gmt":"2019-11-25T03:20:04","guid":{"rendered":"https:\/\/www.bombersdv.es\/?page_id=48574"},"modified":"2019-11-25T04:27:50","modified_gmt":"2019-11-25T03:27:50","slug":"ambito-territorial-de-actuacion","status":"publish","type":"page","link":"https:\/\/www.bombersdv.es\/es\/consorcio\/memorias-de-actividad\/memoria-2018-indice-2\/ambito-territorial-de-actuacion\/","title":{"rendered":"\u00c1MBITO TERRITORIAL DE ACTUACI\u00d3N"},"content":{"rendered":"<p style=\"text-align: justify;\">El Consorcio extiende su \u00e1mbito de actuaci\u00f3n al territorio de la <span style=\"color: #ff6600;\">provincia de Valencia<\/span>, con excepci\u00f3n de la capital que cuenta con su propio servicio de bomberos. Sus principales magnitudes son:<\/p>\n<p>\u2022 <span style=\"color: #ff6600;\">Territorio<\/span> cubierto por el Consorcio: <strong>10.627 Km2<\/strong>(aproximadamente el 55 % forestal)<br \/>\n\u2022 <span style=\"color: #ff6600;\">Poblaci\u00f3n<\/span> cubierta: <strong>1.855.453 habitantes<\/strong><br \/>\n\u2022 <span style=\"color: #ff6600;\">Actividades industriales<\/span>: M\u00e1s de 13.000<br \/>\n\u2022 <span style=\"color: #ff6600;\">Industrias de alto riesgo<\/span> : 40<br \/>\n\u2022 <span style=\"color: #ff6600;\">Actividades comerciale<\/span>s: M\u00e1s de 30.000<br \/>\n\u2022 <span style=\"color: #ff6600;\">Kil\u00f3metros de carreteras<\/span>: 3.100<br \/>\n\u2022 <span style=\"color: #ff6600;\">Veh\u00edculos matriculados<\/span>: M\u00e1s de 1,6 millones<br \/>\n\u2022 <span style=\"color: #ff6600;\">Aeropuertos<\/span> en territorio Consorcio: 1<br \/>\n\u2022<span style=\"color: #ff6600;\"> Puertos comerciales<\/span> en territorio Consorcio: 2<\/p>\n","protected":false},"excerpt":{"rendered":"<p>El Consorcio extiende su \u00e1mbito de actuaci\u00f3n al territorio de la provincia de Valencia, con excepci\u00f3n de la capital que cuenta con su propio servicio de bomberos. Sus principales magnitudes son: \u2022 Territorio cubierto por el Consorcio: 10.627 Km2(aproximadamente el 55 % forestal) \u2022 Poblaci\u00f3n cubierta: 1.855.453 habitantes \u2022 Actividades industriales: M\u00e1s de 13.000 \u2022 [&hellip;]<\/p>\n","protected":false},"author":183,"featured_media":0,"parent":48305,"menu_order":0,"comment_status":"closed","ping_status":"closed","template":"","meta":{"footnotes":""},"class_list":["post-48574","page","type-page","status-publish","hentry"],"_links":{"self":[{"href":"https:\/\/www.bombersdv.es\/es\/wp-json\/wp\/v2\/pages\/48574"}],"collection":[{"href":"https:\/\/www.bombersdv.es\/es\/wp-json\/wp\/v2\/pages"}],"about":[{"href":"https:\/\/www.bombersdv.es\/es\/wp-json\/wp\/v2\/types\/page"}],"author":[{"embeddable":true,"href":"https:\/\/www.bombersdv.es\/es\/wp-json\/wp\/v2\/users\/183"}],"replies":[{"embeddable":true,"href":"https:\/\/www.bombersdv.es\/es\/wp-json\/wp\/v2\/comments?post=48574"}],"version-history":[{"count":2,"href":"https:\/\/www.bombersdv.es\/es\/wp-json\/wp\/v2\/pages\/48574\/revisions"}],"predecessor-version":[{"id":48576,"href":"https:\/\/www.bombersdv.es\/es\/wp-json\/wp\/v2\/pages\/48574\/revisions\/48576"}],"up":[{"embeddable":true,"href":"https:\/\/www.bombersdv.es\/es\/wp-json\/wp\/v2\/pages\/48305"}],"wp:attachment":[{"href":"https:\/\/www.bombersdv.es\/es\/wp-json\/wp\/v2\/media?parent=48574"}],"curies":[{"name":"wp","href":"https:\/\/api.w.org\/{rel}","templated":true}]}}