{"id":48582,"date":"2019-11-25T04:33:08","date_gmt":"2019-11-25T03:33:08","guid":{"rendered":"https:\/\/www.bombersdv.es\/?page_id=48582"},"modified":"2019-11-25T04:33:43","modified_gmt":"2019-11-25T03:33:43","slug":"funciones-del-consorcio","status":"publish","type":"page","link":"https:\/\/www.bombersdv.es\/es\/consorcio\/memorias-de-actividad\/memoria-2018-indice-2\/funciones-del-consorcio\/","title":{"rendered":"FUNCIONES DEL CONSORCIO"},"content":{"rendered":"<p style=\"text-align: justify;\">La Ley SPEIS en su art\u00edculo 4.2 enumera las funciones que corresponden a los servicios de prevenci\u00f3n y extinci\u00f3n de incendios dependientes de las administraciones p\u00fablicas:<\/p>\n<ul>\n<li style=\"text-align: justify;\">Luchar contra el fuego en caso de siniestro y otras situaciones de emergencia.<\/li>\n<li style=\"text-align: justify;\">Realizar el salvamento de personas, semovientes, bienes y protecci\u00f3n al medio ambiente, en caso de siniestro u otra situaci\u00f3n de emergencia.<\/li>\n<li style=\"text-align: justify;\">Intervenir en el salvamento acu\u00e1tico y subacu\u00e1tico y en el rescate y salvamento de monta\u00f1a y cavidades subterr\u00e1neas.<\/li>\n<li style=\"text-align: justify;\">Adoptar medidas de seguridad extraordinarias y provisionales, a la espera de la decisi\u00f3n de la autoridad competente, sobre el cierre y desalojo de locales y establecimientos p\u00fablicos, y la evacuaci\u00f3n del inmueble y propiedades en situaciones de emergencia mientras las circunstancias del caso lo hagan imprescindible, as\u00ed como limitar o restringir por el tiempo necesario, la circulaci\u00f3n y permanencia en v\u00edas o lugares p\u00fablicos en los supuestos de incendio, cat\u00e1strofe o calamidad p\u00fablica.<\/li>\n<li style=\"text-align: justify;\">En los supuestos de intervenci\u00f3n, recuperar las v\u00edctimas y coordinar su traslado urgente, incluso realizarlo cuando sea preciso.<\/li>\n<li style=\"text-align: justify;\">Intervenir en operaciones de protecci\u00f3n civil, de acuerdo con las previsiones de los planes territoriales y de los planes especiales correspondientes, as\u00ed como elaborar los planes de actuaci\u00f3n respectivos de los servicios de Prevenci\u00f3n, Extinci\u00f3n de Incendios y Salvamento.<\/li>\n<li style=\"text-align: justify;\">Dirigir los puestos de mando avanzado que les corresponden seg\u00fan la planificaci\u00f3n vigente.<\/li>\n<li style=\"text-align: justify;\">Elaborar los procedimientos de actuaci\u00f3n del servicio para cada tipo de siniestro.<\/li>\n<li style=\"text-align: justify;\">Investigar e informar sobre los siniestros en que intervengan por raz\u00f3n de su competencia, as\u00ed como en caso de<br \/>\nrequerimiento por la autoridad competente.<\/li>\n<li style=\"text-align: justify;\">Obtener la informaci\u00f3n necesaria de las personas y entidades relacionadas con las situaciones y lugares en donde se produzca el incendio, la cat\u00e1strofe o calamidad p\u00fablica para la elaboraci\u00f3n y ejecuci\u00f3n de las tareas encaminadas a resolver situaciones. Estudiar e investigar las t\u00e9cnicas, instalaciones, sistemas de protecci\u00f3n contra incendios y Salvamento.<\/li>\n<li style=\"text-align: justify;\">Organizar y participar en campa\u00f1as de divulgaci\u00f3n dirigidas a incrementar el conocimiento de la ciudadan\u00eda sobre la normativa de prevenci\u00f3n de incendios y otras emergencias.<\/li>\n<li style=\"text-align: justify;\">Ejercer funciones de prevenci\u00f3n para evitar o disminuir el riesgo de incendios u otros accidentes, mediante la inspecci\u00f3n del cumplimiento de la normativa en vigor.<\/li>\n<li style=\"text-align: justify;\">Aquellas otras funciones que le atribuya la legislaci\u00f3n vigente y cualquier otra dirigida a la protecci\u00f3n de personas y bienes, siempre que sean necesarias y proporcionadas a los hechos.<\/li>\n<\/ul>\n","protected":false},"excerpt":{"rendered":"<p>La Ley SPEIS en su art\u00edculo 4.2 enumera las funciones que corresponden a los servicios de prevenci\u00f3n y extinci\u00f3n de incendios dependientes de las administraciones p\u00fablicas: Luchar contra el fuego en caso de siniestro y otras situaciones de emergencia. Realizar el salvamento de personas, semovientes, bienes y protecci\u00f3n al medio ambiente, en caso de siniestro [&hellip;]<\/p>\n","protected":false},"author":183,"featured_media":0,"parent":48305,"menu_order":0,"comment_status":"closed","ping_status":"closed","template":"","meta":{"footnotes":""},"class_list":["post-48582","page","type-page","status-publish","hentry"],"_links":{"self":[{"href":"https:\/\/www.bombersdv.es\/es\/wp-json\/wp\/v2\/pages\/48582"}],"collection":[{"href":"https:\/\/www.bombersdv.es\/es\/wp-json\/wp\/v2\/pages"}],"about":[{"href":"https:\/\/www.bombersdv.es\/es\/wp-json\/wp\/v2\/types\/page"}],"author":[{"embeddable":true,"href":"https:\/\/www.bombersdv.es\/es\/wp-json\/wp\/v2\/users\/183"}],"replies":[{"embeddable":true,"href":"https:\/\/www.bombersdv.es\/es\/wp-json\/wp\/v2\/comments?post=48582"}],"version-history":[{"count":2,"href":"https:\/\/www.bombersdv.es\/es\/wp-json\/wp\/v2\/pages\/48582\/revisions"}],"predecessor-version":[{"id":48584,"href":"https:\/\/www.bombersdv.es\/es\/wp-json\/wp\/v2\/pages\/48582\/revisions\/48584"}],"up":[{"embeddable":true,"href":"https:\/\/www.bombersdv.es\/es\/wp-json\/wp\/v2\/pages\/48305"}],"wp:attachment":[{"href":"https:\/\/www.bombersdv.es\/es\/wp-json\/wp\/v2\/media?parent=48582"}],"curies":[{"name":"wp","href":"https:\/\/api.w.org\/{rel}","templated":true}]}}