{"id":48605,"date":"2019-11-25T05:06:47","date_gmt":"2019-11-25T04:06:47","guid":{"rendered":"https:\/\/www.bombersdv.es\/?page_id=48605"},"modified":"2019-11-25T05:06:47","modified_gmt":"2019-11-25T04:06:47","slug":"gera","status":"publish","type":"page","link":"https:\/\/www.bombersdv.es\/es\/consorcio\/memorias-de-actividad\/memoria-2018-indice-2\/gera\/","title":{"rendered":"GERA"},"content":{"rendered":"<p style=\"text-align: justify;\">El GERA-CPBV (<span style=\"color: #ff6600;\"><strong>Grupo Especial de Rescate en Altura<\/strong><\/span>), tiene como <span style=\"color: #ff6600;\">objetivo<\/span> el apoyo a las operaciones de rescate en lugares de dif\u00edcil acceso en las que es necesario el uso de t\u00e9cnicas espec\u00edficas para realizar rescates en entornos naturales (simas, r\u00edos, barrancos y paredes), condiciones atmosf\u00e9ricas adversas , b\u00fasquedas de personas desaparecidas y en las intervenciones en las que el CPBV colabora con el helic\u00f3ptero de rescate de la AVSRE.<\/p>\n<p style=\"text-align: justify;\">En el trascurso del a\u00f1o 2017 y principalmente durante 2018, el GERA-CPBV ha realizado una revisi\u00f3n profunda de los servicios relacionados con personas desaparecidas, con el fin de implementar mejoras en la respuesta a este tipo de emergencias para ofrecer una respuesta eficaz y coordinada a este tipo de servicios, desde la estructura operativa y de mando del CPBV.<\/p>\n<p style=\"text-align: justify;\">Con este objetivo en mente, <span style=\"color: #ff6600;\">se han desarrollando instrucciones y procedimientos<\/span> para movilizar un m\u00ednimo de dotaciones a este tipo de servicios, que son coordinados por mandos del CPBV, siendo esta una l\u00ednea de trabajo en la que todav\u00eda queda mucho por desarrollar a nivel interinstitucional en el \u00e1mbito auton\u00f3mico.<\/p>\n<p style=\"text-align: justify;\">Las <span style=\"color: #ff6600;\"><strong>actividades<\/strong><\/span> del GERA durante este a\u00f1o han abarcado varios \u00e1mbitos de trabajo, siendo estos en l\u00edneas generales:<\/p>\n<ul>\n<li style=\"text-align: justify;\">Estudio y revisi\u00f3n de la respuesta del 112 y CPBV a los servicios de b\u00fasquedas de personas desaparecidas a nivel provincial.<\/li>\n<li style=\"text-align: justify;\">Establecimiento de l\u00ednea de trabajo para la implementaci\u00f3n de sistemas GIS a los trabajos de b\u00fasqueda y rescate en zonas de dif\u00edcil acceso, en colaboraci\u00f3n con Divalterra.<\/li>\n<li style=\"text-align: justify;\">Participaci\u00f3n en distintos <span style=\"color: #ff6600;\">eventos y simulacros<\/span> en colaboraci\u00f3n con otras organizaciones, a destacar:\n<ul>\n<li>Participaci\u00f3n en el simulacro organizados por el grupo de espeleosocorro de Valencia.<\/li>\n<li>Participaci\u00f3n en el simulacro organizados por el grupo de espeleosocorro de Arag\u00f3n.<\/li>\n<li>Participaci\u00f3n en el encuentro de rescate urbano de Catalunya organizado por Bombers Barcelona.<\/li>\n<li>Asistencia a las jornadas para la creaci\u00f3n de un observatorio nacional de accidentes en monta\u00f1a.<\/li>\n<li>Asistencia a la jornadas y talleres de espeleosocorro organizadas en la provincia de Albacete.<\/li>\n<li>Participaci\u00f3n en las XIV jornadas de rescate organizadas por bomberos Toledo.<\/li>\n<li>Realizaci\u00f3n de entrenamientos espec\u00edficos de rescate en monta\u00f1a.<\/li>\n<li>Mejora en la formaci\u00f3n en trabajo con helic\u00f3pteros de rescate.<\/li>\n<li>Intervenci\u00f3n de 58 rescates en entornos de monta\u00f1a o de dif\u00edcil acceso.<\/li>\n<li>Colaboraci\u00f3n y apoyo a los servicios de riesgo para personas como apoyo a la primera salida del parque de X\u00e0tiva.<\/li>\n<\/ul>\n<\/li>\n<\/ul>\n","protected":false},"excerpt":{"rendered":"<p>El GERA-CPBV (Grupo Especial de Rescate en Altura), tiene como objetivo el apoyo a las operaciones de rescate en lugares de dif\u00edcil acceso en las que es necesario el uso de t\u00e9cnicas espec\u00edficas para realizar rescates en entornos naturales (simas, r\u00edos, barrancos y paredes), condiciones atmosf\u00e9ricas adversas , b\u00fasquedas de personas desaparecidas y en las [&hellip;]<\/p>\n","protected":false},"author":183,"featured_media":0,"parent":48305,"menu_order":0,"comment_status":"closed","ping_status":"closed","template":"","meta":{"footnotes":""},"class_list":["post-48605","page","type-page","status-publish","hentry"],"_links":{"self":[{"href":"https:\/\/www.bombersdv.es\/es\/wp-json\/wp\/v2\/pages\/48605"}],"collection":[{"href":"https:\/\/www.bombersdv.es\/es\/wp-json\/wp\/v2\/pages"}],"about":[{"href":"https:\/\/www.bombersdv.es\/es\/wp-json\/wp\/v2\/types\/page"}],"author":[{"embeddable":true,"href":"https:\/\/www.bombersdv.es\/es\/wp-json\/wp\/v2\/users\/183"}],"replies":[{"embeddable":true,"href":"https:\/\/www.bombersdv.es\/es\/wp-json\/wp\/v2\/comments?post=48605"}],"version-history":[{"count":1,"href":"https:\/\/www.bombersdv.es\/es\/wp-json\/wp\/v2\/pages\/48605\/revisions"}],"predecessor-version":[{"id":48606,"href":"https:\/\/www.bombersdv.es\/es\/wp-json\/wp\/v2\/pages\/48605\/revisions\/48606"}],"up":[{"embeddable":true,"href":"https:\/\/www.bombersdv.es\/es\/wp-json\/wp\/v2\/pages\/48305"}],"wp:attachment":[{"href":"https:\/\/www.bombersdv.es\/es\/wp-json\/wp\/v2\/media?parent=48605"}],"curies":[{"name":"wp","href":"https:\/\/api.w.org\/{rel}","templated":true}]}}