{"id":48613,"date":"2019-11-25T05:53:26","date_gmt":"2019-11-25T04:53:26","guid":{"rendered":"https:\/\/www.bombersdv.es\/?page_id=48613"},"modified":"2019-11-25T05:53:26","modified_gmt":"2019-11-25T04:53:26","slug":"actividades-de-divulgacion","status":"publish","type":"page","link":"https:\/\/www.bombersdv.es\/es\/consorcio\/memorias-de-actividad\/memoria-2018-indice-2\/actividades-de-divulgacion\/","title":{"rendered":"ACTIVIDADES DE DIVULGACION"},"content":{"rendered":"<p><a href=\"https:\/\/www.bombersdv.es\/contactanos\/colegios\/\" target=\"_blank\" rel=\"noopener\"><span style=\"color: #ff6600;\"><strong>Visitas de Colegios a los Parques de Bomberos.<\/strong><\/span><\/a><\/p>\n<p>Durante el a\u00f1o 2018 se han realizado las siguientes visitas de colegios a parques de bomberos:<\/p>\n<table style=\"border-style: solid; border-color: #000000;\">\n<tbody>\n<tr>\n<td style=\"width: 266px;\" width=\"190\"><strong>Parque<\/strong><\/td>\n<td style=\"width: 10px;\" width=\"64\"><strong>Colegios<\/strong><\/td>\n<td style=\"width: 168px;\" width=\"123\"><strong>Alumnos Infantil<\/strong><\/td>\n<td style=\"width: 198px;\" width=\"131\"><strong>Alumnos Primaria<\/strong><\/td>\n<td style=\"width: 168px;\" width=\"106\"><strong>Total Alumnos<\/strong><\/td>\n<\/tr>\n<tr>\n<td style=\"width: 266px;\" width=\"190\"><strong>SAGUNT<\/strong><\/td>\n<td style=\"text-align: right; width: 10px;\" width=\"64\">14<\/td>\n<td style=\"text-align: right; width: 168px;\" width=\"123\">386<\/td>\n<td style=\"text-align: right; width: 198px;\" width=\"131\">205<\/td>\n<td style=\"text-align: right; width: 168px;\" width=\"106\">591<\/td>\n<\/tr>\n<tr>\n<td style=\"width: 266px;\" width=\"190\"><strong>LA POBLA DE FARNALS<\/strong><\/td>\n<td style=\"text-align: right; width: 10px;\" width=\"64\">7<\/td>\n<td style=\"text-align: right; width: 168px;\" width=\"123\">55<\/td>\n<td style=\"text-align: right; width: 198px;\" width=\"131\">286<\/td>\n<td style=\"text-align: right; width: 168px;\" width=\"106\">341<\/td>\n<\/tr>\n<tr>\n<td style=\"width: 266px;\" width=\"190\"><strong>MONCADA<\/strong><\/td>\n<td style=\"text-align: right; width: 10px;\" width=\"64\">3<\/td>\n<td style=\"text-align: right; width: 168px;\" width=\"123\">168<\/td>\n<td style=\"text-align: right; width: 198px;\" width=\"131\">0<\/td>\n<td style=\"text-align: right; width: 168px;\" width=\"106\">168<\/td>\n<\/tr>\n<tr>\n<td style=\"width: 266px;\" width=\"190\"><strong>Total Zona 1<\/strong><\/td>\n<td style=\"text-align: right; width: 10px;\" width=\"64\">24<\/td>\n<td style=\"text-align: right; width: 168px;\" width=\"123\">609<\/td>\n<td style=\"text-align: right; width: 198px;\" width=\"131\">491<\/td>\n<td style=\"text-align: right; width: 168px;\" width=\"106\">1100<\/td>\n<\/tr>\n<\/tbody>\n<\/table>\n<p>&nbsp;<\/p>\n<table style=\"width: 812px; border-style: solid; border-color: #000000;\">\n<tbody>\n<tr>\n<td style=\"width: 266px;\" width=\"190\"><strong>Parque<\/strong><\/td>\n<td style=\"width: 65px;\" width=\"64\"><strong>Colegios<\/strong><\/td>\n<td style=\"width: 175px;\" width=\"123\"><strong>Alumnos Infantil<\/strong><\/td>\n<td style=\"width: 204px;\" width=\"131\"><strong>Alumnos Primaria<\/strong><\/td>\n<td style=\"width: 170px;\" width=\"107\"><strong>Total Alumnos<\/strong><\/td>\n<\/tr>\n<tr>\n<td style=\"width: 266px;\" width=\"190\"><strong>PATERNA<\/strong><\/td>\n<td style=\"width: 65px; text-align: right;\" width=\"64\">33<\/td>\n<td style=\"width: 175px; text-align: right;\" width=\"123\">1101<\/td>\n<td style=\"width: 204px; text-align: right;\" width=\"131\">376<\/td>\n<td style=\"width: 170px; text-align: right;\" width=\"107\">1477<\/td>\n<\/tr>\n<tr>\n<td style=\"width: 266px;\" width=\"190\"><strong>BURJASSOT<\/strong><\/td>\n<td style=\"width: 65px; text-align: right;\" width=\"64\">1<\/td>\n<td style=\"width: 175px; text-align: right;\" width=\"123\">58<\/td>\n<td style=\"width: 204px; text-align: right;\" width=\"131\">0<\/td>\n<td style=\"width: 170px; text-align: right;\" width=\"107\">58<\/td>\n<\/tr>\n<tr>\n<td style=\"width: 266px;\" width=\"190\"><strong>L`ELIANA<\/strong><\/td>\n<td style=\"width: 65px; text-align: right;\" width=\"64\">11<\/td>\n<td style=\"width: 175px; text-align: right;\" width=\"123\">312<\/td>\n<td style=\"width: 204px; text-align: right;\" width=\"131\">206<\/td>\n<td style=\"width: 170px; text-align: right;\" width=\"107\">518<\/td>\n<\/tr>\n<tr>\n<td style=\"width: 266px;\" width=\"190\"><strong>Total Zona 2<\/strong><\/td>\n<td style=\"width: 65px; text-align: right;\" width=\"64\">45<\/td>\n<td style=\"width: 175px; text-align: right;\" width=\"123\">1471<\/td>\n<td style=\"width: 204px; text-align: right;\" width=\"131\">582<\/td>\n<td style=\"width: 170px; text-align: right;\" width=\"107\">2053<\/td>\n<\/tr>\n<\/tbody>\n<\/table>\n<p>&nbsp;<\/p>\n<table style=\"border-style: solid; border-color: #000000;\">\n<tbody>\n<tr>\n<td style=\"width: 232px;\" width=\"190\"><strong>Parque<\/strong><\/td>\n<td style=\"width: 46px;\" width=\"65\"><strong>Colegios<\/strong><\/td>\n<td style=\"width: 186px;\" width=\"123\"><strong>Alumnos Infantil<\/strong><\/td>\n<td style=\"width: 182px;\" width=\"131\"><strong>Alumnos Primaria<\/strong><\/td>\n<td style=\"width: 170px;\" width=\"106\"><strong>Total Alumnos<\/strong><\/td>\n<\/tr>\n<tr>\n<td style=\"width: 232px;\" width=\"190\"><strong>TORRENT<\/strong><\/td>\n<td style=\"width: 46px; text-align: right;\" width=\"65\">13<\/td>\n<td style=\"width: 186px; text-align: right;\" width=\"123\">254<\/td>\n<td style=\"width: 182px; text-align: right;\" width=\"131\">319<\/td>\n<td style=\"width: 170px; text-align: right;\" width=\"106\">573<\/td>\n<\/tr>\n<tr>\n<td style=\"width: 232px;\" width=\"190\"><strong>SILLA<\/strong><\/td>\n<td style=\"width: 46px; text-align: right;\" width=\"65\">3<\/td>\n<td style=\"width: 186px; text-align: right;\" width=\"123\">0<\/td>\n<td style=\"width: 182px; text-align: right;\" width=\"131\">92<\/td>\n<td style=\"width: 170px; text-align: right;\" width=\"106\">92<\/td>\n<\/tr>\n<tr>\n<td style=\"width: 232px;\" width=\"190\"><strong>CATARROJA<\/strong><\/td>\n<td style=\"width: 46px; text-align: right;\" width=\"65\">4<\/td>\n<td style=\"width: 186px; text-align: right;\" width=\"123\">187<\/td>\n<td style=\"width: 182px; text-align: right;\" width=\"131\">0<\/td>\n<td style=\"width: 170px; text-align: right;\" width=\"106\">187<\/td>\n<\/tr>\n<tr>\n<td style=\"width: 232px;\" width=\"190\"><strong>Total Zona 3<\/strong><\/td>\n<td style=\"width: 46px; text-align: right;\" width=\"65\">20<\/td>\n<td style=\"width: 186px; text-align: right;\" width=\"123\">441<\/td>\n<td style=\"width: 182px; text-align: right;\" width=\"131\">411<\/td>\n<td style=\"width: 170px; text-align: right;\" width=\"106\">852<\/td>\n<\/tr>\n<\/tbody>\n<\/table>\n<p>&nbsp;<\/p>\n<table style=\"border-style: solid; border-color: #000000;\">\n<tbody>\n<tr>\n<td style=\"width: 224px;\" width=\"184\"><strong>Parque<\/strong><\/td>\n<td style=\"width: 52px;\" width=\"64\"><strong>Colegios<\/strong><\/td>\n<td style=\"width: 198px;\" width=\"130\"><strong>Alumnos Infantil<\/strong><\/td>\n<td style=\"width: 186px;\" width=\"133\"><strong>Alumnos Primaria<\/strong><\/td>\n<td style=\"width: 163px;\" width=\"104\"><strong>Total Alumnos<\/strong><\/td>\n<\/tr>\n<tr>\n<td style=\"width: 224px;\" width=\"184\"><strong>GANDIA<\/strong><\/td>\n<td style=\"text-align: right; width: 52px;\" width=\"64\">7<\/td>\n<td style=\"text-align: right; width: 198px;\" width=\"130\">251<\/td>\n<td style=\"text-align: right; width: 186px;\" width=\"133\">111<\/td>\n<td style=\"text-align: right; width: 163px;\" width=\"104\">362<\/td>\n<\/tr>\n<tr>\n<td style=\"width: 224px;\" width=\"184\"><strong>CULLERA<\/strong><\/td>\n<td style=\"text-align: right; width: 52px;\" width=\"64\">2<\/td>\n<td style=\"text-align: right; width: 198px;\" width=\"130\">12<\/td>\n<td style=\"text-align: right; width: 186px;\" width=\"133\">50<\/td>\n<td style=\"text-align: right; width: 163px;\" width=\"104\">62<\/td>\n<\/tr>\n<tr>\n<td style=\"width: 224px;\" width=\"184\"><strong>OLIVA<\/strong><\/td>\n<td style=\"text-align: right; width: 52px;\" width=\"64\">3<\/td>\n<td style=\"text-align: right; width: 198px;\" width=\"130\">27<\/td>\n<td style=\"text-align: right; width: 186px;\" width=\"133\">109<\/td>\n<td style=\"text-align: right; width: 163px;\" width=\"104\">136<\/td>\n<\/tr>\n<tr>\n<td style=\"width: 224px;\" width=\"184\"><strong>Total Zona 4<\/strong><\/td>\n<td style=\"text-align: right; width: 52px;\" width=\"64\">12<\/td>\n<td style=\"text-align: right; width: 198px;\" width=\"130\">290<\/td>\n<td style=\"text-align: right; width: 186px;\" width=\"133\">270<\/td>\n<td style=\"text-align: right; width: 163px;\" width=\"104\">560<\/td>\n<\/tr>\n<\/tbody>\n<\/table>\n<p>&nbsp;<\/p>\n<table style=\"border-style: solid; border-color: #000000;\">\n<tbody>\n<tr>\n<td style=\"width: 228px;\" width=\"185\"><strong>Parque<\/strong><\/td>\n<td style=\"width: 72px;\" width=\"64\"><strong>Colegios<\/strong><\/td>\n<td style=\"width: 199px;\" width=\"130\"><strong>Alumnos Infantil<\/strong><\/td>\n<td style=\"width: 209px;\" width=\"131\"><strong>Alumnos Primaria<\/strong><\/td>\n<td style=\"width: 166px;\" width=\"105\"><strong>Total Alumnos<\/strong><\/td>\n<\/tr>\n<tr>\n<td style=\"width: 228px;\" width=\"185\"><strong>ALZIRA<\/strong><\/td>\n<td style=\"text-align: right; width: 72px;\" width=\"64\">10<\/td>\n<td style=\"text-align: right; width: 199px;\" width=\"130\">163<\/td>\n<td style=\"text-align: right; width: 209px;\" width=\"131\">222<\/td>\n<td style=\"text-align: right; width: 166px;\" width=\"105\">385<\/td>\n<\/tr>\n<tr>\n<td style=\"width: 228px;\" width=\"185\"><strong>XATIVA<\/strong><\/td>\n<td style=\"text-align: right; width: 72px;\" width=\"64\">13<\/td>\n<td style=\"text-align: right; width: 199px;\" width=\"130\">229<\/td>\n<td style=\"text-align: right; width: 209px;\" width=\"131\">300<\/td>\n<td style=\"text-align: right; width: 166px;\" width=\"105\">529<\/td>\n<\/tr>\n<tr>\n<td style=\"width: 228px;\" width=\"185\"><strong>ONTINYENT<\/strong><\/td>\n<td style=\"text-align: right; width: 72px;\" width=\"64\">6<\/td>\n<td style=\"text-align: right; width: 199px;\" width=\"130\">201<\/td>\n<td style=\"text-align: right; width: 209px;\" width=\"131\">35<\/td>\n<td style=\"text-align: right; width: 166px;\" width=\"105\">236<\/td>\n<\/tr>\n<tr>\n<td style=\"width: 228px;\" width=\"185\"><strong>Total Zona 5<\/strong><\/td>\n<td style=\"text-align: right; width: 72px;\" width=\"64\">29<\/td>\n<td style=\"text-align: right; width: 199px;\" width=\"130\">593<\/td>\n<td style=\"text-align: right; width: 209px;\" width=\"131\">557<\/td>\n<td style=\"text-align: right; width: 166px;\" width=\"105\">1150<\/td>\n<\/tr>\n<\/tbody>\n<\/table>\n<p>&nbsp;<\/p>\n<table style=\"border-style: solid; border-color: #000000;\">\n<tbody>\n<tr>\n<td style=\"width: 230px;\" width=\"186\"><strong>Parque<\/strong><\/td>\n<td style=\"width: 37px;\" width=\"64\"><strong>Colegios<\/strong><\/td>\n<td style=\"width: 221px;\" width=\"128\"><strong>Alumnos Infantil<\/strong><\/td>\n<td style=\"width: 216px;\" width=\"132\"><strong>Alumnos Primaria<\/strong><\/td>\n<td style=\"width: 162px;\" width=\"105\"><strong>Total Alumnos<\/strong><\/td>\n<\/tr>\n<tr>\n<td style=\"width: 230px;\" width=\"186\"><strong>REQUENA<\/strong><\/td>\n<td style=\"text-align: right; width: 37px;\" width=\"64\">5<\/td>\n<td style=\"text-align: right; width: 221px;\" width=\"128\">161<\/td>\n<td style=\"text-align: right; width: 216px;\" width=\"132\">17<\/td>\n<td style=\"text-align: right; width: 162px;\" width=\"105\">178<\/td>\n<\/tr>\n<tr>\n<td style=\"width: 230px;\" width=\"186\"><strong>CHIVA<\/strong><\/td>\n<td style=\"text-align: right; width: 37px;\" width=\"64\">8<\/td>\n<td style=\"text-align: right; width: 221px;\" width=\"128\">294<\/td>\n<td style=\"text-align: right; width: 216px;\" width=\"132\">54<\/td>\n<td style=\"text-align: right; width: 162px;\" width=\"105\">348<\/td>\n<\/tr>\n<tr>\n<td style=\"width: 230px;\" width=\"186\"><strong>AYORA VOLUNTARIOS<\/strong><\/td>\n<td style=\"text-align: right; width: 37px;\" width=\"64\">0<\/td>\n<td style=\"text-align: right; width: 221px;\" width=\"128\">0<\/td>\n<td style=\"text-align: right; width: 216px;\" width=\"132\">0<\/td>\n<td style=\"text-align: right; width: 162px;\" width=\"105\">0<\/td>\n<\/tr>\n<tr>\n<td style=\"width: 230px;\" width=\"186\"><strong>Total Zona 6<\/strong><\/td>\n<td style=\"text-align: right; width: 37px;\" width=\"64\">13<\/td>\n<td style=\"text-align: right; width: 221px;\" width=\"128\">455<\/td>\n<td style=\"text-align: right; width: 216px;\" width=\"132\">71<\/td>\n<td style=\"text-align: right; width: 162px;\" width=\"105\">526<\/td>\n<\/tr>\n<\/tbody>\n<\/table>\n<p>&nbsp;<\/p>\n<table style=\"width: 869px; border-style: solid; border-color: #000000;\">\n<tbody>\n<tr>\n<td style=\"width: 229px;\" width=\"186\"><span style=\"color: #ff6600;\"><strong>Parque<\/strong><\/span><\/td>\n<td style=\"width: 49px;\" width=\"63\"><span style=\"color: #ff6600;\"><strong>Colegios<\/strong><\/span><\/td>\n<td style=\"width: 219px;\" width=\"128\"><span style=\"color: #ff6600;\"><strong>Alumnos Infantil<\/strong><\/span><\/td>\n<td style=\"width: 205px;\" width=\"132\"><span style=\"color: #ff6600;\"><strong>Alumnos Primaria<\/strong><\/span><\/td>\n<td style=\"width: 167px;\" width=\"105\"><span style=\"color: #ff6600;\"><strong>Total Alumnos<\/strong><\/span><\/td>\n<\/tr>\n<tr>\n<td style=\"width: 229px;\" width=\"186\"><span style=\"color: #ff6600;\"><strong>Total Consorcio <\/strong><\/span><\/td>\n<td style=\"text-align: right; width: 49px;\" width=\"63\"><span style=\"color: #ff6600;\"><strong>158<\/strong><\/span><\/td>\n<td style=\"text-align: right; width: 219px;\" width=\"128\"><span style=\"color: #ff6600;\"><strong>4023<\/strong><\/span><\/td>\n<td style=\"text-align: right; width: 205px;\" width=\"132\"><span style=\"color: #ff6600;\"><strong>2489<\/strong><\/span><\/td>\n<td style=\"text-align: right; width: 167px;\" width=\"105\"><span style=\"color: #ff6600;\"><strong>6512<\/strong><\/span><\/td>\n<\/tr>\n<\/tbody>\n<\/table>\n<p><a href=\"https:\/\/www.bombersdv.es\/contactanos\/colegios\/bombers-a-lescola\/\" target=\"_blank\" rel=\"noopener\"><strong><span style=\"color: #ff6600;\">PROYECTO BOMBERS A L\u00b4ESCOLA<\/span><\/strong><\/a><\/p>\n<ul>\n<li>Seguimiento y coordinaci\u00f3n\u00a0 de las visitas a los colegios<\/li>\n<li>Seguimiento necesidades log\u00edsticas compra materiales gr\u00e1ficos<\/li>\n<li>Trabajos del Procedimiento administrativo adjudicaci\u00f3n Comic<\/li>\n<li>Coordinaci\u00f3n elaboraci\u00f3n Comic \u201cL\u00b4Escola en Flames<\/li>\n<\/ul>\n<p><span style=\"color: #ff6600;\"><strong>Galer\u00eda de entrenamiento<\/strong><\/span><br \/>\nA lo largo de 2018 se ha asistido a diversas jornadas de seguridad y emergencias en municipios de la provincia.<\/p>\n<p>El Consorcio aporta a estas jornadas la GALER\u00cdA DE ENTRENAMIENTO acoplada a ni\u00f1os de infantil y primaria.<\/p>\n<ul>\n<li>Sagunto Marzo 2018<\/li>\n<li>Gandia Marzo 2018<\/li>\n<li>Campeonarto Excarcelaci\u00f3n y Trauma Abril 2018<\/li>\n<li>Paiporta Abril 2018<\/li>\n<li>Betera Abril 2018<\/li>\n<li>Meliana Septiembre 2018<\/li>\n<li>Almusafes Diciembre 2018<\/li>\n<li>Mislata Diciembre 2018<\/li>\n<li>Lliria Diciembre 2018<\/li>\n<li>Organizaci\u00f3n Naciones Unidas (Quart) Diciembre 2018<\/li>\n<\/ul>\n<p style=\"text-align: justify;\">En el interior de la galer\u00eda se ha dise\u00f1ado un circuito de tipo laber\u00edntico en tres niveles y con diferentes obst\u00e1culos. Dicho circuito se realiza pr\u00e1cticamente a obscuras, con la \u00fanica visibilidad que proporcionan unas luces naranjas de balizamiento. Los ni\u00f1os realizan el recorrido gateando y reptando sobre una superficie enmoquetada, llevando la cabeza protegida con un casco.<\/p>\n","protected":false},"excerpt":{"rendered":"<p>Visitas de Colegios a los Parques de Bomberos. Durante el a\u00f1o 2018 se han realizado las siguientes visitas de colegios a parques de bomberos: Parque Colegios Alumnos Infantil Alumnos Primaria Total Alumnos SAGUNT 14 386 205 591 LA POBLA DE FARNALS 7 55 286 341 MONCADA 3 168 0 168 Total Zona 1 24 609 [&hellip;]<\/p>\n","protected":false},"author":183,"featured_media":0,"parent":48305,"menu_order":0,"comment_status":"closed","ping_status":"closed","template":"","meta":{"footnotes":""},"class_list":["post-48613","page","type-page","status-publish","hentry"],"_links":{"self":[{"href":"https:\/\/www.bombersdv.es\/es\/wp-json\/wp\/v2\/pages\/48613"}],"collection":[{"href":"https:\/\/www.bombersdv.es\/es\/wp-json\/wp\/v2\/pages"}],"about":[{"href":"https:\/\/www.bombersdv.es\/es\/wp-json\/wp\/v2\/types\/page"}],"author":[{"embeddable":true,"href":"https:\/\/www.bombersdv.es\/es\/wp-json\/wp\/v2\/users\/183"}],"replies":[{"embeddable":true,"href":"https:\/\/www.bombersdv.es\/es\/wp-json\/wp\/v2\/comments?post=48613"}],"version-history":[{"count":14,"href":"https:\/\/www.bombersdv.es\/es\/wp-json\/wp\/v2\/pages\/48613\/revisions"}],"predecessor-version":[{"id":48627,"href":"https:\/\/www.bombersdv.es\/es\/wp-json\/wp\/v2\/pages\/48613\/revisions\/48627"}],"up":[{"embeddable":true,"href":"https:\/\/www.bombersdv.es\/es\/wp-json\/wp\/v2\/pages\/48305"}],"wp:attachment":[{"href":"https:\/\/www.bombersdv.es\/es\/wp-json\/wp\/v2\/media?parent=48613"}],"curies":[{"name":"wp","href":"https:\/\/api.w.org\/{rel}","templated":true}]}}