{"id":48638,"date":"2019-11-25T06:11:46","date_gmt":"2019-11-25T05:11:46","guid":{"rendered":"https:\/\/www.bombersdv.es\/?page_id=48638"},"modified":"2019-11-25T06:11:46","modified_gmt":"2019-11-25T05:11:46","slug":"convenios-y-protocolos-de-colaboracion","status":"publish","type":"page","link":"https:\/\/www.bombersdv.es\/es\/consorcio\/memorias-de-actividad\/memoria-2018-indice-2\/convenios-y-protocolos-de-colaboracion\/","title":{"rendered":"Convenios y Protocolos de colaboraci\u00f3n"},"content":{"rendered":"<p>Se han desarrollado las actividades incluidas en los siguientes convenios de colaboraci\u00f3n:<\/p>\n<p><span style=\"color: #ff6600;\"><strong>Convenio Universidad de Valencia.<\/strong><\/span><\/p>\n<ul>\n<li>Asesoramiento para la implantaci\u00f3n de los planes de autoprotecci\u00f3n de los edificios universitarios.<\/li>\n<li>Participaci\u00f3n simulacro\u00a0 UV.Burjassot.\u00a0 05\/06\/2018<\/li>\n<li>Colaboraci\u00f3n con la facultad de Qu\u00edmicas para la tutorizaci\u00f3n de trabajos final de grado.<\/li>\n<li>Trabajo tutorizado en 2018: Nubes inflamables de Amoniaco (NH3). Origen, evoluci\u00f3n y consecuencias de accidentes en el transporte por carretera. Informaci\u00f3n y recursos necesarios para la actuaci\u00f3n de servicios de emergencia.<\/li>\n<\/ul>\n<p><strong><span style=\"color: #ff6600;\">Convenio Saggas-Naturgy.<\/span><\/strong><\/p>\n<p style=\"text-align: justify;\">De acuerdo con el plan de actuaci\u00f3n establecido por la Comisi\u00f3n de seguimiento se han desarrollado las acciones en base a un estudio de un escenario de riesgo en cada empresa para el desarrollo de formaci\u00f3n conjunta con los equipos de intervenci\u00f3n internos y los bomberos de los parques de la zona 1.<\/p>\n<p><strong><span style=\"color: #ff6600;\">Protocolo Central Nuclear de Cofrentes<\/span><\/strong><\/p>\n<ul>\n<li>Evaluaci\u00f3n Brigada de Bomberos Central Nuclear\u00a0 \u00a0 \u00a0 \u00a012\/03\/2018<\/li>\n<li>Simulacro activaci\u00f3n interno Protocolo de llamadas\u00a0 y avisos.CBV\/CNC\u00a0 \u00a021\/09\/2018<\/li>\n<li>Simulacro activaci\u00f3n Protocolo CBV\/CNC\/Emergen\/DG\u00a0 \u00a0 \u00a0 \u00a005\/04\/2018<\/li>\n<li>Jornadas\u00a0 formativas conjuntas entre personal de la Central y Bomberos\u00a0\u00a0 de los Parques\u00a0 Profesionales de Requena,Chiva y de los parques de voluntarios de\u00a0 Ayora ,Cofrentes\u00a0 y Sinarcas\u00a0 (93).\u00a0 \u00a0 \u00a0 6\/8\/12\/14\/20 de Noviembre<\/li>\n<\/ul>\n<p><strong><span style=\"color: #ff6600;\">Convenios y protocolos en negociaci\u00f3n<\/span><\/strong><\/p>\n<ul>\n<li>Convenio Autoridad Portuaria de Valencia<\/li>\n<li>Colegio Oficial de Psic\u00f3logos: Universidad de Valencia<\/li>\n<\/ul>\n","protected":false},"excerpt":{"rendered":"<p>Se han desarrollado las actividades incluidas en los siguientes convenios de colaboraci\u00f3n: Convenio Universidad de Valencia. Asesoramiento para la implantaci\u00f3n de los planes de autoprotecci\u00f3n de los edificios universitarios. Participaci\u00f3n simulacro\u00a0 UV.Burjassot.\u00a0 05\/06\/2018 Colaboraci\u00f3n con la facultad de Qu\u00edmicas para la tutorizaci\u00f3n de trabajos final de grado. Trabajo tutorizado en 2018: Nubes inflamables de Amoniaco [&hellip;]<\/p>\n","protected":false},"author":183,"featured_media":0,"parent":48305,"menu_order":0,"comment_status":"closed","ping_status":"closed","template":"","meta":{"footnotes":""},"class_list":["post-48638","page","type-page","status-publish","hentry"],"_links":{"self":[{"href":"https:\/\/www.bombersdv.es\/es\/wp-json\/wp\/v2\/pages\/48638"}],"collection":[{"href":"https:\/\/www.bombersdv.es\/es\/wp-json\/wp\/v2\/pages"}],"about":[{"href":"https:\/\/www.bombersdv.es\/es\/wp-json\/wp\/v2\/types\/page"}],"author":[{"embeddable":true,"href":"https:\/\/www.bombersdv.es\/es\/wp-json\/wp\/v2\/users\/183"}],"replies":[{"embeddable":true,"href":"https:\/\/www.bombersdv.es\/es\/wp-json\/wp\/v2\/comments?post=48638"}],"version-history":[{"count":2,"href":"https:\/\/www.bombersdv.es\/es\/wp-json\/wp\/v2\/pages\/48638\/revisions"}],"predecessor-version":[{"id":48640,"href":"https:\/\/www.bombersdv.es\/es\/wp-json\/wp\/v2\/pages\/48638\/revisions\/48640"}],"up":[{"embeddable":true,"href":"https:\/\/www.bombersdv.es\/es\/wp-json\/wp\/v2\/pages\/48305"}],"wp:attachment":[{"href":"https:\/\/www.bombersdv.es\/es\/wp-json\/wp\/v2\/media?parent=48638"}],"curies":[{"name":"wp","href":"https:\/\/api.w.org\/{rel}","templated":true}]}}