{"id":48651,"date":"2019-11-25T06:27:42","date_gmt":"2019-11-25T05:27:42","guid":{"rendered":"https:\/\/www.bombersdv.es\/?page_id=48651"},"modified":"2019-11-25T06:30:19","modified_gmt":"2019-11-25T05:30:19","slug":"prevencion-en-eventos","status":"publish","type":"page","link":"https:\/\/www.bombersdv.es\/es\/consorcio\/memorias-de-actividad\/memoria-2018-indice-2\/prevencion-en-eventos\/","title":{"rendered":"Prevenci\u00f3n en eventos"},"content":{"rendered":"<p><span style=\"color: #ff6600;\"><strong>Circuito de Cheste<\/strong><\/span>:\u00a0Del 12 al 18 de noviembre de 2108, se han atendido las prevenciones (7) con motivo de la actividad desarrollada en el circuito de velocidad\u00a0 \u201cRicardo Tormo\u201d de Cheste.<\/p>\n<p><strong><span style=\"color: #ff6600;\">Dise\u00f1o y colaboraci\u00f3n en Simulacros<\/span><\/strong><\/p>\n<ul>\n<li>Simulacro Activaci\u00f3n PEE Ercross.\u00a0\u00a0\u00a0\u00a0\u00a0\u00a0\u00a0\u00a0\u00a0\u00a0\u00a0\u00a0\u00a0\u00a0\u00a0\u00a0\u00a0\u00a0\u00a0\u00a0\u00a0\u00a0\u00a0\u00a0\u00a0\u00a0\u00a0\u00a0\u00a0\u00a0\u00a0\u00a0\u00a0\u00a0\u00a0\u00a0\u00a0\u00a0\u00a0\u00a0\u00a0\u00a0\u00a0\u00a0\u00a0\u00a0\u00a0\u00a0\u00a0\u00a0\u00a0\u00a0\u00a0\u00a0\u00a0\u00a0\u00a0\u00a0\u00a0\u00a0\u00a0\u00a0\u00a0 8\/11\/2018<\/li>\n<li>Simulacro Plan Especial Riesgo S\u00edsmico Torrevieja\/Algemes\u00ed\u00a0\u00a0\u00a0\u00a0\u00a0\u00a0\u00a0\u00a0\u00a0\u00a0\u00a0\u00a0\u00a0\u00a0\u00a0\u00a0\u00a0\u00a0\u00a0 14\/11\/2018<\/li>\n<li>Simulacro Actuaci\u00f3n Urbanizaci\u00f3n Montemayor de Gandia\u00a0\u00a0\u00a0\u00a0\u00a0\u00a0\u00a0\u00a0\u00a0\u00a0\u00a0\u00a0\u00a0\u00a0\u00a0\u00a0\u00a0\u00a0\u00a0\u00a0\u00a0\u00a0\u00a0\u00a0 08\/06\/2018<\/li>\n<li>Simulacro General Aerop\u00f9erto de Valencia\u00a0\u00a0\u00a0\u00a0\u00a0\u00a0\u00a0\u00a0\u00a0\u00a0\u00a0\u00a0\u00a0\u00a0\u00a0\u00a0\u00a0\u00a0\u00a0\u00a0\u00a0\u00a0\u00a0\u00a0\u00a0\u00a0\u00a0\u00a0\u00a0\u00a0\u00a0\u00a0\u00a0\u00a0\u00a0\u00a0\u00a0\u00a0\u00a0\u00a0\u00a0\u00a0\u00a0\u00a0\u00a0\u00a0\u00a0\u00a0\u00a0 24\/05\/2018<\/li>\n<li>Simulacro y formaci\u00f3n Balneario de Cofrentes.\u00a0\u00a0\u00a0\u00a0\u00a0\u00a0\u00a0\u00a0\u00a0\u00a0\u00a0\u00a0\u00a0\u00a0\u00a0\u00a0\u00a0 \u00a0\u00a0\u00a0\u00a0\u00a0\u00a0\u00a0\u00a0\u00a0\u00a0\u00a0\u00a0\u00a0\u00a0\u00a0\u00a0\u00a0\u00a0\u00a0\u00a0\u00a0\u00a0\u00a0\u00a0\u00a0\u00a027\/06\/2018<\/li>\n<li>Simulacro empresa Dupont.\u00a0\u00a0\u00a0\u00a0\u00a0\u00a0\u00a0\u00a0\u00a0\u00a0\u00a0\u00a0\u00a0\u00a0\u00a0\u00a0\u00a0\u00a0\u00a0\u00a0\u00a0\u00a0\u00a0\u00a0\u00a0\u00a0\u00a0\u00a0\u00a0\u00a0\u00a0\u00a0\u00a0\u00a0\u00a0\u00a0\u00a0\u00a0\u00a0\u00a0\u00a0\u00a0\u00a0\u00a0\u00a0\u00a0\u00a0\u00a0\u00a0\u00a0\u00a0\u00a0\u00a0\u00a0\u00a0\u00a0\u00a0\u00a0\u00a0\u00a0\u00a0\u00a0\u00a0\u00a0\u00a0\u00a0\u00a0\u00a0\u00a0\u00a0\u00a0\u00a0\u00a0 08\/05\/2018<\/li>\n<li>Simulacro Espeleosocorro\u00a0\u00a0\u00a0\u00a0\u00a0\u00a0\u00a0\u00a0\u00a0\u00a0\u00a0\u00a0\u00a0\u00a0\u00a0\u00a0\u00a0\u00a0\u00a0\u00a0\u00a0\u00a0\u00a0\u00a0\u00a0\u00a0\u00a0\u00a0\u00a0\u00a0\u00a0\u00a0\u00a0\u00a0\u00a0\u00a0\u00a0\u00a0\u00a0\u00a0\u00a0\u00a0\u00a0\u00a0\u00a0\u00a0\u00a0\u00a0\u00a0\u00a0\u00a0\u00a0\u00a0\u00a0\u00a0\u00a0\u00a0\u00a0\u00a0\u00a0\u00a0\u00a0\u00a0\u00a0\u00a0\u00a0\u00a0\u00a0\u00a0\u00a0\u00a0\u00a0\u00a0\u00a0\u00a0 27\/10\/2018<\/li>\n<li>Simulacro evacuaci\u00f3n Acerinor-Metal\u00a0\u00a0\u00a0\u00a0\u00a0\u00a0\u00a0\u00a0\u00a0\u00a0\u00a0\u00a0\u00a0\u00a0\u00a0\u00a0\u00a0\u00a0\u00a0\u00a0\u00a0\u00a0\u00a0\u00a0\u00a0\u00a0\u00a0\u00a0\u00a0\u00a0\u00a0\u00a0\u00a0\u00a0\u00a0\u00a0\u00a0\u00a0\u00a0\u00a0\u00a0\u00a0\u00a0\u00a0\u00a0\u00a0\u00a0\u00a0\u00a0\u00a0\u00a0\u00a0\u00a0\u00a0\u00a0\u00a0\u00a0 21\/11\/2018<\/li>\n<li>Jornada solidarias Colegio P\u00fablico Llombai\u00a0\u00a0\u00a0\u00a0\u00a0\u00a0\u00a0\u00a0\u00a0\u00a0\u00a0\u00a0\u00a0\u00a0\u00a0\u00a0\u00a0\u00a0\u00a0\u00a0\u00a0\u00a0\u00a0\u00a0\u00a0\u00a0\u00a0\u00a0\u00a0\u00a0\u00a0\u00a0\u00a0\u00a0\u00a0\u00a0\u00a0\u00a0\u00a0\u00a0\u00a0 23\/27 Abril 2018<\/li>\n<li>Jornada Formaci\u00f3n Oficiales FGV\u00a0\u00a0\u00a0\u00a0\u00a0\u00a0\u00a0\u00a0\u00a0\u00a0\u00a0\u00a0\u00a0\u00a0\u00a0\u00a0\u00a0 \u00a0\u00a0\u00a0\u00a0\u00a0\u00a0\u00a0\u00a0\u00a0\u00a0\u00a0\u00a0\u00a0\u00a0\u00a0\u00a0\u00a0\u00a0\u00a0\u00a0\u00a0\u00a0\u00a0\u00a0\u00a0\u00a0\u00a0\u00a0\u00a0\u00a0\u00a0\u00a0\u00a0\u00a0\u00a0\u00a0\u00a0\u00a0\u00a0\u00a0\u00a0\u00a0\u00a0\u00a0\u00a0\u00a020\/02\/2018<\/li>\n<li>Jornada Intervenci\u00f3n en Emergencias Radiol\u00f3gicas.\u00a0\u00a0\u00a0\u00a0\u00a0\u00a0\u00a0\u00a0\u00a0\u00a0\u00a0\u00a0\u00a0\u00a0\u00a0\u00a0\u00a0\u00a0\u00a0\u00a0\u00a0\u00a0\u00a0\u00a0\u00a0\u00a0\u00a0\u00a0\u00a0\u00a0\u00a0\u00a0\u00a0\u00a0 22\/11\/2018.<\/li>\n<\/ul>\n<p><span style=\"color: #ff6600;\"><strong>Fallas 2018<\/strong><\/span><\/p>\n<p style=\"text-align: justify;\"><span style=\"color: #000000;\">Durante la campa\u00f1a de Fallas 2018 se han recibido la petici\u00f3n de prevenci\u00f3n de 532 fallas correspondientes a 82 ayuntamientos de la provincia de Valencia<\/span><\/p>\n<p style=\"text-align: justify;\">Realizada la inspecci\u00f3n de monumento una vez plantado se realiz\u00f3 la <strong><span style=\"color: #ff6600;\">prevenci\u00f3n con recursos del Consorcio a 290 fallas de 62 municipios.<\/span><\/strong><\/p>\n<p>Los recursos empleados fueron:<\/p>\n<ul>\n<li>35 Autobombas del Consorcio<\/li>\n<li>31 Autobombas dela Generalitat valenciana<\/li>\n<li>2 Autobomba del SPEIS Albacete<\/li>\n<li>40 Unidades de personal y carga (UPC) del Consorcio<\/li>\n<li>28 Unidades de personal y carga (UPC) de la Diputaci\u00f3n de Valencia<\/li>\n<li>350 personas (Bomberos Consorcio, Brigadas Generalitat y Brigadas Diputaci\u00f3n)<\/li>\n<\/ul>\n","protected":false},"excerpt":{"rendered":"<p>Circuito de Cheste:\u00a0Del 12 al 18 de noviembre de 2108, se han atendido las prevenciones (7) con motivo de la actividad desarrollada en el circuito de velocidad\u00a0 \u201cRicardo Tormo\u201d de Cheste. Dise\u00f1o y colaboraci\u00f3n en Simulacros Simulacro Activaci\u00f3n PEE Ercross.\u00a0\u00a0\u00a0\u00a0\u00a0\u00a0\u00a0\u00a0\u00a0\u00a0\u00a0\u00a0\u00a0\u00a0\u00a0\u00a0\u00a0\u00a0\u00a0\u00a0\u00a0\u00a0\u00a0\u00a0\u00a0\u00a0\u00a0\u00a0\u00a0\u00a0\u00a0\u00a0\u00a0\u00a0\u00a0\u00a0\u00a0\u00a0\u00a0\u00a0\u00a0\u00a0\u00a0\u00a0\u00a0\u00a0\u00a0\u00a0\u00a0\u00a0\u00a0\u00a0\u00a0\u00a0\u00a0\u00a0\u00a0\u00a0\u00a0\u00a0\u00a0\u00a0\u00a0 8\/11\/2018 Simulacro Plan Especial Riesgo S\u00edsmico Torrevieja\/Algemes\u00ed\u00a0\u00a0\u00a0\u00a0\u00a0\u00a0\u00a0\u00a0\u00a0\u00a0\u00a0\u00a0\u00a0\u00a0\u00a0\u00a0\u00a0\u00a0\u00a0 14\/11\/2018 Simulacro Actuaci\u00f3n Urbanizaci\u00f3n Montemayor de Gandia\u00a0\u00a0\u00a0\u00a0\u00a0\u00a0\u00a0\u00a0\u00a0\u00a0\u00a0\u00a0\u00a0\u00a0\u00a0\u00a0\u00a0\u00a0\u00a0\u00a0\u00a0\u00a0\u00a0\u00a0 08\/06\/2018 [&hellip;]<\/p>\n","protected":false},"author":183,"featured_media":0,"parent":48305,"menu_order":0,"comment_status":"closed","ping_status":"closed","template":"","meta":{"footnotes":""},"class_list":["post-48651","page","type-page","status-publish","hentry"],"_links":{"self":[{"href":"https:\/\/www.bombersdv.es\/es\/wp-json\/wp\/v2\/pages\/48651"}],"collection":[{"href":"https:\/\/www.bombersdv.es\/es\/wp-json\/wp\/v2\/pages"}],"about":[{"href":"https:\/\/www.bombersdv.es\/es\/wp-json\/wp\/v2\/types\/page"}],"author":[{"embeddable":true,"href":"https:\/\/www.bombersdv.es\/es\/wp-json\/wp\/v2\/users\/183"}],"replies":[{"embeddable":true,"href":"https:\/\/www.bombersdv.es\/es\/wp-json\/wp\/v2\/comments?post=48651"}],"version-history":[{"count":4,"href":"https:\/\/www.bombersdv.es\/es\/wp-json\/wp\/v2\/pages\/48651\/revisions"}],"predecessor-version":[{"id":48655,"href":"https:\/\/www.bombersdv.es\/es\/wp-json\/wp\/v2\/pages\/48651\/revisions\/48655"}],"up":[{"embeddable":true,"href":"https:\/\/www.bombersdv.es\/es\/wp-json\/wp\/v2\/pages\/48305"}],"wp:attachment":[{"href":"https:\/\/www.bombersdv.es\/es\/wp-json\/wp\/v2\/media?parent=48651"}],"curies":[{"name":"wp","href":"https:\/\/api.w.org\/{rel}","templated":true}]}}