{"id":48680,"date":"2019-11-25T07:06:36","date_gmt":"2019-11-25T06:06:36","guid":{"rendered":"https:\/\/www.bombersdv.es\/?page_id=48680"},"modified":"2019-11-25T07:06:36","modified_gmt":"2019-11-25T06:06:36","slug":"urec-18","status":"publish","type":"page","link":"https:\/\/www.bombersdv.es\/es\/consorcio\/memorias-de-actividad\/memoria-2018-indice-2\/urec-18\/","title":{"rendered":"urec 18"},"content":{"rendered":"<p style=\"text-align: justify;\">Durante el a\u00f1o 2018 la Unidad de Rescate en Emergencias y Cat\u00e1strofes UREC contin\u00faa con su <span style=\"color: #ff6600;\"><strong>preparaci\u00f3n formativa<\/strong><\/span>, pr\u00e1cticas y equipamiento para dar una respuesta adecuada.<\/p>\n<p style=\"text-align: justify;\">Para ello realizan <span style=\"color: #ff6600;\">7 practicas<\/span> de 7 horas de duraci\u00f3n cada una y <span style=\"color: #ff6600;\">6 pr\u00e1cticas<\/span> de 10 horas de duraci\u00f3n, donde se entrenan:<\/p>\n<ul>\n<li style=\"text-align: justify;\">Maniobras de manipulaci\u00f3n de heridos.<\/li>\n<li style=\"text-align: justify;\">Maniobras de extracci\u00f3n de heridos en espacios confinados.<\/li>\n<li style=\"text-align: justify;\">T\u00e9cnicas de evacuaci\u00f3n de heridos por superficies inestables.<\/li>\n<li style=\"text-align: justify;\">T\u00e9cnicas de rotura de hormig\u00f3n armado.<\/li>\n<li style=\"text-align: justify;\">T\u00e9cnicas de corte de hierro, madera y cristal blindado.<\/li>\n<li style=\"text-align: justify;\">T\u00e9cnicas de evacuaci\u00f3n de heridos de zonas inestables en altura.<\/li>\n<li style=\"text-align: justify;\">Utilizaci\u00f3n de herramientas tecnol\u00f3gicas para el control de estabilidad de estructuras.<\/li>\n<li style=\"text-align: justify;\">T\u00e9cnicas de apuntalamiento de edificaciones en peligro de derrumbe.<\/li>\n<li style=\"text-align: justify;\">T\u00e9cnicas de apuntalamiento en espacios confinados.<\/li>\n<li style=\"text-align: justify;\">Localizaci\u00f3n electr\u00f3nica de v\u00edctimas sepultadas.<\/li>\n<li style=\"text-align: justify;\">T\u00e9cnicas de extracci\u00f3n de v\u00edctimas mediante tr\u00edpodes de evacuaci\u00f3n.<\/li>\n<li style=\"text-align: justify;\">Elevaci\u00f3n y tracci\u00f3n de grandes pesos mediante maniobras de fortuna.<\/li>\n<\/ul>\n<p style=\"text-align: justify;\">Durante los d\u00edas 22 y 23 de septiembre la unidad UREC, participa en Madrid en el <span style=\"color: #ff6600;\"><strong>ejercicio USAR-INSARAG<\/strong> <\/span>con el nombre ARGOS-K9-SPAIN 2018, con la participaci\u00f3n de equipos USAR de diferentes pa\u00edses europeos. Donde se simulaba una intervenci\u00f3n en una gran cat\u00e1strofe con la intervenci\u00f3n de equipos internacionales y donde se trabajaron t\u00e9cnicas de localizaci\u00f3n y rescate de v\u00edctimas atrapadas bajo escombros.<\/p>\n<p style=\"text-align: justify;\">El d\u00eda 26 de octubre la unidad UREC realiza un <span style=\"color: #ff6600;\"><strong>entrenamiento conjunto con componentes especialistas Bomberos del Ayuntamiento de Valencia<\/strong><\/span>, en el nuevo centro de formaci\u00f3n del Consorcio en Xativa. Este entrenamiento se planific\u00f3 para coordinar los trabajos en estructuras colapsadas, de forma que en caso de una colaboraci\u00f3n en un servicio real, el trabajo conjunto sea efectivo y coordinado.<\/p>\n<p style=\"text-align: justify;\">El 14 de noviembre la unidad UREC, colabora en la organizaci\u00f3n y participa en <span style=\"color: #ff6600;\"><strong>#GRAN SIMULACRO 2018 sismo Torrevieja<\/strong><\/span>, gestionado por el Centro Coordinador de Emergencias de la Generalitat Valenciana, dentro del Plan Especial S\u00edsmico de la Comunidad Valenciana. Se realiz\u00f3 la parte de direcci\u00f3n completa, evacuaciones, revisi\u00f3n de edificios, campamento de albergue y evaluaci\u00f3n de da\u00f1os en Torrevieja, siendo la parte operativa de la Unidad B\u00e1sica de Intervenci\u00f3n en el campo de formaci\u00f3n y pr\u00e1cticas de la ONG Intervenci\u00f3n, Ayuda y Emergencias en Algemes\u00ed. Donde se unieron efectivos de distintos servicios de Bomberos de la Comunidad Valenciana y estructurar un M\u00f3dulo MUSAR Europeo, bajo la direcci\u00f3n del modulo de mando de UREC, se configuraron 3 grupos de trabajo para dar respuesta a una intervenci\u00f3n compleja con gran cantidad de desaparecidos entre los escombros del derrumbamiento ficticio de un barrio de Torrevieja.<\/p>\n<p style=\"text-align: justify;\">Durante el primer semestre del 2018 la unidad UREC, prepara el <span style=\"color: #ff6600;\"><strong>\u201cCURSO DE INTERVENCI\u00d3N EN ESTRUCTURAS COLAPSADAS\u201d<\/strong> <\/span>destinado a la totalidad del personal operativo del Consorcio. Para ello se prepara una Gu\u00eda T\u00e1ctica y 8 Gu\u00edas de M\u00e9todo que pasan para su aprobaci\u00f3n por la Comisi\u00f3n T\u00e9cnica de Riesgos Laborables y por el Departamento de Operaciones.<\/p>\n<p style=\"text-align: justify;\">Los d\u00edas 25, 25 y 27 de septiembre, se realiza la edici\u00f3n 0, para los componentes de la unidad UREC que ser\u00e1n los encargados de impartir esta formaci\u00f3n.<\/p>\n<p style=\"text-align: justify;\">Del 2 de octubre al 7 de noviembre, se imparte la formaci\u00f3n a la Zona 1<\/p>\n<p style=\"text-align: justify;\">Del 14 de noviembre al 13 de diciembre se imparte la formaci\u00f3n a la Zona 2<\/p>\n<p style=\"text-align: justify;\">Durante el 2018 la unidad UREC es <span style=\"color: #ff6600;\"><strong>movilizada para diferentes intervenciones<\/strong><\/span>, donde es necesario realizar apuntalamientos de estructuras, cortes de hormig\u00f3n mediante herramientas de corte h\u00famedo y apoyo en servicios donde las caracter\u00edsticas o las necesidades de herramientas espec\u00edficas hac\u00edan necesaria la intervenci\u00f3n de los especialistas.<\/p>\n<p style=\"text-align: justify;\">El 26 de junio de 2018, se firma un <span style=\"color: #ff6600;\"><strong>Protocolo de Colaboraci\u00f3n y Movilizaci\u00f3n con la ONG Intervenci\u00f3n, Ayuda y Emergencias,<\/strong> <\/span>con la finalidad de dotar a UREC de un complemento espec\u00edfico para disponer de localizaci\u00f3n canina, adem\u00e1s de poder complementar sus capacidades USAR a nivel nacional o internacional, uniendo a la localizaci\u00f3n canina, apoyo sanitario, log\u00edstica y potabilizaci\u00f3n de agua.<\/p>\n","protected":false},"excerpt":{"rendered":"<p>Durante el a\u00f1o 2018 la Unidad de Rescate en Emergencias y Cat\u00e1strofes UREC contin\u00faa con su preparaci\u00f3n formativa, pr\u00e1cticas y equipamiento para dar una respuesta adecuada. Para ello realizan 7 practicas de 7 horas de duraci\u00f3n cada una y 6 pr\u00e1cticas de 10 horas de duraci\u00f3n, donde se entrenan: Maniobras de manipulaci\u00f3n de heridos. Maniobras [&hellip;]<\/p>\n","protected":false},"author":183,"featured_media":0,"parent":48305,"menu_order":0,"comment_status":"closed","ping_status":"closed","template":"","meta":{"footnotes":""},"class_list":["post-48680","page","type-page","status-publish","hentry"],"_links":{"self":[{"href":"https:\/\/www.bombersdv.es\/es\/wp-json\/wp\/v2\/pages\/48680"}],"collection":[{"href":"https:\/\/www.bombersdv.es\/es\/wp-json\/wp\/v2\/pages"}],"about":[{"href":"https:\/\/www.bombersdv.es\/es\/wp-json\/wp\/v2\/types\/page"}],"author":[{"embeddable":true,"href":"https:\/\/www.bombersdv.es\/es\/wp-json\/wp\/v2\/users\/183"}],"replies":[{"embeddable":true,"href":"https:\/\/www.bombersdv.es\/es\/wp-json\/wp\/v2\/comments?post=48680"}],"version-history":[{"count":1,"href":"https:\/\/www.bombersdv.es\/es\/wp-json\/wp\/v2\/pages\/48680\/revisions"}],"predecessor-version":[{"id":48681,"href":"https:\/\/www.bombersdv.es\/es\/wp-json\/wp\/v2\/pages\/48680\/revisions\/48681"}],"up":[{"embeddable":true,"href":"https:\/\/www.bombersdv.es\/es\/wp-json\/wp\/v2\/pages\/48305"}],"wp:attachment":[{"href":"https:\/\/www.bombersdv.es\/es\/wp-json\/wp\/v2\/media?parent=48680"}],"curies":[{"name":"wp","href":"https:\/\/api.w.org\/{rel}","templated":true}]}}