{"id":49878,"date":"2020-02-21T10:15:34","date_gmt":"2020-02-21T09:15:34","guid":{"rendered":"https:\/\/www.bombersdv.es\/?page_id=49878"},"modified":"2020-12-04T12:42:20","modified_gmt":"2020-12-04T11:42:20","slug":"2020-actualizacion-2018-bt004-bolsa-secundaria-para-la-provision-del-pueseto-de-trabajo-de-cabo","status":"publish","type":"page","link":"https:\/\/www.bombersdv.es\/es\/oposiciones\/procesos-finalizados\/2020-actualizacion-2018-bt004-bolsa-secundaria-para-la-provision-del-pueseto-de-trabajo-de-cabo\/","title":{"rendered":"2020 actualizaci\u00f3n 2018\/BT004 Bolsa Secundaria  para la provisi\u00f3n del puesto de Trabajo de  Cabo"},"content":{"rendered":"<div class=\"fusion-fullwidth fullwidth-box fusion-builder-row-1 nonhundred-percent-fullwidth non-hundred-percent-height-scrolling\" style=\"--awb-background-position:left top;--awb-border-radius-top-left:0px;--awb-border-radius-top-right:0px;--awb-border-radius-bottom-right:0px;--awb-border-radius-bottom-left:0px;--awb-padding-top:20px;--awb-padding-bottom:20px;--awb-border-sizes-top:0px;--awb-border-sizes-bottom:0px;--awb-flex-wrap:wrap;\" ><div class=\"fusion-builder-row fusion-row\"><div class=\"fusion-layout-column fusion_builder_column fusion-builder-column-0 fusion_builder_column_1_1 1_1 fusion-one-full fusion-column-first fusion-column-last fusion-column-no-min-height\" style=\"--awb-bg-size:cover;--awb-margin-bottom:0px;\"><div class=\"fusion-column-wrapper fusion-flex-column-wrapper-legacy\"><div class=\"fusion-title title fusion-title-1 fusion-sep-none fusion-title-text fusion-title-size-two\"><h2 class=\"fusion-title-heading title-heading-left fusion-responsive-typography-calculated\" style=\"margin:0;--fontSize:34;line-height:1.09;\">2020 actualizaci\u00f3n 2018\/BT004 Bolsa Secundaria para la provision del puesto de trabajo de Cabo<\/h2><\/div><div class=\"fusion-text fusion-text-1\"><div class=\"table-2\">\n<table width=\"100%\">\n<thead>\n<tr>\n<th>Tr\u00e1mite<\/th>\n<th>Data<\/th>\n<th>Document(s)<\/th>\n<\/tr>\n<\/thead>\n<tbody>\n<tr>\n<tr>\n<td> Bases aprobadas por Decreto 646, de 15\/06\/2017 (rectificado por Decreto n\u00ba 321, de 23\/04\/2019)<\/td>\n<td>21\/02\/2020<\/td>\n<td><a href=\"https:\/\/www.bombersdv.es\/wp-content\/uploads\/2020\/02\/2016BT005B_BOLSA-SECUNDARIA-PROVISION-PUESTO-CABO-2\u00ba-proceso-BASES.pdf\" target=\"_blank\" rel=\"noopener noreferrer\">Bases DC 646, 15\/06\/2017<\/a><\/td>\n<\/tr>\n<tr>\n<td>Decreto Ampliaci\u00f3n y Actualizaci\u00f3n Bolsa Secundaria puestos de cabo 2018\/BT004<\/td>\n<td>21\/02\/2020<\/td>\n<td><a href=\"https:\/\/www.bombersdv.es\/wp-content\/uploads\/2020\/02\/Env\u00edo-GESTI\u00d3N_copia_autentica.pdf\" target=\"_blank\" rel=\"noopener noreferrer\">Decreto<\/a><\/td>\n<\/tr>\n<td> Anexo I Instancia<\/td>\n<td>21\/02\/2020<\/td>\n<td><a href=\"https:\/\/www.bombersdv.es\/wp-content\/uploads\/2020\/02\/ANEXO-I-solicitud-BOLSA-DE-TRABAJO-CABOS.pdf\" target=\"_blank\" rel=\"noopener noreferrer\">Instancia<\/a><\/td>\n<\/tr>\n<\/tr>\n<td> Publicaci\u00f3n lista provisional baremaci\u00f3n Bolsa Temporal Cabos<\/td>\n<td>20\/10\/2020<\/td>\n<td><a href=\"https:\/\/www.bombersdv.es\/wp-content\/uploads\/2020\/10\/Anuncio-Comision-Valoracion-Cabos-Copia-autentica-1.pdf\" target=\"_blank\" rel=\"noopener noreferrer\">Anuncio Comisi\u00f3n<\/a><\/td>\n<\/tr>\n<\/tr>\n<td> Publicaci\u00f3n resoluci\u00f3n de alegaciones y listado definitivo baremaci\u00f3n Bolsa Temporal Cabos<\/td>\n<td> 13\/11\/2020<\/td>\n<td><a href=\"https:\/\/www.bombersdv.es\/wp-content\/uploads\/2020\/11\/Anuncio-Comision-Valoracion-BS-Cabos-13-11-2020-Copia-autentica.pdf\" target=\"_blank\" rel=\"noopener noreferrer\">Anuncio Comisi\u00f3n<\/a><\/td>\n<\/tr>\n<\/tr>\n<tr style=\"height: 72px;\">\n<td style=\"width: 75.6345%; height: 72px;\"><strong><span style=\"color: #800000;\">Por Decreto de la Presidencia num 1123, de 03\/12\/2020, ha sido aprobada la Actualizaci\u00f3n y ampliaci\u00f3n de la Bolsa Secundaria para la provisi\u00f3n temporal de puestos de Cabos del CPBV. El periodo de vigencia de esta bolsa ser\u00e1 indefinido, perdiendo su vigencia con la constituci\u00f3n de una nueva bolsa.<\/span><br \/>\n<\/strong><\/td>\n<tr>\n<\/tbody>\n<\/table>\n<\/div>\n<\/div><div class=\"fusion-clearfix\"><\/div><\/div><\/div><\/div><\/div>\n","protected":false},"excerpt":{"rendered":"","protected":false},"author":192,"featured_media":0,"parent":15127,"menu_order":0,"comment_status":"closed","ping_status":"closed","template":"","meta":{"footnotes":""},"class_list":["post-49878","page","type-page","status-publish","hentry"],"_links":{"self":[{"href":"https:\/\/www.bombersdv.es\/es\/wp-json\/wp\/v2\/pages\/49878"}],"collection":[{"href":"https:\/\/www.bombersdv.es\/es\/wp-json\/wp\/v2\/pages"}],"about":[{"href":"https:\/\/www.bombersdv.es\/es\/wp-json\/wp\/v2\/types\/page"}],"author":[{"embeddable":true,"href":"https:\/\/www.bombersdv.es\/es\/wp-json\/wp\/v2\/users\/192"}],"replies":[{"embeddable":true,"href":"https:\/\/www.bombersdv.es\/es\/wp-json\/wp\/v2\/comments?post=49878"}],"version-history":[{"count":10,"href":"https:\/\/www.bombersdv.es\/es\/wp-json\/wp\/v2\/pages\/49878\/revisions"}],"predecessor-version":[{"id":53237,"href":"https:\/\/www.bombersdv.es\/es\/wp-json\/wp\/v2\/pages\/49878\/revisions\/53237"}],"up":[{"embeddable":true,"href":"https:\/\/www.bombersdv.es\/es\/wp-json\/wp\/v2\/pages\/15127"}],"wp:attachment":[{"href":"https:\/\/www.bombersdv.es\/es\/wp-json\/wp\/v2\/media?parent=49878"}],"curies":[{"name":"wp","href":"https:\/\/api.w.org\/{rel}","templated":true}]}}