{"id":50581,"date":"2020-04-09T12:02:46","date_gmt":"2020-04-09T10:02:46","guid":{"rendered":"https:\/\/www.bombersdv.es\/?page_id=50581"},"modified":"2021-05-03T08:40:47","modified_gmt":"2021-05-03T06:40:47","slug":"2020-bt001-bolsa-temporal-para-la-provision-del-puesto-de-trabajo-de-bombero-conductor","status":"publish","type":"page","link":"https:\/\/www.bombersdv.es\/es\/oposiciones\/procesos-finalizados\/2020-bt001-bolsa-temporal-para-la-provision-del-puesto-de-trabajo-de-bombero-conductor\/","title":{"rendered":"2020\/BT001 Bolsa Temporal para la provisi\u00f3n del puesto de Trabajo de  Bombero-Conductor"},"content":{"rendered":"<div class=\"fusion-fullwidth fullwidth-box fusion-builder-row-1 nonhundred-percent-fullwidth non-hundred-percent-height-scrolling\" style=\"--awb-background-position:left top;--awb-border-radius-top-left:0px;--awb-border-radius-top-right:0px;--awb-border-radius-bottom-right:0px;--awb-border-radius-bottom-left:0px;--awb-padding-top:20px;--awb-padding-bottom:20px;--awb-border-sizes-top:0px;--awb-border-sizes-bottom:0px;--awb-flex-wrap:wrap;\" ><div class=\"fusion-builder-row fusion-row\"><div class=\"fusion-layout-column fusion_builder_column fusion-builder-column-0 fusion_builder_column_1_1 1_1 fusion-one-full fusion-column-first fusion-column-last fusion-column-no-min-height\" style=\"--awb-bg-size:cover;--awb-margin-bottom:0px;\"><div class=\"fusion-column-wrapper fusion-flex-column-wrapper-legacy\"><div class=\"fusion-title title fusion-title-1 fusion-sep-none fusion-title-text fusion-title-size-two\"><h2 class=\"fusion-title-heading title-heading-left fusion-responsive-typography-calculated\" style=\"margin:0;--fontSize:34;line-height:1.09;\">2020\/BT001 Bolsa Temporal para la provisi\u00f3n del puesto de Trabajo de Bombero-Conductor<\/h2><\/div><div class=\"fusion-text fusion-text-1\"><div class=\"table-2\">\n<table width=\"100%\">\n<thead>\n<tr>\n<th>Tr\u00e1mite<\/th>\n<th>Data<\/th>\n<th>Document(s)<\/th>\n<\/tr>\n<\/thead>\n<tbody>\n<tr>\n<td>Bases que regir\u00e1n la Bolsa Temporal para la provisi\u00f3n del puesto de Trabajo de Bombero-Conductor (Aprobadas por Decreto N\u00ba 352, 09\/04\/2020)<\/td>\n<td>09\/04\/2020<\/td>\n<td><a href=\"https:\/\/www.bombersdv.es\/wp-content\/uploads\/2020\/04\/ANEXO-I.pdf\" target=\"_blank\" rel=\"noopener noreferrer\"> BASES <\/a><\/td>\n<\/tr>\n<tr>\n<td>Lista provisional bolsa temporal<\/td>\n<td>09\/04\/2020<\/td>\n<td><a href=\"https:\/\/www.bombersdv.es\/wp-content\/uploads\/2020\/04\/Lista-provisional-bolsa-temporal_copia_autentica.pdf\" target=\"_blank\" rel=\"noopener noreferrer\"> Lista <\/a><\/td>\n<\/tr>\n<tr>\n<td>\n<p><span style=\"font-size: small;\"><b>Instancia aportaci\u00f3n documentaci\u00f3n acreditativa de las condiciones de capacidad y cumplimiento de los requisitos exigidos en las Bases de la Convocatoria<\/b><\/span><\/p>\n<p><span style=\"color: #ff0000;\"><span style=\"font-size: small;\">Con el objeto de agilizar la constituci\u00f3n de la correspondiente bolsa de trabajo temporal una vez superadas todas las pruebas por las personas aspirantes, se requiere que las mismas presenten el documento anexionado a este <\/span><\/span><span style=\"color: #ff0000;\"><span style=\"font-size: small;\">A<\/span><\/span><span style=\"color: #ff0000;\"><span style=\"font-size: small;\">nuncio con la correspondiente documentaci\u00f3n a trav\u00e9s de Registro de Entrada de este Consorcio (preferiblemente por Sede Electr\u00f3nica) antes del <\/span><\/span><span style=\"color: #ff0000;\"><span style=\"font-size: small;\">15<\/span><\/span><span style=\"color: #ff0000;\"><span style=\"font-size: small;\"> de julio de 2020.<br \/>\nDe acuerdo con las Bases de la Convocatoria, las personas participantes en la misma deber\u00e1n poseer los correspondientes requisitos en la fecha de finalizaci\u00f3n del plazo de presentaci\u00f3n de solicitudes y mantenerlos hasta la incorporaci\u00f3n efectiva y durante el desempe\u00f1o del puesto de trabajo mientras se hallen en servicio activo.<\/span><\/span><\/td>\n<td>23\/06\/2020<\/td>\n<td><a href=\"https:\/\/www.bombersdv.es\/wp-content\/uploads\/2020\/06\/2020_BT001-instancia-acreditaci\u00f3n-requisitos-formulario-OK.pdf\" target=\"_blank\" rel=\"noopener noreferrer\">Instancia<\/a><\/td>\n<\/tr>\n<tr>\n<td><span style=\"font-size: small;\"><b>Instancia orden de preferencia de destino de acuerdo con las zonas existentes en el CPBV<br \/>\n<\/b><\/span><\/p>\n<p align=\"justify\"><span style=\"color: #ff0000;\"><span style=\"font-family: Times New Roman, serif;\"><span style=\"font-size: small;\">Con el objeto de agilizar los correspondientes nombramientos como funcionarios interinos tras la constituci\u00f3n de la bolsa de trabajo temporal, se requiere que las personas aspirantes presenten a trav\u00e9s de correo electr\u00f3nico a la direcci\u00f3n \u201drrhh@bombersdv.es\u201d, el documento anexionado a este Anuncio en el que se indicar\u00e1 el orden de preferencia de destino de acuerdo con las Zonas existentes en el Consorcio Provincial de Bomberos de Valencia.<\/span><\/span><\/span><\/p>\n<p align=\"justify\"><span style=\"color: #ff0000;\"><span style=\"font-family: Times New Roman, serif;\"><span style=\"font-size: small;\">Plazo de presentaci\u00f3n: 14 al 21 de julio de 2020, ambos inclusive. <\/span><\/span><\/span><\/p>\n<\/td>\n<td>14\/07\/2020<\/td>\n<td><a href=\"https:\/\/www.bombersdv.es\/wp-content\/uploads\/2020\/07\/2020_BT001_INSTANCIA-pref-dest-FORMULARIO-CASTELL.pdf\" target=\"_blank\" rel=\"noopener noreferrer\">Instancia<\/a><\/td>\n<\/tr>\n<tr>\n<td>Constituci\u00f3n y Lista de la Bolsa Temporal de Bomberos<\/td>\n<td>28\/07\/2020<\/td>\n<td><a href=\"https:\/\/www.bombersdv.es\/wp-content\/uploads\/2020\/07\/Env\u00edo-GESTI\u00d3N_copia_autentica-2-1.pdf\" target=\"_blank\" rel=\"noopener noreferrer\">Bolsa Temporal Bomberos <\/a><\/td>\n<\/tr>\n<tr>\n<td>Normas y fecha de la Toma de posesi\u00f3n<\/td>\n<td>29\/07\/2020<\/td>\n<td><a href=\"https:\/\/www.bombersdv.es\/wp-content\/uploads\/2020\/07\/Anuncio-Acto-de-Firma-Actas-Toma-de-Posesi\u00f3n_copia_autentica.pdf\" target=\"_blank\" rel=\"noopener noreferrer\">Acto Toma posesi\u00f3n <\/a><\/td>\n<\/tr>\n<tr>\n<td><b>Informaci\u00f3n vigencia Bolsa<\/b><\/p>\n<p align=\"justify\"><span style=\"font-family: Times New Roman, serif;\"><span style=\"font-size: small;\"><span style=\"color: #ff0000;\">Bolsa que queda sin efectos a fecha 30\/\/04\/2021, por constituci\u00f3n de la Bolsa Primaria derivada del proceso 2018\/OP001 por Decreto de la Presidencia n\u00famero 336, de fecha 07\/04\/2021<\/span><\/span><\/span><\/p>\n<p><b> <\/b><\/td>\n<td>08\/04\/2021<\/td>\n<td><\/td>\n<\/tr>\n<\/tbody>\n<\/table>\n<\/div>\n<\/div><div class=\"fusion-clearfix\"><\/div><\/div><\/div><\/div><\/div>\n","protected":false},"excerpt":{"rendered":"","protected":false},"author":192,"featured_media":0,"parent":15127,"menu_order":0,"comment_status":"closed","ping_status":"closed","template":"","meta":{"footnotes":""},"class_list":["post-50581","page","type-page","status-publish","hentry"],"_links":{"self":[{"href":"https:\/\/www.bombersdv.es\/es\/wp-json\/wp\/v2\/pages\/50581"}],"collection":[{"href":"https:\/\/www.bombersdv.es\/es\/wp-json\/wp\/v2\/pages"}],"about":[{"href":"https:\/\/www.bombersdv.es\/es\/wp-json\/wp\/v2\/types\/page"}],"author":[{"embeddable":true,"href":"https:\/\/www.bombersdv.es\/es\/wp-json\/wp\/v2\/users\/192"}],"replies":[{"embeddable":true,"href":"https:\/\/www.bombersdv.es\/es\/wp-json\/wp\/v2\/comments?post=50581"}],"version-history":[{"count":17,"href":"https:\/\/www.bombersdv.es\/es\/wp-json\/wp\/v2\/pages\/50581\/revisions"}],"predecessor-version":[{"id":54238,"href":"https:\/\/www.bombersdv.es\/es\/wp-json\/wp\/v2\/pages\/50581\/revisions\/54238"}],"up":[{"embeddable":true,"href":"https:\/\/www.bombersdv.es\/es\/wp-json\/wp\/v2\/pages\/15127"}],"wp:attachment":[{"href":"https:\/\/www.bombersdv.es\/es\/wp-json\/wp\/v2\/media?parent=50581"}],"curies":[{"name":"wp","href":"https:\/\/api.w.org\/{rel}","templated":true}]}}