{"id":50681,"date":"2020-04-22T18:03:03","date_gmt":"2020-04-22T16:03:03","guid":{"rendered":"https:\/\/www.bombersdv.es\/?page_id=50681"},"modified":"2020-04-22T18:03:03","modified_gmt":"2020-04-22T16:03:03","slug":"regimen-de-las-subvenciones","status":"publish","type":"page","link":"https:\/\/www.bombersdv.es\/es\/portal-de-transparencia\/informacion-economica\/regimen-de-las-subvenciones\/","title":{"rendered":"R\u00c9GIMEN DE LAS SUBVENCIONES"},"content":{"rendered":"<p>BASES DE EJECUCI\u00d3N DEL PRESUPUESTO 2020<\/p>\n<p style=\"text-align: justify;\">BASE 52.- CONCESI\u00d3N DE SUBVENCIONES<\/p>\n<p style=\"text-align: justify;\">1.- Las subvenciones deber\u00e1n solicitarse a la Presidencia del Consorcio, a trav\u00e9s de la Gerencia, acompa\u00f1adas de una memoria detallada en la que se concreten las actividades que se pretenden subvencionar y un presupuesto pormenorizado de los gastos a realizar. A la vista de las presentadas, la Presidencia del Consorcio a propuesta de la Gerencia, si lo estima oportuno, decretar\u00e1 la concesi\u00f3n de las subvenciones solicitadas por la cuant\u00eda que estime conveniente, los fondos se librar\u00e1n con cargo al concepto 480.<\/p>\n<p style=\"text-align: justify;\">2.- El otorgamiento de las subvenciones tiene car\u00e1cter voluntario y excepcional, y el Consorcio podr\u00e1 revocarlas o reducirlas en cualquier momento, no siendo nunca invocables como precedente.<\/p>\n<p style=\"text-align: justify;\">3.- Se valorar\u00e1 para su concesi\u00f3n:<\/p>\n<ul style=\"text-align: justify;\">\n<li>Que el objeto social y las actividades desarrolladas sean complementarias de las del Consorcio Provincial de Bomberos de Valencia.<\/li>\n<li>La representatividad dentro del \u00e1mbito provincial<\/li>\n<li>La capacidad econ\u00f3mica aut\u00f3noma y las ayudas que reciban de otras instituciones.<\/li>\n<li>La importancia para el Consorcio de las actividades desarrolladas o que se pretendan desarrollar.<\/li>\n<\/ul>\n<p style=\"text-align: justify;\">4.- Las entidades subvencionadas justificar\u00e1n la utilizaci\u00f3n de los fondos recibidos, en los plazos que se establezcan, mediante la presentaci\u00f3n de un informe sobre la actividad desarrollada al que se adjuntar\u00e1n las facturas originales de los gastos realizados, como m\u00ednimo en cuant\u00eda id\u00e9ntica a la subvenci\u00f3n concedida. La falta de justificaci\u00f3n producir\u00e1 la obligaci\u00f3n de devolver las cantidades no justificadas y, en su caso, la inhabilitaci\u00f3n para percibir nuevas subvenciones, sin perjuicio de satisfacer el inter\u00e9s legal, a partir de la fecha en que deb\u00eda rendir la cuenta y hasta la fecha en que se verifique el reintegro.<\/p>\n<p style=\"text-align: justify;\">5.- Los gastos que, dentro del programa social del Consorcio, se destinen al fomento de actividades deportivas y culturales de los trabajadores, entre otras, diversas actividades deportivas y las Jornadas de puertas abiertas de la festividad de San Juan de Dios, se imputar\u00e1n igualmente al concepto 480, siendo de aplicaci\u00f3n lo dispuesto en los apartados anteriores.<\/p>\n<p style=\"text-align: justify;\">6.- Cuando las subvenciones se otorguen a colectivos de trabajadores no constituidos formalmente, se entender\u00e1 concedida a un trabajador concreto, que se identificar\u00e1 para el desarrollo de los fines subvencionados. Ser\u00e1 este trabajador el responsable de su justificaci\u00f3n que deber\u00e1 ser visada por sus mandos naturales en defecto de responsable designado para la actividad de que se trate.<\/p>\n<p style=\"text-align: justify;\">7.- La Concesi\u00f3n de cualquier tipo de subvenci\u00f3n requerir\u00e1 la formaci\u00f3n de un expediente en el que conste:<\/p>\n<p style=\"text-align: justify;\">&#8211; El fin p\u00fablico perseguido con la subvenci\u00f3n.<\/p>\n<p style=\"text-align: justify;\">&#8211; Las normas reguladora de la misma.<\/p>\n<p style=\"text-align: justify;\">&#8211; La existencia de cr\u00e9dito adecuado y suficiente.<\/p>\n<p style=\"text-align: justify;\">&#8211; La fiscalizaci\u00f3n previa de Intervenci\u00f3n.<\/p>\n<p style=\"text-align: justify;\">&#8211; La propuesta de concesi\u00f3n de subvenci\u00f3n y aprobaci\u00f3n del gasto por el \u00f3rgano competente.<\/p>\n","protected":false},"excerpt":{"rendered":"<p>BASES DE EJECUCI\u00d3N DEL PRESUPUESTO 2020 BASE 52.- CONCESI\u00d3N DE SUBVENCIONES 1.- Las subvenciones deber\u00e1n solicitarse a la Presidencia del Consorcio, a trav\u00e9s de la Gerencia, acompa\u00f1adas de una memoria detallada en la que se concreten las actividades que se pretenden subvencionar y un presupuesto pormenorizado de los gastos a realizar. A la vista de [&hellip;]<\/p>\n","protected":false},"author":183,"featured_media":0,"parent":15168,"menu_order":0,"comment_status":"closed","ping_status":"closed","template":"","meta":{"footnotes":""},"class_list":["post-50681","page","type-page","status-publish","hentry"],"_links":{"self":[{"href":"https:\/\/www.bombersdv.es\/es\/wp-json\/wp\/v2\/pages\/50681"}],"collection":[{"href":"https:\/\/www.bombersdv.es\/es\/wp-json\/wp\/v2\/pages"}],"about":[{"href":"https:\/\/www.bombersdv.es\/es\/wp-json\/wp\/v2\/types\/page"}],"author":[{"embeddable":true,"href":"https:\/\/www.bombersdv.es\/es\/wp-json\/wp\/v2\/users\/183"}],"replies":[{"embeddable":true,"href":"https:\/\/www.bombersdv.es\/es\/wp-json\/wp\/v2\/comments?post=50681"}],"version-history":[{"count":2,"href":"https:\/\/www.bombersdv.es\/es\/wp-json\/wp\/v2\/pages\/50681\/revisions"}],"predecessor-version":[{"id":50684,"href":"https:\/\/www.bombersdv.es\/es\/wp-json\/wp\/v2\/pages\/50681\/revisions\/50684"}],"up":[{"embeddable":true,"href":"https:\/\/www.bombersdv.es\/es\/wp-json\/wp\/v2\/pages\/15168"}],"wp:attachment":[{"href":"https:\/\/www.bombersdv.es\/es\/wp-json\/wp\/v2\/media?parent=50681"}],"curies":[{"name":"wp","href":"https:\/\/api.w.org\/{rel}","templated":true}]}}