{"id":50724,"date":"2020-04-22T18:40:56","date_gmt":"2020-04-22T16:40:56","guid":{"rendered":"https:\/\/www.bombersdv.es\/?page_id=50724"},"modified":"2020-04-22T18:40:56","modified_gmt":"2020-04-22T16:40:56","slug":"subvenciones-2016","status":"publish","type":"page","link":"https:\/\/www.bombersdv.es\/es\/portal-de-transparencia\/informacion-economica\/regimen-de-las-subvenciones\/subvenciones-2016\/","title":{"rendered":"SUBVENCIONES 2016"},"content":{"rendered":"<p>Asociaci\u00f3n Gand\u00eda; Ayuda humanitaria refugiados <a href=\"https:\/\/www.bombersdv.es\/wp-content\/uploads\/2020\/04\/2016-ASOC-GANDIA-AYUDA-HUMANITARIA-REFUGIADOS-D317-14_04_16.pdf\" target=\"_blank\" rel=\"noopener\">PDF<\/a><\/p>\n<p>Asociaci\u00f3n Sagunto; Calendarios solidarios. <a href=\"https:\/\/www.bombersdv.es\/wp-content\/uploads\/2020\/04\/2016-ASOC-SAGUNT-CALENDARIOS-SOLIDARIOS-D61-25_02_2016.pdf\" target=\"_blank\" rel=\"noopener\">PDF<\/a><\/p>\n<p>Asociaci\u00f3n Sagunto. Equipo excarcelaci\u00f3n. <a href=\"https:\/\/www.bombersdv.es\/wp-content\/uploads\/2020\/04\/2016-ASOC-SAGUNT-VIAJE-EQUIPO-EXCARCELACION-CURITIBA-D868-09_09_16.pdf\" target=\"_blank\" rel=\"noopener\">PDF<\/a><\/p>\n<p>&nbsp;<\/p>\n","protected":false},"excerpt":{"rendered":"<p>Asociaci\u00f3n Gand\u00eda; Ayuda humanitaria refugiados PDF Asociaci\u00f3n Sagunto; Calendarios solidarios. PDF Asociaci\u00f3n Sagunto. Equipo excarcelaci\u00f3n. PDF &nbsp;<\/p>\n","protected":false},"author":183,"featured_media":0,"parent":50681,"menu_order":0,"comment_status":"closed","ping_status":"closed","template":"","meta":{"footnotes":""},"class_list":["post-50724","page","type-page","status-publish","hentry"],"_links":{"self":[{"href":"https:\/\/www.bombersdv.es\/es\/wp-json\/wp\/v2\/pages\/50724"}],"collection":[{"href":"https:\/\/www.bombersdv.es\/es\/wp-json\/wp\/v2\/pages"}],"about":[{"href":"https:\/\/www.bombersdv.es\/es\/wp-json\/wp\/v2\/types\/page"}],"author":[{"embeddable":true,"href":"https:\/\/www.bombersdv.es\/es\/wp-json\/wp\/v2\/users\/183"}],"replies":[{"embeddable":true,"href":"https:\/\/www.bombersdv.es\/es\/wp-json\/wp\/v2\/comments?post=50724"}],"version-history":[{"count":2,"href":"https:\/\/www.bombersdv.es\/es\/wp-json\/wp\/v2\/pages\/50724\/revisions"}],"predecessor-version":[{"id":50726,"href":"https:\/\/www.bombersdv.es\/es\/wp-json\/wp\/v2\/pages\/50724\/revisions\/50726"}],"up":[{"embeddable":true,"href":"https:\/\/www.bombersdv.es\/es\/wp-json\/wp\/v2\/pages\/50681"}],"wp:attachment":[{"href":"https:\/\/www.bombersdv.es\/es\/wp-json\/wp\/v2\/media?parent=50724"}],"curies":[{"name":"wp","href":"https:\/\/api.w.org\/{rel}","templated":true}]}}