{"id":50728,"date":"2020-04-22T18:50:06","date_gmt":"2020-04-22T16:50:06","guid":{"rendered":"https:\/\/www.bombersdv.es\/?page_id=50728"},"modified":"2020-04-22T18:50:26","modified_gmt":"2020-04-22T16:50:26","slug":"subvenciones-2017","status":"publish","type":"page","link":"https:\/\/www.bombersdv.es\/es\/portal-de-transparencia\/informacion-economica\/regimen-de-las-subvenciones\/subvenciones-2017\/","title":{"rendered":"SUBVENCIONES 2017"},"content":{"rendered":"<p>Asociaci\u00f3n Bomberos; Actividades Deportivas: <a href=\"https:\/\/www.bombersdv.es\/wp-content\/uploads\/2020\/04\/2017-ASOC-BOMBERS-ACTIVIDADES-DEPORTIVAS-D429-04_05_17.pdf\" target=\"_blank\" rel=\"noopener\">PDF<\/a><\/p>\n<p>Asociaci\u00f3n Sagunt; Calendarios solidarios (1) : <a href=\"https:\/\/www.bombersdv.es\/wp-content\/uploads\/2020\/04\/2017-ASO-SAGUN-CALENDARIO-SOLIDARIOS-D112-04_12_17.pdf\" target=\"_blank\" rel=\"noopener\">PDF<\/a><\/p>\n<p>Asociaci\u00f3n Sagunt; Calendarios solidarios (2) : <a href=\"https:\/\/www.bombersdv.es\/wp-content\/uploads\/2020\/04\/2017-ASOC-SAGUNT-CALENDARIO-SOLIDARIO-D229-09_03_17.pdf\" target=\"_blank\" rel=\"noopener\">PDF<\/a><\/p>\n<p>Asociaci\u00f3n Sagunt; Puertas abiertas: <a href=\"https:\/\/www.bombersdv.es\/wp-content\/uploads\/2020\/04\/2017-ASOC-SAGUNT-PUERTAS-ABIERTAS-D230-09_03_17.pdf\" target=\"_blank\" rel=\"noopener\">PDF<\/a><\/p>\n<p>&nbsp;<\/p>\n<p>&nbsp;<\/p>\n","protected":false},"excerpt":{"rendered":"<p>Asociaci\u00f3n Bomberos; Actividades Deportivas: PDF Asociaci\u00f3n Sagunt; Calendarios solidarios (1) : PDF Asociaci\u00f3n Sagunt; Calendarios solidarios (2) : PDF Asociaci\u00f3n Sagunt; Puertas abiertas: PDF &nbsp; &nbsp;<\/p>\n","protected":false},"author":183,"featured_media":0,"parent":50681,"menu_order":0,"comment_status":"closed","ping_status":"closed","template":"","meta":{"footnotes":""},"class_list":["post-50728","page","type-page","status-publish","hentry"],"_links":{"self":[{"href":"https:\/\/www.bombersdv.es\/es\/wp-json\/wp\/v2\/pages\/50728"}],"collection":[{"href":"https:\/\/www.bombersdv.es\/es\/wp-json\/wp\/v2\/pages"}],"about":[{"href":"https:\/\/www.bombersdv.es\/es\/wp-json\/wp\/v2\/types\/page"}],"author":[{"embeddable":true,"href":"https:\/\/www.bombersdv.es\/es\/wp-json\/wp\/v2\/users\/183"}],"replies":[{"embeddable":true,"href":"https:\/\/www.bombersdv.es\/es\/wp-json\/wp\/v2\/comments?post=50728"}],"version-history":[{"count":4,"href":"https:\/\/www.bombersdv.es\/es\/wp-json\/wp\/v2\/pages\/50728\/revisions"}],"predecessor-version":[{"id":50732,"href":"https:\/\/www.bombersdv.es\/es\/wp-json\/wp\/v2\/pages\/50728\/revisions\/50732"}],"up":[{"embeddable":true,"href":"https:\/\/www.bombersdv.es\/es\/wp-json\/wp\/v2\/pages\/50681"}],"wp:attachment":[{"href":"https:\/\/www.bombersdv.es\/es\/wp-json\/wp\/v2\/media?parent=50728"}],"curies":[{"name":"wp","href":"https:\/\/api.w.org\/{rel}","templated":true}]}}