{"id":50744,"date":"2020-04-22T19:04:06","date_gmt":"2020-04-22T17:04:06","guid":{"rendered":"https:\/\/www.bombersdv.es\/?page_id=50744"},"modified":"2020-04-22T19:04:06","modified_gmt":"2020-04-22T17:04:06","slug":"subvenciones-2018","status":"publish","type":"page","link":"https:\/\/www.bombersdv.es\/es\/portal-de-transparencia\/informacion-economica\/regimen-de-las-subvenciones\/subvenciones-2018\/","title":{"rendered":"SUBVENCIONES 2018"},"content":{"rendered":"<p>Asociaci\u00f3n La Safor; Puertas Abiertas: <a href=\"https:\/\/www.bombersdv.es\/wp-content\/uploads\/2020\/04\/2018-ASOC-LA-SAFOR-D273-14_03_18.pdf\" target=\"_blank\" rel=\"noopener\">PDF<\/a><\/p>\n<p>Asociaci\u00f3n Sagunto; Puertas Abiertas: <a href=\"https:\/\/www.bombersdv.es\/wp-content\/uploads\/2020\/04\/2018-ASOC-SAGUNT-D190-23_02_18.pdf\" target=\"_blank\" rel=\"noopener\">PDF<\/a><\/p>\n<p>Asociaci\u00f3n Paterna; Carrera Solidaria: <a href=\"https:\/\/www.bombersdv.es\/wp-content\/uploads\/2020\/04\/2018-CROSS-PATERNA-D-1246-18_12_18.pdf\" target=\"_blank\" rel=\"noopener\">PDF<\/a><\/p>\n<p>Asociaci\u00f3n Bomberos Veteranos, Constituci\u00f3n: <a href=\"https:\/\/www.bombersdv.es\/wp-content\/uploads\/2020\/04\/2018-VETERANOS-INICIO-D-962-02_10_18.pdf\" target=\"_blank\" rel=\"noopener\">PDF<\/a><\/p>\n<p>Asociaci\u00f3n Bomberos Veteranos; Calendario solidario: <a href=\"https:\/\/www.bombersdv.es\/wp-content\/uploads\/2020\/04\/2018-CALENDARIO-SOLIDARIO-D-1248-18_12_18.pdf\" target=\"_blank\" rel=\"noopener\">PDF<\/a><\/p>\n<p>&nbsp;<\/p>\n<p>&nbsp;<\/p>\n<p>&nbsp;<\/p>\n<p>&nbsp;<\/p>\n<p>&nbsp;<\/p>\n","protected":false},"excerpt":{"rendered":"<p>Asociaci\u00f3n La Safor; Puertas Abiertas: PDF Asociaci\u00f3n Sagunto; Puertas Abiertas: PDF Asociaci\u00f3n Paterna; Carrera Solidaria: PDF Asociaci\u00f3n Bomberos Veteranos, Constituci\u00f3n: PDF Asociaci\u00f3n Bomberos Veteranos; Calendario solidario: PDF &nbsp; &nbsp; &nbsp; &nbsp; &nbsp;<\/p>\n","protected":false},"author":183,"featured_media":0,"parent":50681,"menu_order":0,"comment_status":"closed","ping_status":"closed","template":"","meta":{"footnotes":""},"class_list":["post-50744","page","type-page","status-publish","hentry"],"_links":{"self":[{"href":"https:\/\/www.bombersdv.es\/es\/wp-json\/wp\/v2\/pages\/50744"}],"collection":[{"href":"https:\/\/www.bombersdv.es\/es\/wp-json\/wp\/v2\/pages"}],"about":[{"href":"https:\/\/www.bombersdv.es\/es\/wp-json\/wp\/v2\/types\/page"}],"author":[{"embeddable":true,"href":"https:\/\/www.bombersdv.es\/es\/wp-json\/wp\/v2\/users\/183"}],"replies":[{"embeddable":true,"href":"https:\/\/www.bombersdv.es\/es\/wp-json\/wp\/v2\/comments?post=50744"}],"version-history":[{"count":2,"href":"https:\/\/www.bombersdv.es\/es\/wp-json\/wp\/v2\/pages\/50744\/revisions"}],"predecessor-version":[{"id":50746,"href":"https:\/\/www.bombersdv.es\/es\/wp-json\/wp\/v2\/pages\/50744\/revisions\/50746"}],"up":[{"embeddable":true,"href":"https:\/\/www.bombersdv.es\/es\/wp-json\/wp\/v2\/pages\/50681"}],"wp:attachment":[{"href":"https:\/\/www.bombersdv.es\/es\/wp-json\/wp\/v2\/media?parent=50744"}],"curies":[{"name":"wp","href":"https:\/\/api.w.org\/{rel}","templated":true}]}}