{"id":50936,"date":"2020-05-08T13:13:28","date_gmt":"2020-05-08T11:13:28","guid":{"rendered":"https:\/\/www.bombersdv.es\/?page_id=50936"},"modified":"2020-05-11T20:01:05","modified_gmt":"2020-05-11T18:01:05","slug":"plan-desescalada-consorcio-antes-de-ir-al-trabajo","status":"publish","type":"page","link":"https:\/\/www.bombersdv.es\/es\/plan-desescalada-consorcio-antes-de-ir-al-trabajo\/","title":{"rendered":"Plan Desescalada Consorcio. Antes de ir al trabajo"},"content":{"rendered":"<h2 style=\"text-align: justify;\">Antes de ir al trabajo.<\/h2>\n<p style=\"text-align: justify;\"><strong>1<\/strong>.\u00a0<strong><span style=\"color: #ff6600;\">Si presentas S\u00cdNTOMAS<\/span><\/strong> de tos, fiebre o dificultad al respirar que pudieran estar asociados con la COVID\u201019 <span style=\"color: #ff6600;\"><strong>no debes acudir al trabajo.<\/strong><\/span><\/p>\n<p style=\"text-align: justify;\"><strong>Deber\u00e1s contactar con tu Centro de Salud<\/strong> o con la l\u00ednea <strong>900 300 555<\/strong> para comunicar la situaci\u00f3n diciendo que perteneces a un servicio esencial y <strong>a continuaci\u00f3n comunicar\u00e1s con cualquiera de los dos t\u00e9cnicos del Servicio de Prevenci\u00f3n de Riesgos Laborales<\/strong> del Consorcio siguiendo a continuaci\u00f3n sus instrucciones.<\/p>\n<p style=\"text-align: justify;\"><strong>2<\/strong>.\u00a0<span style=\"color: #ff6600;\"><strong>Si eres conviviente, familiar o persona que haya estado en el mismo lugar<\/strong><\/span> que un caso mientras el caso <span style=\"color: #ff6600;\"><strong>presentaba S\u00cdNTOMAS<\/strong><\/span> a una distancia menor de 2 metros durante un tiempo de al menos 15 minutos<\/p>\n<p style=\"text-align: justify;\">o<\/p>\n<p style=\"text-align: justify;\"><span style=\"color: #ff6600;\"><strong>Si has proporcionado cuidados<\/strong><\/span> mientras el caso <span style=\"color: #ff6600;\"><strong>presentaba S\u00cdNTOMAS<\/strong> <\/span>sin utilizaci\u00f3n de las medidas de protecci\u00f3n adecuadas,<\/p>\n<p style=\"text-align: justify;\">Se considera que has tenido un <strong><span style=\"color: #ff6600;\">CONTACTO ESTRECHO<\/span><\/strong>, por lo que deber\u00e1s <strong>contactar con tu Centro de Salud<\/strong> o con la linea <strong>900 300 555<\/strong> para comunicar la situaci\u00f3n diciendo que perteneces a un servicio esencial y a continuaci\u00f3n <strong>comunicar\u00e1s con cualquiera de los dos t\u00e9cnicos del Servicio de Prevenci\u00f3n de Riesgos Laborales<\/strong> del Consorcio siguiendo a continuaci\u00f3n sus instrucciones.<\/p>\n<p style=\"text-align: justify;\"><strong>3<\/strong>. Si has <strong><span style=\"color: #ff6600;\">estado en el mismo lugar<\/span><\/strong> que un caso, <span style=\"color: #ff6600;\"><strong>SIN que el caso presentara S\u00cdNTOMAS<\/strong><\/span>, o<\/p>\n<p style=\"text-align: justify;\">Has <span style=\"color: #ff6600;\"><strong>estado en el mismo lugar que un caso que S\u00cd presentara S\u00cdNTOMAS<\/strong><\/span>, pero sin haberle proporcionado cuidados ni haber estado a una distancia menor de 2 metros.<\/p>\n<p style=\"text-align: justify;\">Se considera que has tenido un<span style=\"color: #ff6600;\"><strong> CONTACTO CASUAL<\/strong><\/span>, por lo que antes de acudir al trabajo deber\u00e1s c<strong>ontactar con tu Centro de Salud o con la l\u00ednea 900 300 555<\/strong> paracomunicar la situaci\u00f3n diciendo que perteneces a un servicio esencial y a continuaci\u00f3n <strong>comunicar\u00e1s con cualquiera de los dos t\u00e9cnicos del Servicio de Prevenci\u00f3n de Riesgos Laborales<\/strong> del Consorcio siguiendo a continuaci\u00f3n sus instrucciones.<\/p>\n<p style=\"text-align: justify;\"><strong>4<\/strong>. Si te encuentras dentro del personal catalogado como <span style=\"color: #ff6600;\"><strong>VULNERABLE<\/strong> <\/span>para COVID\u2010 19 y no has sido considerado\/a hasta ahora como persona especialmente sensible al coronavirus SARS\u2010CoV\u20102 por padecer:<\/p>\n<p style=\"text-align: justify; padding-left: 60px;\">\u2022 Diabetes<br \/>\n\u2022 Enfermedad cardiovascular, incluida hipertensi\u00f3n<br \/>\n\u2022 Enfermedad pulmonar cr\u00f3nica<br \/>\n\u2022 Inmunodeficiencia<br \/>\n\u2022 C\u00e1ncer en fase de tratamiento activo<br \/>\n\u2022 Embarazo<br \/>\n\u2022 Personal mayor de 60 a\u00f1os<\/p>\n<p style=\"text-align: justify;\">Deber\u00e1s <span style=\"color: #ff6600;\"><strong>ponerte en contacto con el Servicio de Prevenci\u00f3n de Riesgos Laborales<\/strong><\/span> del Consorcio, para que valore tu situaci\u00f3n como especialmente sensible, de conformidad con la evaluaci\u00f3n espec\u00edfica del riesgo de exposici\u00f3n al coronavirus SARS\u2010CoV\u20102 en el personal del CPBV (Anexo I).<\/p>\n<p style=\"text-align: justify;\">Se evaluar\u00e1 la situaci\u00f3n y se determinar\u00e1 si corresponde alguna adaptaci\u00f3n de tu puesto de trabajo, la realizaci\u00f3n de teletrabajo o la tramitaci\u00f3n de una PREL (prestaci\u00f3n riesgo embarazo lactancia) o una IT (incapacidad temporal) como trabajador especialmente sensible.<\/p>\n<p><a href=\"https:\/\/www.bombersdv.es\/es\/plan-de-desescalada-y-buenas-practicas-para-la-reincorporacion-a-los-centros-de-trabajo-crisis-covid-19\/\">Volver<\/a><\/p>\n","protected":false},"excerpt":{"rendered":"<p>Antes de ir al trabajo. 1.\u00a0Si presentas S\u00cdNTOMAS de tos, fiebre o dificultad al respirar que pudieran estar asociados con la COVID\u201019 no debes acudir al trabajo. Deber\u00e1s contactar con tu Centro de Salud o con la l\u00ednea 900 300 555 para comunicar la situaci\u00f3n diciendo que perteneces a un servicio esencial y a continuaci\u00f3n [&hellip;]<\/p>\n","protected":false},"author":183,"featured_media":0,"parent":0,"menu_order":0,"comment_status":"closed","ping_status":"closed","template":"","meta":{"footnotes":""},"class_list":["post-50936","page","type-page","status-publish","hentry"],"_links":{"self":[{"href":"https:\/\/www.bombersdv.es\/es\/wp-json\/wp\/v2\/pages\/50936"}],"collection":[{"href":"https:\/\/www.bombersdv.es\/es\/wp-json\/wp\/v2\/pages"}],"about":[{"href":"https:\/\/www.bombersdv.es\/es\/wp-json\/wp\/v2\/types\/page"}],"author":[{"embeddable":true,"href":"https:\/\/www.bombersdv.es\/es\/wp-json\/wp\/v2\/users\/183"}],"replies":[{"embeddable":true,"href":"https:\/\/www.bombersdv.es\/es\/wp-json\/wp\/v2\/comments?post=50936"}],"version-history":[{"count":7,"href":"https:\/\/www.bombersdv.es\/es\/wp-json\/wp\/v2\/pages\/50936\/revisions"}],"predecessor-version":[{"id":51034,"href":"https:\/\/www.bombersdv.es\/es\/wp-json\/wp\/v2\/pages\/50936\/revisions\/51034"}],"wp:attachment":[{"href":"https:\/\/www.bombersdv.es\/es\/wp-json\/wp\/v2\/media?parent=50936"}],"curies":[{"name":"wp","href":"https:\/\/api.w.org\/{rel}","templated":true}]}}