{"id":51569,"date":"2020-07-03T08:45:15","date_gmt":"2020-07-03T06:45:15","guid":{"rendered":"https:\/\/www.bombersdv.es\/?page_id=51569"},"modified":"2020-09-24T18:25:54","modified_gmt":"2020-09-24T16:25:54","slug":"convenios","status":"publish","type":"page","link":"https:\/\/www.bombersdv.es\/es\/dv-contratacion\/convenios\/","title":{"rendered":"dv convenios"},"content":{"rendered":"<p><div class=\"fusion-fullwidth fullwidth-box fusion-builder-row-1 nonhundred-percent-fullwidth non-hundred-percent-height-scrolling\" style=\"--awb-background-position:left top;--awb-border-radius-top-left:0px;--awb-border-radius-top-right:0px;--awb-border-radius-bottom-right:0px;--awb-border-radius-bottom-left:0px;--awb-padding-top:30px;--awb-padding-bottom:0px;--awb-border-sizes-top:0px;--awb-border-sizes-bottom:0px;--awb-flex-wrap:wrap;\" ><div class=\"fusion-builder-row fusion-row\"><div class=\"fusion-layout-column fusion_builder_column fusion-builder-column-0 fusion_builder_column_1_1 1_1 fusion-one-full fusion-column-first fusion-column-last\" style=\"--awb-bg-size:cover;--awb-margin-bottom:0px;\"><div class=\"fusion-column-wrapper fusion-flex-column-wrapper-legacy\"><div class=\"fusion-content-boxes content-boxes columns row fusion-columns-1 fusion-columns-total-1 fusion-content-boxes-1 content-boxes-icon-on-side content-left\" style=\"--awb-title-color:#d32f13;--awb-margin-bottom:0px;--awb-hover-accent-color:#d32f13;--awb-circle-hover-accent-color:#d32f13;--awb-item-margin-bottom:40px;\" data-animationOffset=\"top-into-view\"><div style=\"--awb-backgroundcolor:rgba(255,255,255,0);--awb-content-padding-left:140px;\" class=\"fusion-column content-box-column content-box-column content-box-column-1 col-lg-12 col-md-12 col-sm-12 fusion-content-box-hover content-box-column-last content-box-column-last-in-row\"><div class=\"col content-box-wrapper content-wrapper link-area-link-icon icon-hover-animation-fade\" data-animationOffset=\"top-into-view\"><div class=\"heading heading-with-icon icon-left\"><div aria-hidden=\"true\" class=\"image\"><img decoding=\"async\" src=\"http:\/\/www.bombersdv.es\/wp-content\/uploads\/2014\/11\/visitas-a-colegios-icon.png\" width=\"120\" height=\"120\" alt=\"\" \/><\/div><h2 class=\"content-box-heading fusion-responsive-typography-calculated\" style=\"--h2_typography-font-size:34px;--fontSize:34;line-height:1.09;padding-left:140px;\"><strong>Convenios<\/strong><\/h2><\/div><div class=\"fusion-clearfix\"><\/div><div class=\"content-container\">\n<h4 style=\"text-align: justify;\">xxxxxxxxxxxxxxxxxxxxxxxxxxxxxxxxxxxxxx:<\/h4>\n<\/div><\/div><\/div><div class=\"fusion-clearfix\"><\/div><\/div><div class=\"fusion-clearfix\"><\/div><\/div><\/div><\/div><\/div><div class=\"fusion-fullwidth fullwidth-box fusion-builder-row-2 nonhundred-percent-fullwidth non-hundred-percent-height-scrolling\" style=\"--awb-background-position:left top;--awb-border-radius-top-left:0px;--awb-border-radius-top-right:0px;--awb-border-radius-bottom-right:0px;--awb-border-radius-bottom-left:0px;--awb-padding-top:20px;--awb-padding-bottom:20px;--awb-border-sizes-top:0px;--awb-border-sizes-bottom:0px;--awb-flex-wrap:wrap;\" ><\/div><div class=\"fusion-builder-row fusion-row\"><\/div><div class=\"fusion-layout-column fusion_builder_column fusion-builder-column-1 fusion_builder_column_1_1 1_1 fusion-one-full fusion-column-first fusion-column-last\" style=\"--awb-padding-top:20px;--awb-padding-right:20px;--awb-padding-bottom:20px;--awb-padding-left:20px;--awb-bg-size:cover;--awb-margin-top:30px;width:100%;\"><div class=\"fusion-column-wrapper fusion-flex-column-wrapper-legacy\"><div class=\"fusion-clearfix\"><\/div><\/div><\/div><\/p>\n<p>&nbsp;<\/p>\n\n<table id=\"tablepress-29\" class=\"tablepress tablepress-id-29\">\n<thead>\n<tr class=\"row-1\">\n\t<th class=\"column-1\">Fecha firma<\/th><th class=\"column-2\">Vigencia<\/th><th class=\"column-3\">Vigencia<\/th><th class=\"column-4\">Entidad<\/th><th class=\"column-5\">Objeto<\/th><th class=\"column-6\">Documento<\/th>\n<\/tr>\n<\/thead>\n<tbody class=\"row-striping row-hover\">\n<tr class=\"row-2\">\n\t<td class=\"column-1\">26-06-2018<\/td><td class=\"column-2\">26-06-2022<\/td><td class=\"column-3\">En vigor<\/td><td class=\"column-4\">ONG Intervenci\u00f3, ajuda i emerg\u00e8ncies<\/td><td class=\"column-5\">Detectar y localizar la ubicaci\u00f3n de v\u00edctimas desaparecidas en derrumbes de edificios<\/td><td class=\"column-6\"><a href=\"http:\/\/www.bombersdv.es\/wp-content\/uploads\/sites\/6\/2016\/07\/8401_01.pdf\" target=\"_blank\" rel=\"noopener noreferrer\">PDF<\/a><\/td>\n<\/tr>\n<tr class=\"row-3\">\n\t<td class=\"column-1\">23-06-2013<\/td><td class=\"column-2\">23-06-2017<\/td><td class=\"column-3\"><\/td><td class=\"column-4\">Diputaci\u00f3n de Valencia<\/td><td class=\"column-5\">Asistencia t\u00e9cnica en materia informatica, de acuerdo con nuevas tecnolog\u00edas, utilizaci\u00f3n de los servicios, confidencialidad, tratamiento de datos de car\u00e1cter personal<\/td><td class=\"column-6\"><a href=\"http:\/\/www.bombersdv.es\/wp-content\/uploads\/sites\/6\/2016\/07\/8402_01.pdf\" target=\"_blank\" rel=\"noopener noreferrer\">PDF<\/a><\/td>\n<\/tr>\n<tr class=\"row-4\">\n\t<td class=\"column-1\">07-06-2011<\/td><td class=\"column-2\">31-12-2011<\/td><td class=\"column-3\"><\/td><td class=\"column-4\">Ayuntamiento de Valencia \/Generalitat Valenciana<\/td><td class=\"column-5\">Mejorar el tiempo de calidad de respuesta a la emergencia en \u00e1reas lim\u00edtrofes.<\/td><td class=\"column-6\"><a href=\"http:\/\/www.bombersdv.es\/wp-content\/uploads\/sites\/6\/2016\/07\/8403_01.pdf\" target=\"_blank\" rel=\"noopener noreferrer\">PDF<\/a><\/td>\n<\/tr>\n<tr class=\"row-5\">\n\t<td class=\"column-1\">09-03-2010<\/td><td class=\"column-2\">09-03-2014<\/td><td class=\"column-3\"><\/td><td class=\"column-4\">Generalitat Valenciana<\/td><td class=\"column-5\">Central de compras<\/td><td class=\"column-6\"><a href=\"http:\/\/www.bombersdv.es\/wp-content\/uploads\/sites\/6\/2016\/07\/8404_01.pdf\" target=\"_blank\" rel=\"noopener noreferrer\">PDF<\/a><\/td>\n<\/tr>\n<tr class=\"row-6\">\n\t<td class=\"column-1\">12-09-2006<\/td><td class=\"column-2\">30-09-2007<\/td><td class=\"column-3\"><\/td><td class=\"column-4\">Universitat Polit\u00e8cnica de Valencia<\/td><td class=\"column-5\">Programa de Cooperaci\u00f3n Educativa<\/td><td class=\"column-6\"><a href=\"http:\/\/www.bombersdv.es\/wp-content\/uploads\/sites\/6\/2016\/07\/8405_01.pdf\" target=\"_blank\" rel=\"noopener noreferrer\">PDF<\/a><\/td>\n<\/tr>\n<tr class=\"row-7\">\n\t<td class=\"column-1\">12-12-2014<\/td><td class=\"column-2\">12-12-2018<\/td><td class=\"column-3\"><\/td><td class=\"column-4\">Gas Natural Fenosa \/ Planta regasificaci\u00f3n de Sagunto<\/td><td class=\"column-5\">Acciones preventivas en la Central de ciclo combinado y la Planta de regasificaci\u00f3n de Sagunto<\/td><td class=\"column-6\"><a href=\"http:\/\/www.bombersdv.es\/wp-content\/uploads\/sites\/6\/2016\/07\/8406_01.pdf\" target=\"_blank\" rel=\"noopener noreferrer\">PDF<\/a><\/td>\n<\/tr>\n<tr class=\"row-8\">\n\t<td class=\"column-1\">06-11-2009<\/td><td class=\"column-2\">30-06-2017<\/td><td class=\"column-3\"><\/td><td class=\"column-4\">Generalitat Valenciana<\/td><td class=\"column-5\">Uso de la red corporativa de comunicaciones m\u00f3viles de emergencia y seguridad (Red COMDES)<\/td><td class=\"column-6\"><a href=\"http:\/\/www.bombersdv.es\/wp-content\/uploads\/sites\/6\/2016\/07\/8407_01.pdf\" target=\"_blank\" rel=\"noopener noreferrer\">PDF<\/a><\/td>\n<\/tr>\n<tr class=\"row-9\">\n\t<td class=\"column-1\">12-09-2006<\/td><td class=\"column-2\">30-09-2007<\/td><td class=\"column-3\"><\/td><td class=\"column-4\">Universitat Polit\u00e8cnica de Valencia<\/td><td class=\"column-5\">Programa de Cooperaci\u00f3n Educativa<\/td><td class=\"column-6\"><a href=\"http:\/\/www.bombersdv.es\/wp-content\/uploads\/sites\/6\/2016\/07\/8405_01.pdf\" target=\"_blank\" rel=\"noopener noreferrer\">PDF<\/a><\/td>\n<\/tr>\n<tr class=\"row-10\">\n\t<td class=\"column-1\">01-04-2011<\/td><td class=\"column-2\">30-09-2011<\/td><td class=\"column-3\"><\/td><td class=\"column-4\">Universitat d'Alacant<\/td><td class=\"column-5\">Programa de Cooperaci\u00f3n Educativa<\/td><td class=\"column-6\"><a href=\"http:\/\/www.bombersdv.es\/wp-content\/uploads\/sites\/6\/2016\/07\/8409_01.pdf\" target=\"_blank\" rel=\"noopener noreferrer\">PDF<\/a><\/td>\n<\/tr>\n<tr class=\"row-11\">\n\t<td class=\"column-1\">05-06-2012<\/td><td class=\"column-2\">05-06-2013<\/td><td class=\"column-3\"><\/td><td class=\"column-4\">Universitat Jaume I<\/td><td class=\"column-5\">Programa de Cooperaci\u00f3n Educativa<\/td><td class=\"column-6\">PDF<\/td>\n<\/tr>\n<tr class=\"row-12\">\n\t<td class=\"column-1\">29-01-2003<\/td><td class=\"column-2\">29-01-2004<\/td><td class=\"column-3\"><\/td><td class=\"column-4\">Universitat de Valencia<\/td><td class=\"column-5\">Cooperaci\u00f3n en materia de asesoramiento, formaci\u00f3n conocimiento de los edificios y mejora de la respuesta operativa.<\/td><td class=\"column-6\"><a href=\"http:\/\/www.bombersdv.es\/wp-content\/uploads\/sites\/6\/2016\/07\/8411_01.pdf\" target=\"_blank\" rel=\"noopener noreferrer\">PDF<\/a><\/td>\n<\/tr>\n<tr class=\"row-13\">\n\t<td class=\"column-1\">31-01-2020<\/td><td class=\"column-2\">01-01-2024<\/td><td class=\"column-3\">En vigor<\/td><td class=\"column-4\">Uni\u00f3 Espanyola d'Entitats Asseguradores i Reasseguradores (UNESPA)<\/td><td class=\"column-5\">Contribuci\u00f3n Especial para el establecimiento, la mejora y la ampliaci\u00f3n de los servicios de prevenci\u00f3n y extinci\u00f3n de incendios<\/td><td class=\"column-6\"><a href=\"https:\/\/www.bombersdv.es\/wp-content\/uploads\/2020\/02\/convenio-unespa-2020.pdf\" target=\"_blank\" rel=\"noopener noreferrer\">PDF<\/a><\/td>\n<\/tr>\n<tr class=\"row-14\">\n\t<td class=\"column-1\">18-01-2012<\/td><td class=\"column-2\">01-01-2013<\/td><td class=\"column-3\"><\/td><td class=\"column-4\">Uni\u00f3 Espanyola d'Entitats Asseguradores i Reasseguradores (UNESPA)<\/td><td class=\"column-5\">Contribuci\u00f3n Especial para el establecimiento, la mejora y la ampliaci\u00f3n de los servicios de prevenci\u00f3n y extinci\u00f3n de incendios<\/td><td class=\"column-6\"><a href=\"http:\/\/www.bombersdv.es\/wp-content\/uploads\/sites\/6\/2016\/07\/8412_01.pdf\" target=\"_blank\" rel=\"noopener noreferrer\">PDF<\/a><\/td>\n<\/tr>\n<tr class=\"row-15\">\n\t<td class=\"column-1\">08-11-2019<\/td><td class=\"column-2\">31-12-2019<\/td><td class=\"column-3\"><\/td><td class=\"column-4\">Agencia Valenciana de Seguridad y Respuesta a las Emergencias para el encargo de gesti\u00f3n de los medios del Servicio de  Bomberos Forestales en la provincia de Valencia<\/td><td class=\"column-5\">Activitats de gesti\u00f3 i direcci\u00f3 operativa i funcional dels mitjans del Servei de Bombers Forestals a la prov\u00edncia de Val\u00e8ncia, la titularitat de la qual correspon a l\u2019AVSRE<\/td><td class=\"column-6\"><a href=\"https:\/\/www.bombersdv.es\/wp-content\/uploads\/2020\/01\/BOP-n%C2%BA-220-de-15_11_2019-CONVENI-DE-COLABORACIO-AVSRE-ENCARREG-GESTIO-DE-MITJANS-AMB-CONSORCI-2019.pdf\" target=\"_blank\" rel=\"noopener noreferrer\">PDF<\/a><\/td>\n<\/tr>\n<tr class=\"row-16\">\n\t<td class=\"column-1\">26-04-2017<\/td><td class=\"column-2\">31-03-2023<\/td><td class=\"column-3\">En vigor<\/td><td class=\"column-4\">Ayuntamiento de Alboraya<\/td><td class=\"column-5\">Cancelaci\u00f3n de deudas<\/td><td class=\"column-6\"><a href=\"https:\/\/www.bombersdv.es\/wp-content\/uploads\/sites\/6\/2017\/06\/Convenio-alboraya-CPBV1.pdf\" target=\"_blank\" rel=\"noopener noreferrer\">PDF<\/a><\/td>\n<\/tr>\n<tr class=\"row-17\">\n\t<td class=\"column-1\">11-10-2018<\/td><td class=\"column-2\">11-10-2023<\/td><td class=\"column-3\">En vigor<\/td><td class=\"column-4\">Diputaci\u00f3n de Valencia y el Consorcio para la direcci\u00f3n operativa de los trabajos de prevenci\u00f3n de incendios de las brigadas forestales de la Diputaci\u00f3n<\/td><td class=\"column-5\">Brigadas forestales de Divalterra<\/td><td class=\"column-6\"><a href=\"https:\/\/www.bombersdv.es\/wp-content\/uploads\/2019\/04\/2018_10_19-BOP-n%C2%BA202-CONVENIO-Consorcio-Direccion-Operativa-Brig-DIVALTERRA1.pdf\" target=\"_blank\" rel=\"noopener noreferrer\">PDF<\/a><\/td>\n<\/tr>\n<tr class=\"row-18\">\n\t<td class=\"column-1\">04-07-2017<\/td><td class=\"column-2\">04-07-2021<\/td><td class=\"column-3\">En vigor<\/td><td class=\"column-4\">Universidad Polit\u00e9cnica de Madrid<\/td><td class=\"column-5\">Practicas Acad\u00e9micas externas<\/td><td class=\"column-6\"><a href=\"https:\/\/www.bombersdv.es\/wp-content\/uploads\/sites\/6\/2017\/07\/2017-4-005-2017-07-04-Convenio-Universidad-Pol-Madrid.pdf\" target=\"_blank\" rel=\"noopener noreferrer\">PDF<\/a><\/td>\n<\/tr>\n<\/tbody>\n<\/table>\n<!-- #tablepress-29 from cache -->\n","protected":false},"excerpt":{"rendered":"<p>&nbsp;<\/p>\n","protected":false},"author":1,"featured_media":0,"parent":51565,"menu_order":0,"comment_status":"closed","ping_status":"closed","template":"","meta":{"footnotes":""},"class_list":["post-51569","page","type-page","status-publish","hentry"],"_links":{"self":[{"href":"https:\/\/www.bombersdv.es\/es\/wp-json\/wp\/v2\/pages\/51569"}],"collection":[{"href":"https:\/\/www.bombersdv.es\/es\/wp-json\/wp\/v2\/pages"}],"about":[{"href":"https:\/\/www.bombersdv.es\/es\/wp-json\/wp\/v2\/types\/page"}],"author":[{"embeddable":true,"href":"https:\/\/www.bombersdv.es\/es\/wp-json\/wp\/v2\/users\/1"}],"replies":[{"embeddable":true,"href":"https:\/\/www.bombersdv.es\/es\/wp-json\/wp\/v2\/comments?post=51569"}],"version-history":[{"count":6,"href":"https:\/\/www.bombersdv.es\/es\/wp-json\/wp\/v2\/pages\/51569\/revisions"}],"predecessor-version":[{"id":52731,"href":"https:\/\/www.bombersdv.es\/es\/wp-json\/wp\/v2\/pages\/51569\/revisions\/52731"}],"up":[{"embeddable":true,"href":"https:\/\/www.bombersdv.es\/es\/wp-json\/wp\/v2\/pages\/51565"}],"wp:attachment":[{"href":"https:\/\/www.bombersdv.es\/es\/wp-json\/wp\/v2\/media?parent=51569"}],"curies":[{"name":"wp","href":"https:\/\/api.w.org\/{rel}","templated":true}]}}