{"id":51601,"date":"2020-07-03T11:41:11","date_gmt":"2020-07-03T09:41:11","guid":{"rendered":"https:\/\/www.bombersdv.es\/?page_id=51601"},"modified":"2020-07-07T09:36:23","modified_gmt":"2020-07-07T07:36:23","slug":"dv-4","status":"publish","type":"page","link":"https:\/\/www.bombersdv.es\/es\/dv-4\/","title":{"rendered":"dv Delegaci\u00f3n de competencias a la Junta de Gobierno"},"content":{"rendered":"<p><div class=\"fusion-fullwidth fullwidth-box fusion-builder-row-1 nonhundred-percent-fullwidth non-hundred-percent-height-scrolling\" style=\"--awb-background-position:left top;--awb-border-radius-top-left:0px;--awb-border-radius-top-right:0px;--awb-border-radius-bottom-right:0px;--awb-border-radius-bottom-left:0px;--awb-padding-top:30px;--awb-padding-bottom:0px;--awb-border-sizes-top:0px;--awb-border-sizes-bottom:0px;--awb-flex-wrap:wrap;\" ><div class=\"fusion-builder-row fusion-row\"><div class=\"fusion-layout-column fusion_builder_column fusion-builder-column-0 fusion_builder_column_1_1 1_1 fusion-one-full fusion-column-first fusion-column-last\" style=\"--awb-bg-size:cover;--awb-margin-bottom:0px;\"><div class=\"fusion-column-wrapper fusion-flex-column-wrapper-legacy\"><div class=\"fusion-content-boxes content-boxes columns row fusion-columns-1 fusion-columns-total-1 fusion-content-boxes-1 content-boxes-icon-on-side content-left\" style=\"--awb-title-color:#d32f13;--awb-margin-bottom:0px;--awb-hover-accent-color:#d32f13;--awb-circle-hover-accent-color:#d32f13;--awb-item-margin-bottom:40px;\" data-animationOffset=\"top-into-view\"><div style=\"--awb-backgroundcolor:rgba(255,255,255,0);--awb-content-padding-left:140px;\" class=\"fusion-column content-box-column content-box-column content-box-column-1 col-lg-12 col-md-12 col-sm-12 fusion-content-box-hover content-box-column-last content-box-column-last-in-row\"><div class=\"col content-box-wrapper content-wrapper link-area-link-icon icon-hover-animation-fade\" data-animationOffset=\"top-into-view\"><div class=\"heading heading-with-icon icon-left\"><div aria-hidden=\"true\" class=\"image\"><img decoding=\"async\" src=\"http:\/\/www.bombersdv.es\/wp-content\/uploads\/2014\/11\/visitas-a-colegios-icon.png\" width=\"120\" height=\"120\" alt=\"\" \/><\/div><h2 class=\"content-box-heading fusion-responsive-typography-calculated\" style=\"--h2_typography-font-size:34px;--fontSize:34;line-height:1.09;padding-left:140px;\"><strong>Delegaci\u00f3n de competencias a la Junta de Gobierno<\/strong><\/h2><\/div><div class=\"fusion-clearfix\"><\/div><div class=\"content-container\">\n<h4 style=\"text-align: justify;\"><\/h4>\n<\/div><\/div><\/div><div class=\"fusion-clearfix\"><\/div><\/div><div class=\"fusion-clearfix\"><\/div><\/div><\/div><\/div><\/div><div class=\"fusion-fullwidth fullwidth-box fusion-builder-row-2 nonhundred-percent-fullwidth non-hundred-percent-height-scrolling\" style=\"--awb-background-position:left top;--awb-border-radius-top-left:0px;--awb-border-radius-top-right:0px;--awb-border-radius-bottom-right:0px;--awb-border-radius-bottom-left:0px;--awb-padding-top:20px;--awb-padding-bottom:20px;--awb-border-sizes-top:0px;--awb-border-sizes-bottom:0px;--awb-flex-wrap:wrap;\" ><\/div><div class=\"fusion-builder-row fusion-row\"><\/div><div class=\"fusion-layout-column fusion_builder_column fusion-builder-column-1 fusion_builder_column_1_1 1_1 fusion-one-full fusion-column-first fusion-column-last\" style=\"--awb-padding-top:20px;--awb-padding-right:20px;--awb-padding-bottom:20px;--awb-padding-left:20px;--awb-bg-size:cover;--awb-margin-top:30px;width:100%;\"><div class=\"fusion-column-wrapper fusion-flex-column-wrapper-legacy\"><div class=\"fusion-clearfix\"><\/div><\/div><\/div><\/p>\n<p><em>(Art\u00edculo 21 de los Estatutos del Consorcio)<\/em><\/p>\n<p>1. En concordancia con lo dispuesto en la legislaci\u00f3n b\u00e1sica de r\u00e9gimen local y legislaci\u00f3n auton\u00f3mica de desarrollo la Asamblea General podr\u00e1 delegar todas aquellas competencias que precise en el Presidente o la Presidenta y en la Junta de Gobierno, salvo las que sean indelegables seg\u00fan la legislaci\u00f3n de r\u00e9gimen local vigente.<br \/>\n2. En tal caso, los acuerdos adoptados por \u00e9stos en relaci\u00f3n con las materias delegadas, tendr\u00e1n el mismo valor que los acuerdos dictados por la Asamblea General en ejercicio de las atribuciones que no haya delegado, sin perjuicio de su adopci\u00f3n conforme a las reglas de funcionamiento de la Junta de Gobierno.<\/p>\n<p>&nbsp;<\/p>\n<p style=\"text-align: center;\"><a href=\"https:\/\/www.bombersdv.es\/es\/portal-de-transparencia\/cargos-electos-y-organos-de-gobierno\/\">Volver a Cargos electos y \u00d3rganos de Gobierno<\/a><\/p>\n","protected":false},"excerpt":{"rendered":"<p>(Art\u00edculo 21 de los Estatutos del Consorcio) 1. En concordancia con lo dispuesto en la legislaci\u00f3n b\u00e1sica de r\u00e9gimen local y legislaci\u00f3n auton\u00f3mica de desarrollo la Asamblea General podr\u00e1 delegar todas aquellas competencias que precise en el Presidente o la Presidenta y en la Junta de Gobierno, salvo las que sean indelegables seg\u00fan la legislaci\u00f3n [&hellip;]<\/p>\n","protected":false},"author":1,"featured_media":0,"parent":0,"menu_order":0,"comment_status":"closed","ping_status":"closed","template":"","meta":{"footnotes":""},"class_list":["post-51601","page","type-page","status-publish","hentry"],"_links":{"self":[{"href":"https:\/\/www.bombersdv.es\/es\/wp-json\/wp\/v2\/pages\/51601"}],"collection":[{"href":"https:\/\/www.bombersdv.es\/es\/wp-json\/wp\/v2\/pages"}],"about":[{"href":"https:\/\/www.bombersdv.es\/es\/wp-json\/wp\/v2\/types\/page"}],"author":[{"embeddable":true,"href":"https:\/\/www.bombersdv.es\/es\/wp-json\/wp\/v2\/users\/1"}],"replies":[{"embeddable":true,"href":"https:\/\/www.bombersdv.es\/es\/wp-json\/wp\/v2\/comments?post=51601"}],"version-history":[{"count":4,"href":"https:\/\/www.bombersdv.es\/es\/wp-json\/wp\/v2\/pages\/51601\/revisions"}],"predecessor-version":[{"id":51664,"href":"https:\/\/www.bombersdv.es\/es\/wp-json\/wp\/v2\/pages\/51601\/revisions\/51664"}],"wp:attachment":[{"href":"https:\/\/www.bombersdv.es\/es\/wp-json\/wp\/v2\/media?parent=51601"}],"curies":[{"name":"wp","href":"https:\/\/api.w.org\/{rel}","templated":true}]}}