{"id":51752,"date":"2020-07-15T08:12:57","date_gmt":"2020-07-15T06:12:57","guid":{"rendered":"https:\/\/www.bombersdv.es\/?page_id=51752"},"modified":"2021-01-28T08:34:18","modified_gmt":"2021-01-28T07:34:18","slug":"proceso-bombero-cp001-concurso-de-traslados-edicion-2020","status":"publish","type":"page","link":"https:\/\/www.bombersdv.es\/es\/oposiciones\/procesos-finalizados\/proceso-bombero-cp001-concurso-de-traslados-edicion-2020\/","title":{"rendered":"Proceso BOMBERO\/CP001: Concurso de Traslados Edici\u00f3n 2020"},"content":{"rendered":"<div class=\"fusion-fullwidth fullwidth-box fusion-builder-row-1 nonhundred-percent-fullwidth non-hundred-percent-height-scrolling\" style=\"--awb-background-position:left top;--awb-border-radius-top-left:0px;--awb-border-radius-top-right:0px;--awb-border-radius-bottom-right:0px;--awb-border-radius-bottom-left:0px;--awb-padding-top:20px;--awb-padding-bottom:20px;--awb-border-sizes-top:0px;--awb-border-sizes-bottom:0px;--awb-flex-wrap:wrap;\" ><div class=\"fusion-builder-row fusion-row\"><div class=\"fusion-layout-column fusion_builder_column fusion-builder-column-0 fusion_builder_column_1_1 1_1 fusion-one-full fusion-column-first fusion-column-last fusion-column-no-min-height\" style=\"--awb-bg-size:cover;--awb-margin-bottom:0px;\"><div class=\"fusion-column-wrapper fusion-flex-column-wrapper-legacy\"><div class=\"fusion-title title fusion-title-1 fusion-sep-none fusion-title-text fusion-title-size-two\"><h2 class=\"fusion-title-heading title-heading-left fusion-responsive-typography-calculated\" style=\"margin:0;--fontSize:34;line-height:1.09;\">Proceso BOMBERO\/CP001: Concurso de Traslados Edici\u00f3n 2020<\/h2><\/div><div class=\"fusion-text fusion-text-1\"><div class=\"table-2\">\n<p>Lista Definitiva admitidos Concurso Traslados Bombero 6\u00aa edici\u00f3n05\/10\/2020<a href=\"https:\/\/www.bombersdv.es\/wp-content\/uploads\/2020\/10\/Env\u00edo-GESTI\u00d3N-CT-Bomberos.pdf\" target=\"_blank\" rel=\"noopener noreferrer\">Anuncio<\/a><\/p>\n<table width=\"100%\">\n<thead>\n<tr>\n<th>Tr\u00e1mite<\/th>\n<th>Fecha<\/th>\n<th>Documento (s)<\/th>\n<\/tr>\n<\/thead>\n<tbody>\n<tr>\n<td>Bases BOP<\/td>\n<td>15\/07\/2020<\/td>\n<td><a href=\"https:\/\/www.bombersdv.es\/wp-content\/uploads\/2020\/07\/BOMBERO-_CP001_-ED2019_BASES.pdf\" target=\"_blank\" rel=\"noopener noreferrer\">Anuncio BOP<\/a><\/td>\n<\/tr>\n<tr>\n<td>Modificaci\u00f3n Base Segunda convocatoria permanente concurso traslados puestos de bombero, cabo y sargento<\/td>\n<td>15\/07\/2020<\/td>\n<td><a href=\"https:\/\/www.bombersdv.es\/wp-content\/uploads\/2020\/07\/BOMBERO-CP001-MODIFICACION-BASES.pdf\" target=\"_blank\" rel=\"noopener noreferrer\">Anuncio BOP<\/a><\/td>\n<\/tr>\n<tr>\n<td>\n<p>Anuncio convocatoria, vacantes y candidatos que no han obtenido destino en edici\u00f3n anterior<\/p>\n<p><span style=\"color: #ce181e;\">Plazo presentaci\u00f3n de instancias desde el 1 de septiembre al 14 de septiembre <\/span><span style=\"color: #ce181e;\">de 2020<\/span><\/td>\n<td>15\/07\/2020<\/td>\n<td><a href=\"https:\/\/www.bombersdv.es\/wp-content\/uploads\/2020\/07\/Anuncio-inicio-Concurso-Traslados-Edici\u00f3n-2020-Proceso-BOMBERO_CP001_copia_autentica.pdf\" target=\"_blank\" rel=\"noopener noreferrer\">Anuncio <\/a><\/td>\n<\/tr>\n<tr>\n<td>Instancia<\/td>\n<td>15\/07\/2020<\/td>\n<td><a href=\"https:\/\/www.bombersdv.es\/wp-content\/uploads\/2020\/07\/CP001-SOL-ADMISION-BOMBEROS-2020-castell.pdf\" target=\"_blank\" rel=\"noopener noreferrer\">Instancia<\/a><\/td>\n<\/tr>\n<tr>\n<td>Autobaremaci\u00f3n<\/td>\n<td>15\/07\/2020<\/td>\n<td><a href=\"https:\/\/www.bombersdv.es\/wp-content\/uploads\/2020\/07\/CP001-AUTOBAREMACION-BOMBERO-castellano.pdf\" target=\"_blank\" rel=\"noopener noreferrer\">Autobaremaci\u00f3n<\/a><\/td>\n<\/tr>\n<tr>\n<td>Lista definitiva admitidos Concurso de Traslados 6\u00aa Edici\u00f3n<\/td>\n<td>05\/10\/2020<\/td>\n<td><a href=\"https:\/\/www.bombersdv.es\/wp-content\/uploads\/2020\/10\/Env%C3%ADo-GESTI%C3%93N-CT-Bomberos.pdf\" target=\"_blank\" rel=\"noopener noreferrer\">Anuncio<\/a><\/td>\n<\/tr>\n<tr>\n<td>Anuncio Comisi\u00f3n de Valoraci\u00f3n: Lista provisional de puntuaciones y adjudicaciones de destinos<\/td>\n<td>02\/12\/2020<\/td>\n<td>\n<p><a href=\"https:\/\/www.bombersdv.es\/wp-content\/uploads\/2020\/12\/Criterios-valoraci\u00f3n-cursos.pdf\" target=\"_blank\" rel=\"noopener noreferrer\">Criterios valoraci\u00f3n cursos<\/a><\/p>\n<p><a href=\"https:\/\/www.bombersdv.es\/wp-content\/uploads\/2020\/12\/Anuncio-Comisi\u00f3n-Valoraci\u00f3n-02_12_2020-Copia-autentica.pdf\" target=\"_blank\" rel=\"noopener noreferrer\">Anuncio<\/a><\/p>\n<p><a href=\"https:\/\/www.bombersdv.es\/wp-content\/uploads\/2020\/12\/Anexo-Copia-autentica-1.pdf\" target=\"_blank\" rel=\"noopener noreferrer\">Anexo<\/a><\/p>\n<p>&nbsp;<\/td>\n<\/tr>\n<tr>\n<td>Rectificaci\u00f3n anexo adjudicaci\u00f3n provisional de destinos<\/td>\n<td>02\/12\/2020<\/td>\n<td><a href=\"https:\/\/www.bombersdv.es\/wp-content\/uploads\/2020\/12\/Rectificaci\u00f3n-anexo-Copia-autentica-1.pdf\" target=\"_blank\" rel=\"noopener noreferrer\">Anexo rectificado<\/a><\/td>\n<\/tr>\n<tr>\n<td>Anuncio Comisi\u00f3n de Valoraci\u00f3n: Resoluci\u00f3n de reclamaciones presentadas hasta fin plazo y adjudicaci\u00f3n destinos definitivos<\/td>\n<td>16\/12\/2020<\/td>\n<td><a href=\"https:\/\/www.bombersdv.es\/wp-content\/uploads\/2020\/12\/Anuncio-destinos-definitivos-Copia-autentica.pdf\" target=\"_blank\" rel=\"noopener noreferrer\">Anuncio Adjudicaci\u00f3n Destinos Definitivos<\/a><\/td>\n<\/tr>\n<\/tbody>\n<\/table>\n<\/div>\n<\/div><div class=\"fusion-clearfix\"><\/div><\/div><\/div><\/div><\/div>\n","protected":false},"excerpt":{"rendered":"","protected":false},"author":1,"featured_media":0,"parent":15127,"menu_order":0,"comment_status":"closed","ping_status":"closed","template":"","meta":{"footnotes":""},"class_list":["post-51752","page","type-page","status-publish","hentry"],"_links":{"self":[{"href":"https:\/\/www.bombersdv.es\/es\/wp-json\/wp\/v2\/pages\/51752"}],"collection":[{"href":"https:\/\/www.bombersdv.es\/es\/wp-json\/wp\/v2\/pages"}],"about":[{"href":"https:\/\/www.bombersdv.es\/es\/wp-json\/wp\/v2\/types\/page"}],"author":[{"embeddable":true,"href":"https:\/\/www.bombersdv.es\/es\/wp-json\/wp\/v2\/users\/1"}],"replies":[{"embeddable":true,"href":"https:\/\/www.bombersdv.es\/es\/wp-json\/wp\/v2\/comments?post=51752"}],"version-history":[{"count":14,"href":"https:\/\/www.bombersdv.es\/es\/wp-json\/wp\/v2\/pages\/51752\/revisions"}],"predecessor-version":[{"id":53298,"href":"https:\/\/www.bombersdv.es\/es\/wp-json\/wp\/v2\/pages\/51752\/revisions\/53298"}],"up":[{"embeddable":true,"href":"https:\/\/www.bombersdv.es\/es\/wp-json\/wp\/v2\/pages\/15127"}],"wp:attachment":[{"href":"https:\/\/www.bombersdv.es\/es\/wp-json\/wp\/v2\/media?parent=51752"}],"curies":[{"name":"wp","href":"https:\/\/api.w.org\/{rel}","templated":true}]}}