{"id":51913,"date":"2020-07-20T08:53:33","date_gmt":"2020-07-20T06:53:33","guid":{"rendered":"https:\/\/www.bombersdv.es\/?page_id=51913"},"modified":"2020-10-02T11:48:32","modified_gmt":"2020-10-02T09:48:32","slug":"2020-ld001-provision-del-puesto-de-trabajo-sg-05-director-a-del-servicio-de-recursos-humanos-del-cpbv","status":"publish","type":"page","link":"https:\/\/www.bombersdv.es\/es\/oposiciones\/procesos-finalizados\/2020-ld001-provision-del-puesto-de-trabajo-sg-05-director-a-del-servicio-de-recursos-humanos-del-cpbv\/","title":{"rendered":"2020\/LD001: Provisi\u00f3n del puesto de trabajo SG-05 Director\/a del Servicio de Recursos Humanos del CPBV"},"content":{"rendered":"<div class=\"fusion-fullwidth fullwidth-box fusion-builder-row-1 nonhundred-percent-fullwidth non-hundred-percent-height-scrolling\" style=\"--awb-background-position:left top;--awb-border-radius-top-left:0px;--awb-border-radius-top-right:0px;--awb-border-radius-bottom-right:0px;--awb-border-radius-bottom-left:0px;--awb-padding-top:20px;--awb-padding-bottom:20px;--awb-border-sizes-top:0px;--awb-border-sizes-bottom:0px;--awb-flex-wrap:wrap;\" ><div class=\"fusion-builder-row fusion-row\"><div class=\"fusion-layout-column fusion_builder_column fusion-builder-column-0 fusion_builder_column_1_1 1_1 fusion-one-full fusion-column-first fusion-column-last fusion-column-no-min-height\" style=\"--awb-bg-size:cover;--awb-margin-bottom:0px;\"><div class=\"fusion-column-wrapper fusion-flex-column-wrapper-legacy\"><div class=\"fusion-title title fusion-title-1 fusion-sep-none fusion-title-text fusion-title-size-two\"><h2 class=\"fusion-title-heading title-heading-left fusion-responsive-typography-calculated\" style=\"margin:0;--fontSize:34;line-height:1.09;\">2020\/LD001: Provisi\u00f3n del puesto de trabajo SG-05 Director\/a del Servicio de Recursos Humanos del CPBV<\/h2><\/div><div class=\"fusion-text fusion-text-1\"><div class=\"table-2\">\n<table width=\"100%\">\n<thead>\n<tr>\n<th>Tr\u00e1mite<\/th>\n<th>Fecha<\/th>\n<th>Documento(s)<\/th>\n<\/tr>\n<\/thead>\n<tbody>\n<tr>\n<td>Bases BOP<\/td>\n<td>20\/07\/2020<\/td>\n<td><a href=\"https:\/\/www.bombersdv.es\/wp-content\/uploads\/2020\/07\/BOP-SG-05-DIRECTOR-RRHH.pdf\" target=\"_blank\" rel=\"noopener noreferrer\">Publicaci\u00f3n Bases BOP<\/a><\/td>\n<\/tr>\n<tr>\n<td>Anuncio DOGV<\/td>\n<td>30\/07\/2020<\/td>\n<td><a href=\"https:\/\/www.bombersdv.es\/wp-content\/uploads\/2020\/07\/2020_LD001_Publicac-DOGV-convocatoria-y-bases.pdf\" target=\"_blank\" rel=\"noopener noreferrer\">Anuncio DOGV<\/a><\/td>\n<\/tr>\n<tr>\n<td>Anuncio BOE<\/td>\n<td>03\/08\/2020<\/td>\n<td><a href=\"https:\/\/www.bombersdv.es\/wp-content\/uploads\/2020\/08\/2020_LD_001_-PUBLICACION-BOE.pdf\" target=\"_blank\" rel=\"noopener noreferrer\">Anuncio BOE<\/a><\/td>\n<\/tr>\n<tr>\n<td>Modelo solicitud<\/td>\n<td>04\/08\/2020<\/td>\n<td><a href=\"https:\/\/www.bombersdv.es\/wp-content\/uploads\/2020\/08\/2020_LD001_MODELO-INSTANCIA-formulario.pdf\" target=\"_blank\" rel=\"noopener noreferrer\">Solicitud<\/a><\/td>\n<\/tr>\n<tr>\n<td>Publicaci\u00f3n BOP designaci\u00f3n de los miembros de la Comisi\u00f3n de Valoraci\u00f3n y relaci\u00f3n de admitidos en el proceso<\/td>\n<td>07\/09\/2020<\/td>\n<td><a href=\"https:\/\/www.bombersdv.es\/wp-content\/uploads\/2020\/09\/Publicaci\u00f3n-tribunal-Director-RRHH.pdf\" target=\"_blank\" rel=\"noopener noreferrer\">Publicaci\u00f3n BOP<\/a><\/td>\n<\/tr>\n<tr>\n<td>Convocatoria de la Comisi\u00f3n de Valoraci\u00f3n<\/td>\n<td>08\/09\/2020<\/td>\n<td><a href=\"https:\/\/www.bombersdv.es\/wp-content\/uploads\/2020\/09\/Convocatoria-Comisi\u00f3n-de-Valoracion_copia_autentica.pdf\" target=\"_blank\" rel=\"noopener noreferrer\">Anuncio<\/a><\/td>\n<\/tr>\n<tr>\n<td> Resoluci\u00f3n de la Presidencia-Delegada n\u00ba 848, de fecha 24\/09\/2020.<\/td>\n<td>28\/09\/2020<\/td>\n<td><a href=\"https:\/\/www.bombersdv.es\/wp-content\/uploads\/2020\/09\/Notificaci\u00f3n-para-tablon-de-anuncios-Copia-autentica.pdf\" target=\"_blank\" rel=\"noopener noreferrer\">Resoluci\u00f3n<\/a><\/td>\n<\/tr>\n<tr>\n<td> Publicaci\u00f3n BOP Resoluci\u00f3n de la Presidencia-Delegada.<\/td>\n<td>30\/09\/2020<\/td>\n<td><a href=\"https:\/\/www.bombersdv.es\/wp-content\/uploads\/2020\/09\/BOP-188-seleccion-Directora-RRHH-1.pdf\" target=\"_blank\" rel=\"noopener noreferrer\">Publicaci\u00f3n BOP<\/a><\/td>\n<\/tr>\n<\/tbody>\n<\/table>\n<\/div>\n<\/div><div class=\"fusion-clearfix\"><\/div><\/div><\/div><\/div><\/div>\n","protected":false},"excerpt":{"rendered":"","protected":false},"author":192,"featured_media":0,"parent":15127,"menu_order":0,"comment_status":"closed","ping_status":"closed","template":"","meta":{"footnotes":""},"class_list":["post-51913","page","type-page","status-publish","hentry"],"_links":{"self":[{"href":"https:\/\/www.bombersdv.es\/es\/wp-json\/wp\/v2\/pages\/51913"}],"collection":[{"href":"https:\/\/www.bombersdv.es\/es\/wp-json\/wp\/v2\/pages"}],"about":[{"href":"https:\/\/www.bombersdv.es\/es\/wp-json\/wp\/v2\/types\/page"}],"author":[{"embeddable":true,"href":"https:\/\/www.bombersdv.es\/es\/wp-json\/wp\/v2\/users\/192"}],"replies":[{"embeddable":true,"href":"https:\/\/www.bombersdv.es\/es\/wp-json\/wp\/v2\/comments?post=51913"}],"version-history":[{"count":16,"href":"https:\/\/www.bombersdv.es\/es\/wp-json\/wp\/v2\/pages\/51913\/revisions"}],"predecessor-version":[{"id":52818,"href":"https:\/\/www.bombersdv.es\/es\/wp-json\/wp\/v2\/pages\/51913\/revisions\/52818"}],"up":[{"embeddable":true,"href":"https:\/\/www.bombersdv.es\/es\/wp-json\/wp\/v2\/pages\/15127"}],"wp:attachment":[{"href":"https:\/\/www.bombersdv.es\/es\/wp-json\/wp\/v2\/media?parent=51913"}],"curies":[{"name":"wp","href":"https:\/\/api.w.org\/{rel}","templated":true}]}}