{"id":51934,"date":"2020-07-21T07:52:07","date_gmt":"2020-07-21T05:52:07","guid":{"rendered":"https:\/\/www.bombersdv.es\/?page_id=51934"},"modified":"2021-01-12T12:38:47","modified_gmt":"2021-01-12T11:38:47","slug":"2020-cem001-bases-que-han-de-regir-la-provision-del-puesto-de-trabajo-cb-28-jefe-de-parque-auxiliar","status":"publish","type":"page","link":"https:\/\/www.bombersdv.es\/es\/oposiciones\/procesos-finalizados\/2020-cem001-bases-que-han-de-regir-la-provision-del-puesto-de-trabajo-cb-28-jefe-de-parque-auxiliar\/","title":{"rendered":"2020\/CEM001: Bases que han de regir la provisi\u00f3n del puesto de trabajo CB-28 Jefe de Parque Auxiliar"},"content":{"rendered":"<div class=\"fusion-fullwidth fullwidth-box fusion-builder-row-1 nonhundred-percent-fullwidth non-hundred-percent-height-scrolling\" style=\"--awb-background-position:left top;--awb-border-radius-top-left:0px;--awb-border-radius-top-right:0px;--awb-border-radius-bottom-right:0px;--awb-border-radius-bottom-left:0px;--awb-padding-top:20px;--awb-padding-bottom:20px;--awb-border-sizes-top:0px;--awb-border-sizes-bottom:0px;--awb-flex-wrap:wrap;\" ><div class=\"fusion-builder-row fusion-row\"><div class=\"fusion-layout-column fusion_builder_column fusion-builder-column-0 fusion_builder_column_1_1 1_1 fusion-one-full fusion-column-first fusion-column-last fusion-column-no-min-height\" style=\"--awb-bg-size:cover;--awb-margin-bottom:0px;\"><div class=\"fusion-column-wrapper fusion-flex-column-wrapper-legacy\"><div class=\"fusion-title title fusion-title-1 fusion-sep-none fusion-title-text fusion-title-size-two\"><h2 class=\"fusion-title-heading title-heading-left fusion-responsive-typography-calculated\" style=\"margin:0;--fontSize:34;line-height:1.09;\">2020\/CEM001: Bases que han de regir la provisi\u00f3n del puesto de trabajo CB-28 Jefe de Parque Auxiliar del CPBV<\/h2><\/div><div class=\"fusion-text fusion-text-1\"><div class=\"table-2\">\n<table width=\"100%\">\n<thead>\n<tr>\n<th style=\"width: 82.5961%;\">Tr\u00e1mite<\/th>\n<th style=\"width: 6.6715%;\">Fecha<\/th>\n<th style=\"width: 10.0073%;\">Documento(s)<\/th>\n<\/tr>\n<\/thead>\n<tbody>\n<tr>\n<td style=\"width: 82.5961%;\">Bases BOP<\/td>\n<td style=\"width: 6.6715%;\">21\/07\/2020<\/td>\n<td style=\"width: 10.0073%;\"><a href=\"https:\/\/www.bombersdv.es\/wp-content\/uploads\/2020\/07\/Bases-JP-Auxiliar.pdf\" target=\"_blank\" rel=\"noopener noreferrer\">Publicaci\u00f3n Bases BOP<\/a><\/td>\n<\/tr>\n<tr>\n<td style=\"width: 82.5961%;\">Presentaci\u00f3n Instancia 22\/07\/2020 al 11\/08\/2020 ambos incluidos<\/td>\n<td style=\"width: 6.6715%;\">21\/07\/2020<\/td>\n<td style=\"width: 10.0073%;\"><a href=\"https:\/\/www.bombersdv.es\/wp-content\/uploads\/2020\/07\/Anexo-INSTANCIA-prueba-CASTELLANO.pdf\" rel=\"noopener noreferrer\"> Instancia<\/a><\/td>\n<\/tr>\n<tr>\n<td style=\"width: 82.5961%;\">\n<p align=\"justify\"><span style=\"color: #ff0000;\">Por Decreto de la Presidencia Delegada del Consorcio Provincial de Bomberos de Valencia n\u00famero 747 de fecha 6 de agosto de 2020, se ha dispuesto:<\/span><\/p>\n<p align=\"justify\"><span style=\"color: #ff0000;\">\u2026\/<\/span><\/p>\n<p><span style=\"color: #ff0000;\">Primero.- Estimar el Recurso de Reposici\u00f3n interpuesto contra la Base Decimotercera relativa a la Creaci\u00f3n de la Bolsa de trabajo supletoria para las Jefaturas de Parque Auxiliar para su provisi\u00f3n temporal mediante comisi\u00f3n de servicios y la Base Tercera en su punto 3.5 relativa a los requisitos para el nombramiento de los aspirantes que formasen parte de las misma (BOP n.\u00ba 138, de 21\/VII\/2020), procediendo a la supresi\u00f3n de la Base Decimotercera y del punto 3.5 de la Base Tercera.<\/span><\/p>\n<p align=\"justify\"><span style=\"color: #ff0000;\">Segundo.- Aprobar la modificaci\u00f3n de las Bases que han de regir la provisi\u00f3n del Puesto de Trabajo N\u00fam. RPT CB-28 Jefe de Parque Auxiliar del Consorcio Provincial para el Servicio de Prevenci\u00f3n y Extinci\u00f3n de Incendios y Salvamento de la Provincia de Valencia en el sentido indicado.&#8221;<\/span><\/p>\n<\/td>\n<td style=\"width: 6.6715%;\">07\/08\/2020<\/td>\n<td style=\"width: 10.0073%;\">\n<p><a href=\"https:\/\/www.bombersdv.es\/wp-content\/uploads\/2020\/08\/2020_CEM001_BASES-modificadas-castellano.pdf\" target=\"_blank\" rel=\"noopener noreferrer\">Bases modificadas<\/a><\/p>\n<p>&nbsp;<\/p>\n<p><a href=\"https:\/\/www.bombersdv.es\/wp-content\/uploads\/2020\/08\/2020_CEM001_INSTANCIA-prueba-CASTELLANO-tras-modific-1.pdf\" target=\"_blank\" rel=\"noopener noreferrer\">Instancia modificada<\/a><\/td>\n<\/tr>\n<tr>\n<td style=\"width: 82.5961%;\"><span style=\"color: #000000;\">Publicaci\u00f3n BOP modificaci\u00f3n de las Bases<\/span><\/td>\n<td style=\"width: 6.6715%;\">18\/08\/2020<\/td>\n<td style=\"width: 10.0073%;\"><a href=\"https:\/\/www.bombersdv.es\/wp-content\/uploads\/2020\/08\/2020_CEM001_MODIFICAC-BASES-PUBLIC-BOP.pdf\" target=\"_blank\" rel=\"noopener noreferrer\">Publicaci\u00f3n modificaci\u00f3n Bases BOP<\/a><\/td>\n<\/tr>\n<tr>\n<td style=\"width: 82.5961%;\"><span style=\"color: #000000;\"> Lista provisional de Admitidos y excluidos en el proceso y designaci\u00f3n de los miembros de la Comisi\u00f3n de Valoraci\u00f3n<\/span><\/td>\n<td style=\"width: 6.6715%;\">16\/09\/2020<\/td>\n<td style=\"width: 10.0073%;\"><a href=\"https:\/\/www.bombersdv.es\/wp-content\/uploads\/2020\/09\/Env\u00edo-GESTI\u00d3N-Copia-autentica1.pdf\"_blank\" rel=\"noopener noreferrer\">Decreto aprobaci\u00f3n<\/a><\/td>\n<\/tr>\n<tr>\n<td style=\"width: 82.5961%;\"><span style=\"color: #000000;\"> Diligencia procediendo a elevar a Definitiva la Lista Provisional de admitidos y excluidos<\/span><\/td>\n<td style=\"width: 6.6715%;\">2\/10\/2020<\/td>\n<td style=\"width: 10.0073%;\"><a href=\"https:\/\/www.bombersdv.es\/wp-content\/uploads\/2020\/10\/Diligencia-para-elevar-lista-provional-a-definitiva-Copia-autentica.pdf\"_blank\" rel=\"noopener noreferrer\"> Diligencia RRHH<\/a><\/td>\n<\/tr>\n<tr>\n<td style=\"width: 82.5961%;\"><span style=\"color: #000000;\"> Publicaci\u00f3n Listado y Destino Provisional concurso Jefe de Parque Auxiliar<\/span><\/td>\n<td style=\"width: 6.6715%;\">16\/11\/2020<\/td>\n<td style=\"width: 10.0073%;\"><a href=\"https:\/\/www.bombersdv.es\/wp-content\/uploads\/2020\/11\/ANUNCIO-LISTADO-Y-DESTINOS-PROVISIONALES-JPA-Copia-autentica-1-1.pdf\"_blank\" rel=\"noopener noreferrer\"> Anuncio Comsi\u00f3n<\/a><\/td>\n<\/tr>\n<tr>\n<td style=\"width: 82.5961%;\"><span style=\"color: #000000;\"> Publicaci\u00f3n Listado y Destino Defintivo concurso Jefe de Parque Auxiliar<\/span><\/td>\n<td style=\"width: 6.6715%;\">25\/11\/2020<\/td>\n<td style=\"width: 10.0073%;\"><a href=\"https:\/\/www.bombersdv.es\/wp-content\/uploads\/2020\/11\/ANUNCIO-LISTASDEFINITIVAS-JPA-Copia-autentica.pdf\"_blank\" rel=\"noopener noreferrer\"> Anuncio Comsi\u00f3n<\/a><\/td>\n<\/tr>\n<\/tbody>\n<\/table>\n<\/div>\n<\/div><div class=\"fusion-clearfix\"><\/div><\/div><\/div><\/div><\/div>\n","protected":false},"excerpt":{"rendered":"","protected":false},"author":192,"featured_media":0,"parent":15127,"menu_order":0,"comment_status":"closed","ping_status":"closed","template":"","meta":{"footnotes":""},"class_list":["post-51934","page","type-page","status-publish","hentry"],"_links":{"self":[{"href":"https:\/\/www.bombersdv.es\/es\/wp-json\/wp\/v2\/pages\/51934"}],"collection":[{"href":"https:\/\/www.bombersdv.es\/es\/wp-json\/wp\/v2\/pages"}],"about":[{"href":"https:\/\/www.bombersdv.es\/es\/wp-json\/wp\/v2\/types\/page"}],"author":[{"embeddable":true,"href":"https:\/\/www.bombersdv.es\/es\/wp-json\/wp\/v2\/users\/192"}],"replies":[{"embeddable":true,"href":"https:\/\/www.bombersdv.es\/es\/wp-json\/wp\/v2\/comments?post=51934"}],"version-history":[{"count":15,"href":"https:\/\/www.bombersdv.es\/es\/wp-json\/wp\/v2\/pages\/51934\/revisions"}],"predecessor-version":[{"id":53177,"href":"https:\/\/www.bombersdv.es\/es\/wp-json\/wp\/v2\/pages\/51934\/revisions\/53177"}],"up":[{"embeddable":true,"href":"https:\/\/www.bombersdv.es\/es\/wp-json\/wp\/v2\/pages\/15127"}],"wp:attachment":[{"href":"https:\/\/www.bombersdv.es\/es\/wp-json\/wp\/v2\/media?parent=51934"}],"curies":[{"name":"wp","href":"https:\/\/api.w.org\/{rel}","templated":true}]}}