{"id":52179,"date":"2020-08-11T14:07:41","date_gmt":"2020-08-11T12:07:41","guid":{"rendered":"https:\/\/www.bombersdv.es\/?page_id=52179"},"modified":"2020-09-28T12:24:53","modified_gmt":"2020-09-28T10:24:53","slug":"dv-subvenciones-entregadas","status":"publish","type":"page","link":"https:\/\/www.bombersdv.es\/es\/dv-subvenciones-entregadas\/","title":{"rendered":"dv Subvenciones entregadas"},"content":{"rendered":"<p><div class=\"fusion-fullwidth fullwidth-box fusion-builder-row-1 nonhundred-percent-fullwidth non-hundred-percent-height-scrolling\" style=\"--awb-background-position:left top;--awb-border-radius-top-left:0px;--awb-border-radius-top-right:0px;--awb-border-radius-bottom-right:0px;--awb-border-radius-bottom-left:0px;--awb-padding-top:30px;--awb-padding-bottom:0px;--awb-border-sizes-top:0px;--awb-border-sizes-bottom:0px;--awb-flex-wrap:wrap;\" ><div class=\"fusion-builder-row fusion-row\"><div class=\"fusion-layout-column fusion_builder_column fusion-builder-column-0 fusion_builder_column_1_1 1_1 fusion-one-full fusion-column-first fusion-column-last\" style=\"--awb-bg-size:cover;--awb-margin-bottom:0px;\"><div class=\"fusion-column-wrapper fusion-flex-column-wrapper-legacy\"><div class=\"fusion-content-boxes content-boxes columns row fusion-columns-1 fusion-columns-total-1 fusion-content-boxes-1 content-boxes-icon-on-side content-left\" style=\"--awb-title-color:#d32f13;--awb-margin-bottom:0px;--awb-hover-accent-color:#d32f13;--awb-circle-hover-accent-color:#d32f13;--awb-item-margin-bottom:40px;\" data-animationOffset=\"top-into-view\"><div style=\"--awb-backgroundcolor:rgba(255,255,255,0);--awb-content-padding-left:140px;\" class=\"fusion-column content-box-column content-box-column content-box-column-1 col-lg-12 col-md-12 col-sm-12 fusion-content-box-hover content-box-column-last content-box-column-last-in-row\"><div class=\"col content-box-wrapper content-wrapper link-area-link-icon icon-hover-animation-fade\" data-animationOffset=\"top-into-view\"><div class=\"heading heading-with-icon icon-left\"><div aria-hidden=\"true\" class=\"image\"><img decoding=\"async\" src=\"http:\/\/www.bombersdv.es\/wp-content\/uploads\/2014\/11\/visitas-a-colegios-icon.png\" width=\"120\" height=\"120\" alt=\"\" \/><\/div><h2 class=\"content-box-heading fusion-responsive-typography-calculated\" style=\"--h2_typography-font-size:34px;--fontSize:34;line-height:1.09;padding-left:140px;\"><strong>Subvenciones entregadas<\/strong><\/h2><\/div><div class=\"fusion-clearfix\"><\/div><div class=\"content-container\">\n<h4 style=\"text-align: justify;\">Los documentos disponibles en este apartado son los siguientes:<\/h4>\n<\/div><\/div><\/div><div class=\"fusion-clearfix\"><\/div><\/div><div class=\"fusion-clearfix\"><\/div><\/div><\/div><\/div><\/div><div class=\"fusion-fullwidth fullwidth-box fusion-builder-row-2 nonhundred-percent-fullwidth non-hundred-percent-height-scrolling\" style=\"--awb-background-position:left top;--awb-border-radius-top-left:0px;--awb-border-radius-top-right:0px;--awb-border-radius-bottom-right:0px;--awb-border-radius-bottom-left:0px;--awb-padding-top:20px;--awb-padding-bottom:20px;--awb-border-sizes-top:0px;--awb-border-sizes-bottom:0px;--awb-flex-wrap:wrap;\" ><\/div><div class=\"fusion-builder-row fusion-row\"><\/div><div class=\"fusion-layout-column fusion_builder_column fusion-builder-column-1 fusion_builder_column_1_1 1_1 fusion-one-full fusion-column-first fusion-column-last\" style=\"--awb-padding-top:20px;--awb-padding-right:20px;--awb-padding-bottom:20px;--awb-padding-left:20px;--awb-bg-size:cover;--awb-margin-top:30px;width:100%;\"><div class=\"fusion-column-wrapper fusion-flex-column-wrapper-legacy\"><div class=\"fusion-clearfix\"><\/div><\/div><\/div><div class=\"accordian fusion-accordian\" style=\"--awb-border-size:1px;--awb-icon-size:13px;--awb-content-font-size:15px;--awb-icon-alignment:left;--awb-hover-color:#f9f9f9;--awb-border-color:#cccccc;--awb-background-color:#ffffff;--awb-divider-color:#e0dede;--awb-divider-hover-color:#e0dede;--awb-icon-color:#ffffff;--awb-title-color:#333333;--awb-content-color:#747474;--awb-icon-box-color:#333333;--awb-toggle-hover-accent-color:#d32f13;--awb-title-font-family:&quot;Raleway&quot;;--awb-title-font-weight:500;--awb-title-font-style:normal;--awb-title-font-size:20px;--awb-content-font-family:&quot;Raleway&quot;;--awb-content-font-style:normal;--awb-content-font-weight:500;\"><div class=\"panel-group fusion-toggle-icon-boxed\" id=\"accordion-52179-1\"><\/div><\/div><\/p>\n<div class=\"fusion-panel panel-default panel-67a151c0857f380d0 fusion-toggle-has-divider\"><div class=\"panel-heading\"><h4 class=\"panel-title toggle\" id=\"toggle_67a151c0857f380d0\"><a aria-expanded=\"false\" aria-controls=\"67a151c0857f380d0\" role=\"button\" data-toggle=\"collapse\" data-parent=\"#accordion-52179-2\" data-target=\"#67a151c0857f380d0\" href=\"#67a151c0857f380d0\"><span class=\"fusion-toggle-icon-wrapper\" aria-hidden=\"true\"><i class=\"fa-fusion-box active-icon awb-icon-minus\" aria-hidden=\"true\"><\/i><i class=\"fa-fusion-box inactive-icon awb-icon-plus\" aria-hidden=\"true\"><\/i><\/span><span class=\"fusion-toggle-heading\">Concesi\u00f3n de subvenciones<\/span><\/a><\/h4><\/div><div id=\"67a151c0857f380d0\" class=\"panel-collapse collapse \" aria-labelledby=\"toggle_67a151c0857f380d0\"><div class=\"panel-body toggle-content fusion-clearfix\"><\/p>\n<p>CONCESI\u00d3N DE SUBVENCIONES<\/p>\n<p>1.- Las subvenciones deber\u00e1n solicitarse a la Presidencia del Consorcio, a trav\u00e9s de la Gerencia, acompa\u00f1adas de una memoria detallada en la que se concreten las actividades que se pretenden subvencionar y un presupuesto pormenorizado de los gastos a realizar. A la vista de las presentadas, la Presidencia del Consorcio a propuesta de la Gerencia, si lo estima oportuno, decretar\u00e1 la concesi\u00f3n de las subvenciones solicitadas por la cuant\u00eda que estime conveniente, los fondos se librar\u00e1n con cargo al concepto 480.<\/p>\n<p>2.- El otorgamiento de las subvenciones tiene car\u00e1cter voluntario y excepcional, y el Consorcio podr\u00e1 revocarlas o reducirlas en cualquier momento, no siendo nunca invocables como precedente.<\/p>\n<p>3.- Se valorar\u00e1 para su concesi\u00f3n:<\/p>\n<ul>\n<li>Que el objeto social y las actividades desarrolladas sean complementarias de las del Consorcio Provincial de Bomberos de Valencia.<\/li>\n<li>La representatividad dentro del \u00e1mbito provincial<\/li>\n<li>La capacidad econ\u00f3mica aut\u00f3noma y las ayudas que reciban de otras instituciones.<\/li>\n<li>La importancia para el Consorcio de las actividades desarrolladas o que se pretendan desarrollar.<\/li>\n<\/ul>\n<p>4.- Las entidades subvencionadas justificar\u00e1n la utilizaci\u00f3n de los fondos recibidos, en los plazos que se establezcan, mediante la presentaci\u00f3n de un informe sobre la actividad desarrollada al que se adjuntar\u00e1n las facturas originales de los gastos realizados, como m\u00ednimo en cuant\u00eda id\u00e9ntica a la subvenci\u00f3n concedida. La falta de justificaci\u00f3n producir\u00e1 la obligaci\u00f3n de devolver las cantidades no justificadas y, en su caso, la inhabilitaci\u00f3n para percibir nuevas subvenciones, sin perjuicio de satisfacer el inter\u00e9s legal, a partir de la fecha en que deb\u00eda rendir la cuenta y hasta la fecha en que se verifique el reintegro.<\/p>\n<p>5.- Los gastos que, dentro del programa social del Consorcio, se destinen al fomento de actividades deportivas y culturales de los trabajadores, entre otras, diversas actividades deportivas y las Jornadas de puertas abiertas de la festividad de San Juan de Dios, se imputar\u00e1n igualmente al concepto 480, siendo de aplicaci\u00f3n lo dispuesto en los apartados anteriores.<\/p>\n<p>6.- Cuando las subvenciones se otorguen a colectivos de trabajadores no constituidos formalmente, se entender\u00e1 concedida a un trabajador concreto, que se identificar\u00e1 para el desarrollo de los fines subvencionados. Ser\u00e1 este trabajador el responsable de su justificaci\u00f3n que deber\u00e1 ser visada por sus mandos naturales en defecto de responsable designado para la actividad de que se trate.<\/p>\n<p>7.- La Concesi\u00f3n de cualquier tipo de subvenci\u00f3n requerir\u00e1 la formaci\u00f3n de un expediente en el que conste:<\/p>\n<ul>\n<li>El fin p\u00fablico perseguido con la subvenci\u00f3n.<\/li>\n<li>Las normas reguladora de la misma.<\/li>\n<li>La existencia de cr\u00e9dito adecuado y suficiente.<\/li>\n<li>La fiscalizaci\u00f3n previa de Intervenci\u00f3n.<\/li>\n<li>La propuesta de concesi\u00f3n de subvenci\u00f3n y aprobaci\u00f3n del gasto por el \u00f3rgano competente.<\/li>\n<\/ul>\n<p><\/div><\/div><\/div>\n<p>&nbsp;<\/p>\n<p>&nbsp;<\/p>\n<div class=\"fusion-panel panel-default panel-d004360922e4aa9e6 fusion-toggle-has-divider\"><div class=\"panel-heading\"><h4 class=\"panel-title toggle\" id=\"toggle_d004360922e4aa9e6\"><a aria-expanded=\"false\" aria-controls=\"d004360922e4aa9e6\" role=\"button\" data-toggle=\"collapse\" data-parent=\"#accordion-52179-2\" data-target=\"#d004360922e4aa9e6\" href=\"#d004360922e4aa9e6\"><span class=\"fusion-toggle-icon-wrapper\" aria-hidden=\"true\"><i class=\"fa-fusion-box active-icon awb-icon-minus\" aria-hidden=\"true\"><\/i><i class=\"fa-fusion-box inactive-icon awb-icon-plus\" aria-hidden=\"true\"><\/i><\/span><span class=\"fusion-toggle-heading\">Subvenciones concedidas en 2019<\/span><\/a><\/h4><\/div><div id=\"d004360922e4aa9e6\" class=\"panel-collapse collapse \" aria-labelledby=\"toggle_d004360922e4aa9e6\"><div class=\"panel-body toggle-content fusion-clearfix\"><\/p>\n<p>\n<table id=\"tablepress-32\" class=\"tablepress tablepress-id-32\">\n<thead>\n<tr class=\"row-1\">\n\t<th class=\"column-1\">Asociaci\u00f3n<\/th><th class=\"column-2\">NIF<\/th><th class=\"column-3\">Municipio<\/th><th class=\"column-4\">Fecha<\/th><th class=\"column-5\">Concepto<\/th><th class=\"column-6\">Importe<\/th><th class=\"column-7\">Documento<\/th>\n<\/tr>\n<\/thead>\n<tbody class=\"row-striping row-hover\">\n<tr class=\"row-2\">\n\t<td class=\"column-1\">Asociaci\u00f3n de Bomberos Veteranos del Consorcio<\/td><td class=\"column-2\">G98972540<\/td><td class=\"column-3\"><\/td><td class=\"column-4\">5\/04\/2019<\/td><td class=\"column-5\">Gastos de su actividad<\/td><td class=\"column-6\">6.438,76 \u20ac<\/td><td class=\"column-7\"><a href=\"https:\/\/www.bombersdv.es\/wp-content\/uploads\/2020\/04\/2019-VETERANOS-ORDINARIA-D-270_05_04_2019.pdf\" target=\"_blank\" rel=\"noopener noreferrer\">PDF<\/a><\/td>\n<\/tr>\n<\/tbody>\n<\/table>\n<!-- #tablepress-32 from cache --><\/p>\n<p><\/div><\/div><\/div>\n<div class=\"fusion-panel panel-default panel-93706d506d6e53028 fusion-toggle-has-divider\"><div class=\"panel-heading\"><h4 class=\"panel-title toggle\" id=\"toggle_93706d506d6e53028\"><a aria-expanded=\"false\" aria-controls=\"93706d506d6e53028\" role=\"button\" data-toggle=\"collapse\" data-parent=\"#accordion-52179-2\" data-target=\"#93706d506d6e53028\" href=\"#93706d506d6e53028\"><span class=\"fusion-toggle-icon-wrapper\" aria-hidden=\"true\"><i class=\"fa-fusion-box active-icon awb-icon-minus\" aria-hidden=\"true\"><\/i><i class=\"fa-fusion-box inactive-icon awb-icon-plus\" aria-hidden=\"true\"><\/i><\/span><span class=\"fusion-toggle-heading\">Subvenciones concedidas en 2018<\/span><\/a><\/h4><\/div><div id=\"93706d506d6e53028\" class=\"panel-collapse collapse \" aria-labelledby=\"toggle_93706d506d6e53028\"><div class=\"panel-body toggle-content fusion-clearfix\"><\/p>\n<p>\n<table id=\"tablepress-33\" class=\"tablepress tablepress-id-33\">\n<thead>\n<tr class=\"row-1\">\n\t<th class=\"column-1\">Asociaci\u00f3n<\/th><th class=\"column-2\">NIF<\/th><th class=\"column-3\">Municipio<\/th><th class=\"column-4\">Fecha<\/th><th class=\"column-5\">Concepto<\/th><th class=\"column-6\">Importe<\/th><th class=\"column-7\">Documento<\/th>\n<\/tr>\n<\/thead>\n<tbody class=\"row-striping row-hover\">\n<tr class=\"row-2\">\n\t<td class=\"column-1\">Asociaci\u00f3n Deportiva Cultural Bomberos La Safor<\/td><td class=\"column-2\">G97172530<\/td><td class=\"column-3\">La Safor<\/td><td class=\"column-4\">14\/03\/2018<\/td><td class=\"column-5\">Metopas para los veteranos y amenizaci\u00f3n musical<\/td><td class=\"column-6\">1.001,87 \u20ac<\/td><td class=\"column-7\"><a href=\"https:\/\/www.bombersdv.es\/wp-content\/uploads\/2020\/04\/2018-ASOC-LA-SAFOR-D273-14_03_18.pdf\" target=\"_blank\" rel=\"noopener noreferrer\">PDF<\/a><\/td>\n<\/tr>\n<tr class=\"row-3\">\n\t<td class=\"column-1\">Agrupaci\u00f3n Cultural Deportiva de Bomberos de Sagunto<\/td><td class=\"column-2\">B96612551<\/td><td class=\"column-3\">Sagunto<\/td><td class=\"column-4\">23\/02\/2018<\/td><td class=\"column-5\">Castillos hinchables<\/td><td class=\"column-6\">996,65 \u20ac<\/td><td class=\"column-7\"><a href=\"https:\/\/www.bombersdv.es\/wp-content\/uploads\/2020\/04\/2018-ASOC-SAGUNT-D190-23_02_18.pdf\" target=\"_blank\" rel=\"noopener noreferrer\">PDF<\/a><\/td>\n<\/tr>\n<tr class=\"row-4\">\n\t<td class=\"column-1\">Asociaci\u00f3n Recreativa cultural Deportiva de Bomberos de Paterna<\/td><td class=\"column-2\">G97172530<\/td><td class=\"column-3\">Paterna<\/td><td class=\"column-4\">18\/12\/2018<\/td><td class=\"column-5\">Carrera solidaria<\/td><td class=\"column-6\">2.860,00 \u20ac<\/td><td class=\"column-7\"><a href=\"https:\/\/www.bombersdv.es\/wp-content\/uploads\/2020\/04\/2018-CROSS-PATERNA-D-1246-18_12_18.pdf\" target=\"_blank\" rel=\"noopener noreferrer\">PDF<\/a><\/td>\n<\/tr>\n<tr class=\"row-5\">\n\t<td class=\"column-1\">Asociaci\u00f3n de Bomberos Veteranos del Consorcio<\/td><td class=\"column-2\">G98972540<\/td><td class=\"column-3\"><\/td><td class=\"column-4\">21\/11\/2019<\/td><td class=\"column-5\">Costituci\u00f3n<\/td><td class=\"column-6\">4.410,00 \u20ac<\/td><td class=\"column-7\"><a href=\"https:\/\/www.bombersdv.es\/wp-content\/uploads\/2020\/04\/2018-VETERANOS-INICIO-D-962-02_10_18.pdf\" target=\"_blank\" rel=\"noopener noreferrer\">PDF<\/a><\/td>\n<\/tr>\n<tr class=\"row-6\">\n\t<td class=\"column-1\">Asociaci\u00f3n de Bomberos Veteranos del Consorcio<\/td><td class=\"column-2\">G98972540<\/td><td class=\"column-3\"><\/td><td class=\"column-4\">18\/12\/2018<\/td><td class=\"column-5\">Calendario solidario<\/td><td class=\"column-6\">6.835,29 \u20ac<\/td><td class=\"column-7\"><a href=\"https:\/\/www.bombersdv.es\/wp-content\/uploads\/2020\/04\/2018-CALENDARIO-SOLIDARIO-D-1248-18_12_18.pdf\" target=\"_blank\" rel=\"noopener noreferrer\">PDF<\/a><\/td>\n<\/tr>\n<\/tbody>\n<\/table>\n<!-- #tablepress-33 from cache --><\/p>\n<p><\/div><\/div><\/div>\n<div class=\"fusion-panel panel-default panel-428217eae994f623a fusion-toggle-has-divider\"><div class=\"panel-heading\"><h4 class=\"panel-title toggle\" id=\"toggle_428217eae994f623a\"><a aria-expanded=\"false\" aria-controls=\"428217eae994f623a\" role=\"button\" data-toggle=\"collapse\" data-parent=\"#accordion-52179-2\" data-target=\"#428217eae994f623a\" href=\"#428217eae994f623a\"><span class=\"fusion-toggle-icon-wrapper\" aria-hidden=\"true\"><i class=\"fa-fusion-box active-icon awb-icon-minus\" aria-hidden=\"true\"><\/i><i class=\"fa-fusion-box inactive-icon awb-icon-plus\" aria-hidden=\"true\"><\/i><\/span><span class=\"fusion-toggle-heading\">Subvenciones concedidas en 2017<\/span><\/a><\/h4><\/div><div id=\"428217eae994f623a\" class=\"panel-collapse collapse \" aria-labelledby=\"toggle_428217eae994f623a\"><div class=\"panel-body toggle-content fusion-clearfix\"><\/p>\n<p>\n<table id=\"tablepress-34\" class=\"tablepress tablepress-id-34\">\n<thead>\n<tr class=\"row-1\">\n\t<th class=\"column-1\">Asociaci\u00f3n<\/th><th class=\"column-2\">NIF<\/th><th class=\"column-3\">Municipio<\/th><th class=\"column-4\">Fecha<\/th><th class=\"column-5\">Concepto<\/th><th class=\"column-6\">Importe<\/th><th class=\"column-7\">Documento<\/th>\n<\/tr>\n<\/thead>\n<tbody class=\"row-striping row-hover\">\n<tr class=\"row-2\">\n\t<td class=\"column-1\">Associaci\u00f3 Esportiu Cultural de Bombers del Consorci de Val\u00e9ncia<\/td><td class=\"column-2\">G96767629<\/td><td class=\"column-3\">Valencia<\/td><td class=\"column-4\">14\/04\/2016<\/td><td class=\"column-5\">Actividades deportivas y culturales<\/td><td class=\"column-6\">5.441,69 \u20ac<\/td><td class=\"column-7\"><a href=\"https:\/\/www.bombersdv.es\/wp-content\/uploads\/2020\/04\/2017-ASOC-BOMBERS-ACTIVIDADES-DEPORTIVAS-D429-04_05_17.pdf\" target=\"_blank\" rel=\"noopener noreferrer\">PDF<\/a><\/td>\n<\/tr>\n<tr class=\"row-3\">\n\t<td class=\"column-1\">Agrupaci\u00f3n Cultural Deportiva de Bomberos<\/td><td class=\"column-2\">B96612551<\/td><td class=\"column-3\">Sagunto<\/td><td class=\"column-4\">4\/12\/2017<\/td><td class=\"column-5\">Calendarios solidarios<\/td><td class=\"column-6\">7.368,90 \u20ac<\/td><td class=\"column-7\"><a href=\"https:\/\/www.bombersdv.es\/wp-content\/uploads\/2020\/04\/2017-ASO-SAGUN-CALENDARIO-SOLIDARIOS-D112-04_12_17.pdf\" target=\"_blank\" rel=\"noopener noreferrer\">PDF<\/a><\/td>\n<\/tr>\n<tr class=\"row-4\">\n\t<td class=\"column-1\">Agrupaci\u00f3n Cultural Deportiva de Bomberos<\/td><td class=\"column-2\">B96612551<\/td><td class=\"column-3\">Sagunto<\/td><td class=\"column-4\">9\/03\/2017<\/td><td class=\"column-5\">Calendarios solidarios<\/td><td class=\"column-6\">2.167,11 \u20ac<\/td><td class=\"column-7\"><a href=\"https:\/\/www.bombersdv.es\/wp-content\/uploads\/2020\/04\/2017-ASOC-SAGUNT-CALENDARIO-SOLIDARIO-D229-09_03_17.pdf\" target=\"_blank\" rel=\"noopener noreferrer\">PDF<\/a><\/td>\n<\/tr>\n<tr class=\"row-5\">\n\t<td class=\"column-1\">Agrupaci\u00f3n Cultural Deportiva de Bomberos<\/td><td class=\"column-2\">B96612551<\/td><td class=\"column-3\">Sagunto<\/td><td class=\"column-4\">9\/03\/2017<\/td><td class=\"column-5\">Castillos hinchables<\/td><td class=\"column-6\">850,00 \u20ac<\/td><td class=\"column-7\"><a href=\"https:\/\/www.bombersdv.es\/wp-content\/uploads\/2020\/04\/2017-ASOC-SAGUNT-PUERTAS-ABIERTAS-D230-09_03_17.pdf\" target=\"_blank\" rel=\"noopener noreferrer\">PDF<\/a><\/td>\n<\/tr>\n<\/tbody>\n<\/table>\n<!-- #tablepress-34 from cache --><\/p>\n<p><\/div><\/div><\/div>\n<div class=\"fusion-panel panel-default panel-bf8476a47ba2b6837 fusion-toggle-has-divider\"><div class=\"panel-heading\"><h4 class=\"panel-title toggle\" id=\"toggle_bf8476a47ba2b6837\"><a aria-expanded=\"false\" aria-controls=\"bf8476a47ba2b6837\" role=\"button\" data-toggle=\"collapse\" data-parent=\"#accordion-52179-2\" data-target=\"#bf8476a47ba2b6837\" href=\"#bf8476a47ba2b6837\"><span class=\"fusion-toggle-icon-wrapper\" aria-hidden=\"true\"><i class=\"fa-fusion-box active-icon awb-icon-minus\" aria-hidden=\"true\"><\/i><i class=\"fa-fusion-box inactive-icon awb-icon-plus\" aria-hidden=\"true\"><\/i><\/span><span class=\"fusion-toggle-heading\">Subvenciones concedidas en 2016<\/span><\/a><\/h4><\/div><div id=\"bf8476a47ba2b6837\" class=\"panel-collapse collapse \" aria-labelledby=\"toggle_bf8476a47ba2b6837\"><div class=\"panel-body toggle-content fusion-clearfix\"><\/p>\n<p>\n<table id=\"tablepress-35\" class=\"tablepress tablepress-id-35\">\n<thead>\n<tr class=\"row-1\">\n\t<th class=\"column-1\">Asociaci\u00f3n<\/th><th class=\"column-2\">NIF<\/th><th class=\"column-3\">Municipio<\/th><th class=\"column-4\">Fecha<\/th><th class=\"column-5\">Concepto<\/th><th class=\"column-6\">Importe<\/th><th class=\"column-7\">Documento<\/th>\n<\/tr>\n<\/thead>\n<tbody class=\"row-striping row-hover\">\n<tr class=\"row-2\">\n\t<td class=\"column-1\">Asociaci\u00f3 Deportiva-Cultural Bombers de Gandia<\/td><td class=\"column-2\"><\/td><td class=\"column-3\">Gandia<\/td><td class=\"column-4\">14\/04\/2016<\/td><td class=\"column-5\">Ayuda humanitaria refugiados<\/td><td class=\"column-6\">2.500,00 \u20ac<\/td><td class=\"column-7\"><a href=\"https:\/\/www.bombersdv.es\/wp-content\/uploads\/2020\/04\/2016-ASOC-GANDIA-AYUDA-HUMANITARIA-REFUGIADOS-D317-14_04_16.pdf\" target=\"_blank\" rel=\"noopener noreferrer\">PDF<\/a><\/td>\n<\/tr>\n<tr class=\"row-3\">\n\t<td class=\"column-1\">Agrupaci\u00f3n Cultural Deportiva de Bomberos<\/td><td class=\"column-2\">B96612551<\/td><td class=\"column-3\">Sagunto<\/td><td class=\"column-4\">17\/12\/2015<\/td><td class=\"column-5\">Calendarios solidarios<\/td><td class=\"column-6\">1.973,51 \u20ac<\/td><td class=\"column-7\"><a href=\"https:\/\/www.bombersdv.es\/wp-content\/uploads\/2020\/04\/2016-ASOC-SAGUNT-CALENDARIOS-SOLIDARIOS-D61-25_02_2016.pdf\" target=\"_blank\" rel=\"noopener noreferrer\">PDF<\/a><\/td>\n<\/tr>\n<tr class=\"row-4\">\n\t<td class=\"column-1\">Agrupaci\u00f3n Cultural Deportiva de Bomberos<\/td><td class=\"column-2\">B96612551<\/td><td class=\"column-3\">Sagunto<\/td><td class=\"column-4\">9\/09\/2016<\/td><td class=\"column-5\">Equipo excarcelaci\u00f3n<\/td><td class=\"column-6\">6.825,00 \u20ac<\/td><td class=\"column-7\"><a href=\"https:\/\/www.bombersdv.es\/wp-content\/uploads\/2020\/04\/2016-ASOC-SAGUNT-VIAJE-EQUIPO-EXCARCELACION-CURITIBA-D868-09_09_16.pdf\" target=\"_blank\" rel=\"noopener noreferrer\">PDF<\/a><\/td>\n<\/tr>\n<\/tbody>\n<\/table>\n<!-- #tablepress-35 from cache --><\/p>\n<p><\/div><\/div><\/div>\n<p>&nbsp;<\/p>\n<p>&nbsp;<\/p>\n<p>&nbsp;<\/p>\n","protected":false},"excerpt":{"rendered":"<p>&nbsp; &nbsp; &nbsp; &nbsp; &nbsp;<\/p>\n","protected":false},"author":1,"featured_media":0,"parent":0,"menu_order":0,"comment_status":"closed","ping_status":"closed","template":"","meta":{"footnotes":""},"class_list":["post-52179","page","type-page","status-publish","hentry"],"_links":{"self":[{"href":"https:\/\/www.bombersdv.es\/es\/wp-json\/wp\/v2\/pages\/52179"}],"collection":[{"href":"https:\/\/www.bombersdv.es\/es\/wp-json\/wp\/v2\/pages"}],"about":[{"href":"https:\/\/www.bombersdv.es\/es\/wp-json\/wp\/v2\/types\/page"}],"author":[{"embeddable":true,"href":"https:\/\/www.bombersdv.es\/es\/wp-json\/wp\/v2\/users\/1"}],"replies":[{"embeddable":true,"href":"https:\/\/www.bombersdv.es\/es\/wp-json\/wp\/v2\/comments?post=52179"}],"version-history":[{"count":9,"href":"https:\/\/www.bombersdv.es\/es\/wp-json\/wp\/v2\/pages\/52179\/revisions"}],"predecessor-version":[{"id":52772,"href":"https:\/\/www.bombersdv.es\/es\/wp-json\/wp\/v2\/pages\/52179\/revisions\/52772"}],"wp:attachment":[{"href":"https:\/\/www.bombersdv.es\/es\/wp-json\/wp\/v2\/media?parent=52179"}],"curies":[{"name":"wp","href":"https:\/\/api.w.org\/{rel}","templated":true}]}}