{"id":53030,"date":"2020-11-02T08:02:06","date_gmt":"2020-11-02T07:02:06","guid":{"rendered":"https:\/\/www.bombersdv.es\/?page_id=53030"},"modified":"2026-03-05T12:06:20","modified_gmt":"2026-03-05T11:06:20","slug":"2020-bt003-bolsa-adscripcion-a-la-unidad-de-rescate-en-emergencias-y-catastrofes-urec","status":"publish","type":"page","link":"https:\/\/www.bombersdv.es\/es\/oposiciones\/procesos-finalizados\/2020-bt003-bolsa-adscripcion-a-la-unidad-de-rescate-en-emergencias-y-catastrofes-urec\/","title":{"rendered":"2020\/BT003 Bolsa adscripci\u00f3n a la Unidad de Rescate en Emergencias y Cat\u00e1strofes (UREC)."},"content":{"rendered":"<div class=\"fusion-fullwidth fullwidth-box fusion-builder-row-1 nonhundred-percent-fullwidth non-hundred-percent-height-scrolling\" style=\"--awb-background-position:left top;--awb-border-radius-top-left:0px;--awb-border-radius-top-right:0px;--awb-border-radius-bottom-right:0px;--awb-border-radius-bottom-left:0px;--awb-padding-top:20px;--awb-padding-bottom:20px;--awb-border-sizes-top:0px;--awb-border-sizes-bottom:0px;--awb-flex-wrap:wrap;\" ><div class=\"fusion-builder-row fusion-row\"><div class=\"fusion-layout-column fusion_builder_column fusion-builder-column-0 fusion_builder_column_1_1 1_1 fusion-one-full fusion-column-first fusion-column-last fusion-column-no-min-height\" style=\"--awb-bg-size:cover;--awb-margin-bottom:0px;\"><div class=\"fusion-column-wrapper fusion-flex-column-wrapper-legacy\"><div class=\"fusion-title title fusion-title-1 fusion-sep-none fusion-title-text fusion-title-size-two\"><h2 class=\"fusion-title-heading title-heading-left fusion-responsive-typography-calculated\" style=\"margin:0;--fontSize:34;line-height:1.09;\">2020\/BT003 Bolsa adscripci\u00f3n a la Unidad de Rescate en Emergencias y Cat\u00e1strofes (UREC).<\/h2><\/div><div class=\"fusion-text fusion-text-1\"><div class=\"table-2\">\n<table width=\"100%\">\n<thead>\n<tr>\n<th style=\"width: 52.9369%;\">Tr\u00e1mite<\/th>\n<th style=\"width: 8.99203%;\">Fecha<\/th>\n<th style=\"width: 37.3459%;\">Documento(s)<\/th>\n<\/tr>\n<\/thead>\n<tbody>\n<tr>\n<td style=\"width: 52.9369%;\">Decreto N\u00ba 991, de fecha 27\/10\/2020, aprobando convocatoria<\/td>\n<td style=\"width: 8.99203%;\">02\/11\/2020<\/td>\n<td style=\"width: 37.3459%;\"><a href=\"https:\/\/www.bombersdv.es\/wp-content\/uploads\/2020\/11\/2020_BT003_Dto-probacion-convocatoria-UREC.pdf\" target=\"_blank\" rel=\"noopener noreferrer\">Decreto<\/a><\/td>\n<\/tr>\n<tr>\n<td style=\"width: 52.9369%;\">Anexo Pruebas de acceso a la UREC<\/td>\n<td style=\"width: 8.99203%;\">02\/11\/2020<\/td>\n<td style=\"width: 37.3459%;\"><a href=\"https:\/\/www.bombersdv.es\/wp-content\/uploads\/2020\/11\/2020_BT003_Anexo-pruebas-UREC.pdf\" target=\"_blank\" rel=\"noopener noreferrer\">Anexo <\/a><\/td>\n<\/tr>\n<tr>\n<td style=\"width: 52.9369%;\">Solicitud<\/td>\n<td style=\"width: 8.99203%;\">02\/11\/2020<\/td>\n<td style=\"width: 37.3459%;\"><a href=\"https:\/\/www.bombersdv.es\/wp-content\/uploads\/2020\/11\/2020_BT003_MOD-SOLICTUD-formulario.pdf\" target=\"_blank\" rel=\"noopener noreferrer\">Solicitud<\/a><\/td>\n<\/tr>\n<tr>\n<td style=\"width: 52.9369%;\">Lista admitidos y designaci\u00f3n miembros Comisi\u00f3n de Valoraci\u00f3n<\/td>\n<td style=\"width: 8.99203%;\">14\/12\/2020<\/td>\n<td style=\"width: 37.3459%;\"><a href=\"https:\/\/www.bombersdv.es\/wp-content\/uploads\/2020\/12\/2020_BT003_Lista-prov-y-desig-miembros-Com-Valorac.pdf\" target=\"_blank\" rel=\"noopener noreferrer\">Lista provisional y designacion miembros C.V.<\/a><\/td>\n<\/tr>\n<tr>\n<td style=\"width: 52.9369%;\">Anuncio Comisi\u00f3n de Valoraci\u00f3n: Lista admitidos definitiva y fecha primera prueba<\/td>\n<td style=\"width: 8.99203%;\">23\/12\/2020<\/td>\n<td style=\"width: 37.3459%;\"><a href=\"https:\/\/www.bombersdv.es\/wp-content\/uploads\/2020\/12\/2020_BT003_Anuncio-lista-def-y-fecha-examen-1_signed.pdf\" target=\"_blank\" rel=\"noopener noreferrer\">Anuncio Comisi\u00f3n de Valoraci\u00f3n<\/a><\/td>\n<\/tr>\n<tr>\n<td style=\"width: 52.9369%;\">Anuncio Comisi\u00f3n de Valoraci\u00f3n: Publicaci\u00f3n examen y plantilla de correcci\u00f3n<\/td>\n<td style=\"width: 8.99203%;\">15\/01\/2021<\/td>\n<td style=\"width: 37.3459%;\">\n<p><a href=\"https:\/\/www.bombersdv.es\/wp-content\/uploads\/2021\/01\/2020_BT003_Plantilla-de-respuestas-1o-ejercicio-UREC-de-14-01-2021_signed.pdf\" target=\"_blank\" rel=\"noopener\">Anuncio Comisi\u00f3n de Valoraci\u00f3n Plantilla<\/a><\/p>\n<p><a href=\"https:\/\/www.bombersdv.es\/wp-content\/uploads\/2021\/01\/2020_BT003_Examen-teorico-acceso-UREC-enero-2021_signed.pdf\" target=\"_blank\" rel=\"noopener\">Examen<\/a><\/td>\n<\/tr>\n<tr>\n<td style=\"width: 52.9369%;\">Anuncio Comisi\u00f3n de Valoraci\u00f3n: Resultados primer ejercicio (seg\u00fan c\u00f3digos identificativos) y apertura solapas identificativas en acto p\u00fablico<\/td>\n<td style=\"width: 8.99203%;\">18\/01\/2021<\/td>\n<td style=\"width: 37.3459%;\"><a href=\"https:\/\/www.bombersdv.es\/wp-content\/uploads\/2021\/01\/2020_BT003_Anuncio-resultados-anonimos-primer-ejercicio-UREC_signed.pdf\" target=\"_blank\" rel=\"noopener\">Anuncio Comisi\u00f3n de Valoraci\u00f3n<\/a><\/td>\n<\/tr>\n<tr>\n<td style=\"width: 52.9369%;\">Anuncio Comisi\u00f3n de Valoraci\u00f3n: Resultados primer ejercicio con datos identificativos y convocatoria segunda prueba<\/td>\n<td style=\"width: 8.99203%;\">21\/01\/2021<\/td>\n<td style=\"width: 37.3459%;\"><a href=\"https:\/\/www.bombersdv.es\/wp-content\/uploads\/2021\/01\/2020_BT003_Anuncio-lista-punt-primer-ejercicio-y-fechas-realizacion-del-segundo-UREC.pdf\" target=\"_blank\" rel=\"noopener\">Anuncio Comisi\u00f3n de Valoraci\u00f3n<\/a><\/td>\n<\/tr>\n<tr>\n<td style=\"width: 52.9369%;\">Anuncio Comisi\u00f3n de Valoraci\u00f3n: Rectificaci\u00f3n error de puntuaci\u00f3n resultados primer ejercicio<\/td>\n<td style=\"width: 8.99203%;\">29\/01\/2021<\/td>\n<td style=\"width: 37.3459%;\"><a href=\"https:\/\/www.bombersdv.es\/wp-content\/uploads\/2021\/01\/2020_BT003_Anuncio-rectific-lista-puntuac-primer-ejercicio-tras-revision-de-examen.pdf\" target=\"_blank\" rel=\"noopener\">Anuncio Comisi\u00f3n de Valoraci\u00f3n<\/a><\/td>\n<\/tr>\n<tr>\n<td style=\"width: 52.9369%;\">Anuncio Comisi\u00f3n de Valoraci\u00f3n: Convocatoria segundo ejercicio (pruebas t\u00e9cnicas\/f\u00edsicas espec\u00edficas)<\/td>\n<td style=\"width: 8.99203%;\">16\/02\/2021<\/td>\n<td style=\"width: 37.3459%;\"><a href=\"https:\/\/www.bombersdv.es\/wp-content\/uploads\/2021\/02\/2020_BT003-convocatoria-segundo-examen-UREC.pdf\" target=\"_blank\" rel=\"noopener\">Anuncio Comisi\u00f3n de Valoraci\u00f3n<\/a><\/td>\n<\/tr>\n<tr>\n<td style=\"width: 52.9369%;\">Anuncio Comisi\u00f3n de Valoraci\u00f3n: Resultados segundo ejercicio, puntuaci\u00f3n general del proceso y convocatoria realizaci\u00f3n entrevista<\/td>\n<td style=\"width: 8.99203%;\">03\/03\/2021<\/td>\n<td style=\"width: 37.3459%;\"><a href=\"https:\/\/www.bombersdv.es\/wp-content\/uploads\/2021\/03\/2020_BT003_Anuncio-lista-puntuac-2-ejercicio-y-fecha-realizacion-entrevista-UREC_signed.pdf\" target=\"_blank\" rel=\"noopener\">Anuncio Comisi\u00f3n de Valoraci\u00f3n<\/a><\/td>\n<\/tr>\n<tr>\n<td style=\"width: 52.9369%;\">Anuncio Comisi\u00f3n de Valoraci\u00f3n: Lista puntuaci\u00f3n entrevista, valoraci\u00f3n curricular i listado final<\/td>\n<td style=\"width: 8.99203%;\">11\/03\/2021<\/td>\n<td style=\"width: 37.3459%;\"><a href=\"https:\/\/www.bombersdv.es\/wp-content\/uploads\/2021\/03\/2020_BT003_Anuncio-lista-puntuacion-entrevista-mas-valoracion-curricular-mas-listado-final-definitivo-UREC.pdf\" target=\"_blank\" rel=\"noopener\">Anuncio Comisi\u00f3n de Valoraci\u00f3n<\/a><\/td>\n<\/tr>\n<tr>\n<td style=\"width: 52.9369%;\">Decreto constituci\u00f3n Bol\u00adsa Unidad de Rescate en Emergencias y Cat\u00e1strofes (UREC)<\/td>\n<td style=\"width: 8.99203%;\">15\/11\/2021<\/td>\n<td style=\"width: 37.3459%;\"><a href=\"https:\/\/www.bombersdv.es\/wp-content\/uploads\/2021\/11\/CONSTITUCION-BOLSA-UREC.pdf\" target=\"_blank\" rel=\"noopener\">Decreto<\/a><\/td>\n<\/tr>\n<\/tbody>\n<\/table>\n<\/div>\n<\/div><div class=\"fusion-clearfix\"><\/div><\/div><\/div><\/div><\/div>\n","protected":false},"excerpt":{"rendered":"","protected":false},"author":192,"featured_media":0,"parent":15127,"menu_order":0,"comment_status":"closed","ping_status":"closed","template":"","meta":{"footnotes":""},"class_list":["post-53030","page","type-page","status-publish","hentry"],"_links":{"self":[{"href":"https:\/\/www.bombersdv.es\/es\/wp-json\/wp\/v2\/pages\/53030"}],"collection":[{"href":"https:\/\/www.bombersdv.es\/es\/wp-json\/wp\/v2\/pages"}],"about":[{"href":"https:\/\/www.bombersdv.es\/es\/wp-json\/wp\/v2\/types\/page"}],"author":[{"embeddable":true,"href":"https:\/\/www.bombersdv.es\/es\/wp-json\/wp\/v2\/users\/192"}],"replies":[{"embeddable":true,"href":"https:\/\/www.bombersdv.es\/es\/wp-json\/wp\/v2\/comments?post=53030"}],"version-history":[{"count":19,"href":"https:\/\/www.bombersdv.es\/es\/wp-json\/wp\/v2\/pages\/53030\/revisions"}],"predecessor-version":[{"id":56311,"href":"https:\/\/www.bombersdv.es\/es\/wp-json\/wp\/v2\/pages\/53030\/revisions\/56311"}],"up":[{"embeddable":true,"href":"https:\/\/www.bombersdv.es\/es\/wp-json\/wp\/v2\/pages\/15127"}],"wp:attachment":[{"href":"https:\/\/www.bombersdv.es\/es\/wp-json\/wp\/v2\/media?parent=53030"}],"curies":[{"name":"wp","href":"https:\/\/api.w.org\/{rel}","templated":true}]}}