{"id":53258,"date":"2020-12-10T10:28:44","date_gmt":"2020-12-10T09:28:44","guid":{"rendered":"https:\/\/www.bombersdv.es\/?page_id=53258"},"modified":"2021-07-06T13:25:33","modified_gmt":"2021-07-06T11:25:33","slug":"2020-ce001-concurso-especifico-para-la-provision-de-tres-puestos-de-coordinador-a-jefe-a-de-sala","status":"publish","type":"page","link":"https:\/\/www.bombersdv.es\/es\/oposiciones\/procesos-finalizados\/2020-ce001-concurso-especifico-para-la-provision-de-tres-puestos-de-coordinador-a-jefe-a-de-sala\/","title":{"rendered":"2020\/CE001: Concurso Espec\u00edfico para la provisi\u00f3n de tres puestos de Coordinador\/a Jefe\/a de Sala"},"content":{"rendered":"<div class=\"fusion-fullwidth fullwidth-box fusion-builder-row-1 nonhundred-percent-fullwidth non-hundred-percent-height-scrolling\" style=\"--awb-background-position:left top;--awb-border-radius-top-left:0px;--awb-border-radius-top-right:0px;--awb-border-radius-bottom-right:0px;--awb-border-radius-bottom-left:0px;--awb-padding-top:20px;--awb-padding-bottom:20px;--awb-border-sizes-top:0px;--awb-border-sizes-bottom:0px;--awb-flex-wrap:wrap;\" ><div class=\"fusion-builder-row fusion-row\"><div class=\"fusion-layout-column fusion_builder_column fusion-builder-column-0 fusion_builder_column_1_1 1_1 fusion-one-full fusion-column-first fusion-column-last fusion-column-no-min-height\" style=\"--awb-bg-size:cover;--awb-margin-bottom:0px;\"><div class=\"fusion-column-wrapper fusion-flex-column-wrapper-legacy\"><div class=\"fusion-title title fusion-title-1 fusion-sep-none fusion-title-text fusion-title-size-two\"><h2 class=\"fusion-title-heading title-heading-left fusion-responsive-typography-calculated\" style=\"margin:0;--fontSize:34;line-height:1.09;\">2020\/CE001: Concurso Espec\u00edfico para la provisi\u00f3n de tres puestos de Coordinador\/a Jefe\/a de sala.<\/h2><\/div><div class=\"fusion-text fusion-text-1\"><\/div>\n<div class=\"table-2\">\n<table style=\"height: 48px;\" width=\"100%\">\n<thead>\n<tr style=\"height: 24px;\">\n<th style=\"height: 24px; width: 69.0355%;\">Tr\u00e1mite<\/th>\n<th style=\"height: 24px; width: 6.52647%;\">Fecha<\/th>\n<th style=\"height: 24px; width: 23.7128%;\">Documento(s)<\/th>\n<\/tr>\n<\/thead>\n<tbody>\n<tr style=\"height: 24px;\">\n<td style=\"height: 24px; width: 69.0355%;\">Bases<\/td>\n<td style=\"height: 24px; width: 6.52647%;\">10\/12\/2020<\/td>\n<td style=\"height: 24px; width: 23.7128%;\"><a href=\"https:\/\/www.bombersdv.es\/wp-content\/uploads\/2020\/12\/Bases-coordinador-jefe-de-sala.pdf\" target=\"_blank\" rel=\"noopener noreferrer\">Publicaci\u00f3n Bases BOP<\/a><\/td>\n<\/tr>\n<tr style=\"height: 24px;\">\n<td style=\"height: 24px; width: 69.0355%;\">Solicitud<\/td>\n<td style=\"height: 24px; width: 6.52647%;\">10\/12\/2020<\/td>\n<td style=\"height: 24px; width: 23.7128%;\"><a href=\"https:\/\/www.bombersdv.es\/wp-content\/uploads\/2020\/12\/2020_CE001_ANEXO-I-MOD-SOLICITUD-VALENC-CAST-FORMULARIO.pdf\" target=\"_blank\" rel=\"noopener noreferrer\">Solicitud<\/a><\/td>\n<\/tr>\n<tr style=\"height: 24px;\">\n<td style=\"height: 24px; width: 69.0355%;\">El plazo de presentaci\u00f3n de solicitudes ser\u00e1 de 15 d\u00edas h\u00e1biles, a contar del siguiente al de la publicaci\u00f3n de estas Bases en el BOP<\/td>\n<td style=\"height: 24px; width: 6.52647%;\"><\/td>\n<td style=\"height: 24px; width: 23.7128%;\"><\/td>\n<\/tr>\n<tr style=\"height: 48px;\">\n<td style=\"width: 69.0355%; height: 48px;\">Publicaci\u00f3n lista provisional admitidos y excluidos y designaci\u00f3n miembros Comisi\u00f3n de Valoraci\u00f3n<\/td>\n<td style=\"width: 6.52647%; height: 48px;\">17\/02\/2021<\/td>\n<td style=\"width: 23.7128%; height: 48px;\"><a href=\"https:\/\/www.bombersdv.es\/wp-content\/uploads\/2021\/02\/2020_CE001_Lista-prov-y-miembros-Com-Val.pdf\" target=\"_blank\" rel=\"noopener\">Lista provisional y designaci\u00f3n miembros C.V.<\/a><\/td>\n<\/tr>\n<tr style=\"height: 24px;\">\n<td style=\"width: 69.0355%; height: 24px;\">Diligencia elevaci\u00f3n lista provisional admitidos y excluidos a definitiva<\/td>\n<td style=\"width: 6.52647%; height: 24px;\">25\/02\/2021<\/td>\n<td style=\"width: 23.7128%; height: 24px;\"><a href=\"https:\/\/www.bombersdv.es\/wp-content\/uploads\/2021\/02\/2020_CE001_Diligencia-elevacion-lista-provisional-a-def.pdf\" target=\"_blank\" rel=\"noopener\">Diligencia<\/a><\/td>\n<\/tr>\n<tr style=\"height: 48px;\">\n<td style=\"width: 69.0355%; height: 48px;\">Anuncio Comisi\u00f3n de Valoraci\u00f3n: Constituci\u00f3n de la Comisi\u00f3n de Valoraci\u00f3n y determinaci\u00f3n de la fecha para la sesi\u00f3n de la baremaci\u00f3n de m\u00e9ritos<\/td>\n<td style=\"width: 6.52647%; height: 48px;\">10\/03\/2021<\/td>\n<td style=\"width: 23.7128%; height: 48px;\"><a href=\"https:\/\/www.bombersdv.es\/wp-content\/uploads\/2021\/03\/Anuncio-10_3_2021_signed.pdf\" target=\"_blank\" rel=\"noopener\">Anuncio<\/a><\/td>\n<\/tr>\n<tr style=\"height: 24px;\">\n<td style=\"width: 69.0355%; height: 24px;\">Anuncio Comisi\u00f3n de Valoraci\u00f3n: Relaci\u00f3n puntuaciones Fase Baremaci\u00f3n de M\u00e9ritos<\/td>\n<td style=\"width: 6.52647%; height: 24px;\">22\/03\/2021<\/td>\n<td style=\"width: 23.7128%; height: 24px;\"><a href=\"https:\/\/www.bombersdv.es\/wp-content\/uploads\/2021\/03\/2020_CE001-anuncio-puntuaciones-fase-baremacion-meritos.pdf\" target=\"_blank\" rel=\"noopener\">Anuncio Comisi\u00f3n de Valoraci\u00f3n<\/a><\/td>\n<\/tr>\n<tr>\n<td style=\"width: 69.0355%;\">Anuncio Comisi\u00f3n de Valoraci\u00f3n: Fecha, hora y lugar de realizaci\u00f3n del supuesto pr\u00e1ctico<\/td>\n<td style=\"width: 6.52647%;\">19\/04\/2021<\/td>\n<td style=\"width: 23.7128%;\"><a href=\"https:\/\/www.bombersdv.es\/wp-content\/uploads\/2021\/04\/Anuncio-19_4_2021_signed.pdf\" target=\"_blank\" rel=\"noopener\">Anuncio Comisi\u00f3n de Valoraci\u00f3n<\/a><\/td>\n<\/tr>\n<tr>\n<td style=\"width: 69.0355%;\">Anuncio Comisi\u00f3n de Valoraci\u00f3n: publicaci\u00f3n criterios de correcci\u00f3n y supuesto pr\u00e1ctico<\/td>\n<td style=\"width: 6.52647%;\">04\/05\/2021<\/td>\n<td style=\"width: 23.7128%;\">\n<p><a href=\"https:\/\/www.bombersdv.es\/wp-content\/uploads\/2021\/05\/Anuncio-4_5_2021_signed.pdf\" target=\"_blank\" rel=\"noopener\">Anuncio Comisi\u00f3n de Valoraci\u00f3n<\/a><\/p>\n<p><a href=\"https:\/\/www.bombersdv.es\/wp-content\/uploads\/2021\/05\/SUPUESTO.pdf\" target=\"_blank\" rel=\"noopener\">Supuesto<\/a><\/p>\n<p><a href=\"https:\/\/www.bombersdv.es\/wp-content\/uploads\/2021\/05\/MAPAS-CANAR.pdf\" target=\"_blank\" rel=\"noopener\">Mapa<\/a><\/td>\n<\/tr>\n<tr>\n<td style=\"width: 69.0355%;\">Anuncio Comisi\u00f3n de Valoraci\u00f3n<strong>: <\/strong>resultados supuesto pr\u00e1ctico y puntuaci\u00f3n total proceso selectivo<\/td>\n<td style=\"width: 6.52647%;\">13\/05\/2021<\/td>\n<td style=\"width: 23.7128%;\"><a href=\"https:\/\/www.bombersdv.es\/wp-content\/uploads\/2021\/05\/2020_CE001_Anuncio-13_5_2021.pdf\" target=\"_blank\" rel=\"noopener\">Anuncio Comisi\u00f3n de Valoraci\u00f3n<\/a><\/td>\n<\/tr>\n<tr>\n<td style=\"width: 69.0355%;\">Anuncio Comisi\u00f3n de Valoraci\u00f3n:\u00a0 puntuaci\u00f3n definitiva, propuesta nombramiento aspirantes seleccionados y propuesta constituci\u00f3n bolsa de trabajo<\/td>\n<td style=\"width: 6.52647%;\">28\/05\/2021<\/td>\n<td style=\"width: 23.7128%;\"><a href=\"https:\/\/www.bombersdv.es\/wp-content\/uploads\/2021\/05\/Anuncio-28_5_2021_signed.pdf\" target=\"_blank\" rel=\"noopener\">Anuncio Comisi\u00f3n de Valoraci\u00f3n<\/a><\/td>\n<\/tr>\n<\/tbody>\n<\/table>\n<p>ion_text]<div class=\"fusion-clearfix\"><\/div><\/div><\/div><\/div><\/div><\/div>\n","protected":false},"excerpt":{"rendered":"","protected":false},"author":643,"featured_media":0,"parent":15127,"menu_order":0,"comment_status":"closed","ping_status":"closed","template":"","meta":{"footnotes":""},"class_list":["post-53258","page","type-page","status-publish","hentry"],"_links":{"self":[{"href":"https:\/\/www.bombersdv.es\/es\/wp-json\/wp\/v2\/pages\/53258"}],"collection":[{"href":"https:\/\/www.bombersdv.es\/es\/wp-json\/wp\/v2\/pages"}],"about":[{"href":"https:\/\/www.bombersdv.es\/es\/wp-json\/wp\/v2\/types\/page"}],"author":[{"embeddable":true,"href":"https:\/\/www.bombersdv.es\/es\/wp-json\/wp\/v2\/users\/643"}],"replies":[{"embeddable":true,"href":"https:\/\/www.bombersdv.es\/es\/wp-json\/wp\/v2\/comments?post=53258"}],"version-history":[{"count":20,"href":"https:\/\/www.bombersdv.es\/es\/wp-json\/wp\/v2\/pages\/53258\/revisions"}],"predecessor-version":[{"id":54620,"href":"https:\/\/www.bombersdv.es\/es\/wp-json\/wp\/v2\/pages\/53258\/revisions\/54620"}],"up":[{"embeddable":true,"href":"https:\/\/www.bombersdv.es\/es\/wp-json\/wp\/v2\/pages\/15127"}],"wp:attachment":[{"href":"https:\/\/www.bombersdv.es\/es\/wp-json\/wp\/v2\/media?parent=53258"}],"curies":[{"name":"wp","href":"https:\/\/api.w.org\/{rel}","templated":true}]}}