{"id":53356,"date":"2020-12-23T09:47:46","date_gmt":"2020-12-23T08:47:46","guid":{"rendered":"https:\/\/www.bombersdv.es\/?page_id=53356"},"modified":"2022-02-10T12:50:14","modified_gmt":"2022-02-10T11:50:14","slug":"contratos-2019","status":"publish","type":"page","link":"https:\/\/www.bombersdv.es\/es\/portal-de-transparencia\/contratacion\/contratos-2019\/","title":{"rendered":"Contratos 2019"},"content":{"rendered":"<div class=\"fusion-fullwidth fullwidth-box fusion-builder-row-1 nonhundred-percent-fullwidth non-hundred-percent-height-scrolling\" style=\"--awb-border-radius-top-left:0px;--awb-border-radius-top-right:0px;--awb-border-radius-bottom-right:0px;--awb-border-radius-bottom-left:0px;--awb-flex-wrap:wrap;\" ><div class=\"fusion-builder-row fusion-row\"><div class=\"fusion-layout-column fusion_builder_column fusion-builder-column-0 fusion_builder_column_1_2 1_2 fusion-one-half fusion-column-first\" style=\"--awb-bg-size:cover;width:50%;width:calc(50% - ( ( 4% ) * 0.5 ) );margin-right: 4%;\"><div class=\"fusion-column-wrapper fusion-column-has-shadow fusion-flex-column-wrapper-legacy\"><div class=\"fusion-image-element in-legacy-container\" style=\"--awb-caption-title-font-family:var(--h2_typography-font-family);--awb-caption-title-font-weight:var(--h2_typography-font-weight);--awb-caption-title-font-style:var(--h2_typography-font-style);--awb-caption-title-size:var(--h2_typography-font-size);--awb-caption-title-transform:var(--h2_typography-text-transform);--awb-caption-title-line-height:var(--h2_typography-line-height);--awb-caption-title-letter-spacing:var(--h2_typography-letter-spacing);\"><span class=\" fusion-imageframe imageframe-none imageframe-1 hover-type-none\"><img decoding=\"async\" width=\"591\" height=\"406\" title=\"contratos 2019 tipos\" src=\"https:\/\/www.bombersdv.es\/wp-content\/uploads\/2020\/12\/contratos-2019-tipos.png\" alt class=\"img-responsive wp-image-53354\" srcset=\"https:\/\/www.bombersdv.es\/wp-content\/uploads\/2020\/12\/contratos-2019-tipos-200x137.png 200w, https:\/\/www.bombersdv.es\/wp-content\/uploads\/2020\/12\/contratos-2019-tipos-400x275.png 400w, https:\/\/www.bombersdv.es\/wp-content\/uploads\/2020\/12\/contratos-2019-tipos.png 591w\" sizes=\"(max-width: 800px) 100vw, 591px\" \/><\/span><\/div><div class=\"fusion-clearfix\"><\/div><\/div><\/div><div class=\"fusion-layout-column fusion_builder_column fusion-builder-column-1 fusion_builder_column_1_2 1_2 fusion-one-half fusion-column-last\" style=\"--awb-bg-size:cover;width:50%;width:calc(50% - ( ( 4% ) * 0.5 ) );\"><div class=\"fusion-column-wrapper fusion-column-has-shadow fusion-flex-column-wrapper-legacy\"><div class=\"fusion-image-element in-legacy-container\" style=\"--awb-caption-title-font-family:var(--h2_typography-font-family);--awb-caption-title-font-weight:var(--h2_typography-font-weight);--awb-caption-title-font-style:var(--h2_typography-font-style);--awb-caption-title-size:var(--h2_typography-font-size);--awb-caption-title-transform:var(--h2_typography-text-transform);--awb-caption-title-line-height:var(--h2_typography-line-height);--awb-caption-title-letter-spacing:var(--h2_typography-letter-spacing);\"><span class=\" fusion-imageframe imageframe-none imageframe-2 hover-type-none\"><img decoding=\"async\" width=\"595\" height=\"411\" title=\"contratos 2019 procedimientos\" src=\"https:\/\/www.bombersdv.es\/wp-content\/uploads\/2020\/12\/contratos-2019-procedimientos.png\" alt class=\"img-responsive wp-image-53352\" srcset=\"https:\/\/www.bombersdv.es\/wp-content\/uploads\/2020\/12\/contratos-2019-procedimientos-200x138.png 200w, https:\/\/www.bombersdv.es\/wp-content\/uploads\/2020\/12\/contratos-2019-procedimientos-400x276.png 400w, https:\/\/www.bombersdv.es\/wp-content\/uploads\/2020\/12\/contratos-2019-procedimientos.png 595w\" sizes=\"(max-width: 800px) 100vw, 595px\" \/><\/span><\/div><div class=\"fusion-clearfix\"><\/div><\/div><\/div><div class=\"fusion-layout-column fusion_builder_column fusion-builder-column-2 fusion_builder_column_1_1 1_1 fusion-one-full fusion-column-first fusion-column-last\" style=\"--awb-bg-size:cover;\"><div class=\"fusion-column-wrapper fusion-column-has-shadow fusion-flex-column-wrapper-legacy\"><div class=\"fusion-text fusion-text-1\">\n<table id=\"tablepress-47\" class=\"tablepress tablepress-id-47\">\n<thead>\n<tr class=\"row-1\">\n\t<th class=\"column-1\">N.\u00ba expediente<\/th><th class=\"column-2\">Objeto<\/th><th class=\"column-3\">Tipo contrato<\/th><th class=\"column-4\">Tipo procedimiento\/ criterios<\/th><th class=\"column-5\">Adjudicatario<\/th><th class=\"column-6\">Importe<\/th>\n<\/tr>\n<\/thead>\n<tbody class=\"row-striping row-hover\">\n<tr class=\"row-2\">\n\t<td class=\"column-1\">C\/19\/021 L5<\/td><td class=\"column-2\">Material para las actuaciones del grupo especial de rescate en altura (GERA) Colectivo de rescate<\/td><td class=\"column-3\">Suministro<\/td><td class=\"column-4\">Abreviado<\/td><td class=\"column-5\">Vents, Muntanya I Natura, S.L.<\/td><td class=\"column-6\">1425.20<\/td>\n<\/tr>\n<tr class=\"row-3\">\n\t<td class=\"column-1\">C\/19\/021 L6<\/td><td class=\"column-2\">Material para las actuaciones del grupo especial de rescate en altura (GERA) Chaqueton Intervenci\u00f3n Forestal<\/td><td class=\"column-3\">Suministro<\/td><td class=\"column-4\">Abreviado<\/td><td class=\"column-5\">Vallfirest Tecnolog\u00edas Forestales, Sl<\/td><td class=\"column-6\">3083.87<\/td>\n<\/tr>\n<tr class=\"row-4\">\n\t<td class=\"column-1\">C\/19\/021 L4<\/td><td class=\"column-2\">Material para las actuaciones del grupo especial de rescate en altura (GERA) Colectivo<\/td><td class=\"column-3\">Suministro<\/td><td class=\"column-4\">Abreviado<\/td><td class=\"column-5\">Vents, Muntanya I Natura, S.L.<\/td><td class=\"column-6\">3098.89<\/td>\n<\/tr>\n<tr class=\"row-5\">\n\t<td class=\"column-1\">C\/19\/021 L7<\/td><td class=\"column-2\">Material para las actuaciones del grupo especial de rescate en altura (GERA) Pantalon Intervencion Forestal<\/td><td class=\"column-3\">Suministro<\/td><td class=\"column-4\">Abreviado<\/td><td class=\"column-5\">Sagres S.L.<\/td><td class=\"column-6\">5190.90<\/td>\n<\/tr>\n<tr class=\"row-6\">\n\t<td class=\"column-1\">C\/19\/021 L3<\/td><td class=\"column-2\">Material para las actuaciones del grupo especial de rescate en altura (GERA) Rescate<\/td><td class=\"column-3\">Suministro<\/td><td class=\"column-4\">Abreviado<\/td><td class=\"column-5\">Vents, Muntanya I Natura, S.L.<\/td><td class=\"column-6\">5298.87<\/td>\n<\/tr>\n<tr class=\"row-7\">\n\t<td class=\"column-1\">C\/19\/021 L2<\/td><td class=\"column-2\">Material para las actuaciones del grupo especial de rescate en altura (GERA) Espeleolog\u00eda y barranquismo<\/td><td class=\"column-3\">Suministro<\/td><td class=\"column-4\">Abreviado<\/td><td class=\"column-5\">Vents, Muntanya I Natura, S.L.<\/td><td class=\"column-6\">5313.81<\/td>\n<\/tr>\n<tr class=\"row-8\">\n\t<td class=\"column-1\">MC\/19\/002<\/td><td class=\"column-2\">Instalaci\u00f3n y Suministro de dos puntos de recarga de veh\u00edculos el\u00e9ctricos<\/td><td class=\"column-3\">Servicio<\/td><td class=\"column-4\">Menor<\/td><td class=\"column-5\">Negocios Inteligentes 7 Experiencie S.L.<\/td><td class=\"column-6\">5505.50<\/td>\n<\/tr>\n<tr class=\"row-9\">\n\t<td class=\"column-1\">C\/18\/040 L2<\/td><td class=\"column-2\">Sustituci\u00f3n de la se\u00f1alizaci\u00f3n luminosa de emergencia para la adaptaci\u00f3n de la flota de veh\u00edculos (8 vh) del Consorcio a la nueva legislaci\u00f3n.<\/td><td class=\"column-3\">Servicio<\/td><td class=\"column-4\">Abierto simplificado. Unico criterio<\/td><td class=\"column-5\">Aplicaciones Tecnol\u00f3gicas Juma S.L.<\/td><td class=\"column-6\">7999.36<\/td>\n<\/tr>\n<tr class=\"row-10\">\n\t<td class=\"column-1\">C\/19\/018 L2<\/td><td class=\"column-2\">Guantes (equipos protecci\u00f3n individual) Anticorte y de trabajo<\/td><td class=\"column-3\">Suministro<\/td><td class=\"column-4\">Abierto simplificado<\/td><td class=\"column-5\">El Corte Ingles, S.A.<\/td><td class=\"column-6\">8470.00<\/td>\n<\/tr>\n<tr class=\"row-11\">\n\t<td class=\"column-1\">MC\/19\/004<\/td><td class=\"column-2\">Maquinas El\u00e9ctricas Manuales<\/td><td class=\"column-3\">Suministro<\/td><td class=\"column-4\">Menor<\/td><td class=\"column-5\">Metalco, S.A..<\/td><td class=\"column-6\">9247.86<\/td>\n<\/tr>\n<tr class=\"row-12\">\n\t<td class=\"column-1\">C\/18\/039 L2<\/td><td class=\"column-2\">Mantenimiento preventivo (revisi\u00f3n anual) del autobrazo ABE 28463 matr\u00edcula V-5311-FN<\/td><td class=\"column-3\">Servicio<\/td><td class=\"column-4\">Negociado \u00danico criterio<\/td><td class=\"column-5\">Incipresa S.A.<\/td><td class=\"column-6\">10957.03<\/td>\n<\/tr>\n<tr class=\"row-13\">\n\t<td class=\"column-1\">MC\/19\/001<\/td><td class=\"column-2\">Diagn\u00f3stico Organizativo de la Estructura de RRHH  de la Unidad de Sistemas e Innovaci\u00f3n Tecnol\u00f3gica<\/td><td class=\"column-3\">Servicio<\/td><td class=\"column-4\">Menor<\/td><td class=\"column-5\">Auren Consultores VLC, S.L.<\/td><td class=\"column-6\">12705.00<\/td>\n<\/tr>\n<tr class=\"row-14\">\n\t<td class=\"column-1\">MC\/19\/005<\/td><td class=\"column-2\">Conectividad de Red de Oficinas Centrales, Puesto de Mando avanzado y Parques de Bomberos<\/td><td class=\"column-3\">Servicio<\/td><td class=\"column-4\">Menor<\/td><td class=\"column-5\">Nunsys, S.L.<\/td><td class=\"column-6\">12989.35<\/td>\n<\/tr>\n<tr class=\"row-15\">\n\t<td class=\"column-1\">C\/18\/031 L2<\/td><td class=\"column-2\">Material de gimnasio (Press banca y pesas)<\/td><td class=\"column-3\">Suministro<\/td><td class=\"column-4\">Abierto Multicriterio<\/td><td class=\"column-5\">F&amp;H Fitness Equipaments S.L.<\/td><td class=\"column-6\">13241.16<\/td>\n<\/tr>\n<tr class=\"row-16\">\n\t<td class=\"column-1\">C\/19\/014 L4<\/td><td class=\"column-2\">P\u00f3lizas de seguro del Consorcio. Accidentes p. voluntario.<\/td><td class=\"column-3\">Servicio<\/td><td class=\"column-4\">Abierto Multicriterio<\/td><td class=\"column-5\">Axa<\/td><td class=\"column-6\">13439.66<\/td>\n<\/tr>\n<tr class=\"row-17\">\n\t<td class=\"column-1\">C\/18\/032<\/td><td class=\"column-2\">Suministro, instalaci\u00f3n y mantenimiento del sistema de detecci\u00f3n y alarma de incendios de la Central<\/td><td class=\"column-3\">Suministro<\/td><td class=\"column-4\">Abierto \u00danico criterio<\/td><td class=\"column-5\">Seguridad Integral Secoex, S.A.<\/td><td class=\"column-6\">13955.69<\/td>\n<\/tr>\n<tr class=\"row-18\">\n\t<td class=\"column-1\">C\/18\/040 L3<\/td><td class=\"column-2\">Sustituci\u00f3n de la se\u00f1alizaci\u00f3n luminosa de emergencia para la adaptaci\u00f3n de la flota de veh\u00edculos (32 vh.) del Consorcio a la nueva legislaci\u00f3n. (rotativos)<\/td><td class=\"column-3\">Servicio<\/td><td class=\"column-4\">Abierto simplificado. Varios criterios<\/td><td class=\"column-5\">Aplicaciones Tecnol\u00f3gicas Juma S.L.<\/td><td class=\"column-6\">14449.52<\/td>\n<\/tr>\n<tr class=\"row-19\">\n\t<td class=\"column-1\">C\/19\/007 L2<\/td><td class=\"column-2\">Suministro e instalaci\u00f3n \/sustituci\u00f3n de aparatos de aire acondicionado en diversos parques del Consorcio Requena, Chiva y Sinarcas.  L\u0092Eliana, Chelva y Titaguas<\/td><td class=\"column-3\">Suministro<\/td><td class=\"column-4\">Abierto   Multicriterio<\/td><td class=\"column-5\">Yomee Energy Services, S.L.<\/td><td class=\"column-6\">14535.10<\/td>\n<\/tr>\n<tr class=\"row-20\">\n\t<td class=\"column-1\">C\/19\/007 L3<\/td><td class=\"column-2\">Suministro e instalaci\u00f3n \/sustituci\u00f3n de aparatos de aire acondicionado en diversos parques del Consorcio Torrent, Silla y Catarroja. Ayora y Cofrentes. Navarr\u00e9s y Vallada<\/td><td class=\"column-3\">Suministro<\/td><td class=\"column-4\">Abierto   Multicriterio<\/td><td class=\"column-5\">Yomee Energy Services, S.L.<\/td><td class=\"column-6\">15798.10<\/td>\n<\/tr>\n<tr class=\"row-21\">\n\t<td class=\"column-1\">C\/19\/021 L1<\/td><td class=\"column-2\">Material para las actuaciones del grupo especial de rescate en altura (GERA) Vestuario<\/td><td class=\"column-3\">Suministro<\/td><td class=\"column-4\">Abreviado<\/td><td class=\"column-5\">Vents, Muntanya I Natura, S.L.<\/td><td class=\"column-6\">16423.16<\/td>\n<\/tr>\n<tr class=\"row-22\">\n\t<td class=\"column-1\">C\/19\/017<\/td><td class=\"column-2\">Servicio De Comunicaciones M\u00f3viles Corporativas Del Consorcio Con Telefonica De Espa\u00f1a Sau<\/td><td class=\"column-3\">Servicio<\/td><td class=\"column-4\">Basado 03\/16\/csis<\/td><td class=\"column-5\">Telefonica De Espa\u00f1a Sau, Telefonica M\u00f3viles Espa\u00f1a Sau Union Temporal De Empresas<\/td><td class=\"column-6\">16560.00<\/td>\n<\/tr>\n<tr class=\"row-23\">\n\t<td class=\"column-1\">MC\/19\/003<\/td><td class=\"column-2\">Estudio y Dimensionamiento de la Plantilla y Relaci\u00f3n de Puestos de Trabajo<\/td><td class=\"column-3\">Servicio<\/td><td class=\"column-4\">Menor<\/td><td class=\"column-5\">Universitat de Val\u00e8ncia \u0096 Estudi General<\/td><td class=\"column-6\">17847.50<\/td>\n<\/tr>\n<tr class=\"row-24\">\n\t<td class=\"column-1\">C\/18\/033 L2<\/td><td class=\"column-2\">Prendas de vestuario y equipos de protecci\u00f3n individual para el personal opertivo (Cinturones polivalentes)<\/td><td class=\"column-3\">Suministro<\/td><td class=\"column-4\">Abierto Multicriterio<\/td><td class=\"column-5\">Guarnicioneria Roal S.A.<\/td><td class=\"column-6\">18033.84<\/td>\n<\/tr>\n<tr class=\"row-25\">\n\t<td class=\"column-1\">C\/18\/033 L4<\/td><td class=\"column-2\">Prendas de vestuario y equipos de protecci\u00f3n individual para el personal opertivo (Calcetines de intervenci\u00f3n y polivalentes)<\/td><td class=\"column-3\">Suministro<\/td><td class=\"column-4\">Abierto Multicriterio<\/td><td class=\"column-5\">Mls Textiles 1992 S.L.<\/td><td class=\"column-6\">19481.00<\/td>\n<\/tr>\n<tr class=\"row-26\">\n\t<td class=\"column-1\">C\/19\/007 L1<\/td><td class=\"column-2\">Suministro e instalaci\u00f3n \/sustituci\u00f3n de aparatos de aire aciondicionado en diversos parques del Consorcio Oficinas Centrales. Pobla de Farnals y Moncada. Paterna y Burjassot.<\/td><td class=\"column-3\">Suministro<\/td><td class=\"column-4\">Abierto   Multicriterio<\/td><td class=\"column-5\">Lava Fred S.L.<\/td><td class=\"column-6\">19934.95<\/td>\n<\/tr>\n<tr class=\"row-27\">\n\t<td class=\"column-1\">C\/19\/007 L4<\/td><td class=\"column-2\">Suministro e instalaci\u00f3n \/sustituci\u00f3n de aparatos de aire acondicionado en diversos parques del Consorcio  Gand\u00eda, Cullera y Oliva. X\u00e1tiva y Ontinyent.<\/td><td class=\"column-3\">Suministro<\/td><td class=\"column-4\">Abierto   Multicriterio<\/td><td class=\"column-5\">Yomee Energy Services, S.L.<\/td><td class=\"column-6\">21018.56<\/td>\n<\/tr>\n<tr class=\"row-28\">\n\t<td class=\"column-1\">C\/18\/033 L1<\/td><td class=\"column-2\">Prendas de vestuario y equipos de protecci\u00f3n individual para el personal opertivo (Sotocascos)<\/td><td class=\"column-3\">Suministro<\/td><td class=\"column-4\">Abierto Multicriterio<\/td><td class=\"column-5\">Mls Textiles 1992 S.L.<\/td><td class=\"column-6\">21954.24<\/td>\n<\/tr>\n<tr class=\"row-29\">\n\t<td class=\"column-1\">C\/19\/014 L5<\/td><td class=\"column-2\">P\u00f3lizas de seguro del Consorcio. Accidentes no laborales<\/td><td class=\"column-3\">Servicio<\/td><td class=\"column-4\">Abierto Multicriterio<\/td><td class=\"column-5\">Axa<\/td><td class=\"column-6\">22624.64<\/td>\n<\/tr>\n<tr class=\"row-30\">\n\t<td class=\"column-1\">C\/18\/039 L1<\/td><td class=\"column-2\">Mantenimiento preventivo (revisi\u00f3n anual) de autobrazo ABE 28361 con matr\u00edcula 3173-BCL, marca Bronto<\/td><td class=\"column-3\">Servicio<\/td><td class=\"column-4\">Negociado. \u00danico criterio<\/td><td class=\"column-5\">Incipresa S.A.<\/td><td class=\"column-6\">26460.93<\/td>\n<\/tr>\n<tr class=\"row-31\">\n\t<td class=\"column-1\">C\/18\/042<\/td><td class=\"column-2\">Suministro de mascarillas polivalentes de protecci\u00f3n respiratoria y filtros<\/td><td class=\"column-3\">Suministro<\/td><td class=\"column-4\">Abierto Multicriterio<\/td><td class=\"column-5\">Dein S.A.<\/td><td class=\"column-6\">27018.70<\/td>\n<\/tr>\n<tr class=\"row-32\">\n\t<td class=\"column-1\">C\/19\/030<\/td><td class=\"column-2\">Servicio de prevenci\u00f3n ajeno que realice las actividades de vigilancia de la salud individual para e<\/td><td class=\"column-3\">Servicio<\/td><td class=\"column-4\">Abreviado<\/td><td class=\"column-5\">Preving Consultores S.L.U.<\/td><td class=\"column-6\">27870.00<\/td>\n<\/tr>\n<tr class=\"row-33\">\n\t<td class=\"column-1\">C\/18\/031 L1<\/td><td class=\"column-2\">Material de gimnasio (Elipticas)<\/td><td class=\"column-3\">Suministro<\/td><td class=\"column-4\">Abierto Multicriterio<\/td><td class=\"column-5\">Exercycle S.L.<\/td><td class=\"column-6\">30068.50<\/td>\n<\/tr>\n<tr class=\"row-34\">\n\t<td class=\"column-1\">C\/18\/033 L3<\/td><td class=\"column-2\">Prendas de vestuario y equipos de protecci\u00f3n individual para el personal opertivo Pantalones y camisetas de deporte)<\/td><td class=\"column-3\">Suministro<\/td><td class=\"column-4\">Abierto Multicriterio<\/td><td class=\"column-5\">Global Imagen Textil S.L.<\/td><td class=\"column-6\">30579.12<\/td>\n<\/tr>\n<tr class=\"row-35\">\n\t<td class=\"column-1\">C\/19\/018 L3<\/td><td class=\"column-2\">Guantes (equipos protecci\u00f3n individual). Forestales<\/td><td class=\"column-3\">Suministro<\/td><td class=\"column-4\">Abierto simplificado<\/td><td class=\"column-5\">El Corte Ingles, S.A.<\/td><td class=\"column-6\">31460.00<\/td>\n<\/tr>\n<tr class=\"row-36\">\n\t<td class=\"column-1\">C\/19\/009<\/td><td class=\"column-2\">Suministro de 28 ordenadores port\u00e1tiles, 17 docking stations y 17 monitores externos<\/td><td class=\"column-3\">Suministro<\/td><td class=\"column-4\">Abierto   \u00danico criterio<\/td><td class=\"column-5\">Omega Peripherals Sl<\/td><td class=\"column-6\">31865.34<\/td>\n<\/tr>\n<tr class=\"row-37\">\n\t<td class=\"column-1\">C\/19\/014 L1<\/td><td class=\"column-2\">P\u00f3lizas de seguro del Consorcio. Responsabilidad Civil<\/td><td class=\"column-3\">Servicio<\/td><td class=\"column-4\">Abierto Multicriterio<\/td><td class=\"column-5\">Mapfre<\/td><td class=\"column-6\">35000.00<\/td>\n<\/tr>\n<tr class=\"row-38\">\n\t<td class=\"column-1\">C\/19\/022<\/td><td class=\"column-2\">Suministro de tracto sucesivo de espum\u00f3geno tipo AFFF-AR 3\/3%<\/td><td class=\"column-3\">Suministro<\/td><td class=\"column-4\">Abierto simplificado<\/td><td class=\"column-5\">Auxquimia S.A.U<\/td><td class=\"column-6\">42229.00<\/td>\n<\/tr>\n<tr class=\"row-39\">\n\t<td class=\"column-1\">C\/19\/018 L1<\/td><td class=\"column-2\">Guantes (equipos protecci\u00f3n individual) De intervenci\u00f3n.<\/td><td class=\"column-3\">Suministro<\/td><td class=\"column-4\">Abierto simplificado<\/td><td class=\"column-5\">Sagres, S.L.<\/td><td class=\"column-6\">42950.16<\/td>\n<\/tr>\n<tr class=\"row-40\">\n\t<td class=\"column-1\">C\/19\/011<\/td><td class=\"column-2\">Sustituci\u00f3n de se\u00f1alizaci\u00f3n luminosa de emergencias para la adaptaci\u00f3n de la flota de veh\u00edculos (66 vh.)<\/td><td class=\"column-3\">Servicio<\/td><td class=\"column-4\">Abierto simplificado<\/td><td class=\"column-5\">Equitec Coop. V<\/td><td class=\"column-6\">49374.05<\/td>\n<\/tr>\n<tr class=\"row-41\">\n\t<td class=\"column-1\">C\/19\/004<\/td><td class=\"column-2\">Basado en acuerdo marco 03\/16\/csis servicio de telefonia movil (vodafone)<\/td><td class=\"column-3\">Servicio<\/td><td class=\"column-4\">Basado<\/td><td class=\"column-5\">Vodafone Espa\u00f1a, S.A.U.<\/td><td class=\"column-6\">57772.65<\/td>\n<\/tr>\n<tr class=\"row-42\">\n\t<td class=\"column-1\">C\/19\/003<\/td><td class=\"column-2\">Servicio de mantenimiento del software de gesti\u00f3n de emergencias S.I.G.E.<\/td><td class=\"column-3\">Servicio<\/td><td class=\"column-4\">Negociado sin publicidad. \u00danico criterio<\/td><td class=\"column-5\">Adesal Telecom S.L.<\/td><td class=\"column-6\">59991.80<\/td>\n<\/tr>\n<tr class=\"row-43\">\n\t<td class=\"column-1\">C\/19\/013<\/td><td class=\"column-2\">Servicio de mantenimiento de equipamiento inform\u00e1tico prioritario<\/td><td class=\"column-3\">Servicio<\/td><td class=\"column-4\">Abierto simplificado<\/td><td class=\"column-5\">Clase 10 Sistemas S.L.<\/td><td class=\"column-6\">59991.80<\/td>\n<\/tr>\n<tr class=\"row-44\">\n\t<td class=\"column-1\">C\/19\/014 L3<\/td><td class=\"column-2\">P\u00f3lizas de seguro del Consorcio. Veh\u00edculos<\/td><td class=\"column-3\">Servicio<\/td><td class=\"column-4\">Abierto Multicriterio<\/td><td class=\"column-5\">Axa<\/td><td class=\"column-6\">117008.49<\/td>\n<\/tr>\n<tr class=\"row-45\">\n\t<td class=\"column-1\">C\/19\/015<\/td><td class=\"column-2\">Suministro de energ\u00eda el\u00e9ctrica de los centros del consorcio<\/td><td class=\"column-3\">Suministro<\/td><td class=\"column-4\">Basado 02\/18\/csis<\/td><td class=\"column-5\">Endesa Energia S.A.U.<\/td><td class=\"column-6\">168787.47<\/td>\n<\/tr>\n<tr class=\"row-46\">\n\t<td class=\"column-1\">C\/19\/006<\/td><td class=\"column-2\">Basado en acuerdo marco 02\/16\/mod\/csis, de suministro de 750 monos polivalentes<\/td><td class=\"column-3\">Suministro<\/td><td class=\"column-4\">Basado<\/td><td class=\"column-5\">Sagres, S.L.<\/td><td class=\"column-6\">201837.07<\/td>\n<\/tr>\n<tr class=\"row-47\">\n\t<td class=\"column-1\">C\/19\/028<\/td><td class=\"column-2\">750 cascos de intervenci\u00f3n<\/td><td class=\"column-3\">Suministro<\/td><td class=\"column-4\">Basado 02\/16\/csis<\/td><td class=\"column-5\">Drager Safety Hispania, S.A.<\/td><td class=\"column-6\">235950.00<\/td>\n<\/tr>\n<tr class=\"row-48\">\n\t<td class=\"column-1\">C\/18\/027<\/td><td class=\"column-2\">Limpieza en los Parques de Bomberos y Oficinas Centrales<\/td><td class=\"column-3\">Servicio<\/td><td class=\"column-4\">Abierto Multicriterio<\/td><td class=\"column-5\">Ohl Servicios Ingesan, S.A.<\/td><td class=\"column-6\">561132.33<\/td>\n<\/tr>\n<tr class=\"row-49\">\n\t<td class=\"column-1\">C\/18\/038 BASADO AM 14_2017<\/td><td class=\"column-2\">14 Veh\u00edculos Tipo UPC H\u00edbridos<\/td><td class=\"column-3\">Suministro<\/td><td class=\"column-4\">Basado en Acuerdo Marco. Multicriterio<\/td><td class=\"column-5\">B&amp;M Autom\u00f3viles Espa\u00f1a, S.A.<\/td><td class=\"column-6\">612020.52<\/td>\n<\/tr>\n<tr class=\"row-50\">\n\t<td class=\"column-1\">C\/19\/014 L2<\/td><td class=\"column-2\">P\u00f3lizas de seguro del Consorcio. Vida y accidentes<\/td><td class=\"column-3\">Servicio<\/td><td class=\"column-4\">Abierto Multicriterio<\/td><td class=\"column-5\">Zurich<\/td><td class=\"column-6\">670553.78<\/td>\n<\/tr>\n<tr class=\"row-51\">\n\t<td class=\"column-1\">C\/18\/028<\/td><td class=\"column-2\">Arrendamiento con opci\u00f3n a compra de 850 trajes de intervenci\u00f3n<\/td><td class=\"column-3\">Suministro<\/td><td class=\"column-4\">Abierto Multicriterio<\/td><td class=\"column-5\">Sagres, S.L.<\/td><td class=\"column-6\">1826657.75<\/td>\n<\/tr>\n<tr class=\"row-52\">\n\t<td class=\"column-1\">C\/19\/001<\/td><td class=\"column-2\">Acuerdo Marco de servicios de mantenimiento y reparaciones de la flota de veh\u00edculos.<\/td><td class=\"column-3\">Servicio<\/td><td class=\"column-4\">Abierto Multicriterio<\/td><td class=\"column-5\">Ver Anuncio<\/td><td class=\"column-6\">-<\/td>\n<\/tr>\n<\/tbody>\n<\/table>\n<!-- #tablepress-47 from cache -->\n<\/div><div class=\"fusion-clearfix\"><\/div><\/div><\/div><\/div><\/div>\n","protected":false},"excerpt":{"rendered":"","protected":false},"author":183,"featured_media":0,"parent":15170,"menu_order":0,"comment_status":"closed","ping_status":"closed","template":"","meta":{"footnotes":""},"class_list":["post-53356","page","type-page","status-publish","hentry"],"_links":{"self":[{"href":"https:\/\/www.bombersdv.es\/es\/wp-json\/wp\/v2\/pages\/53356"}],"collection":[{"href":"https:\/\/www.bombersdv.es\/es\/wp-json\/wp\/v2\/pages"}],"about":[{"href":"https:\/\/www.bombersdv.es\/es\/wp-json\/wp\/v2\/types\/page"}],"author":[{"embeddable":true,"href":"https:\/\/www.bombersdv.es\/es\/wp-json\/wp\/v2\/users\/183"}],"replies":[{"embeddable":true,"href":"https:\/\/www.bombersdv.es\/es\/wp-json\/wp\/v2\/comments?post=53356"}],"version-history":[{"count":7,"href":"https:\/\/www.bombersdv.es\/es\/wp-json\/wp\/v2\/pages\/53356\/revisions"}],"predecessor-version":[{"id":57315,"href":"https:\/\/www.bombersdv.es\/es\/wp-json\/wp\/v2\/pages\/53356\/revisions\/57315"}],"up":[{"embeddable":true,"href":"https:\/\/www.bombersdv.es\/es\/wp-json\/wp\/v2\/pages\/15170"}],"wp:attachment":[{"href":"https:\/\/www.bombersdv.es\/es\/wp-json\/wp\/v2\/media?parent=53356"}],"curies":[{"name":"wp","href":"https:\/\/api.w.org\/{rel}","templated":true}]}}