{"id":53502,"date":"2021-01-12T12:31:56","date_gmt":"2021-01-12T11:31:56","guid":{"rendered":"https:\/\/www.bombersdv.es\/?page_id=53502"},"modified":"2021-09-08T14:34:43","modified_gmt":"2021-09-08T12:34:43","slug":"2020-op001-provision-de-dos-puestos-de-administrativo-por-concurso-de-meritos-abierto-a-otras-administraciones","status":"publish","type":"page","link":"https:\/\/www.bombersdv.es\/es\/oposiciones\/procesos-finalizados\/2020-op001-provision-de-dos-puestos-de-administrativo-por-concurso-de-meritos-abierto-a-otras-administraciones\/","title":{"rendered":"2020\/OP001: Provisi\u00f3n de dos puestos de Administrativo por Concurso de M\u00e9ritos abierto a Otras Administraciones."},"content":{"rendered":"<div class=\"fusion-fullwidth fullwidth-box fusion-builder-row-1 nonhundred-percent-fullwidth non-hundred-percent-height-scrolling\" style=\"--awb-background-position:left top;--awb-border-radius-top-left:0px;--awb-border-radius-top-right:0px;--awb-border-radius-bottom-right:0px;--awb-border-radius-bottom-left:0px;--awb-padding-top:20px;--awb-padding-bottom:20px;--awb-border-sizes-top:0px;--awb-border-sizes-bottom:0px;--awb-flex-wrap:wrap;\" ><div class=\"fusion-builder-row fusion-row\"><div class=\"fusion-layout-column fusion_builder_column fusion-builder-column-0 fusion_builder_column_1_1 1_1 fusion-one-full fusion-column-first fusion-column-last fusion-column-no-min-height\" style=\"--awb-bg-size:cover;--awb-margin-bottom:0px;\"><div class=\"fusion-column-wrapper fusion-flex-column-wrapper-legacy\"><div class=\"fusion-title title fusion-title-1 fusion-sep-none fusion-title-text fusion-title-size-two\"><h2 class=\"fusion-title-heading title-heading-left fusion-responsive-typography-calculated\" style=\"margin:0;--fontSize:34;line-height:1.09;\"><p>2020\/OP001: Provisi\u00f3n de dos puestos de Administrativo por Concurso de M\u00e9ritos abierto a Otras Administraciones.<\/h2><\/div><div class=\"fusion-text fusion-text-1\"><div class=\"table-2\">\n<table width=\"100%\">\n<thead>\n<tr>\n<th>Tramite<\/th>\n<th>Fecha<\/th>\n<th>Documento(s)<\/th>\n<\/tr>\n<\/thead>\n<tbody>\n<tr>\n<td>Bases BOP<\/td>\n<td>18\/12\/2020<\/td>\n<td><a href=\"https:\/\/www.bombersdv.es\/wp-content\/uploads\/2021\/01\/Publicacion-Bases-BOP-Administrativo.pdf\" target=\"_blank\" rel=\"noopener noreferrer\">Publicaci\u00f3n Bases BOP<\/a><\/td>\n<\/tr>\n<tr>\n<td>Anuncio DOGV<\/td>\n<td>12\/01\/2020<\/td>\n<td><a href=\"https:\/\/www.bombersdv.es\/wp-content\/uploads\/2021\/01\/Publicacion-Extracto-DOGV-Copia-autentica-1.pdf\" target=\"_blank\" rel=\"noopener noreferrer\">Anuncio DOGV<\/a><\/td>\n<\/tr>\n<tr>\n<td>Anuncio BOE (Abre plazo de presentaci\u00f3n de instancias)<\/td>\n<td>19\/01\/2021<\/td>\n<td><a href=\"https:\/\/www.bombersdv.es\/wp-content\/uploads\/2021\/01\/2020_001_Publicacion-Bases-BOE.pdf\" target=\"_blank\" rel=\"noopener\">Anuncio BOE<\/a><\/td>\n<\/tr>\n<tr>\n<td>Solicitud<\/td>\n<td>19\/01\/2021<\/td>\n<td><a href=\"https:\/\/www.bombersdv.es\/wp-content\/uploads\/2021\/01\/MODELO-INSTANCIA-formulario-1.pdf\" target=\"_blank\" rel=\"noopener\">Solicitud<\/a><\/td>\n<\/tr>\n<tr>\n<td>Publicaci\u00f3n BOP lista provisional personas admitidas<\/td>\n<td>12\/03\/2021<\/td>\n<td><a href=\"https:\/\/www.bombersdv.es\/wp-content\/uploads\/2021\/03\/2020_OP001_Lista-provisional-2-puestos-Administrativo.pdf\" target=\"_blank\" rel=\"noopener\">Anuncio BOP<\/a><\/td>\n<\/tr>\n<tr>\n<td>Publicaci\u00f3n BOP lista definitiva personas admitidas, designaci\u00f3n miembros Comisi\u00f3n de Valoraci\u00f3n y fecha convocatoria Comisi\u00f3n de Valoraci\u00f3n<\/td>\n<td>30\/04\/2021<\/td>\n<td><a href=\"https:\/\/www.bombersdv.es\/wp-content\/uploads\/2021\/04\/2020_OP001_Lista-Def.pdf\" target=\"_blank\" rel=\"noopener\">Anuncio BOP<\/a><\/td>\n<\/tr>\n<tr>\n<td>Publicaci\u00f3n modificaci\u00f3n designaci\u00f3n miembros Comisi\u00f3n de Valoraci\u00f3n<\/td>\n<td>04\/05\/2021<\/td>\n<td><a href=\"https:\/\/www.bombersdv.es\/wp-content\/uploads\/2021\/05\/2020_CE001_modificacion-miembros.pdf\" target=\"_blank\" rel=\"noopener\">Anuncio BOP<\/a><\/td>\n<\/tr>\n<tr>\n<td>Anuncio Comisi\u00f3n de Valoraci\u00f3n sobre los resultados de la fase de concurso de m\u00e9ritos<\/td>\n<td>13\/05\/2021<\/td>\n<td><a href=\"https:\/\/www.bombersdv.es\/wp-content\/uploads\/2021\/05\/2020_OP001_Anunci-valoracio-merits-Copia-autentica.pdf\" target=\"_blank\" rel=\"noopener\">Anuncio Comisi\u00f3n de Valoraci\u00f3n<\/a><\/td>\n<\/tr>\n<tr>\n<td>Anuncio Comisi\u00f3n de Valoraci\u00f3n sobre resoluci\u00f3n alegaciones, convocatoria fecha exposici\u00f3n de la Memoria y publicaci\u00f3n criterios de puntuaci\u00f3n<\/td>\n<td>02\/06\/2021<\/td>\n<td><a href=\"https:\/\/www.bombersdv.es\/wp-content\/uploads\/2021\/06\/2020_OP001_-Anuncio-resolucion-alegaciones-y-criterios-entrevista-Copia-autentica1.pdf\" target=\"_blank\" rel=\"noopener\">Anuncio Comisi\u00f3n de Valoraci\u00f3n<\/a><\/td>\n<\/tr>\n<tr>\n<td>Anuncio Comisi\u00f3n de Valoraci\u00f3n sobre puntuaci\u00f3n obtenida en la presentaci\u00f3n y exposici\u00f3n de la Memoria y la publicaci\u00f3n de la Relaci\u00f3n Provisional de puntuaciones obtenidas en el Concurso de M\u00e9ritos<\/td>\n<td>23\/06\/2021<\/td>\n<td><a href=\"https:\/\/www.bombersdv.es\/wp-content\/uploads\/2021\/06\/Anuncio-OTS-de-fecha-23_06_2021-Copia-autentica.pdf\" target=\"_blank\" rel=\"noopener\">Anuncio Comisi\u00f3n de Valoraci\u00f3n<\/a><\/td>\n<\/tr>\n<tr>\n<td>Anuncio Comisi\u00f3n de Valoraci\u00f3 propuesta nombramiento<\/td>\n<td>09\/07\/2021<\/td>\n<td><a href=\"https:\/\/www.bombersdv.es\/wp-content\/uploads\/2021\/07\/2020_OP001_Anuncio-9-de-julio-propuesta-nombramiento.pdf\" target=\"_blank\" rel=\"noopener\">Anuncio Comisi\u00f3n de Valoraci\u00f3n<\/a><\/td>\n<\/tr>\n<tr>\n<td>Publicaci\u00f3n BOP nombramiento<\/td>\n<td>10\/08\/2021<\/td>\n<td><a href=\"https:\/\/www.bombersdv.es\/wp-content\/uploads\/2021\/08\/2020_OP001_Nombram-funcionarias-carrera.pdf\" target=\"_blank\" rel=\"noopener\">Anuncio BOP<\/a><\/td>\n<\/tr>\n<\/tbody>\n<\/table>\n<\/div>\n<\/div><div class=\"fusion-clearfix\"><\/div><\/div><\/div><\/div><\/div>\n","protected":false},"excerpt":{"rendered":"","protected":false},"author":192,"featured_media":0,"parent":15127,"menu_order":0,"comment_status":"closed","ping_status":"closed","template":"","meta":{"footnotes":""},"class_list":["post-53502","page","type-page","status-publish","hentry"],"_links":{"self":[{"href":"https:\/\/www.bombersdv.es\/es\/wp-json\/wp\/v2\/pages\/53502"}],"collection":[{"href":"https:\/\/www.bombersdv.es\/es\/wp-json\/wp\/v2\/pages"}],"about":[{"href":"https:\/\/www.bombersdv.es\/es\/wp-json\/wp\/v2\/types\/page"}],"author":[{"embeddable":true,"href":"https:\/\/www.bombersdv.es\/es\/wp-json\/wp\/v2\/users\/192"}],"replies":[{"embeddable":true,"href":"https:\/\/www.bombersdv.es\/es\/wp-json\/wp\/v2\/comments?post=53502"}],"version-history":[{"count":16,"href":"https:\/\/www.bombersdv.es\/es\/wp-json\/wp\/v2\/pages\/53502\/revisions"}],"predecessor-version":[{"id":55466,"href":"https:\/\/www.bombersdv.es\/es\/wp-json\/wp\/v2\/pages\/53502\/revisions\/55466"}],"up":[{"embeddable":true,"href":"https:\/\/www.bombersdv.es\/es\/wp-json\/wp\/v2\/pages\/15127"}],"wp:attachment":[{"href":"https:\/\/www.bombersdv.es\/es\/wp-json\/wp\/v2\/media?parent=53502"}],"curies":[{"name":"wp","href":"https:\/\/api.w.org\/{rel}","templated":true}]}}