{"id":54088,"date":"2021-03-12T08:02:19","date_gmt":"2021-03-12T07:02:19","guid":{"rendered":"https:\/\/www.bombersdv.es\/?page_id=54088"},"modified":"2025-02-28T11:24:00","modified_gmt":"2025-02-28T10:24:00","slug":"2014-pi002-11-plazas-de-cabo-promocion-interna-y-movilidad-ejecucion-sentencia","status":"publish","type":"page","link":"https:\/\/www.bombersdv.es\/es\/oposiciones\/procesos-finalizados\/2014-pi002-11-plazas-de-cabo-promocion-interna-y-movilidad-ejecucion-sentencia\/","title":{"rendered":"2014\/PI002: 11 plazas de cabo, promoci\u00f3n interna y movilidad. Ejecuci\u00f3n Sentencia"},"content":{"rendered":"<div class=\"fusion-fullwidth fullwidth-box fusion-builder-row-1 nonhundred-percent-fullwidth non-hundred-percent-height-scrolling\" style=\"--awb-background-position:left top;--awb-border-radius-top-left:0px;--awb-border-radius-top-right:0px;--awb-border-radius-bottom-right:0px;--awb-border-radius-bottom-left:0px;--awb-padding-top:20px;--awb-padding-bottom:20px;--awb-border-sizes-top:0px;--awb-border-sizes-bottom:0px;--awb-flex-wrap:wrap;\" ><div class=\"fusion-builder-row fusion-row\"><div class=\"fusion-layout-column fusion_builder_column fusion-builder-column-0 fusion_builder_column_1_1 1_1 fusion-one-full fusion-column-first fusion-column-last fusion-column-no-min-height\" style=\"--awb-bg-size:cover;--awb-margin-bottom:0px;\"><div class=\"fusion-column-wrapper fusion-flex-column-wrapper-legacy\"><div class=\"fusion-title title fusion-title-1 fusion-sep-none fusion-title-text fusion-title-size-two\"><h2 class=\"fusion-title-heading title-heading-left fusion-responsive-typography-calculated\" style=\"margin:0;--fontSize:34;line-height:1.09;\">2014\/PI002: 11 plazas de cabo, promoci\u00f3n interna y movilidad. Ejecuci\u00f3n Sentencia<\/h2><\/div><div class=\"fusion-text fusion-text-1\"><div class=\"table-2\">\n<table style=\"height: 504px;\" width=\"100%\">\n<thead>\n<tr style=\"height: 24px;\">\n<th style=\"height: 24px; width: 76.2048%;\">Tr\u00e1mite<\/th>\n<th style=\"height: 24px; width: 9.03614%;\">Fecha<\/th>\n<th style=\"height: 24px; width: 14.4578%;\">Documento(s)<\/th>\n<\/tr>\n<\/thead>\n<tbody>\n<tr style=\"height: 48px;\">\n<td style=\"height: 48px; width: 76.2048%;\">Bases<\/td>\n<td style=\"height: 48px; width: 9.03614%;\">04\/12\/2014<\/td>\n<td style=\"height: 48px; width: 14.4578%;\"><a href=\"https:\/\/www.bombersdv.es\/wp-content\/uploads\/2021\/03\/2014_PI002_-Bases.pdf\" target=\"_blank\" rel=\"noopener\">Publicacion Bases BOP<\/a><\/td>\n<\/tr>\n<tr style=\"height: 48px;\">\n<td style=\"height: 48px; width: 76.2048%;\">Ejecuci\u00f3n Sentencia 292\/2020, de 07\/05\/2020, continuidad proceso selectivo 2014\/PI002 de 11 Cabos por el CPBV a los apelantes D. ATG y D. APS<\/td>\n<td style=\"height: 48px; width: 9.03614%;\">12\/03\/2021<\/td>\n<td style=\"height: 48px; width: 14.4578%;\"><\/td>\n<\/tr>\n<tr style=\"height: 24px;\">\n<td style=\"height: 24px; width: 76.2048%;\">Publicaci\u00f3n BOP designaci\u00f3n miembros OTS<\/td>\n<td style=\"height: 24px; width: 9.03614%;\">12\/03\/2021<\/td>\n<td style=\"height: 24px; width: 14.4578%;\"><a href=\"https:\/\/www.bombersdv.es\/wp-content\/uploads\/2021\/03\/2014_PI002_Designacion-miembros-OTS.pdf\" target=\"_blank\" rel=\"noopener\">Anuncio BOP<\/a><\/td>\n<\/tr>\n<tr style=\"height: 72px;\">\n<td style=\"height: 72px; width: 76.2048%;\">Convocatoria realizaci\u00f3n del Cuarto Ejercicio. Desarrollo de un supuesto Pr\u00e1ctico, de car\u00e1cter Obligatorio y eliminatorio en aplicaci\u00f3n y cumplimiento de Sentencia n\u00ba 292\/2020, de la Sala de lo Contencioso-Administrativo del Tribunal Superior de Justicia de la Comunidad Valencia.<\/td>\n<td style=\"height: 72px; width: 9.03614%;\">06\/07\/2021<\/td>\n<td style=\"height: 72px; width: 14.4578%;\"><a href=\"https:\/\/www.bombersdv.es\/wp-content\/uploads\/2021\/07\/Anuncio-Organo-Tecnico-de-Seleccion-6_7_2021-Copia-autentica.pdf\" target=\"_blank\" rel=\"noopener\">Anuncio OTS<\/a><\/td>\n<\/tr>\n<tr style=\"height: 72px;\">\n<td style=\"height: 72px; width: 76.2048%;\">Calificaciones realizaci\u00f3n del Cuarto Ejercicio. Desarrollo de un supuesto Pr\u00e1ctico, de car\u00e1cter Obligatorio y eliminatorio en aplicaci\u00f3n y cumplimiento de Sentencia n\u00ba 292\/2020, de la Sala de lo Contencioso-Administrativo del Tribunal Superior de Justicia de la Comunidad Valencia.<\/td>\n<td style=\"height: 72px; width: 9.03614%;\">17\/09\/2021<\/td>\n<td style=\"height: 72px; width: 14.4578%;\"><a href=\"https:\/\/www.bombersdv.es\/wp-content\/uploads\/2021\/09\/Anuncio-OTS-Cabos-2014-Copia-autentica-1.pdf\" target=\"_blank\" rel=\"noopener\">Anuncio OTS<\/a><\/td>\n<\/tr>\n<tr style=\"height: 24px;\">\n<td style=\"height: 24px; width: 76.2048%;\">Anuncio del Tribunal: fecha y hora revisi\u00f3n examen supuesto pr\u00e1ctico.<\/td>\n<td style=\"height: 24px; width: 9.03614%;\">21\/10\/2021<\/td>\n<td style=\"height: 24px; width: 14.4578%;\"><a href=\"https:\/\/www.bombersdv.es\/wp-content\/uploads\/2021\/10\/Anuncio-OTS-Cabos-2014-21_10_2021-Copia-autentica-1.pdf\" target=\"_blank\" rel=\"noopener\">Anuncio OTS<\/a><\/td>\n<\/tr>\n<tr style=\"height: 72px;\">\n<td style=\"height: 72px; width: 76.2048%;\">Calificaciones del Cuarto Ejercicio. Resultados fase oposici\u00f3n y fase Concurso, en aplicaci\u00f3n y cumplimiento de Sentencia n\u00ba 292\/2020, de la Sala de lo Contencioso-Administrativo del Tribunal Superior de Justicia de la Comunidad Valencia.<\/td>\n<td style=\"height: 72px; width: 9.03614%;\">09\/11\/2021<\/td>\n<td style=\"height: 72px; width: 14.4578%;\"><a href=\"https:\/\/www.bombersdv.es\/wp-content\/uploads\/2021\/11\/Anuncio-OTS-Cabos-2014-09_11_2021-Copia-autentica.pdf\" target=\"_blank\" rel=\"noopener\">Anuncio OTS<\/a><\/td>\n<\/tr>\n<tr style=\"height: 48px;\">\n<td style=\"height: 48px; width: 76.2048%;\">Propuesta III Fase Curso Selectivo, en ejecuci\u00f3n de Sentencia 530\/2023, de 01\/06, de la Sala de lo Contencioso-Administrativo del Tribunal Superior de Justicia de la Comunidad Valencia.<\/td>\n<td style=\"height: 48px; width: 9.03614%;\">09\/11\/2023<\/td>\n<td style=\"height: 48px; width: 14.4578%;\"><a href=\"https:\/\/www.bombersdv.es\/wp-content\/uploads\/2023\/11\/Anuncio-OTS-Cabos-2014_PI002-09_11_2023-Copia-autentica.pdf\" target=\"_blank\" rel=\"noopener\">Anuncio OTS<\/a><\/td>\n<\/tr>\n<tr style=\"height: 48px;\">\n<td style=\"height: 48px; width: 76.2048%;\">Anuncio del OTS por el que se Propone el nombramiento del aspirante seleccionado en ejecuci\u00f3n de Sentencia y se emplaza a la presentaci\u00f3n requisito pendiente.<\/td>\n<td style=\"height: 48px; width: 9.03614%;\">26\/12\/2024<\/td>\n<td style=\"height: 48px; width: 14.4578%;\"><a href=\"https:\/\/www.bombersdv.es\/wp-content\/uploads\/2024\/12\/Anuncio-OTS-Cabos-2014_PI002-26_12_2024-Copia-autentica.pdf\" target=\"_blank\" rel=\"noopener\">Anuncio OTS<\/a><\/td>\n<\/tr>\n<tr style=\"height: 24px;\">\n<td style=\"height: 24px; width: 76.2048%;\">Anuncio del Servicio de Recursos Humanos<\/td>\n<td style=\"height: 24px; width: 9.03614%;\">26\/12\/2024<\/td>\n<td style=\"height: 24px; width: 14.4578%;\"><a href=\"https:\/\/www.bombersdv.es\/wp-content\/uploads\/2024\/12\/Instancia-Solicitud-Destino-cabo-1.pdf\" target=\"_blank\" rel=\"noopener\">Solicitud destinos<\/a><br \/>\n<a href=\"https:\/\/www.bombersdv.es\/wp-content\/uploads\/2024\/12\/Anuncio-vacantes-proceso-2022_PI002-Cabo-Copia-autentica.pdf\" target=\"_blank\" rel=\"noopener\">Oferta Vacantes<\/a><\/td>\n<\/tr>\n<tr>\n<td style=\"width: 76.2048%;\">Publicaci\u00f3n BOP nombramiento funcionarios de carrera<\/td>\n<td style=\"width: 9.03614%;\">27\/02\/2025<\/td>\n<td style=\"width: 14.4578%;\"><a href=\"https:\/\/www.bombersdv.es\/wp-content\/uploads\/2025\/02\/Public-BOP-NOMB-FC-CABO-2014_PI002ES.pdf\" target=\"_blank\" rel=\"noopener\">Publicaci\u00f3n BOP<\/a><\/td>\n<\/tr>\n<\/tbody>\n<\/table>\n<\/div>\n<\/div><div class=\"fusion-clearfix\"><\/div><\/div><\/div><\/div><\/div>\n","protected":false},"excerpt":{"rendered":"","protected":false},"author":192,"featured_media":0,"parent":15127,"menu_order":0,"comment_status":"closed","ping_status":"closed","template":"","meta":{"footnotes":""},"class_list":["post-54088","page","type-page","status-publish","hentry"],"_links":{"self":[{"href":"https:\/\/www.bombersdv.es\/es\/wp-json\/wp\/v2\/pages\/54088"}],"collection":[{"href":"https:\/\/www.bombersdv.es\/es\/wp-json\/wp\/v2\/pages"}],"about":[{"href":"https:\/\/www.bombersdv.es\/es\/wp-json\/wp\/v2\/types\/page"}],"author":[{"embeddable":true,"href":"https:\/\/www.bombersdv.es\/es\/wp-json\/wp\/v2\/users\/192"}],"replies":[{"embeddable":true,"href":"https:\/\/www.bombersdv.es\/es\/wp-json\/wp\/v2\/comments?post=54088"}],"version-history":[{"count":18,"href":"https:\/\/www.bombersdv.es\/es\/wp-json\/wp\/v2\/pages\/54088\/revisions"}],"predecessor-version":[{"id":72410,"href":"https:\/\/www.bombersdv.es\/es\/wp-json\/wp\/v2\/pages\/54088\/revisions\/72410"}],"up":[{"embeddable":true,"href":"https:\/\/www.bombersdv.es\/es\/wp-json\/wp\/v2\/pages\/15127"}],"wp:attachment":[{"href":"https:\/\/www.bombersdv.es\/es\/wp-json\/wp\/v2\/media?parent=54088"}],"curies":[{"name":"wp","href":"https:\/\/api.w.org\/{rel}","templated":true}]}}