{"id":54427,"date":"2021-05-07T13:44:06","date_gmt":"2021-05-07T11:44:06","guid":{"rendered":"https:\/\/www.bombersdv.es\/?page_id=54427"},"modified":"2023-03-13T08:20:10","modified_gmt":"2023-03-13T07:20:10","slug":"2021-cs002-comision-de-servicios-puesto-sg-04-tecnico-a-responsable-de-secretaria-general","status":"publish","type":"page","link":"https:\/\/www.bombersdv.es\/es\/oposiciones\/procesos-finalizados\/2021-cs002-comision-de-servicios-puesto-sg-04-tecnico-a-responsable-de-secretaria-general\/","title":{"rendered":"2021\/CS002 Comisi\u00f3n de Servicios puesto SG-04 T\u00e9cnico\/a Responsable de Secretar\u00eda General"},"content":{"rendered":"<div class=\"fusion-fullwidth fullwidth-box fusion-builder-row-1 nonhundred-percent-fullwidth non-hundred-percent-height-scrolling\" style=\"--awb-background-position:left top;--awb-border-radius-top-left:0px;--awb-border-radius-top-right:0px;--awb-border-radius-bottom-right:0px;--awb-border-radius-bottom-left:0px;--awb-padding-top:20px;--awb-padding-bottom:20px;--awb-border-sizes-top:0px;--awb-border-sizes-bottom:0px;--awb-flex-wrap:wrap;\" ><div class=\"fusion-builder-row fusion-row\"><div class=\"fusion-layout-column fusion_builder_column fusion-builder-column-0 fusion_builder_column_1_1 1_1 fusion-one-full fusion-column-first fusion-column-last fusion-column-no-min-height\" style=\"--awb-bg-size:cover;--awb-margin-bottom:0px;\"><div class=\"fusion-column-wrapper fusion-flex-column-wrapper-legacy\"><div class=\"fusion-title title fusion-title-1 fusion-sep-none fusion-title-text fusion-title-size-two\"><h2 class=\"fusion-title-heading title-heading-left fusion-responsive-typography-calculated\" style=\"margin:0;--fontSize:34;line-height:1.09;\">2021\/CS002 Comisi\u00f3n de Servicios puesto SG-04 T\u00e9cnico\/a Responsable de Secretar\u00eda General<\/h2><\/div><div class=\"fusion-text fusion-text-1\"><div class=\"table-2\">\n<table style=\"height: 48px;\" width=\"100%\">\n<thead>\n<tr style=\"height: 24px;\">\n<th style=\"height: 24px;\">Tr\u00e1mite<\/th>\n<th style=\"height: 24px;\">Fecha<\/th>\n<th style=\"height: 24px;\">Documento(s)<\/th>\n<\/tr>\n<\/thead>\n<tbody>\n<tr style=\"height: 24px;\">\n<td style=\"height: 24px;\">Anuncio Comisi\u00f3n de Servicios puesto SG-04 T\u00e9cnico\/a Responsable de Secretar\u00eda General<\/td>\n<td>07\/05\/2021<\/td>\n<td><a href=\"https:\/\/www.bombersdv.es\/wp-content\/uploads\/2021\/05\/2021__CS002_Anuncio-procedimiento-abreviado-provision-en-comision-de-servicios-puesto-Tecnico_a-Responsable-de-Secretaria-General-firma-Diputada-Copia-autentica.pdf\" target=\"_blank\" rel=\"noopener\">Anuncio<\/a><\/td>\n<\/tr>\n<tr>\n<td>Publicaci\u00f3n BOP Anuncio Comisi\u00f3n de Servicios puesto SG-04 T\u00e9cnico\/a Responsable de Secretar\u00eda General<\/td>\n<td>14\/05\/2021<\/td>\n<td><a href=\"https:\/\/www.bombersdv.es\/wp-content\/uploads\/2021\/05\/2021_CS002_Anuncio-CS-Tec-Resp-Secretaria-General.pdf\">Anuncio BOP<\/a><\/td>\n<\/tr>\n<tr>\n<td>Diligencia archivo expediente<\/td>\n<td>22\/06\/2021<\/td>\n<td><a href=\"https:\/\/www.bombersdv.es\/wp-content\/uploads\/2021\/06\/Diligencia-para-cerrar-expte-SG04-Con-iniciales.pdf\" target=\"_blank\" rel=\"noopener\">Diligencia<\/a><\/td>\n<\/tr>\n<\/tbody>\n<\/table>\n<\/div>\n<\/div><div class=\"fusion-clearfix\"><\/div><\/div><\/div><\/div><\/div>\n","protected":false},"excerpt":{"rendered":"","protected":false},"author":192,"featured_media":0,"parent":15127,"menu_order":0,"comment_status":"closed","ping_status":"closed","template":"","meta":{"footnotes":""},"class_list":["post-54427","page","type-page","status-publish","hentry"],"_links":{"self":[{"href":"https:\/\/www.bombersdv.es\/es\/wp-json\/wp\/v2\/pages\/54427"}],"collection":[{"href":"https:\/\/www.bombersdv.es\/es\/wp-json\/wp\/v2\/pages"}],"about":[{"href":"https:\/\/www.bombersdv.es\/es\/wp-json\/wp\/v2\/types\/page"}],"author":[{"embeddable":true,"href":"https:\/\/www.bombersdv.es\/es\/wp-json\/wp\/v2\/users\/192"}],"replies":[{"embeddable":true,"href":"https:\/\/www.bombersdv.es\/es\/wp-json\/wp\/v2\/comments?post=54427"}],"version-history":[{"count":8,"href":"https:\/\/www.bombersdv.es\/es\/wp-json\/wp\/v2\/pages\/54427\/revisions"}],"predecessor-version":[{"id":54911,"href":"https:\/\/www.bombersdv.es\/es\/wp-json\/wp\/v2\/pages\/54427\/revisions\/54911"}],"up":[{"embeddable":true,"href":"https:\/\/www.bombersdv.es\/es\/wp-json\/wp\/v2\/pages\/15127"}],"wp:attachment":[{"href":"https:\/\/www.bombersdv.es\/es\/wp-json\/wp\/v2\/media?parent=54427"}],"curies":[{"name":"wp","href":"https:\/\/api.w.org\/{rel}","templated":true}]}}