{"id":54491,"date":"2021-05-13T15:50:31","date_gmt":"2021-05-13T13:50:31","guid":{"rendered":"https:\/\/www.bombersdv.es\/?page_id=54491"},"modified":"2021-05-13T16:40:13","modified_gmt":"2021-05-13T14:40:13","slug":"informacion-para-el-tratamiento-de-datos-en-altas-terceros","status":"publish","type":"page","link":"https:\/\/www.bombersdv.es\/es\/informacion-para-el-tratamiento-de-datos-en-altas-terceros\/","title":{"rendered":"Informaci\u00f3n para el tratamiento de datos en altas de terceros en contabilidad"},"content":{"rendered":"<h2 style=\"text-align: center;\" align=\"justify\"><strong>Informaci\u00f3n sobre el tratamiento de datos como consecuencia de la presentaci\u00f3n de una declaraci\u00f3n responsable para el alta o la modificaci\u00f3n de terceros en contabilidad<\/strong><\/h2>\n<p style=\"text-align: justify;\">Aqu\u00ed podr\u00e1 encontrar la informaci\u00f3n sobre el tratamiento de los datos personales con motivo de la presentaci\u00f3n de una &#8220;<strong>declaraci\u00f3n responsable para el alta o la modificaci\u00f3n de terceros en contabilidad&#8221; <\/strong>\u00a0en el Consorcio para el Servicio de Prevenci\u00f3n y Extinci\u00f3n de Incendios y de Salvamento de la provincia de Valencia.<\/p>\n<p style=\"text-align: justify;\" align=\"justify\">Se facilita esta informaci\u00f3n en cumplimiento del art\u00edculo 13 del Reglamento (UE) 2016\/679 del Parlamento Europeo y del Consejo de 27 de abril de 2016, relativo a la protecci\u00f3n de las personas f\u00edsicas en lo que respecta al tratamiento de datos personales y a la libre circulaci\u00f3n de estos datos (Reglamento general de protecci\u00f3n de datos), en lo sucesivo RGPD<\/p>\n<p align=\"justify\"><b>Responsable del tratamiento de sus datos: <\/b><\/p>\n<p align=\"justify\"><u>Identidad:<\/u> Consorcio para el Servicio de Prevenci\u00f3n y Extinci\u00f3n de Incendios y de Salvamento de la provincia de Valencia<\/p>\n<p align=\"justify\"><u>Forma de contactar con el responsable<\/u>: Por correo electr\u00f3nico en la direcci\u00f3n <u><a href=\"mailto:infobombers@bombersdv.es\">infobombers@bombersdv.es<\/a><\/u> Por correo postal, en la direcci\u00f3n Cami de Mocada 24, 46009 Val\u00e8ncia.<\/p>\n<p align=\"justify\"><u>Datos de Contacto del Delegado de protecci\u00f3n de datos<\/u>: Para cualquier consulta o queja relacionada con el tratamiento de estos datos, el Consorcio pone a su disposici\u00f3n el buz\u00f3n del delegado de protecci\u00f3n de datos <u><a href=\"mailto:dpd@bombersdv.es\">dpd@bombersdv.es<\/a><\/u><\/p>\n<p align=\"justify\"><b>Finalidad del tratamiento: <\/b><\/p>\n<p align=\"justify\">Los datos facilitados por Vd ser\u00e1n utilizados para poder realizar las funciones propias de las \u00e1reas de Intervenci\u00f3n y Tesorer\u00eda, tanto en materia contable como para el pago de las obligaciones.<\/p>\n<p align=\"justify\">La informaci\u00f3n sobre las operaciones relacionadas con el empleo de fondos p\u00fablicos tiene el caracter de informaci\u00f3n p\u00fablica y est\u00e1 sujeta a la normativa de transparencia por lo que sus cuant\u00edas y detalles podr\u00e1n ser publicadas en nuestro portal de trasnparencia y ser objeto del ejercicio del derecho de acceso por parte de terceros.<\/p>\n<p align=\"justify\"><b>Tiempo de conservaci\u00f3n de sus datos<\/b><\/p>\n<p align=\"justify\">Sus datos ser\u00e1n conservados siguiendo las normas de gesti\u00f3n documental y archivo que resulten de aplicaci\u00f3n al Consorcio. En ausencia de estas normas se\u00a0conservar\u00e1n durante el tiempo necesario para cumplir con la finalidad para la que se han solicitado y para determinar las posibles responsabilidades que se pudieran derivar de dicha finalidad y del tratamiento de los datos.<\/p>\n<p align=\"justify\"><b>Legitimaci\u00f3n para el tratamiento de tus datos<\/b><\/p>\n<p style=\"text-align: justify;\" align=\"justify\">La legitimaci\u00f3n para la solicitud y tratamiento de sus datos procede de una obligaci\u00f3n legal que se fundamenta tanto\u00a0 en la Ley 7\/1985, de 2 de abril, reguladora de las Bases del r\u00e9gimen Local; Real Decreto Legislativo 2\/2004, de 5 de marzo, por el que se aprueba el texto refundido de la Ley Reguladora de las Haciendas Locales; Ley 58\/2003, de 17 de diciembre, General Tributaria; Ley 47\/2003, de 26 de noviembre General Presupuestaria y Ley 40\/2005, de 1 de octubre, de R\u00e9gimen Jur\u00eddico del Sector P\u00fablico; Ley 9\/2017, de Contratos del Sector P\u00fablico y Ley 19\/2013, de 9 de diciembre, de transparencia, acceso a la informaci\u00f3n p\u00fablica y buen gobierno.<\/p>\n<p align=\"justify\"><b>Cesi\u00f3n de datos:<\/b><\/p>\n<p align=\"justify\">No se ceder\u00e1n ni se transferir\u00e1n sin su consentimiento salvo que exista una previsi\u00f3n legal o a requerimiento de jueces o tribunales. Entre ellas las obligaciones de informaci\u00f3n a los organismos competentes de la Administraci\u00f3n Tributaria.<\/p>\n<p align=\"justify\"><b>Derechos<\/b><\/p>\n<p align=\"justify\">Cualquier persona tiene derecho a obtener confirmaci\u00f3n sobre los tratamientos de sus datos que se llevan a cabo por el Consorcio para el Servicio de Prevenci\u00f3n y Extinci\u00f3n de Incendios y de Salvamento de la provincia de Valencia.<\/p>\n<p align=\"justify\">Puede ejercer sus derechos de acceso, rectificaci\u00f3n, supresi\u00f3n y portabilidad de sus datos, de limitaci\u00f3n y oposici\u00f3n a su tratamiento, as\u00ed como a no ser objeto de decisiones basadas \u00fanicamente en el tratamiento automatizado de sus datos, cuando procedan, ante el Consorcio, Cam\u00ed de Moncada 24, 46009 Val\u00e8ncia.<\/p>\n<p align=\"justify\">Para el ejercicio de estos derechos puede usar el modelo de instancia general o, en su caso, los espec\u00edficos que se incluyan en nuestra sede electr\u00f3nica.<\/p>\n<p align=\"justify\"><u>Posibilidad de presentar una reclamaci\u00f3n ante la Agencia de protecci\u00f3n de Datos<\/u>: Si considera que el tratamiento de datos personales no se ajusta a lo previsto en la normativa de aplicaci\u00f3n y sus peticiones al Responsable y al Delegado de protecci\u00f3n de Datos no han sido debidamente atendidas, puede presentar la oportuna reclamaci\u00f3n ante la Agencia Espa\u00f1ola de Protecci\u00f3n de Datos. En su p\u00e1gina web <span style=\"color: #808080;\"><a style=\"color: #808080;\" href=\"https:\/\/www.aepd.es\/\">https:\/\/www.aepd.es\/<\/a><\/span> encontrar\u00e1 m\u00e1s informaci\u00f3n sobre la forma de hacerlo.<\/p>\n<p align=\"justify\"><strong>Antes de presentar una reclamaci\u00f3n ante la Agencia puede dirigirse al Delegado de Protecci\u00f3n de Datos (DPD) del Consorcio para que la atienda. El DPD le comunicar\u00e1\u00a0 la decisi\u00f3n que se hubiera adoptado en el plazo m\u00e1ximo de dos meses.<\/strong><\/p>\n","protected":false},"excerpt":{"rendered":"<p>Informaci\u00f3n sobre el tratamiento de datos como consecuencia de la presentaci\u00f3n de una declaraci\u00f3n responsable para el alta o la modificaci\u00f3n de terceros en contabilidad Aqu\u00ed podr\u00e1 encontrar la informaci\u00f3n sobre el tratamiento de los datos personales con motivo de la presentaci\u00f3n de una &#8220;declaraci\u00f3n responsable para el alta o la modificaci\u00f3n de terceros en [&hellip;]<\/p>\n","protected":false},"author":183,"featured_media":0,"parent":0,"menu_order":0,"comment_status":"closed","ping_status":"closed","template":"","meta":{"footnotes":""},"class_list":["post-54491","page","type-page","status-publish","hentry"],"_links":{"self":[{"href":"https:\/\/www.bombersdv.es\/es\/wp-json\/wp\/v2\/pages\/54491"}],"collection":[{"href":"https:\/\/www.bombersdv.es\/es\/wp-json\/wp\/v2\/pages"}],"about":[{"href":"https:\/\/www.bombersdv.es\/es\/wp-json\/wp\/v2\/types\/page"}],"author":[{"embeddable":true,"href":"https:\/\/www.bombersdv.es\/es\/wp-json\/wp\/v2\/users\/183"}],"replies":[{"embeddable":true,"href":"https:\/\/www.bombersdv.es\/es\/wp-json\/wp\/v2\/comments?post=54491"}],"version-history":[{"count":3,"href":"https:\/\/www.bombersdv.es\/es\/wp-json\/wp\/v2\/pages\/54491\/revisions"}],"predecessor-version":[{"id":54495,"href":"https:\/\/www.bombersdv.es\/es\/wp-json\/wp\/v2\/pages\/54491\/revisions\/54495"}],"wp:attachment":[{"href":"https:\/\/www.bombersdv.es\/es\/wp-json\/wp\/v2\/media?parent=54491"}],"curies":[{"name":"wp","href":"https:\/\/api.w.org\/{rel}","templated":true}]}}