{"id":54800,"date":"2021-06-16T08:05:14","date_gmt":"2021-06-16T06:05:14","guid":{"rendered":"https:\/\/www.bombersdv.es\/?page_id=54800"},"modified":"2021-09-08T14:33:07","modified_gmt":"2021-09-08T12:33:07","slug":"2021-bt001-mejora-empleo-puesto-sg-22-tecnico-a-responsable-sertic","status":"publish","type":"page","link":"https:\/\/www.bombersdv.es\/es\/oposiciones\/procesos-finalizados\/2021-bt001-mejora-empleo-puesto-sg-22-tecnico-a-responsable-sertic\/","title":{"rendered":"2021\/BT001 Mejora Empleo puesto SG-22 T\u00e9cnico\/a Responsable SERTIC"},"content":{"rendered":"<div class=\"fusion-fullwidth fullwidth-box fusion-builder-row-1 nonhundred-percent-fullwidth non-hundred-percent-height-scrolling\" style=\"--awb-background-position:left top;--awb-border-radius-top-left:0px;--awb-border-radius-top-right:0px;--awb-border-radius-bottom-right:0px;--awb-border-radius-bottom-left:0px;--awb-padding-top:20px;--awb-padding-bottom:20px;--awb-border-sizes-top:0px;--awb-border-sizes-bottom:0px;--awb-flex-wrap:wrap;\" ><div class=\"fusion-builder-row fusion-row\"><div class=\"fusion-layout-column fusion_builder_column fusion-builder-column-0 fusion_builder_column_1_1 1_1 fusion-one-full fusion-column-first fusion-column-last fusion-column-no-min-height\" style=\"--awb-bg-size:cover;--awb-margin-bottom:0px;\"><div class=\"fusion-column-wrapper fusion-flex-column-wrapper-legacy\"><div class=\"fusion-title title fusion-title-1 fusion-sep-none fusion-title-text fusion-title-size-two\"><h2 class=\"fusion-title-heading title-heading-left fusion-responsive-typography-calculated\" style=\"margin:0;--fontSize:34;line-height:1.09;\">2021\/BT001 Mejora Empleo puesto SG-22 T\u00e9cnico\/a Responsable SERTIC<\/h2><\/div><div class=\"fusion-text fusion-text-1\"><div class=\"table-2\">\n<table width=\"100%\">\n<thead>\n<tr>\n<th>Tr\u00e1mite<\/th>\n<th>Fecha<\/th>\n<th>Documento(s)<\/th>\n<\/tr>\n<\/thead>\n<tbody>\n<tr>\n<td>2021\/BT001 Bases que regulan la Bolsa para la Mejora Empleo puesto SG-22 T\u00e9cnico\/a Responsable SERTIC<\/td>\n<td>16\/06\/2021<\/td>\n<td><a href=\"https:\/\/www.bombersdv.es\/wp-content\/uploads\/2021\/06\/2021_ME001-Bases.pdf\" target=\"_blank\" rel=\"noopener\">Bases<\/a><\/td>\n<\/tr>\n<tr>\n<td>Anexo I (Solicitud)<\/td>\n<td>16\/06\/2021<\/td>\n<td><a href=\"https:\/\/www.bombersdv.es\/wp-content\/uploads\/2021\/06\/2021_ME001_ANEXO-I-TEC-RESP-SERTIC-solicitud.pdf\" target=\"_blank\" rel=\"noopener\">Anexo I<\/a><\/td>\n<\/tr>\n<tr>\n<td>Aprovaci\u00f3n lista provisional y designaci\u00f3n Comisi\u00f3n de Valoraci\u00f3n<\/td>\n<td>06\/07\/2021<\/td>\n<td><a href=\"https:\/\/www.bombersdv.es\/wp-content\/uploads\/2021\/07\/2021_BT001_lista-prov-y-comision-de-valorac.pdf\" target=\"_blank\" rel=\"noopener\">Decreto<\/a><\/td>\n<\/tr>\n<tr>\n<td>Anuncio Comisi\u00f3n de Valoraci\u00f3n: relaci\u00f3n personas admitidas y valoraci\u00f3n de m\u00e9ritos<\/td>\n<td>19\/07\/2021<\/td>\n<td><a href=\"https:\/\/www.bombersdv.es\/wp-content\/uploads\/2021\/07\/2021_BT001-ANUNCIO-PUNTUACION-COMISION-DE-VALORACION-2021_BT001.pdf\" target=\"_blank\" rel=\"noopener\">Anuncio Comisi\u00f3n de Valoraci\u00f3n<\/a><\/td>\n<\/tr>\n<tr>\n<td>Anuncio Comisi\u00f3n de Valoraci\u00f3n: relaci\u00f3n definitiva valoraci\u00f3n de merits<\/td>\n<td>27\/07\/2021<\/td>\n<td><a href=\"https:\/\/www.bombersdv.es\/wp-content\/uploads\/2021\/07\/2021_BT001_ANUNCI-COMSISSIO-DE-VALORACIO-2021_BT001-puntuacion-definitiva.pdf\" target=\"_blank\" rel=\"noopener\">Anuncio Comisi\u00f3n de Valoraci\u00f3n<\/a><\/td>\n<\/tr>\n<tr>\n<td>Constituci\u00f3n Bolsa de Trabajo para la\u00a0 Mejora de Empleo puesto\u00a0 SG-22 T\u00e9cnico\/a Responsable SERTIC<\/td>\n<td>25\/08\/2021<\/td>\n<td><a href=\"https:\/\/www.bombersdv.es\/wp-content\/uploads\/2021\/08\/2021_BT001-constitucion-bolsa-ME-tec-resp-SERTIC.pdf\" target=\"_blank\" rel=\"noopener\">Decreto<\/a><\/td>\n<\/tr>\n<\/tbody>\n<\/table>\n<\/div>\n<\/div><div class=\"fusion-clearfix\"><\/div><\/div><\/div><\/div><\/div>\n","protected":false},"excerpt":{"rendered":"","protected":false},"author":192,"featured_media":0,"parent":15127,"menu_order":0,"comment_status":"closed","ping_status":"closed","template":"","meta":{"footnotes":""},"class_list":["post-54800","page","type-page","status-publish","hentry"],"_links":{"self":[{"href":"https:\/\/www.bombersdv.es\/es\/wp-json\/wp\/v2\/pages\/54800"}],"collection":[{"href":"https:\/\/www.bombersdv.es\/es\/wp-json\/wp\/v2\/pages"}],"about":[{"href":"https:\/\/www.bombersdv.es\/es\/wp-json\/wp\/v2\/types\/page"}],"author":[{"embeddable":true,"href":"https:\/\/www.bombersdv.es\/es\/wp-json\/wp\/v2\/users\/192"}],"replies":[{"embeddable":true,"href":"https:\/\/www.bombersdv.es\/es\/wp-json\/wp\/v2\/comments?post=54800"}],"version-history":[{"count":10,"href":"https:\/\/www.bombersdv.es\/es\/wp-json\/wp\/v2\/pages\/54800\/revisions"}],"predecessor-version":[{"id":55503,"href":"https:\/\/www.bombersdv.es\/es\/wp-json\/wp\/v2\/pages\/54800\/revisions\/55503"}],"up":[{"embeddable":true,"href":"https:\/\/www.bombersdv.es\/es\/wp-json\/wp\/v2\/pages\/15127"}],"wp:attachment":[{"href":"https:\/\/www.bombersdv.es\/es\/wp-json\/wp\/v2\/media?parent=54800"}],"curies":[{"name":"wp","href":"https:\/\/api.w.org\/{rel}","templated":true}]}}