{"id":55133,"date":"2021-07-20T13:29:39","date_gmt":"2021-07-20T11:29:39","guid":{"rendered":"https:\/\/www.bombersdv.es\/?page_id=55133"},"modified":"2021-12-28T12:21:36","modified_gmt":"2021-12-28T11:21:36","slug":"2021-concurso-de-traslados-7a-edicion-bombero-cp001","status":"publish","type":"page","link":"https:\/\/www.bombersdv.es\/es\/oposiciones\/procesos-finalizados\/2021-concurso-de-traslados-7a-edicion-bombero-cp001\/","title":{"rendered":"2021 Concurso de Traslados 7\u00aa edici\u00f3n BOMBERO\/CP001"},"content":{"rendered":"<div class=\"fusion-fullwidth fullwidth-box fusion-builder-row-1 nonhundred-percent-fullwidth non-hundred-percent-height-scrolling\" style=\"--awb-background-position:left top;--awb-border-radius-top-left:0px;--awb-border-radius-top-right:0px;--awb-border-radius-bottom-right:0px;--awb-border-radius-bottom-left:0px;--awb-padding-top:20px;--awb-padding-bottom:20px;--awb-border-sizes-top:0px;--awb-border-sizes-bottom:0px;--awb-flex-wrap:wrap;\" ><div class=\"fusion-builder-row fusion-row\"><div class=\"fusion-layout-column fusion_builder_column fusion-builder-column-0 fusion_builder_column_1_1 1_1 fusion-one-full fusion-column-first fusion-column-last fusion-column-no-min-height\" style=\"--awb-bg-size:cover;--awb-margin-bottom:0px;\"><div class=\"fusion-column-wrapper fusion-flex-column-wrapper-legacy\"><div class=\"fusion-title title fusion-title-1 fusion-sep-none fusion-title-text fusion-title-size-two\"><h2 class=\"fusion-title-heading title-heading-left fusion-responsive-typography-calculated\" style=\"margin:0;--fontSize:34;line-height:1.09;\">2021 Concurso de Traslados 7\u00aa edici\u00f3n BOMBERO\/CP001<\/h2><\/div><div class=\"fusion-text fusion-text-1\"><div class=\"table-2\">Por Decreto de la Presidencia num 1139, de 23\/11\/2021 (rectificado por Decreto N\u00ba 1141, de 25\/11\/2021) se procede a adjudicar el destino Definitivo, con efectos del 01\/01\/2022, de los concursantes de la 7\u00aa edici\u00f3n del Concurso de traslado de Bombero.<\/p>\n<table style=\"width: 99.2748%;\" width=\"100%\">\n<thead>\n<tr style=\"height: 24px;\">\n<th style=\"width: 68.2379%; height: 24px;\">Tramite<\/th>\n<th style=\"width: 7.1066%; height: 24px;\">Fecha<\/th>\n<th style=\"width: 23.9304%; height: 24px;\">Documento(s)<\/th>\n<\/tr>\n<\/thead>\n<tbody>\n<tr style=\"height: 24px;\">\n<td style=\"width: 68.2379%; height: 24px;\">Bases BOP<\/td>\n<td style=\"width: 7.1066%; height: 24px;\">20\/07\/2021<\/td>\n<td style=\"width: 23.9304%; height: 24px;\"><a href=\"https:\/\/www.bombersdv.es\/wp-content\/uploads\/2020\/08\/BOMBERO-_CP001_-ED2019_BASES.pdf\">Anuncio BOP<\/a><\/td>\n<\/tr>\n<tr style=\"height: 24px;\">\n<td style=\"width: 68.2379%; height: 24px;\">Modificaci\u00f3n Base Segunda convocatoria permanente concurso traslados puestos de Bombero, Cabo y Sargento<\/td>\n<td style=\"width: 7.1066%; height: 24px;\">20\/07\/2021<\/td>\n<td style=\"width: 23.9304%; height: 24px;\"><a href=\"https:\/\/www.bombersdv.es\/wp-content\/uploads\/2020\/07\/BOMBERO-CP001-MODIFICACION-BASES.pdf\" target=\"_blank\" rel=\"noopener noreferrer\">Anuncio BOP<\/a><\/td>\n<\/tr>\n<tr style=\"height: 96px;\">\n<td style=\"width: 68.2379%; height: 96px;\">\n<p>Anuncio convocatoria, vacantes y candidatos que no han obtenido destino en la edici\u00f3n anterior<\/p>\n<p><span style=\"color: #ce181e;\">Plazo de presentaci\u00f3n de instancias desde el 1 de septiembre al 14 de septiembre de 2021<\/span><\/td>\n<td style=\"width: 7.1066%; height: 96px;\">21\/07\/2021<\/td>\n<td style=\"width: 23.9304%; height: 96px;\"><a href=\"https:\/\/www.bombersdv.es\/wp-content\/uploads\/2021\/07\/2021-CT-Anuncio-inicio-edicion-7-BOMBEROS.pdf\" target=\"_blank\" rel=\"noopener\">Anuncio RRHH<\/a><\/td>\n<\/tr>\n<tr style=\"height: 24px;\">\n<td style=\"width: 68.2379%; height: 24px;\">Instancia<\/td>\n<td style=\"width: 7.1066%; height: 24px;\">21\/07\/2021<\/td>\n<td style=\"width: 23.9304%; height: 24px;\"><a href=\"https:\/\/www.bombersdv.es\/wp-content\/uploads\/2021\/07\/2021-CT-CP001-SOL-ADMISION-BOMBEROS-castellano-ok.pdf\" target=\"_blank\" rel=\"noopener\">Instancia<\/a><\/td>\n<\/tr>\n<tr style=\"height: 24px;\">\n<td style=\"width: 68.2379%; height: 24px;\">Autobaremaci\u00f3n<\/td>\n<td style=\"width: 7.1066%; height: 24px;\">21\/07\/2021<\/td>\n<td style=\"width: 23.9304%; height: 24px;\"><a href=\"https:\/\/www.bombersdv.es\/wp-content\/uploads\/2021\/07\/2021-CT-CP001-AUTOBAREMACION-BOMBERO-castellano-ok.pdf\" target=\"_blank\" rel=\"noopener\">Autobaremaci\u00f3n<\/a><\/td>\n<\/tr>\n<tr style=\"height: 24px;\">\n<td style=\"width: 68.2379%; height: 24px;\">Lista Definitiva admitidos al Concurso de Traslados de Bomberos 7a edici\u00f3n.<\/td>\n<td style=\"width: 7.1066%; height: 24px;\">21\/09\/2021<\/td>\n<td style=\"width: 23.9304%; height: 24px;\"><a href=\"https:\/\/www.bombersdv.es\/wp-content\/uploads\/2021\/09\/Anuncio-CT-Bombero-Copia-autentica7.pdf\" target=\"_blank\" rel=\"noopener\">Anuncio<\/a><\/td>\n<\/tr>\n<tr>\n<td style=\"width: 68.2379%;\">Informe RRHH actualitzaci\u00f3n de vacantes libres<\/td>\n<td style=\"width: 7.1066%;\">20\/10\/2021<\/td>\n<td style=\"width: 23.9304%;\"><a href=\"https:\/\/www.bombersdv.es\/wp-content\/uploads\/2021\/10\/2021-CT-BOMBEROS_-Anuncio-adicion-vacantes-20_10_21.pdf\" target=\"_blank\" rel=\"noopener\">Anuncio<\/a><\/td>\n<\/tr>\n<tr>\n<td style=\"width: 68.2379%;\">Anuncio Comisi\u00f3n de Valoraci\u00f3n: Lista provisional de puntuaciones y adjudicaciones de destinos<\/td>\n<td style=\"width: 7.1066%;\">26\/10\/2021<\/td>\n<td style=\"width: 23.9304%;\">\n<p><a href=\"https:\/\/www.bombersdv.es\/wp-content\/uploads\/2021\/10\/Criterios-valoracion-cursos.pdf\" target=\"_blank\" rel=\"noopener\">Criterios valoraci\u00f3n cursos<\/a><\/p>\n<p><a href=\"https:\/\/www.bombersdv.es\/wp-content\/uploads\/2021\/10\/Anuncio-Comision-Valoracion-26_10_2021-Copia-autentica.pdf\" target=\"_blank\" rel=\"noopener\">Anuncio<\/a><\/p>\n<p><a href=\"https:\/\/www.bombersdv.es\/wp-content\/uploads\/2021\/10\/Anexo-Copia-autentica.pdf\" target=\"_blank\" rel=\"noopener\">Anexo<\/a><\/td>\n<\/tr>\n<tr>\n<td style=\"width: 68.2379%;\">Anuncio Comisi\u00f3n de Valoraci\u00f3n: Puntuaciones definitivas y propuesta de adjudicaci\u00f3n destinos definitivos<\/td>\n<td style=\"width: 7.1066%;\">10\/11\/2021<\/td>\n<td style=\"width: 23.9304%;\">\n<p><a href=\"https:\/\/www.bombersdv.es\/wp-content\/uploads\/2021\/11\/Anuncio-Comision-Valoracion-10_11_2021-Copia-autentica.pdf\" target=\"_blank\" rel=\"noopener\">Anuncio<\/a><\/p>\n<p><a href=\"https:\/\/www.bombersdv.es\/wp-content\/uploads\/2021\/11\/Anexo-Copia-autentica1.pdf\" target=\"_blank\" rel=\"noopener\">Anexo<\/a><\/td>\n<\/tr>\n<\/tbody>\n<\/table>\n<\/div>\n<\/div><div class=\"fusion-clearfix\"><\/div><\/div><\/div><\/div><\/div>\n","protected":false},"excerpt":{"rendered":"","protected":false},"author":192,"featured_media":0,"parent":15127,"menu_order":0,"comment_status":"closed","ping_status":"closed","template":"","meta":{"footnotes":""},"class_list":["post-55133","page","type-page","status-publish","hentry"],"_links":{"self":[{"href":"https:\/\/www.bombersdv.es\/es\/wp-json\/wp\/v2\/pages\/55133"}],"collection":[{"href":"https:\/\/www.bombersdv.es\/es\/wp-json\/wp\/v2\/pages"}],"about":[{"href":"https:\/\/www.bombersdv.es\/es\/wp-json\/wp\/v2\/types\/page"}],"author":[{"embeddable":true,"href":"https:\/\/www.bombersdv.es\/es\/wp-json\/wp\/v2\/users\/192"}],"replies":[{"embeddable":true,"href":"https:\/\/www.bombersdv.es\/es\/wp-json\/wp\/v2\/comments?post=55133"}],"version-history":[{"count":27,"href":"https:\/\/www.bombersdv.es\/es\/wp-json\/wp\/v2\/pages\/55133\/revisions"}],"predecessor-version":[{"id":56873,"href":"https:\/\/www.bombersdv.es\/es\/wp-json\/wp\/v2\/pages\/55133\/revisions\/56873"}],"up":[{"embeddable":true,"href":"https:\/\/www.bombersdv.es\/es\/wp-json\/wp\/v2\/pages\/15127"}],"wp:attachment":[{"href":"https:\/\/www.bombersdv.es\/es\/wp-json\/wp\/v2\/media?parent=55133"}],"curies":[{"name":"wp","href":"https:\/\/api.w.org\/{rel}","templated":true}]}}