{"id":55146,"date":"2021-07-20T13:55:22","date_gmt":"2021-07-20T11:55:22","guid":{"rendered":"https:\/\/www.bombersdv.es\/?page_id=55146"},"modified":"2023-01-18T07:15:52","modified_gmt":"2023-01-18T06:15:52","slug":"2022-concurso-de-traslados-8a-edicion-cabo-cp002","status":"publish","type":"page","link":"https:\/\/www.bombersdv.es\/es\/oposiciones\/procesos-finalizados\/2022-concurso-de-traslados-8a-edicion-cabo-cp002\/","title":{"rendered":"2022 Concurso de Traslados 8\u00aa edici\u00f3n  CABO\/CP002"},"content":{"rendered":"<div class=\"fusion-fullwidth fullwidth-box fusion-builder-row-1 nonhundred-percent-fullwidth non-hundred-percent-height-scrolling\" style=\"--awb-background-position:left top;--awb-border-radius-top-left:0px;--awb-border-radius-top-right:0px;--awb-border-radius-bottom-right:0px;--awb-border-radius-bottom-left:0px;--awb-padding-top:20px;--awb-padding-bottom:20px;--awb-border-sizes-top:0px;--awb-border-sizes-bottom:0px;--awb-flex-wrap:wrap;\" ><div class=\"fusion-builder-row fusion-row\"><div class=\"fusion-layout-column fusion_builder_column fusion-builder-column-0 fusion_builder_column_1_1 1_1 fusion-one-full fusion-column-first fusion-column-last fusion-column-no-min-height\" style=\"--awb-bg-size:cover;--awb-margin-bottom:0px;\"><div class=\"fusion-column-wrapper fusion-flex-column-wrapper-legacy\"><div class=\"fusion-title title fusion-title-1 fusion-sep-none fusion-title-text fusion-title-size-two\"><h2 class=\"fusion-title-heading title-heading-left fusion-responsive-typography-calculated\" style=\"margin:0;--fontSize:34;line-height:1.09;\">2022 Concurso de Traslados 8\u00aa edici\u00f3n CABO\/CP002<\/h2><\/div><div class=\"fusion-text fusion-text-1\"><div class=\"table-2\">\n<table style=\"width: 99.2175%;\" width=\"100%\">\n<thead>\n<tr>\n<th style=\"width: 58.9984%;\">Tramite<\/th>\n<th style=\"width: 10.7199%;\">Fecha<\/th>\n<th style=\"width: 29.4992%;\">Documento(s)<\/th>\n<\/tr>\n<\/thead>\n<tbody>\n<tr>\n<td style=\"width: 58.9984%;\">Bases<\/td>\n<td style=\"width: 10.7199%;\">28\/07\/2022<\/td>\n<td style=\"width: 29.4992%;\"><a href=\"https:\/\/www.bombersdv.es\/wp-content\/uploads\/2020\/07\/CABO_CP002_ED2019_BASES.pdf\" target=\"_blank\" rel=\"noopener noreferrer\">Anuncio BOP<\/a><\/td>\n<\/tr>\n<tr>\n<td style=\"width: 58.9984%;\">Modificaci\u00f3n Base Segunda convocatoria permanente concurso traslados puestos de bombero, cabo y sargento<\/td>\n<td style=\"width: 10.7199%;\">28\/07\/2022<\/td>\n<td style=\"width: 29.4992%;\"><a href=\"https:\/\/www.bombersdv.es\/wp-content\/uploads\/2020\/07\/BOMBERO-CP001-MODIFICACION-BASES.pdf\" target=\"_blank\" rel=\"noopener noreferrer\">Anuncio BOP<\/a><\/td>\n<\/tr>\n<tr>\n<td style=\"width: 58.9984%;\">\n<p><span style=\"color: #000000;\">Anuncio convocatoria, vacantes y candidatos que no han obtenido destino en edici\u00f3n anterior<\/span><\/p>\n<p><span style=\"color: #ce181e;\">Plazo presentaci\u00f3n de instancias desde el 1 de septiembre al 14 de septiembre de 2022<\/span><\/td>\n<td style=\"width: 10.7199%;\">09\/08\/2022<\/td>\n<td style=\"width: 29.4992%;\"><a href=\"https:\/\/www.bombersdv.es\/wp-content\/uploads\/2022\/08\/2022_CT-CABOS-anuncio-vacantes-9-de-agosto-de-2022.pdf\" target=\"_blank\" rel=\"noopener\">Anuncio RRHH<\/a><\/td>\n<\/tr>\n<tr>\n<td style=\"width: 58.9984%;\">Instancia<span style=\"color: #000000;\">\u00a0<\/span><\/td>\n<td style=\"width: 10.7199%;\">31\/08\/2022<\/td>\n<td style=\"width: 29.4992%;\"><a href=\"https:\/\/www.bombersdv.es\/wp-content\/uploads\/2022\/08\/2021-CT-CP002-SOLICITUD-CABOS-castell-OK.pdf\" target=\"_blank\" rel=\"noopener\">Instancia<\/a><\/td>\n<\/tr>\n<tr>\n<td style=\"width: 58.9984%;\">Autobaremaci\u00f3n<\/td>\n<td style=\"width: 10.7199%;\">31\/08\/2022<\/td>\n<td style=\"width: 29.4992%;\"><a href=\"https:\/\/www.bombersdv.es\/wp-content\/uploads\/2022\/08\/2021-CT-AUTOBAREMACION-CABOS-castell-OK.pdf\" target=\"_blank\" rel=\"noopener\">Autobaremaci\u00f3n<\/a><\/td>\n<\/tr>\n<tr>\n<td style=\"width: 58.9984%;\">Lista Definitiva admitidos al Concurso de Traslados de Cabos 8a edici\u00f3n y nombramiento miembros de la comisi\u00f3n.<\/td>\n<td style=\"width: 10.7199%;\">29\/09\/2022<\/td>\n<td style=\"width: 29.4992%;\"><a href=\"https:\/\/www.bombersdv.es\/wp-content\/uploads\/2022\/09\/lista-admitidos-CT-cabos.pdf\" target=\"_blank\" rel=\"noopener noreferrer\">Anunci<\/a><\/td>\n<\/tr>\n<tr>\n<td style=\"width: 58.9984%;\">Resultado provisional de la valoraci\u00f3n del Concurso de traslados de Cabo 8\u00ba edici\u00f3n y Relaci\u00f3n Provisional adjudicaci\u00f3n de Destinos.<\/td>\n<td style=\"width: 10.7199%;\">11\/11\/2022<\/td>\n<td style=\"width: 29.4992%;\"><a href=\"https:\/\/www.bombersdv.es\/wp-content\/uploads\/2022\/11\/Anuncio-OTS-Concurso-Traslados-Cabo-8a-edicion-Copia-autentica-2.pdf\" target=\"_blank\" rel=\"noopener noreferrer\">Anunci<\/a><\/td>\n<\/tr>\n<tr>\n<td style=\"width: 58.9984%;\">Resultado Relaci\u00f3n Definitiva Concurso de Traslados de Cabos 8\u00aa edici\u00f3n<\/td>\n<td style=\"width: 10.7199%;\">22\/11\/2022<\/td>\n<td style=\"width: 29.4992%;\"><a href=\"https:\/\/www.bombersdv.es\/wp-content\/uploads\/2022\/11\/Anuncio-2022_SCPV_CPV-CTCABO_00001-Copia-autentica.pdf\" target=\"_blank\" rel=\"noopener noreferrer\">Anunci<\/a><\/td>\n<\/tr>\n<tr>\n<td style=\"width: 58.9984%;\">Por Decreto de la Presidencia num 1346, de 28\/11\/2022 , se procede a adjudicar el destino Definitivo, con efectos del 01\/01\/2023, de los concursantes de la 8\u00aa edici\u00f3n del Concurso de traslado de Cabo.<\/td>\n<td style=\"width: 10.7199%;\"><\/td>\n<td style=\"width: 29.4992%;\"><\/td>\n<\/tr>\n<\/tbody>\n<\/table>\n<\/div>\n<\/div><div class=\"fusion-clearfix\"><\/div><\/div><\/div><\/div><\/div>\n","protected":false},"excerpt":{"rendered":"","protected":false},"author":192,"featured_media":0,"parent":15127,"menu_order":0,"comment_status":"closed","ping_status":"closed","template":"","meta":{"footnotes":""},"class_list":["post-55146","page","type-page","status-publish","hentry"],"_links":{"self":[{"href":"https:\/\/www.bombersdv.es\/es\/wp-json\/wp\/v2\/pages\/55146"}],"collection":[{"href":"https:\/\/www.bombersdv.es\/es\/wp-json\/wp\/v2\/pages"}],"about":[{"href":"https:\/\/www.bombersdv.es\/es\/wp-json\/wp\/v2\/types\/page"}],"author":[{"embeddable":true,"href":"https:\/\/www.bombersdv.es\/es\/wp-json\/wp\/v2\/users\/192"}],"replies":[{"embeddable":true,"href":"https:\/\/www.bombersdv.es\/es\/wp-json\/wp\/v2\/comments?post=55146"}],"version-history":[{"count":23,"href":"https:\/\/www.bombersdv.es\/es\/wp-json\/wp\/v2\/pages\/55146\/revisions"}],"predecessor-version":[{"id":62367,"href":"https:\/\/www.bombersdv.es\/es\/wp-json\/wp\/v2\/pages\/55146\/revisions\/62367"}],"up":[{"embeddable":true,"href":"https:\/\/www.bombersdv.es\/es\/wp-json\/wp\/v2\/pages\/15127"}],"wp:attachment":[{"href":"https:\/\/www.bombersdv.es\/es\/wp-json\/wp\/v2\/media?parent=55146"}],"curies":[{"name":"wp","href":"https:\/\/api.w.org\/{rel}","templated":true}]}}