{"id":55272,"date":"2021-07-28T10:36:29","date_gmt":"2021-07-28T08:36:29","guid":{"rendered":"https:\/\/www.bombersdv.es\/?page_id=55272"},"modified":"2021-08-03T19:15:10","modified_gmt":"2021-08-03T17:15:10","slug":"modificacion-de-estatutos-julio-2021","status":"publish","type":"page","link":"https:\/\/www.bombersdv.es\/es\/consorcio\/normativas\/modificacion-de-estatutos-julio-2021\/","title":{"rendered":"Modificacion de Estatutos julio 2021"},"content":{"rendered":"<h3 style=\"text-align: justify;\">Exposici\u00f3n publica del Acuerdo de la Asamblea General del Consorcio para el Servicio de Prevenci\u00f3n y Extinci\u00f3n de Incendios y de Salvamento de la Provincia de Valencia, de 23 de julio de 2021, sobre aprobaci\u00f3n inicial de la modificaci\u00f3n puntual mediante procedimiento ordinario de los Estatutos del Consorcio para el Servicio de Prevenci\u00f3n Extinci\u00f3n de Incendios y de Salvamento de la Provincia de Val\u00e8ncia.<\/h3>\n<p>(<a href=\"https:\/\/www.bombersdv.es\/wp-content\/uploads\/2021\/08\/Publicacion-BOP-Modificacion-estattutos.pdf\" target=\"_blank\" rel=\"noopener\">BOP Val\u00e8ncia 148; 03\/08\/2021<\/a>)<\/p>\n<p style=\"text-align: justify;\">Vista la <strong>providencia de la Presidenta Delegada del Consorcio, de 29 de junio de 2021,<\/strong> de modificaci\u00f3n puntual mediante procediendo ordinario de los Estatutos del Consorcio para el Servicio de Prevenci\u00f3n extinci\u00f3n de incendios y de Salvamento de la Provincia de Valencia del siguiente tenor literal:<\/p>\n<p style=\"text-align: justify; padding-left: 40px;\"><em>\u00abModificaci\u00f3n puntual mediante procedimiento ordinario de los Estatutos del Consorcio para el Servicio de Prevenci\u00f3n y Extinci\u00f3n de Incendios y de Salvamento de la Provincia de Valencia.<\/em><\/p>\n<p style=\"text-align: justify; padding-left: 40px;\"><strong><em>Primero. Objeto<\/em><\/strong><\/p>\n<p style=\"text-align: justify; padding-left: 80px;\"><em>La presente propuesta tiene por objeto la modificaci\u00f3n puntual mediante procedimiento ordinario de los Estatutos Consorcio para el Servicio de Prevenci\u00f3n y Extinci\u00f3n de Incendios y de Salvamento de la Provincia de Valencia.<\/em><\/p>\n<p style=\"text-align: justify; padding-left: 40px;\"><strong><em>Segundo. Justificaci\u00f3n<\/em><\/strong><\/p>\n<p style=\"text-align: justify; padding-left: 80px;\"><strong><em>2.1 Aspectos generales<\/em><\/strong><\/p>\n<p style=\"text-align: justify; padding-left: 80px;\"><em>En primer lugar, se pretende modificar el art\u00edculo 37.2 de los Estatutos en el sentido de adecuar la estructura retributiva de la persona titular de la gerencia a lo establecido en el acuerdo del Pleno de la Diputaci\u00f3n de Valencia de 17 de noviembre de 2020, de clasificaci\u00f3n de las entidades dependientes de la Diputaci\u00f3n.<\/em><\/p>\n<p style=\"text-align: justify; padding-left: 80px;\"><em>En segundo lugar, el Pleno de la Corporaci\u00f3n Provincial, en sesi\u00f3n de 4 de junio de 2021, adopt\u00f3 un acuerdo por el cual se solicita al Consorcio para el Servicio de Prevenci\u00f3n Extinci\u00f3n de Incendios y de Salvamento de la Provincia de Valencia que asuma la gesti\u00f3n directa del servicio de prevenci\u00f3n de incendios forestales que realizan las Brigadas Forestales de la mercantil Divalterra, S.A. y de los servicios comunes de apoyo a las mismas, disponi\u00e9ndose en dicho acuerdo que la Diputaci\u00f3n de Valencia financiar\u00e1 \u00edntegramente el coste del servicio que asuma el Consorcio Provincial de Bomberos de Valencia, de manera que no se ponga en riesgo la sostenibilidad financiera del conjunto de la Hacienda del Consorcio, a cuyo efecto se suscribir\u00e1 un convenio regulador que contemple los detalles de la asignaci\u00f3n y su financiaci\u00f3n. Dicho acuerdo fu\u00e9 comunicado el 7 de junio y publicado en el Bolet\u00edn Oficial de la Provincia de Valencia N\u00fam 113 de 15\/06\/2021.<\/em><\/p>\n<p style=\"text-align: justify; padding-left: 80px;\"><em>Por ello, y siendo voluntad del Consorcio, previo acuerdo de su Asamblea General asumir la gesti\u00f3n directa de dicho servicio de prevenci\u00f3n de incendios forestales, se plantea la necesidad de incluir una disposici\u00f3n adicional en los Estatutos que regulan el r\u00e9gimen jur\u00eddico del Consorcio, a los efectos de dar cobertura a dicha asunci\u00f3n por el Consorcio en los t\u00e9rminos propuestos y sin que ello afecte al r\u00e9gimen de financiaci\u00f3n del Consorcio al que se refiere el art\u00edculo 43 del los citados Estatutos<\/em><\/p>\n<p style=\"text-align: justify; padding-left: 80px;\"><strong><em>2.2 Aspectos particulares<\/em><\/strong><\/p>\n<p style=\"text-align: justify; padding-left: 80px;\"><em>A.- Modificar el <strong>punto Segundo del Art\u00edculo 37<\/strong> de los estatutos del Consorcio para el Servicio de Prevenci\u00f3n Extinci\u00f3n de Incendios y de Salvamento de la Provincia de Val\u00e8ncia, relativo a la estructura retributiva de la persona titular de la gerencia, que quedar\u00e1 como sigue:<\/em><\/p>\n<p style=\"text-align: justify; padding-left: 120px;\"><em>\u201cArticulo 37.- la Persona titular de la Gerencia y sus funciones<\/em><\/p>\n<p style=\"text-align: justify; padding-left: 120px;\"><em>1. (&#8230;)<\/em><\/p>\n<p style=\"text-align: justify; padding-left: 120px;\"><em>2. La relaci\u00f3n de servicios podr\u00e1 ser formalizada a trav\u00e9s de contrato mercantil o de alta direcci\u00f3n. La estructura de sus retribuciones se fijar\u00e1 de conformidad con lo que establezca la Diputaci\u00f3n de Valencia para los contratos mercantiles o de alta direcci\u00f3n de los entes de su sector publico local.<\/em><\/p>\n<p style=\"text-align: justify; padding-left: 120px;\"><em>Corresponder\u00e1 a la Presidencia del Consorcio fijar las retribuciones anuales de la persona titular de la gerencia, determinando las caracter\u00edsticas de los conceptos que la integran as\u00ed como su cuanti\u00e1, sin excederse en computo anual los l\u00edmites establecidos por la Diputaci\u00f3n de Valencia para las entidades de su sector p\u00fablico.<\/em><\/p>\n<p style=\"text-align: justify; padding-left: 120px;\"><em>3. (&#8230;)\u201d<\/em><\/p>\n<p style=\"text-align: justify; padding-left: 80px;\"><em>B.- <strong>Inclusi\u00f3n de una disposici\u00f3n adicional que contemple la asunci\u00f3n de los costes<\/strong> de la gesti\u00f3n directa del servicio de prevenci\u00f3n de incendios forestares que realizan las Brigadas Forestales y los servicios comunes de apoyo.<\/em><\/p>\n<p style=\"text-align: justify; padding-left: 120px;\"><em>\u201cDisposici\u00f3n adicional Primera. Coste servicio Prevenci\u00f3n Incendios forestales<\/em><\/p>\n<p style=\"text-align: justify; padding-left: 120px;\"><em>1. La asunci\u00f3n por el Consorcio para el Servicio de Prevenci\u00f3n y Extinci\u00f3n de Incendios y de Salvamento de la Provincia de Valencia de la gesti\u00f3n directa del servicio de prevenci\u00f3n de incendios forestales que realizan las brigadas forestales de Divalterra, S. A. y los servicios comunes de apoyo a dichas brigadas que se transfieren al Consorcio en virtud del acuerdo adoptado por el Pleno de la Diputaci\u00f3n, en sesi\u00f3n de 4 de junio de 2021, se financiar\u00e1n \u00edntegramente por la Diputaci\u00f3n de Valencia de manera que no se ponga en riesgo la estabilidad financiera del conjunto de la Hacienda del Consorcio.<\/em><\/p>\n<p style=\"text-align: justify; padding-left: 120px;\"><em>2. El importe y condiciones de la financiaci\u00f3n de la Diputaci\u00f3n al Consorcio para sufragar el coste de los servicios trasferidos, de conformidad con lo previsto en el art\u00edculo 42.3 y 44 de los Estatutos del Consorcio, se articular\u00e1 mediante convenio y tendr\u00e1 car\u00e1cter extraordinario por lo que no afectar\u00e1 al r\u00e9gimen de financiaci\u00f3n del Consorcio previsto en el art\u00edculo 43 de los Estatutos.<\/em><\/p>\n<p style=\"text-align: justify; padding-left: 120px;\"><em>3. El convenio que determine los detalles de la aportaci\u00f3n regular\u00e1 una comisi\u00f3n de seguimiento que eval\u00fae anualmente el coste de la asunci\u00f3n directa y las variaciones que se puedan producir.\u201c<\/em><\/p>\n<p style=\"text-align: justify; padding-left: 40px;\"><em>Por todo lo anterior de acuerdo con lo previsto en los vigentes Estatutos resuelvo:<\/em><\/p>\n<p style=\"text-align: justify; padding-left: 40px;\"><em>Primero: Incoar el expediente para la modificaci\u00f3n puntual del art\u00edculo 37 e inclusi\u00f3n de la disposici\u00f3n adicional primera de los Estatutos del Consorcio en el sentido anteriormente indicado.<\/em><\/p>\n<p style=\"text-align: justify; padding-left: 40px;\"><em>Segundo: Recabar cuantos informes sean necesarios para proceder a su aprobaci\u00f3n por la Asamblea General del Consorcio.\u00bb<\/em><\/p>\n<p style=\"text-align: justify;\">Visto el <strong>informe jur\u00eddico<\/strong> de 30 junio de 2021 del responsable de la Asesor\u00eda jur\u00eddica con el visto y conforme del Secretario del Consorcio en relacion a la referida modificaci\u00f3n puntual de los Estatutos del Consorcio.<\/p>\n<p style=\"text-align: justify;\">Visto el <strong>informe de la Intervenci\u00f3n<\/strong> de 9 de julio de 2021.<\/p>\n<p style=\"text-align: justify;\">De conformidad con lo dispuesto en el cap\u00edtulo primero del T\u00edtulo IV, art\u00edculos 47 a 49, de los vigentes Estatutos,<\/p>\n<p style=\"text-align: center;\"><strong>SE ACUERDA:<\/strong><\/p>\n<p style=\"text-align: justify;\"><strong>PRIMERO.<\/strong> Modificar el punto Segundo del Art\u00edculo 37 de los Estatutos del Consorcio para el Servicio de Prevenci\u00f3n Extinci\u00f3n de Incendios y de Salvamento de la Provincia de Val\u00e8ncia, relativo a la estructura retributiva de la persona titular de la gerencia, que quedar\u00e1 como sigue:<\/p>\n<p style=\"text-align: justify; padding-left: 40px;\">\u201cArticulo 37.- la Persona titular de la Gerencia y sus funciones<\/p>\n<p style=\"text-align: justify; padding-left: 40px;\">1. (&#8230;)<\/p>\n<p style=\"text-align: justify; padding-left: 40px;\">2. La relaci\u00f3n de servicios podr\u00e1 ser formalizada a trav\u00e9s de contrato mercantil o de alta direcci\u00f3n. La estructura de sus retribuciones se fijar\u00e1 de conformidad con lo que establezca la Diputaci\u00f3n de Valencia para los contratos mercantiles o de alta direcci\u00f3n de los entes de su sector publico local.<\/p>\n<p style=\"text-align: justify; padding-left: 40px;\">Corresponder\u00e1 a la Presidencia del Consorcio fijar las retribuciones anuales de la persona titular de la gerencia, determinando las caracter\u00edsticas de los conceptos que la integran as\u00ed como su cuanti\u00e1, sin excederse en computo anual los l\u00edmites establecidos por la Diputaci\u00f3n de Valencia para las entidades de su sector p\u00fablico.<\/p>\n<p style=\"text-align: justify; padding-left: 40px;\">3. (&#8230;)\u201d<\/p>\n<p style=\"text-align: justify;\">Permaneciendo el resto de los apartados del referido art\u00edculo con el mismo tenor literal.<\/p>\n<p style=\"text-align: justify;\"><strong>SEGUNDO.<\/strong> Incluir en los Estatutos del Consorcio para el Servicio de Prevenci\u00f3n, Extinci\u00f2n de Incendios y de Salvamento de la Provincia de Valencia, una disposici\u00f3n adicional que contemple la asunci\u00f3n de los costes de la gesti\u00f3n directa del servicio de prevenci\u00f3n de incendios forestares que realizan las Brigadas Forestales y los servicios comunes de apoyo, con el siguiente tenor literal.<\/p>\n<p style=\"text-align: justify; padding-left: 40px;\">\u201cDisposici\u00f3n adicional Primera. Coste servicio Prevenci\u00f3n Incendios forestales<\/p>\n<p style=\"text-align: justify; padding-left: 40px;\">1. La asunci\u00f3n por el Consorcio para el Servicio de Prevenci\u00f3n y Extinci\u00f3n de Incendios y de Salvamento de la Provincia de Valencia de la gesti\u00f3n directa del servicio de prevenci\u00f3n de incendios forestales que realizan las brigadas forestales de Divalterra, S. A. y los servicios comunes de apoyo a dichas brigadas que se transfieren al Consorcio en virtud del acuerdo adoptado por el Pleno de la Diputaci\u00f3n, en sesi\u00f3n de 4 de junio de 2021, se financiar\u00e1n \u00edntegramente por la Diputaci\u00f3n de Valencia de manera que no se ponga en riesgo la estabilidad financiera del conjunto de la Hacienda del Consorcio.<\/p>\n<p style=\"text-align: justify; padding-left: 40px;\">2. El importe y condiciones de la financiaci\u00f3n de la Diputaci\u00f3n al Consorcio para sufragar el coste de los servicios trasferidos, de conformidad con lo previsto en el art\u00edculo 42.3 y 44 de los Estatutos del Consorcio, se articular\u00e1 mediante convenio y tendr\u00e1 car\u00e1cter extraordinario por lo que no afectar\u00e1 al r\u00e9gimen de financiaci\u00f3n del Consorcio previsto en el art\u00edculo 43 de los Estatutos.<\/p>\n<p style=\"text-align: justify; padding-left: 40px;\">3. El convenio que determine los detalles de la aportaci\u00f3n regular\u00e1 una comisi\u00f3n de seguimiento que eval\u00fae anualmente el coste de la asunci\u00f3n directa y las variaciones que se puedan producir.\u201c<\/p>\n<p style=\"text-align: justify;\"><strong>TERCERO.<\/strong> Aprobar provisionalmente la modificaci\u00f3n de los estatutos en los t\u00e9rminos expuestos en los apartados primero y segundo.<\/p>\n<p style=\"text-align: justify;\"><strong>CUARTO.<\/strong> Publicar el presente acuerdo en el Bolet\u00edn Oficial de la Provincia, a los efectos de audiencia a los Entes Consorciados y exposici\u00f3n al p\u00fablico a los efectos de reclamaciones y sugerencias por el por plazo de un mes.<\/p>\n<p style=\"text-align: justify;\"><strong>QUINTO.<\/strong> Considerar aprobada definitivamente la modificaci\u00f3n de Estatutos sin necesidad de nuevo acuerdo en el caso de que no se presenten reclamaciones y o sugerencias. En caso contrario se someter el expediente y las alegaciones presentadas a consideraci\u00f3n de la Asamblea General.<\/p>\n<p style=\"text-align: justify;\"><strong>SEXTO:<\/strong> Comunicar la aprobaci\u00f3n definitiva a las entidades consorciadas.<\/p>\n","protected":false},"excerpt":{"rendered":"<p>Exposici\u00f3n publica del Acuerdo de la Asamblea General del Consorcio para el Servicio de Prevenci\u00f3n y Extinci\u00f3n de Incendios y de Salvamento de la Provincia de Valencia, de 23 de julio de 2021, sobre aprobaci\u00f3n inicial de la modificaci\u00f3n puntual mediante procedimiento ordinario de los Estatutos del Consorcio para el Servicio de Prevenci\u00f3n Extinci\u00f3n de [&hellip;]<\/p>\n","protected":false},"author":183,"featured_media":0,"parent":12254,"menu_order":0,"comment_status":"closed","ping_status":"closed","template":"","meta":{"footnotes":""},"class_list":["post-55272","page","type-page","status-publish","hentry"],"_links":{"self":[{"href":"https:\/\/www.bombersdv.es\/es\/wp-json\/wp\/v2\/pages\/55272"}],"collection":[{"href":"https:\/\/www.bombersdv.es\/es\/wp-json\/wp\/v2\/pages"}],"about":[{"href":"https:\/\/www.bombersdv.es\/es\/wp-json\/wp\/v2\/types\/page"}],"author":[{"embeddable":true,"href":"https:\/\/www.bombersdv.es\/es\/wp-json\/wp\/v2\/users\/183"}],"replies":[{"embeddable":true,"href":"https:\/\/www.bombersdv.es\/es\/wp-json\/wp\/v2\/comments?post=55272"}],"version-history":[{"count":4,"href":"https:\/\/www.bombersdv.es\/es\/wp-json\/wp\/v2\/pages\/55272\/revisions"}],"predecessor-version":[{"id":55441,"href":"https:\/\/www.bombersdv.es\/es\/wp-json\/wp\/v2\/pages\/55272\/revisions\/55441"}],"up":[{"embeddable":true,"href":"https:\/\/www.bombersdv.es\/es\/wp-json\/wp\/v2\/pages\/12254"}],"wp:attachment":[{"href":"https:\/\/www.bombersdv.es\/es\/wp-json\/wp\/v2\/media?parent=55272"}],"curies":[{"name":"wp","href":"https:\/\/api.w.org\/{rel}","templated":true}]}}