{"id":55325,"date":"2021-07-29T08:47:18","date_gmt":"2021-07-29T06:47:18","guid":{"rendered":"https:\/\/www.bombersdv.es\/?page_id=55325"},"modified":"2022-03-15T08:38:09","modified_gmt":"2022-03-15T07:38:09","slug":"2021-bt002-bolsa-temporal-administrativo-a","status":"publish","type":"page","link":"https:\/\/www.bombersdv.es\/es\/oposiciones\/procesos-finalizados\/2021-bt002-bolsa-temporal-administrativo-a\/","title":{"rendered":"2021\/BT002 Bolsa Temporal Administrativo\/a"},"content":{"rendered":"<div class=\"fusion-fullwidth fullwidth-box fusion-builder-row-1 nonhundred-percent-fullwidth non-hundred-percent-height-scrolling\" style=\"--awb-background-position:left top;--awb-border-sizes-top:0px;--awb-border-sizes-bottom:0px;--awb-border-sizes-left:0px;--awb-border-sizes-right:0px;--awb-border-radius-top-left:0px;--awb-border-radius-top-right:0px;--awb-border-radius-bottom-right:0px;--awb-border-radius-bottom-left:0px;--awb-padding-top:20px;--awb-padding-bottom:20px;--awb-flex-wrap:wrap;\" ><div class=\"fusion-builder-row fusion-row\"><div class=\"fusion-layout-column fusion_builder_column fusion-builder-column-0 fusion_builder_column_1_1 1_1 fusion-one-full fusion-column-first fusion-column-last fusion-column-no-min-height\" style=\"--awb-bg-size:cover;--awb-margin-bottom:0px;\"><div class=\"fusion-column-wrapper fusion-flex-column-wrapper-legacy\"><div class=\"fusion-title title fusion-title-1 fusion-sep-none fusion-title-text fusion-title-size-two\"><h2 class=\"fusion-title-heading title-heading-left fusion-responsive-typography-calculated\" style=\"margin:0;--fontSize:34;line-height:1.09;\">2021\/BT002 Bolsa Temporal Administrativo\/a<\/h2><\/div><div class=\"fusion-text fusion-text-1\"><div class=\"table-2\">\n<table style=\"height: 384px;\" width=\"100%\">\n<thead>\n<tr style=\"height: 24px;\">\n<th style=\"height: 24px; width: 70.8835%;\">Tr\u00e1mite<\/th>\n<th style=\"height: 24px; width: 9.13655%;\">Fecha<\/th>\n<th style=\"height: 24px; width: 18.9759%;\">Documento(s)<\/th>\n<\/tr>\n<\/thead>\n<tbody>\n<tr style=\"height: 24px;\">\n<td style=\"height: 24px; width: 70.8835%;\">2021\/BT002 Bases que regulan la Bolsa Temporal de trabajo de Administrativo\/a<\/td>\n<td style=\"height: 24px; width: 9.13655%;\">29\/07\/2021<\/td>\n<td style=\"height: 24px; width: 18.9759%;\"><a href=\"https:\/\/www.bombersdv.es\/wp-content\/uploads\/2021\/07\/2021_BT002_Bases-Bolsa-Administrativo.pdf\" target=\"_blank\" rel=\"noopener\">Bases<\/a><\/td>\n<\/tr>\n<tr style=\"height: 24px;\">\n<td style=\"height: 24px; width: 70.8835%;\">Anexo I (Solicitud)<\/td>\n<td style=\"height: 24px; width: 9.13655%;\">29\/07\/2021<\/td>\n<td style=\"height: 24px; width: 18.9759%;\"><a href=\"https:\/\/www.bombersdv.es\/wp-content\/uploads\/2021\/07\/2021_BT002-ANEXO-II-solicitud-GENERICA.pdf\" target=\"_blank\" rel=\"noopener\">Solicitud<\/a><\/td>\n<\/tr>\n<tr style=\"height: 96px;\">\n<td style=\"height: 96px; width: 70.8835%;\"><span style=\"color: #993366;\">Los aspirantes que superen la fase de oposici\u00f3n dispondr\u00e1n de un plazo de cinco d\u00edas naturales, a contar desde el siguiente a la publicaci\u00f3n del resultado del segundo ejercicio, para aportar la documentaci\u00f3n relacionada como m\u00e9rito en la solicitud existente al efecto y que ser\u00e1 insertada en esta P\u00e1gina en su momento.<\/span><\/td>\n<td style=\"height: 96px; width: 9.13655%;\"><\/td>\n<td style=\"height: 96px; width: 18.9759%;\"><\/td>\n<\/tr>\n<tr style=\"height: 96px;\">\n<td style=\"height: 96px; width: 70.8835%;\"><span style=\"color: #993366;\">El ingreso de la tasa se realizar\u00e1 mediante transferencia bancaria a la cuenta ES14 2100 4337 8802 0004 5460 indicando el nombre del opositor o mediante tarjeta bancaria de cualquier entidad en los cajeros autom\u00e1ticos de Caixabank indicando el c\u00f3digo de entidad 0705520 y utilizando el c\u00f3digo de barras que se adjunta.<\/span><\/td>\n<td style=\"height: 96px; width: 9.13655%;\">30\/07\/2021<\/td>\n<td style=\"height: 96px; width: 18.9759%;\"><a href=\"https:\/\/www.bombersdv.es\/wp-content\/uploads\/2021\/07\/2021_BT002-Bolsa-Administrativo-codigo-de-barras-ok.pdf\">C\u00f3digo de Barras<\/a><\/td>\n<\/tr>\n<tr style=\"height: 24px;\">\n<td style=\"height: 24px; width: 70.8835%;\">Aprobaci\u00f3n lista provisional y designaci\u00f3n Comisi\u00f3n de Valoraci\u00f3n<\/td>\n<td style=\"height: 24px; width: 9.13655%;\">08\/09\/2021<\/td>\n<td style=\"height: 24px; width: 18.9759%;\"><a href=\"https:\/\/www.bombersdv.es\/wp-content\/uploads\/2021\/09\/LISTA-PROVISIONAL-BOLSA-ADMVO.pdf\" target=\"_blank\" rel=\"noopener\">Anuncio<\/a><\/td>\n<\/tr>\n<tr style=\"height: 24px;\">\n<td style=\"height: 24px; width: 70.8835%;\">Aprobaci\u00f3n lista definitiva y convocatoria del primer ejercicio.-Prueba te\u00f3rica<\/td>\n<td style=\"height: 24px; width: 9.13655%;\">20\/10\/2021<\/td>\n<td style=\"height: 24px; width: 18.9759%;\"><a href=\"https:\/\/www.bombersdv.es\/wp-content\/uploads\/2021\/10\/Envio-GESTION-lista-definitva-i-examen.pdf\" target=\"_blank\" rel=\"noopener\">Anuncio<\/a><\/td>\n<\/tr>\n<tr style=\"height: 48px;\">\n<td style=\"height: 48px; width: 70.8835%;\">Distribuci\u00f3n aspirantes por aulas Instalaciones Universidad Aulario VI (Dr. Moliner, s\/n) Valencia. Prueba 12\/11\/21<\/td>\n<td style=\"height: 48px; width: 9.13655%;\">28\/10\/2021<\/td>\n<td style=\"height: 48px; width: 18.9759%;\"><a href=\"https:\/\/www.bombersdv.es\/wp-content\/uploads\/2021\/10\/2021_BT001_LISTADO-A-PUBLICAR-DISTRIBUC-AULAS-BOLSA-ADMIVO.pdf\" target=\"_blank\" rel=\"noopener\">Anuncio<\/a><\/td>\n<\/tr>\n<tr style=\"height: 24px;\">\n<td style=\"height: 24px; width: 70.8835%;\">Instrucciones del OTS para la realizaci\u00f3n del primer ejercicio<\/td>\n<td style=\"height: 24px; width: 9.13655%;\">05\/11\/2021<\/td>\n<td style=\"height: 24px; width: 18.9759%;\"><a href=\"https:\/\/www.bombersdv.es\/wp-content\/uploads\/2021\/11\/INSTRUCCIONES-BOLSA-ADMVOS.pdf\" target=\"_blank\" rel=\"noopener\">Instrucciones<\/a><\/td>\n<\/tr>\n<tr>\n<td style=\"width: 70.8835%;\">Medidas de Seguridad e Higiene a adoptar en relaci\u00f3n a la prevenci\u00f3n ANTI COVID-19 para la realizaci\u00f3n del primer ejercicio &#8220;Prueba Te\u00f3rica&#8221;<\/td>\n<td style=\"width: 9.13655%;\">09\/11\/2021<\/td>\n<td style=\"width: 18.9759%;\"><a href=\"https:\/\/www.bombersdv.es\/wp-content\/uploads\/2021\/11\/MEDIDAS-ANTI-COVID-OPOSICION-AULARIO-6-UV-jordi-pau-2-Copia-autentica.pdf\" target=\"_blank\" rel=\"noopener\">Medidas<\/a><\/td>\n<\/tr>\n<tr>\n<td style=\"width: 70.8835%;\">Anuncio del OTS designaci\u00f3n personal colaborador para la preparaci\u00f3n del primer ejercicio<\/td>\n<td style=\"width: 9.13655%;\">10\/11\/2021<\/td>\n<td style=\"width: 18.9759%;\"><a href=\"https:\/\/www.bombersdv.es\/wp-content\/uploads\/2021\/11\/Anuncio-OTS-designacion-personal-colaborador-para-la-preparacion-del-primer-examen-del-Proceso-Selecctivo-para-la-constitucion-de-una-Bolsa-de-Trabajo-de-Administrativo_a-Copia-autentica.pdf\" target=\"_blank\" rel=\"noopener\">Anuncio<\/a><\/td>\n<\/tr>\n<tr>\n<td style=\"width: 70.8835%;\">Publicaci\u00f3n del examen y hoja de respuestas correctas correspondiente al primer ejercicio<\/td>\n<td style=\"width: 9.13655%;\">15\/11\/2021<\/td>\n<td style=\"width: 18.9759%;\">\n<p><a href=\"https:\/\/www.bombersdv.es\/wp-content\/uploads\/2021\/11\/examen2_castellano.pdf\" target=\"_blank\" rel=\"noopener\">Examen castellano<\/a><\/p>\n<p><a href=\"https:\/\/www.bombersdv.es\/wp-content\/uploads\/2021\/11\/examen2_respuestas.pdf\" target=\"_blank\" rel=\"noopener\">Respuestas correctas<\/a><\/td>\n<\/tr>\n<tr>\n<td style=\"width: 70.8835%;\">Anuncio del OTS: resoluci\u00f3n impugnaci\u00f3n preguntas, listado de calificaciones primer ejercicio, listado de personas aprobadas primer ejercicio y fecha del segundo ejercicio.<\/td>\n<td style=\"width: 9.13655%;\">26\/11\/2021<\/td>\n<td style=\"width: 18.9759%;\">\n<p><a href=\"https:\/\/www.bombersdv.es\/wp-content\/uploads\/2021\/11\/Anuncio-OTS-Copia-autentica.pdf\" target=\"_blank\" rel=\"noopener\">Anuncio<\/a><\/p>\n<p><a href=\"https:\/\/www.bombersdv.es\/wp-content\/uploads\/2021\/11\/Anexo-I-Copia-autentica.pdf\" target=\"_blank\" rel=\"noopener\">Anexo I<\/a><\/p>\n<p><a href=\"https:\/\/www.bombersdv.es\/wp-content\/uploads\/2021\/11\/Anexo-II-Copia-autentica.pdf\" target=\"_blank\" rel=\"noopener\">Anexo II<\/a><\/td>\n<\/tr>\n<tr>\n<td style=\"width: 70.8835%;\">Publicaci\u00f3n del examen y hoja de respuestas correctas correspondiente al segundo ejercicio<\/td>\n<td style=\"width: 9.13655%;\">15\/12\/2021<\/td>\n<td style=\"width: 18.9759%;\">\n<p><a href=\"https:\/\/www.bombersdv.es\/wp-content\/uploads\/2021\/12\/examen2_castellano.pdf\" target=\"_blank\" rel=\"noopener\">Examen castellano<\/a><\/p>\n<p><a href=\"https:\/\/www.bombersdv.es\/wp-content\/uploads\/2021\/12\/examen2_respuestas.pdf\" target=\"_blank\" rel=\"noopener\">Respuestas correctas<\/a><\/td>\n<\/tr>\n<tr>\n<td style=\"width: 70.8835%;\">Anuncio del OTS: resoluci\u00f3n reclamaciones, listado aprobados segundo ejercicio, listado aprobados fase oposici\u00f3n y apertura del plazo de CINCO D\u00cdAS NATURALES para la presentaci\u00f3n de m\u00e9ritos.<\/td>\n<td style=\"width: 9.13655%;\">27\/12\/2021<\/td>\n<td style=\"width: 18.9759%;\">\n<p><a href=\"https:\/\/www.bombersdv.es\/wp-content\/uploads\/2021\/12\/Anuncio-OTS-Copia-autentica.pdf\" target=\"_blank\" rel=\"noopener\">Anuncio<\/a><\/p>\n<p><a href=\"https:\/\/www.bombersdv.es\/wp-content\/uploads\/2021\/12\/Anexo-I-Copia-autentica.pdf\" target=\"_blank\" rel=\"noopener\">Anexo I<\/a><\/p>\n<p><a href=\"https:\/\/www.bombersdv.es\/wp-content\/uploads\/2021\/12\/Anexo-II-Copia-autentica.pdf\" target=\"_blank\" rel=\"noopener\">Anexo II<\/a><\/td>\n<\/tr>\n<tr>\n<td style=\"width: 70.8835%;\">Anuncio del OTS: Publicaci\u00f3n puntuaciones provisionales fase concurso de m\u00e9ritos<\/td>\n<td style=\"width: 9.13655%;\">17\/02\/2022<\/td>\n<td style=\"width: 18.9759%;\"><a href=\"https:\/\/www.bombersdv.es\/wp-content\/uploads\/2022\/02\/Anuncio-OTS-puntuaciones-meritos-Copia-autentica.pdf\" target=\"_blank\" rel=\"noopener\">Anuncio publicaci\u00f3n m\u00e9ritos<\/a><\/td>\n<\/tr>\n<tr>\n<td style=\"width: 70.8835%;\">Anuncio del OTS: resoluci\u00f3n reclamaciones, publicaci\u00f3n listado puntuaciones definitivas y propuesta constituci\u00f3n bolsa de trabajo<\/td>\n<td style=\"width: 9.13655%;\">03\/03\/2022<\/td>\n<td style=\"width: 18.9759%;\"><a href=\"https:\/\/www.bombersdv.es\/wp-content\/uploads\/2022\/03\/Anuncio-OTS-03_03_2022-Copia-autentica.pdf\" target=\"_blank\" rel=\"noopener\">Anuncio<\/a><\/td>\n<\/tr>\n<td style=\"width: 70.8835%;\">Por Decreto de la Presidencia Delegada n\u00fam. 271, de 11\/03\/2022, se procede a constituir la Bolsa de Trabajo Temporal del Proceso Selectivo 2021\/BT002 para la provisi\u00f3n temporal del puesto de Administrativo\/a del Consorcio Provincial para el Servicio de Prevenci\u00f3n i Extinci\u00f3n de Incendios y Salvamento de la Provincia de Valencia.<\/td>\n<\/tbody>\n<\/table>\n<\/div>\n<\/div><div class=\"fusion-clearfix\"><\/div><\/div><\/div><\/div><\/div>\n","protected":false},"excerpt":{"rendered":"","protected":false},"author":192,"featured_media":0,"parent":15127,"menu_order":0,"comment_status":"closed","ping_status":"closed","template":"","meta":{"footnotes":""},"class_list":["post-55325","page","type-page","status-publish","hentry"],"_links":{"self":[{"href":"https:\/\/www.bombersdv.es\/es\/wp-json\/wp\/v2\/pages\/55325"}],"collection":[{"href":"https:\/\/www.bombersdv.es\/es\/wp-json\/wp\/v2\/pages"}],"about":[{"href":"https:\/\/www.bombersdv.es\/es\/wp-json\/wp\/v2\/types\/page"}],"author":[{"embeddable":true,"href":"https:\/\/www.bombersdv.es\/es\/wp-json\/wp\/v2\/users\/192"}],"replies":[{"embeddable":true,"href":"https:\/\/www.bombersdv.es\/es\/wp-json\/wp\/v2\/comments?post=55325"}],"version-history":[{"count":23,"href":"https:\/\/www.bombersdv.es\/es\/wp-json\/wp\/v2\/pages\/55325\/revisions"}],"predecessor-version":[{"id":57733,"href":"https:\/\/www.bombersdv.es\/es\/wp-json\/wp\/v2\/pages\/55325\/revisions\/57733"}],"up":[{"embeddable":true,"href":"https:\/\/www.bombersdv.es\/es\/wp-json\/wp\/v2\/pages\/15127"}],"wp:attachment":[{"href":"https:\/\/www.bombersdv.es\/es\/wp-json\/wp\/v2\/media?parent=55325"}],"curies":[{"name":"wp","href":"https:\/\/api.w.org\/{rel}","templated":true}]}}