{"id":55542,"date":"2021-09-06T14:36:09","date_gmt":"2021-09-06T12:36:09","guid":{"rendered":"https:\/\/www.bombersdv.es\/?page_id=55542"},"modified":"2021-12-28T12:46:04","modified_gmt":"2021-12-28T11:46:04","slug":"2021-actualitzacio-2018-bt001-borsa-secundaria-per-a-la-provisio-del-lloc-de-treball-de-sergent","status":"publish","type":"page","link":"https:\/\/www.bombersdv.es\/es\/oposiciones\/procesos-finalizados\/2021-actualitzacio-2018-bt001-borsa-secundaria-per-a-la-provisio-del-lloc-de-treball-de-sergent\/","title":{"rendered":"2021 Actualizaci\u00f3n 2018\/BT001 Bolsa secundaria para la provisi\u00f3n del puesto de trabajo de Sargento"},"content":{"rendered":"<div class=\"fusion-fullwidth fullwidth-box fusion-builder-row-1 nonhundred-percent-fullwidth non-hundred-percent-height-scrolling\" style=\"--awb-background-position:left top;--awb-border-radius-top-left:0px;--awb-border-radius-top-right:0px;--awb-border-radius-bottom-right:0px;--awb-border-radius-bottom-left:0px;--awb-padding-top:20px;--awb-padding-bottom:20px;--awb-border-sizes-top:0px;--awb-border-sizes-bottom:0px;--awb-flex-wrap:wrap;\" ><div class=\"fusion-builder-row fusion-row\"><div class=\"fusion-layout-column fusion_builder_column fusion-builder-column-0 fusion_builder_column_1_1 1_1 fusion-one-full fusion-column-first fusion-column-last fusion-column-no-min-height\" style=\"--awb-bg-size:cover;--awb-margin-bottom:0px;\"><div class=\"fusion-column-wrapper fusion-flex-column-wrapper-legacy\"><div class=\"fusion-title title fusion-title-1 fusion-sep-none fusion-title-text fusion-title-size-two\"><h2 class=\"fusion-title-heading title-heading-left fusion-responsive-typography-calculated\" style=\"margin:0;--fontSize:34;line-height:1.09;\">2021 Actualizaci\u00f3n 2018\/BT001 Bolsa secundaria para la provisi\u00f3n del puesto de trabajo de Sargento.<\/h2><\/div><div class=\"fusion-text fusion-text-1\"><div class=\"table-2\">\n<table style=\"height: 96px;\" width=\"100%\">\n<thead>\n<tr style=\"height: 24px;\">\n<th style=\"height: 24px; width: 77.0849%;\">Tr\u00e0mit<\/th>\n<th style=\"height: 24px; width: 6.52647%;\">Data<\/th>\n<th style=\"height: 24px; width: 15.6635%;\">Document(s)<\/th>\n<\/tr>\n<\/thead>\n<tbody>\n<tr style=\"height: 24px;\">\n<td style=\"height: 24px; width: 77.0849%;\">Bases aprobadas por Decreto 403, de 09\/05\/2018 y posteriores actualizaciones por Decreto 1296, de 26\/12\/2018, Decreto 165, de 19\/02\/2020<\/td>\n<td style=\"height: 24px; width: 6.52647%;\">22\/06\/2021<\/td>\n<td style=\"height: 24px; width: 15.6635%;\"><a href=\"https:\/\/www.bombersdv.es\/wp-content\/uploads\/2021\/09\/2021_2018_BT001-Bases_provision_sargento_2018.pdf\" target=\"_blank\" rel=\"noopener\">Bases<\/a><\/td>\n<\/tr>\n<tr style=\"height: 24px;\">\n<td style=\"width: 77.0849%; height: 24px;\">Decreto Ampliaci\u00f3n y Actualizaci\u00f3n Bolsa Secundaria puesto Sargento 2018\/BT001<span style=\"color: #800000;\"><span style=\"font-family: Liberation Serif, serif;\"><b><span style=\"font-size: small;\"><br \/>\n<\/span><\/b><\/span><\/span><\/td>\n<td style=\"width: 6.52647%; height: 24px;\">06\/09\/2021<\/td>\n<td style=\"width: 15.6635%; height: 24px;\"><a href=\"https:\/\/www.bombersdv.es\/wp-content\/uploads\/2021\/09\/2021_2018_BT001-Decret_ampliacio.pdf\" target=\"_blank\" rel=\"noopener\">Decreto<\/a><\/td>\n<\/tr>\n<tr style=\"height: 24px;\">\n<td style=\"width: 77.0849%; height: 24px;\">Anexo I. Instancia y Autobaremaci\u00f3n<\/td>\n<td style=\"width: 6.52647%; height: 24px;\">06\/09\/2021<\/td>\n<td style=\"width: 15.6635%; height: 24px;\"><a href=\"https:\/\/www.bombersdv.es\/wp-content\/uploads\/2021\/09\/2021_2018_BT001-Instanciac.pdf\" target=\"_blank\" rel=\"noopener\">Instancia<\/a><br \/>\n<a href=\"https:\/\/www.bombersdv.es\/wp-content\/uploads\/2021\/09\/2021_2018_BT001-autobaremacion.pdf\" target=\"_blank\" rel=\"noopener\">Autobaremaci\u00f3n<\/a><\/td>\n<\/tr>\n<tr style=\"height: 24px;\">\n<td style=\"width: 77.0849%; height: 24px;\">Listado provisional de baremaci\u00f3n Bolsa Secundaria de Sargento.<\/td>\n<td style=\"width: 6.52647%; height: 24px;\">09\/12\/2021<\/td>\n<td style=\"width: 15.6635%; height: 24px;\"><a href=\"https:\/\/www.bombersdv.es\/wp-content\/uploads\/2021\/12\/Anuncio-Comision-Valoracion-Sargentos-09_12_2021-Copia-autentica-1.pdf\" target=\"_blank\" rel=\"noopener\">Anuncio<\/a><\/td>\n<\/tr>\n<tr>\n<td style=\"width: 77.0849%;\">Anuncio puntuaciones definitivas y preferencias de destino<\/td>\n<td style=\"width: 6.52647%;\">20\/12\/2021<\/td>\n<td style=\"width: 15.6635%;\"><a href=\"https:\/\/www.bombersdv.es\/wp-content\/uploads\/2021\/12\/Anuncio-Comision-Valoracion-20_12_2020-Copia-autentica.pdf\" target=\"_blank\" rel=\"noopener\">Anuncio<\/a><\/td>\n<\/tr>\n<tr>\n<td style=\"width: 77.0849%;\">Por Decreto de la Presidencia Delegada 1.277, de 22 de diciembre de 2021, se ha procedido a actualizar la Bolsa Secundaria para la provisi\u00f3n temporal de puestos de Sargento del Consorcio Provincial para el Servicio de Prevenci\u00f3n i Extinci\u00f3n de Incendios y Salvamento de la Provincia de Valencia<\/td>\n<td style=\"width: 6.52647%;\">22\/12\/2021<\/td>\n<td style=\"width: 15.6635%;\"><\/td>\n<\/tr>\n<\/tbody>\n<\/table>\n<\/div>\n<\/div><div class=\"fusion-clearfix\"><\/div><\/div><\/div><\/div><\/div>\n","protected":false},"excerpt":{"rendered":"","protected":false},"author":643,"featured_media":0,"parent":15127,"menu_order":0,"comment_status":"closed","ping_status":"closed","template":"","meta":{"footnotes":""},"class_list":["post-55542","page","type-page","status-publish","hentry"],"_links":{"self":[{"href":"https:\/\/www.bombersdv.es\/es\/wp-json\/wp\/v2\/pages\/55542"}],"collection":[{"href":"https:\/\/www.bombersdv.es\/es\/wp-json\/wp\/v2\/pages"}],"about":[{"href":"https:\/\/www.bombersdv.es\/es\/wp-json\/wp\/v2\/types\/page"}],"author":[{"embeddable":true,"href":"https:\/\/www.bombersdv.es\/es\/wp-json\/wp\/v2\/users\/643"}],"replies":[{"embeddable":true,"href":"https:\/\/www.bombersdv.es\/es\/wp-json\/wp\/v2\/comments?post=55542"}],"version-history":[{"count":12,"href":"https:\/\/www.bombersdv.es\/es\/wp-json\/wp\/v2\/pages\/55542\/revisions"}],"predecessor-version":[{"id":56760,"href":"https:\/\/www.bombersdv.es\/es\/wp-json\/wp\/v2\/pages\/55542\/revisions\/56760"}],"up":[{"embeddable":true,"href":"https:\/\/www.bombersdv.es\/es\/wp-json\/wp\/v2\/pages\/15127"}],"wp:attachment":[{"href":"https:\/\/www.bombersdv.es\/es\/wp-json\/wp\/v2\/media?parent=55542"}],"curies":[{"name":"wp","href":"https:\/\/api.w.org\/{rel}","templated":true}]}}