{"id":55847,"date":"2021-10-13T13:24:56","date_gmt":"2021-10-13T11:24:56","guid":{"rendered":"https:\/\/www.bombersdv.es\/?page_id=55847"},"modified":"2021-12-30T08:52:53","modified_gmt":"2021-12-30T07:52:53","slug":"2021-cem001-bases-que-han-de-regir-la-provision-del-puesto-de-trabajo-cb-28-jefe-de-parque-auxiliar-concurso-de-traslado-y-bolsa","status":"publish","type":"page","link":"https:\/\/www.bombersdv.es\/es\/oposiciones\/procesos-finalizados\/2021-cem001-bases-que-han-de-regir-la-provision-del-puesto-de-trabajo-cb-28-jefe-de-parque-auxiliar-concurso-de-traslado-y-bolsa\/","title":{"rendered":"2021\/CEM001: Bases que han de regir la provisi\u00f3n del puesto de trabajo CB-28 Jefe de Parque Auxiliar, Concurso de Traslado y Bolsa."},"content":{"rendered":"<div class=\"fusion-fullwidth fullwidth-box fusion-builder-row-1 nonhundred-percent-fullwidth non-hundred-percent-height-scrolling\" style=\"--awb-background-position:left top;--awb-border-radius-top-left:0px;--awb-border-radius-top-right:0px;--awb-border-radius-bottom-right:0px;--awb-border-radius-bottom-left:0px;--awb-padding-top:20px;--awb-padding-bottom:20px;--awb-border-sizes-top:0px;--awb-border-sizes-bottom:0px;--awb-flex-wrap:wrap;\" ><div class=\"fusion-builder-row fusion-row\"><div class=\"fusion-layout-column fusion_builder_column fusion-builder-column-0 fusion_builder_column_1_1 1_1 fusion-one-full fusion-column-first fusion-column-last fusion-column-no-min-height\" style=\"--awb-bg-size:cover;--awb-margin-bottom:0px;\"><div class=\"fusion-column-wrapper fusion-flex-column-wrapper-legacy\"><div class=\"fusion-title title fusion-title-1 fusion-sep-none fusion-title-text fusion-title-size-two\"><h2 class=\"fusion-title-heading title-heading-left fusion-responsive-typography-calculated\" style=\"margin:0;--fontSize:34;line-height:1.09;\">2021\/CEM001: Bases que han de regir la provisi\u00f3n del puesto de trabajo CB-28 Jefe de Parque Auxiliar, concurso de Traslado y Bolsa.<\/h2><\/div><div class=\"fusion-text fusion-text-1\"><div class=\"table-2\">\n<table width=\"100%\">\n<thead>\n<tr>\n<th style=\"width: 82.5961%;\">Tr\u00e1mite<\/th>\n<th style=\"width: 6.6715%;\">Fecha<\/th>\n<th style=\"width: 10.0073%;\">Documento(s)<\/th>\n<\/tr>\n<\/thead>\n<tbody>\n<tr>\n<td style=\"width: 82.5961%;\">Decreto de la Presidencia-Delegada<\/td>\n<td style=\"width: 6.6715%;\">13\/10\/2021<\/td>\n<td style=\"width: 10.0073%;\"><a href=\"https:\/\/www.bombersdv.es\/wp-content\/uploads\/2021\/10\/2021_CEM001_NOTIF-DTO-CONVOC.pdf\" target=\"_blank\" rel=\"noopener\">Decreto<\/a><\/td>\n<\/tr>\n<tr>\n<td style=\"width: 82.5961%;\">Bases<\/td>\n<td style=\"width: 6.6715%;\">13\/10\/2021<\/td>\n<td style=\"width: 10.0073%;\"><a href=\"https:\/\/www.bombersdv.es\/wp-content\/uploads\/2021\/10\/2021_CEM001_BASES-modificadas-castellano-14-oct-1.pdf\" target=\"_blank\" rel=\"noopener\">Bases<\/a><\/td>\n<\/tr>\n<tr>\n<td style=\"width: 82.5961%;\">Presentaci\u00f3n de instancias del 14\/10\/2021 al 04\/11 2021 ambos inclusive<\/td>\n<td style=\"width: 6.6715%;\">13\/10\/2021<\/td>\n<td style=\"width: 10.0073%;\"><a href=\"https:\/\/www.bombersdv.es\/wp-content\/uploads\/2021\/10\/2021_CEM001_INSTANCIA-CASTELLANO-tras-modif.pdf\" target=\"_blank\" rel=\"noopener\">Instancia<\/a><\/td>\n<\/tr>\n<tr>\n<td style=\"width: 82.5961%;\">Anexos I-A y I-B<\/td>\n<td style=\"width: 6.6715%;\">13\/10\/2021<\/td>\n<td style=\"width: 10.0073%;\"><a href=\"https:\/\/www.bombersdv.es\/wp-content\/uploads\/2021\/10\/2021_CEM001_ANEXO-I_A-Y-I_B.pdf\" target=\"_blank\" rel=\"noopener\">Anexos<\/a><\/td>\n<\/tr>\n<tr>\n<td style=\"width: 82.5961%;\">Lista Definitiva de admitidos al proceso y nombramiento Comisi\u00f3n de Valoraci\u00f3n<\/td>\n<td style=\"width: 6.6715%;\">16\/11\/2021<\/td>\n<td style=\"width: 10.0073%;\"><a href=\"https:\/\/www.bombersdv.es\/wp-content\/uploads\/2021\/11\/Lista-definitiva-JP-Auxiliar.pdf\" target=\"_blank\" rel=\"noopener\">Anuncio<\/a><\/td>\n<\/tr>\n<tr>\n<td style=\"width: 82.5961%;\">Anuncio de la comisi\u00f3n de Valoraci\u00f3n Concurso de M\u00e9ritos Jefe Parque Auxiliar 2021\/CEM01. Adjudicaci\u00f3n Provisional del destino con car\u00e1cter Definitivo y car\u00e1cter Provisional<\/td>\n<td style=\"width: 6.6715%;\">13\/12\/2021<\/td>\n<td style=\"width: 10.0073%;\"><a href=\"https:\/\/www.bombersdv.es\/wp-content\/uploads\/2021\/12\/Anuncio-resultado-provisional-JPA-Copia-autentica.pdf\" target=\"_blank\" rel=\"noopener\">Anuncio<\/a><\/td>\n<\/tr>\n<tr>\n<td style=\"width: 82.5961%;\">Anuncio de la comisi\u00f3n de Valoraci\u00f3n Concurso de M\u00e9ritos Jefe Parque Auxiliar 2021\/CEM01. Adjudicaci\u00f3n Defintiva del destino con car\u00e1cter Definitivo y car\u00e1cter Provisional<\/td>\n<td style=\"width: 6.6715%;\">20\/12\/2021<\/td>\n<td style=\"width: 10.0073%;\"><a href=\"https:\/\/www.bombersdv.es\/wp-content\/uploads\/2021\/12\/Anuncio-propuesta-destinos-definitivos-JPAUX-Copia-autentica-1.pdf\" target=\"_blank\" rel=\"noopener\">Anuncio<\/a><\/td>\n<\/tr>\n<tr>\n<td style=\"width: 82.5961%;\">\n<p align=\"justify\"><span style=\"font-family: Times New Roman, serif;\"><span style=\"font-size: large;\">Por Decreto num. 1.299 de la Presidencia Delegada de este Consorcio de fecha 23\/12\/2021, se ha procedido a la adscripci\u00f3n con car\u00e1cter definitivo y al nombramiento en Comisi\u00f3n de Servicios de los correspondientes empleados p\u00fablicos.<\/span><\/span><\/p>\n<\/td>\n<td style=\"width: 6.6715%;\"><\/td>\n<td style=\"width: 10.0073%;\"><\/td>\n<\/tr>\n<\/tbody>\n<\/table>\n<\/div>\n<\/div><div class=\"fusion-clearfix\"><\/div><\/div><\/div><\/div><\/div>\n","protected":false},"excerpt":{"rendered":"","protected":false},"author":192,"featured_media":0,"parent":15127,"menu_order":0,"comment_status":"closed","ping_status":"closed","template":"","meta":{"footnotes":""},"class_list":["post-55847","page","type-page","status-publish","hentry"],"_links":{"self":[{"href":"https:\/\/www.bombersdv.es\/es\/wp-json\/wp\/v2\/pages\/55847"}],"collection":[{"href":"https:\/\/www.bombersdv.es\/es\/wp-json\/wp\/v2\/pages"}],"about":[{"href":"https:\/\/www.bombersdv.es\/es\/wp-json\/wp\/v2\/types\/page"}],"author":[{"embeddable":true,"href":"https:\/\/www.bombersdv.es\/es\/wp-json\/wp\/v2\/users\/192"}],"replies":[{"embeddable":true,"href":"https:\/\/www.bombersdv.es\/es\/wp-json\/wp\/v2\/comments?post=55847"}],"version-history":[{"count":13,"href":"https:\/\/www.bombersdv.es\/es\/wp-json\/wp\/v2\/pages\/55847\/revisions"}],"predecessor-version":[{"id":56928,"href":"https:\/\/www.bombersdv.es\/es\/wp-json\/wp\/v2\/pages\/55847\/revisions\/56928"}],"up":[{"embeddable":true,"href":"https:\/\/www.bombersdv.es\/es\/wp-json\/wp\/v2\/pages\/15127"}],"wp:attachment":[{"href":"https:\/\/www.bombersdv.es\/es\/wp-json\/wp\/v2\/media?parent=55847"}],"curies":[{"name":"wp","href":"https:\/\/api.w.org\/{rel}","templated":true}]}}