{"id":55915,"date":"2021-10-15T08:05:50","date_gmt":"2021-10-15T06:05:50","guid":{"rendered":"https:\/\/www.bombersdv.es\/?page_id=55915"},"modified":"2021-12-30T08:47:45","modified_gmt":"2021-12-30T07:47:45","slug":"2021-bt003-bases-que-han-de-regir-la-provision-temporal-del-puesto-cb-27-jefaturas-de-parque-principal-y-bolsa","status":"publish","type":"page","link":"https:\/\/www.bombersdv.es\/es\/oposiciones\/procesos-finalizados\/2021-bt003-bases-que-han-de-regir-la-provision-temporal-del-puesto-cb-27-jefaturas-de-parque-principal-y-bolsa\/","title":{"rendered":"2021\/BT003: Bases que han de regir la provision temporal del puesto CB-27 Jefaturas de Parque Principal y Bolsa."},"content":{"rendered":"<div class=\"fusion-fullwidth fullwidth-box fusion-builder-row-1 nonhundred-percent-fullwidth non-hundred-percent-height-scrolling\" style=\"--awb-background-position:left top;--awb-border-radius-top-left:0px;--awb-border-radius-top-right:0px;--awb-border-radius-bottom-right:0px;--awb-border-radius-bottom-left:0px;--awb-padding-top:20px;--awb-padding-bottom:20px;--awb-border-sizes-top:0px;--awb-border-sizes-bottom:0px;--awb-flex-wrap:wrap;\" ><div class=\"fusion-builder-row fusion-row\"><div class=\"fusion-layout-column fusion_builder_column fusion-builder-column-0 fusion_builder_column_1_1 1_1 fusion-one-full fusion-column-first fusion-column-last fusion-column-no-min-height\" style=\"--awb-bg-size:cover;--awb-margin-bottom:0px;\"><div class=\"fusion-column-wrapper fusion-flex-column-wrapper-legacy\"><div class=\"fusion-title title fusion-title-1 fusion-sep-none fusion-title-text fusion-title-size-two\"><h2 class=\"fusion-title-heading title-heading-left fusion-responsive-typography-calculated\" style=\"margin:0;--fontSize:34;line-height:1.09;\">2021\/BT003: Bases que han de regir la provision temporal del puesto CB-27 Jefaturas de Parque Principal y Bolsa.<\/h2><\/div><div class=\"fusion-text fusion-text-1\"><div class=\"table-2\">\n<table width=\"100%\">\n<thead>\n<tr>\n<th style=\"width: 82.5961%;\">Tr\u00e1mite<\/th>\n<th style=\"width: 6.6715%;\">Fecha<\/th>\n<th style=\"width: 10.0073%;\">Documento(s)<\/th>\n<\/tr>\n<\/thead>\n<tbody>\n<tr>\n<td style=\"width: 82.5961%;\">Decreto n\u00ba 976, de 14\/10\/2021, Aprobaci\u00f3n de las Bases<\/td>\n<td style=\"width: 6.6715%;\">15\/10\/2021<\/td>\n<td style=\"width: 10.0073%;\"><a href=\"https:\/\/www.bombersdv.es\/wp-content\/uploads\/2021\/10\/Envio-GESTION-Copia-autentica8.pdf\" target=\"_blank\" rel=\"noopener\">Bases<\/a><\/td>\n<\/tr>\n<tr>\n<td style=\"width: 82.5961%;\">Presentaci\u00f3n de instancias del 18\/10\/2021 al 08\/11\/2021 ambos inclusive<\/td>\n<td style=\"width: 6.6715%;\">15\/10\/2021<\/td>\n<td style=\"width: 10.0073%;\"><a href=\"https:\/\/www.bombersdv.es\/wp-content\/uploads\/2021\/10\/Instancia-Bolsa-Jefatura-parque-principal-castellano.pdf\" target=\"_blank\" rel=\"noopener\">Instancia<\/a><\/td>\n<\/tr>\n<tr>\n<td style=\"width: 82.5961%;\">Lista Definitiva de admitidos al proceso y nombramiento Comisi\u00f3n de Valoraci\u00f3n<\/td>\n<td style=\"width: 6.6715%;\">16\/11\/2021<\/td>\n<td style=\"width: 10.0073%;\"><a href=\"https:\/\/www.bombersdv.es\/wp-content\/uploads\/2021\/11\/Lista-definitiva-JPPrincipal.pdf\" target=\"_blank\" rel=\"noopener\">Anuncio<\/a><\/td>\n<\/tr>\n<tr>\n<td style=\"width: 82.5961%;\">Anuncio Comisi\u00f3n de Valoraci\u00f3n: Puntuaci\u00f3n provisional Primera Fase M\u00e9ritos Generales<\/td>\n<td style=\"width: 6.6715%;\">10\/12\/2021<\/td>\n<td style=\"width: 10.0073%;\"><a href=\"https:\/\/www.bombersdv.es\/wp-content\/uploads\/2021\/12\/Anuncio-resultado-provisional-1a-Fase-JEFES-DE-PARQUES.pdf\" target=\"_blank\" rel=\"noopener\">Anuncio<\/a><\/td>\n<\/tr>\n<tr>\n<td style=\"width: 82.5961%;\">Anuncio Comisi\u00f3n de Valoraci\u00f3n: Puntuaci\u00f3n Definitiva Fase M\u00e9ritos Generales y convocatoria lectura Memoria<\/td>\n<td style=\"width: 6.6715%;\">16\/12\/2021<\/td>\n<td style=\"width: 10.0073%;\"><a href=\"https:\/\/www.bombersdv.es\/wp-content\/uploads\/2021\/12\/Anuncio-definitivo-1-fase-apertura-2-y-convocatoria-Copia-autentica-1.pdf\" target=\"_blank\" rel=\"noopener\">Anuncio<\/a><\/td>\n<\/tr>\n<tr>\n<td style=\"width: 82.5961%;\">Anuncio Comisi\u00f3n de Valoraci\u00f3n: Puntuaci\u00f3n Provisional Segunda Fase y Puntuaci\u00f3n Total Provisional<\/td>\n<td style=\"width: 6.6715%;\">20\/12\/2021<\/td>\n<td style=\"width: 10.0073%;\"><a href=\"https:\/\/www.bombersdv.es\/wp-content\/uploads\/2021\/12\/Anuncio-provisional-fase-2-y-resumen-global-Copia-autentica-2.pdf\" target=\"_blank\" rel=\"noopener\">Anuncio<\/a><\/td>\n<\/tr>\n<tr>\n<td style=\"width: 82.5961%;\">Anuncio Comisi\u00f3n de Valoraci\u00f3n: Resultados definitivos y Propuesta de Resoluci\u00f3n<\/td>\n<td style=\"width: 6.6715%;\">27\/12\/2021<\/td>\n<td style=\"width: 10.0073%;\"><a href=\"https:\/\/www.bombersdv.es\/wp-content\/uploads\/2021\/12\/ANUNCIO-DEFINITIVO-JEFE-DE-PARQUE-PRINCIPAL-Copia-autentica-1.pdf\" target=\"_blank\" rel=\"noopener\">Anuncio<\/a><\/td>\n<\/tr>\n<tr>\n<td style=\"width: 82.5961%;\"><span style=\"font-family: Times New Roman, serif;\"><span style=\"font-size: large;\">Por Decreto num. 1.315 de la Presidencia Delegada de este Consorcio de fecha 28\/12\/2021, se ha procedido a la constituci\u00f3n de la Bolsa de Trabajo en el puesto Jefatura de Parque Principal y al nombramiento en Comisi\u00f3n de Servicios de los correspondientes empleados p\u00fablicos.<\/span><\/span><\/td>\n<td style=\"width: 6.6715%;\"><\/td>\n<td style=\"width: 10.0073%;\"><\/td>\n<\/tr>\n<\/tbody>\n<\/table>\n<\/div>\n<\/div><div class=\"fusion-clearfix\"><\/div><\/div><\/div><\/div><\/div>\n","protected":false},"excerpt":{"rendered":"","protected":false},"author":192,"featured_media":0,"parent":15127,"menu_order":0,"comment_status":"closed","ping_status":"closed","template":"","meta":{"footnotes":""},"class_list":["post-55915","page","type-page","status-publish","hentry"],"_links":{"self":[{"href":"https:\/\/www.bombersdv.es\/es\/wp-json\/wp\/v2\/pages\/55915"}],"collection":[{"href":"https:\/\/www.bombersdv.es\/es\/wp-json\/wp\/v2\/pages"}],"about":[{"href":"https:\/\/www.bombersdv.es\/es\/wp-json\/wp\/v2\/types\/page"}],"author":[{"embeddable":true,"href":"https:\/\/www.bombersdv.es\/es\/wp-json\/wp\/v2\/users\/192"}],"replies":[{"embeddable":true,"href":"https:\/\/www.bombersdv.es\/es\/wp-json\/wp\/v2\/comments?post=55915"}],"version-history":[{"count":15,"href":"https:\/\/www.bombersdv.es\/es\/wp-json\/wp\/v2\/pages\/55915\/revisions"}],"predecessor-version":[{"id":56926,"href":"https:\/\/www.bombersdv.es\/es\/wp-json\/wp\/v2\/pages\/55915\/revisions\/56926"}],"up":[{"embeddable":true,"href":"https:\/\/www.bombersdv.es\/es\/wp-json\/wp\/v2\/pages\/15127"}],"wp:attachment":[{"href":"https:\/\/www.bombersdv.es\/es\/wp-json\/wp\/v2\/media?parent=55915"}],"curies":[{"name":"wp","href":"https:\/\/api.w.org\/{rel}","templated":true}]}}